{"id":9744,"date":"2025-11-03T20:47:06","date_gmt":"2025-11-03T19:47:06","guid":{"rendered":"https:\/\/revop-eshop.sk\/?post_type=product&#038;p=9744"},"modified":"2026-03-19T14:21:10","modified_gmt":"2026-03-19T13:21:10","slug":"vitocell-100-e-msca-50-litrov","status":"publish","type":"product","link":"https:\/\/revop-eshop.sk\/?product=vitocell-100-e-msca-50-litrov","title":{"rendered":"Vitocell 100-E MSCA 50 litrov"},"content":{"rendered":"<h4><span dir=\"auto\">VIESSMANN Vitocell 100-E Typ: MSCA<\/span><\/h4>\n<p class=\"alert alert-info\"><span dir=\"auto\">Z\u00e1sobn\u00edk vykurovacej vody na pou\u017eitie vo vykurovac\u00edch syst\u00e9moch s tepeln\u00fdmi \u010derpadlami na akumul\u00e1ciu vykurovacej\/chladiacej vody alebo ako hydraulick\u00fd odlu\u010dova\u010d.<\/span><\/p>\n<p><span dir=\"auto\">Vyroben\u00e9 pod\u013ea noriem EN 12897 a DIN 4753. Pre vykurovacie syst\u00e9my pod\u013ea normy EN 12828.<\/span><\/p>\n<p><span dir=\"auto\">Pr\u00edpustn\u00e9 teploty vykurovacej vody na v\u00fdstupe do 110 \u00b0C.<\/span><br \/>\n<span dir=\"auto\">Pr\u00edpustn\u00fd prev\u00e1dzkov\u00fd tlak: Strana vykurovacej vody: do 3 bar.<\/span><\/p>\n<p><b><span dir=\"auto\">Rozsah dod\u00e1vky\/vybavenie:<\/span><\/b><\/p>\n<p><span dir=\"auto\">&#8211; Oce\u013eov\u00fd vyrovn\u00e1vac\u00ed z\u00e1sobn\u00edk na vykurovaciu vodu s integrovanou, obvodovou tepelnou izol\u00e1ciou z tvrdej PUR peny<\/span><br \/>\n<span dir=\"auto\">&#8211; Nastavite\u013en\u00e9 no\u017ei\u010dky<\/span><br \/>\n<span dir=\"auto\">&#8211; 4 pr\u00edpojky pr\u00edvodu a sp\u00e4tn\u00e9ho toku, R1<\/span><br \/>\n<span dir=\"auto\">&#8211; Navaren\u00e1 ponorn\u00e1 obj\u00edmka pre ponorn\u00e9 teplotn\u00e9 sn\u00edma\u010de, regul\u00e1tor teploty a teplomer<\/span><br \/>\n<span dir=\"auto\">&#8211; Oce\u013eov\u00fd plech s epoxidov\u00fdm povlakom<\/span><\/p>\n<p><b><span dir=\"auto\">Technick\u00e9 \u0161pecifik\u00e1cie:<\/span><\/b><\/p>\n<p class=\"text-monospace\"><span dir=\"auto\">Farba: Vitopearlwhite<\/span><br \/>\n<span dir=\"auto\">Objem z\u00e1sobn\u00edka: 50 litrov<\/span><br \/>\n<span dir=\"auto\">Rozmery:<\/span><br \/>\n<span dir=\"auto\">&#8211; D\u013a\u017eka: 668 mm<\/span><br \/>\n<span dir=\"auto\">&#8211; \u0160\u00edrka: 675 mm<\/span><br \/>\n<span dir=\"auto\">&#8211; V\u00fd\u0161ka: 415 mm<\/span><br \/>\n<span dir=\"auto\">&#8211; Hmotnos\u0165 s tepelnou izol\u00e1ciou: 40 kg<\/span><\/p>\n<p><span dir=\"auto\">Technick\u00e9 \u00fadaje pre ur\u010denie triedy energetickej \u00fa\u010dinnosti (ozna\u010denie ErP):<\/span><br \/>\n<span dir=\"auto\">Z\u00e1sobn\u00edk vykurovacej vody:<\/span><br \/>\n<span dir=\"auto\">&#8211; Trieda energetickej \u00fa\u010dinnosti: B<\/span><br \/>\n<span dir=\"auto\">&#8211; Tepeln\u00e9 straty: 28 wattov<\/span><br \/>\n<span dir=\"auto\">&#8211; Objem: 50 litrov<\/span><\/p>\n<p><span dir=\"auto\">Triedy energetickej \u00fa\u010dinnosti akumula\u010dn\u00fdch syst\u00e9mov siahaj\u00fa od F do A+.<\/span><\/p>\n\n\n<p><\/p>\n","protected":false},"excerpt":{"rendered":"<div class=\"pd-info pd-group\">\n<div class=\"pd-brand-block\"><a class=\"pd-brand\" href=\"https:\/\/www.loebbeshop.de\/viessmann-heizsysteme\/\" data-auto-event-observed=\"true\"><img decoding=\"async\" class=\"pd-brand-picture file-img\" title=\"V\u0161etky produkty Viessmann\" src=\"https:\/\/www.loebbeshop.de\/media\/40654\/catalog\/viessmann.png?size=256\" alt=\"Obr\u00e1zky pre v\u00fdrobcu Viessmann\" \/><\/a><\/div>\n<div class=\"page-title\">\n<h1 class=\"pd-name\"><span dir=\"auto\">Vitocell 100-E MSCA 50 litrov<\/span><\/h1>\n<\/div>\n<div class=\"pd-description\"><span dir=\"auto\">Z\u00e1sobn\u00edk vykurovacej vody na pou\u017eitie vo vykurovac\u00edch syst\u00e9moch s tepeln\u00fdmi \u010derpadlami na akumul\u00e1ciu vykurovacej\/chladiacej vody alebo ako hydraulick\u00fd odlu\u010dova\u010d.<\/span><\/div>\n<\/div>\n<div id=\"et-usage\"><\/div>\n<div class=\"pd-attrs-container\" data-partial=\"Attrs\">\n<table class=\"pd-attrs pd-group\" style=\"width: 176px;\">\n<tbody>\n<tr class=\"pd-attr-sku\">\n<td style=\"width: 97.0312px;\"><span dir=\"auto\">\u010c\u00edslo polo\u017eky<\/span><\/td>\n<td style=\"width: 62.9688px;\"><span dir=\"auto\">Z026457<\/span><\/td>\n<\/tr>\n<tr class=\"pd-attr-width\">\n<td style=\"width: 97.0312px;\"><span dir=\"auto\">\u0160\u00edrka<\/span><\/td>\n<td style=\"width: 62.9688px;\"><span dir=\"auto\">675 mm<\/span><\/td>\n<\/tr>\n<tr class=\"pd-attr-length\">\n<td style=\"width: 97.0312px;\"><span dir=\"auto\">d\u013a\u017eka<\/span><\/td>\n<td style=\"width: 62.9688px;\"><span dir=\"auto\">668 mm<\/span><\/td>\n<\/tr>\n<tr class=\"pd-attr-height\">\n<td style=\"width: 97.0312px;\"><span dir=\"auto\">V\u00fd\u0161ka<\/span><\/td>\n<td style=\"width: 62.9688px;\"><span dir=\"auto\">415 mm<\/span><\/td>\n<\/tr>\n<\/tbody>\n<\/table>\n<p>&nbsp;<\/p>\n<\/div>\n<h4><strong style=\"font-size: 16px;\"><a href=\"http:\/\/revop-eshop.sk\/wp-content\/uploads\/2024\/05\/Zasobnikove_ohrievace_vody_Vitocell.pdf\"><img decoding=\"async\" class=\"alignnone wp-image-4368\" src=\"http:\/\/revop-eshop.sk\/wp-content\/uploads\/2024\/07\/view-ikona-257x300.png\" alt=\"\" width=\"24\" height=\"28\" srcset=\"https:\/\/revop-eshop.sk\/wp-content\/uploads\/2024\/07\/view-ikona-257x300.png 257w, https:\/\/revop-eshop.sk\/wp-content\/uploads\/2024\/07\/view-ikona-150x175.png 150w, https:\/\/revop-eshop.sk\/wp-content\/uploads\/2024\/07\/view-ikona-416x485.png 416w, https:\/\/revop-eshop.sk\/wp-content\/uploads\/2024\/07\/view-ikona-10x12.png 10w, https:\/\/revop-eshop.sk\/wp-content\/uploads\/2024\/07\/view-ikona.png 439w\" sizes=\"(max-width: 24px) 100vw, 24px\" \/><\/a><\/strong> <a href=\"https:\/\/revop-eshop.sk\/wp-content\/uploads\/2025\/11\/naviod-100-E-msca-50l.pdf\" target=\"_blank\" rel=\"noopener\">Mont\u00e1\u017eny, servisn\u00fd n\u00e1vod a technick\u00fd list<\/a><\/h4>\n<h4><\/h4>\n","protected":false},"featured_media":9748,"comment_status":"open","ping_status":"closed","template":"","meta":{"jetpack_publicize_message":"","jetpack_publicize_feature_enabled":true,"jetpack_social_post_already_shared":true,"jetpack_social_options":{"image_generator_settings":{"template":"highway","default_image_id":0,"enabled":false},"version":2}},"product_brand":[],"product_cat":[553],"product_tag":[41,44,2017,420,520,529,531,541,2019,552],"class_list":{"0":"post-9744","1":"product","2":"type-product","3":"status-publish","4":"has-post-thumbnail","6":"product_cat-zasobniky-teplej-vody","7":"product_tag-120l","8":"product_tag-150l","9":"product_tag-50l","10":"product_tag-ohrievac","11":"product_tag-typ","12":"product_tag-viessmann","13":"product_tag-vitocell","14":"product_tag-vody","15":"product_tag-z026457","16":"product_tag-zasobnikovy","18":"first","19":"instock","20":"taxable","21":"shipping-taxable","22":"purchasable","23":"product-type-simple"},"jetpack_publicize_connections":[],"jetpack_sharing_enabled":true,"_links":{"self":[{"href":"https:\/\/revop-eshop.sk\/index.php?rest_route=\/wp\/v2\/product\/9744","targetHints":{"allow":["GET"]}}],"collection":[{"href":"https:\/\/revop-eshop.sk\/index.php?rest_route=\/wp\/v2\/product"}],"about":[{"href":"https:\/\/revop-eshop.sk\/index.php?rest_route=\/wp\/v2\/types\/product"}],"replies":[{"embeddable":true,"href":"https:\/\/revop-eshop.sk\/index.php?rest_route=%2Fwp%2Fv2%2Fcomments&post=9744"}],"wp:featuredmedia":[{"embeddable":true,"href":"https:\/\/revop-eshop.sk\/index.php?rest_route=\/wp\/v2\/media\/9748"}],"wp:attachment":[{"href":"https:\/\/revop-eshop.sk\/index.php?rest_route=%2Fwp%2Fv2%2Fmedia&parent=9744"}],"wp:term":[{"taxonomy":"product_brand","embeddable":true,"href":"https:\/\/revop-eshop.sk\/index.php?rest_route=%2Fwp%2Fv2%2Fproduct_brand&post=9744"},{"taxonomy":"product_cat","embeddable":true,"href":"https:\/\/revop-eshop.sk\/index.php?rest_route=%2Fwp%2Fv2%2Fproduct_cat&post=9744"},{"taxonomy":"product_tag","embeddable":true,"href":"https:\/\/revop-eshop.sk\/index.php?rest_route=%2Fwp%2Fv2%2Fproduct_tag&post=9744"}],"curies":[{"name":"wp","href":"https:\/\/api.w.org\/{rel}","templated":true}]}}