{"id":9698,"date":"2025-10-02T00:24:31","date_gmt":"2025-10-01T22:24:31","guid":{"rendered":"https:\/\/revop-eshop.sk\/?post_type=product&#038;p=9698"},"modified":"2026-04-17T11:27:09","modified_gmt":"2026-04-17T09:27:09","slug":"radiator-konc-pre-medenu-ruru-16x15-h150-balenie-5-ks","status":"publish","type":"product","link":"https:\/\/revop-eshop.sk\/?product=radiator-konc-pre-medenu-ruru-16x15-h150-balenie-5-ks","title":{"rendered":"Radi\u00e1tor konc. pre meden\u00fa r\u00faru 16&#215;15 H150, balenie 5 ks"},"content":{"rendered":"\n<p><\/p>\n\n\n\n<p>Radi\u00e1tor konc. pre meden\u00fa r\u00faru 16&#215;15 H150, balenie 5 ks<\/p>\n","protected":false},"excerpt":{"rendered":"<p>\u20ac 12,56 s DPH ( cena za 1 ks )<\/p>\n","protected":false},"featured_media":9697,"comment_status":"open","ping_status":"closed","template":"","meta":{"jetpack_publicize_message":"","jetpack_publicize_feature_enabled":true,"jetpack_social_post_already_shared":false,"jetpack_social_options":{"image_generator_settings":{"template":"highway","default_image_id":0,"font":"","enabled":false},"version":2}},"product_brand":[],"product_cat":[1996],"product_tag":[1999,3021,2005,285,2006,2002,2003,1085],"class_list":{"0":"post-9698","1":"product","2":"type-product","3":"status-publish","4":"has-post-thumbnail","6":"product_cat-adapter-pre-medenu-ruru","7":"product_tag-16x15","8":"product_tag-3021","9":"product_tag-5-ks","10":"product_tag-balenie","11":"product_tag-h150","12":"product_tag-konc","13":"product_tag-pre-medenu-ruru","14":"product_tag-radiator","16":"first","17":"instock","18":"taxable","19":"shipping-taxable","20":"purchasable","21":"product-type-simple"},"jetpack_publicize_connections":[],"jetpack_sharing_enabled":true,"_links":{"self":[{"href":"https:\/\/revop-eshop.sk\/index.php?rest_route=\/wp\/v2\/product\/9698","targetHints":{"allow":["GET"]}}],"collection":[{"href":"https:\/\/revop-eshop.sk\/index.php?rest_route=\/wp\/v2\/product"}],"about":[{"href":"https:\/\/revop-eshop.sk\/index.php?rest_route=\/wp\/v2\/types\/product"}],"replies":[{"embeddable":true,"href":"https:\/\/revop-eshop.sk\/index.php?rest_route=%2Fwp%2Fv2%2Fcomments&post=9698"}],"wp:featuredmedia":[{"embeddable":true,"href":"https:\/\/revop-eshop.sk\/index.php?rest_route=\/wp\/v2\/media\/9697"}],"wp:attachment":[{"href":"https:\/\/revop-eshop.sk\/index.php?rest_route=%2Fwp%2Fv2%2Fmedia&parent=9698"}],"wp:term":[{"taxonomy":"product_brand","embeddable":true,"href":"https:\/\/revop-eshop.sk\/index.php?rest_route=%2Fwp%2Fv2%2Fproduct_brand&post=9698"},{"taxonomy":"product_cat","embeddable":true,"href":"https:\/\/revop-eshop.sk\/index.php?rest_route=%2Fwp%2Fv2%2Fproduct_cat&post=9698"},{"taxonomy":"product_tag","embeddable":true,"href":"https:\/\/revop-eshop.sk\/index.php?rest_route=%2Fwp%2Fv2%2Fproduct_tag&post=9698"}],"curies":[{"name":"wp","href":"https:\/\/api.w.org\/{rel}","templated":true}]}}