{"id":9695,"date":"2025-10-02T00:17:44","date_gmt":"2025-10-01T22:17:44","guid":{"rendered":"https:\/\/revop-eshop.sk\/?post_type=product&#038;p=9695"},"modified":"2026-04-17T11:26:45","modified_gmt":"2026-04-17T09:26:45","slug":"adapter-pre-medenu-ruru-26x22-balenie-5-ks","status":"publish","type":"product","link":"https:\/\/revop-eshop.sk\/?product=adapter-pre-medenu-ruru-26x22-balenie-5-ks","title":{"rendered":"Adapt\u00e9r pre meden\u00fa r\u00faru 26&#215;22, balenie 5 ks"},"content":{"rendered":"\n<p>Adapt\u00e9r z PEX na meden\u00fa r\u00faru 26 x 22, balenie 5 ks<\/p>\n","protected":false},"excerpt":{"rendered":"<p>\u20ac 4,60 s DPH ( cena za 1 ks )<\/p>\n","protected":false},"featured_media":9692,"comment_status":"open","ping_status":"closed","template":"","meta":{"jetpack_publicize_message":"","jetpack_publicize_feature_enabled":true,"jetpack_social_post_already_shared":false,"jetpack_social_options":{"image_generator_settings":{"template":"highway","default_image_id":0,"font":"","enabled":false},"version":2}},"product_brand":[],"product_cat":[1996],"product_tag":[2000,3019,1079,287,1997,757,1998],"class_list":{"0":"post-9695","1":"product","2":"type-product","3":"status-publish","4":"has-post-thumbnail","6":"product_cat-adapter-pre-medenu-ruru","7":"product_tag-20x22","8":"product_tag-3019","9":"product_tag-adapter","10":"product_tag-balenie-10-ks","11":"product_tag-medenu","12":"product_tag-pre","13":"product_tag-ruru","15":"first","16":"instock","17":"taxable","18":"shipping-taxable","19":"purchasable","20":"product-type-simple"},"jetpack_publicize_connections":[],"jetpack_sharing_enabled":true,"_links":{"self":[{"href":"https:\/\/revop-eshop.sk\/index.php?rest_route=\/wp\/v2\/product\/9695","targetHints":{"allow":["GET"]}}],"collection":[{"href":"https:\/\/revop-eshop.sk\/index.php?rest_route=\/wp\/v2\/product"}],"about":[{"href":"https:\/\/revop-eshop.sk\/index.php?rest_route=\/wp\/v2\/types\/product"}],"replies":[{"embeddable":true,"href":"https:\/\/revop-eshop.sk\/index.php?rest_route=%2Fwp%2Fv2%2Fcomments&post=9695"}],"wp:featuredmedia":[{"embeddable":true,"href":"https:\/\/revop-eshop.sk\/index.php?rest_route=\/wp\/v2\/media\/9692"}],"wp:attachment":[{"href":"https:\/\/revop-eshop.sk\/index.php?rest_route=%2Fwp%2Fv2%2Fmedia&parent=9695"}],"wp:term":[{"taxonomy":"product_brand","embeddable":true,"href":"https:\/\/revop-eshop.sk\/index.php?rest_route=%2Fwp%2Fv2%2Fproduct_brand&post=9695"},{"taxonomy":"product_cat","embeddable":true,"href":"https:\/\/revop-eshop.sk\/index.php?rest_route=%2Fwp%2Fv2%2Fproduct_cat&post=9695"},{"taxonomy":"product_tag","embeddable":true,"href":"https:\/\/revop-eshop.sk\/index.php?rest_route=%2Fwp%2Fv2%2Fproduct_tag&post=9695"}],"curies":[{"name":"wp","href":"https:\/\/api.w.org\/{rel}","templated":true}]}}