{"id":9036,"date":"2025-07-30T23:50:43","date_gmt":"2025-07-30T21:50:43","guid":{"rendered":"https:\/\/revop-eshop.sk\/?product=bojler-150-tuv-sn-spirala-s1-074m2-ohrievac-vody"},"modified":"2025-07-31T00:12:32","modified_gmt":"2025-07-30T22:12:32","slug":"bojler-150-tuv-sn-spirala-s1-074m2-ohrievac-vody","status":"publish","type":"product","link":"https:\/\/revop-eshop.sk\/?product=bojler-150-tuv-sn-spirala-s1-074m2-ohrievac-vody","title":{"rendered":"Bojler 150 TUV-SN \u0161pir\u00e1la S1-0,74m2 \/ ohrieva\u010d vody"},"content":{"rendered":"<p>OHRIEVA\u010cE TUV SUNSYSTEM SNS SN &#8211; s\u00a0jedn\u00fdm v\u00fdmenn\u00edkom, objem 150 &#8211; 1500 L<br \/>\n\u00a0<br \/>\ns\u00fa navrhnut\u00e9 pre efekt\u00edvne a spo\u013eahliv\u00e9 nepriame vykurovanie vody. Tieto stojace ohrieva\u010de s\u00fa ide\u00e1lne pre sol\u00e1rne syst\u00e9my a tradi\u010dn\u00e9 vykurovacie syst\u00e9my, \u010d\u00edm poskytuj\u00fa univerz\u00e1lne a flexibiln\u00e9 rie\u0161enie pre r\u00f4zne aplik\u00e1cie.<br \/>\n\u00a0<br \/>\n\u00a0<br \/>\nD\u00f4le\u017eit\u00e9 \u00fadaje o produkte:<br \/>\n\u00b7\u00a0\u00a0\u00a0\u00a0\u00a0\u00a0 Vysoko \u00fa\u010dinn\u00e1 izol\u00e1cia a vonkaj\u0161\u00ed pl\u00e1\u0161\u0165 z PVC s farbou RAL 9006.<br \/>\n\u00b7\u00a0\u00a0\u00a0\u00a0\u00a0\u00a0 Komplexn\u00e1 protikor\u00f3zna ochrana pomocou tit\u00e1nov\u00e9ho smaltu (DIN 4753- 3) zabezpe\u010duje dlh\u00fa \u017eivotnos\u0165.<br \/>\n\u00b7\u00a0\u00a0\u00a0\u00a0\u00a0\u00a0 Hor\u010d\u00edkov\u00e1 an\u00f3da (DIN 4753-6).<br \/>\n\u00b7\u00a0\u00a0\u00a0\u00a0\u00a0\u00a0 Volite\u013en\u00e1 sada elektro\u0161pir\u00e1l na ohrievanie s menovit\u00fdm v\u00fdkonom 3kW, 4,5kW, 6kW alebo 7,5kW<br \/>\n\u00b7\u00a0\u00a0\u00a0\u00a0\u00a0\u00a0 Rev\u00edzny otvor s krytom pr\u00edruby<br \/>\n\u00b7\u00a0\u00a0\u00a0\u00a0\u00a0\u00a0 Jeden v\u00fdmenn\u00edk tepla umo\u017e\u0148uje n\u00e1dr\u017ei vyu\u017e\u00edva\u0165 extern\u00e9 zdroje energie, ako je sol\u00e1rny syst\u00e9m alebo kotol na biomasu.<\/p>\n","protected":false},"excerpt":{"rendered":"<p>OHRIEVA\u010cE TUV SUNSYSTEM SNS SN &#8211; s\u00a0jedn\u00fdm v\u00fdmenn\u00edkom, objem 150 &#8211; 1500 L \u00a0 s\u00fa navrhnut\u00e9 pre efekt\u00edvne a spo\u013eahliv\u00e9 nepriame vykurovanie vody. Tieto stojace ohrieva\u010de s\u00fa ide\u00e1lne pre sol\u00e1rne syst\u00e9my a tradi\u010dn\u00e9 vykurovacie syst\u00e9my, \u010d\u00edm poskytuj\u00fa univerz\u00e1lne a flexibiln\u00e9 rie\u0161enie pre r\u00f4zne aplik\u00e1cie. \u00a0 \u00a0 D\u00f4le\u017eit\u00e9 \u00fadaje o produkte: \u00b7\u00a0\u00a0\u00a0\u00a0\u00a0\u00a0 Vysoko \u00fa\u010dinn\u00e1 izol\u00e1cia a [&hellip;]<\/p>\n","protected":false},"featured_media":9035,"comment_status":"open","ping_status":"closed","template":"","meta":{"jetpack_publicize_message":"","jetpack_publicize_feature_enabled":true,"jetpack_social_post_already_shared":false,"jetpack_social_options":{"image_generator_settings":{"template":"highway","default_image_id":0,"font":"","enabled":false},"version":2}},"product_brand":[],"product_cat":[1931],"product_tag":[1133,1949,1964,1972,1957,1965,1963,1966,1130,1129,1936,1962,1977,1971,1935,1967,1973,1969,1970,1968,1975,1976,549,1974],"class_list":{"0":"post-9036","1":"product","2":"type-product","3":"status-publish","4":"has-post-thumbnail","6":"product_cat-zasobniky-teplej-vody-sunsystem","7":"product_tag-1133","8":"product_tag-1949","9":"product_tag-1964","10":"product_tag-2-vymennikmi","11":"product_tag-1957","12":"product_tag-2000-sunsystem","13":"product_tag-1963","14":"product_tag-300-uk","15":"product_tag-1130","16":"product_tag-1129","17":"product_tag-1936","18":"product_tag-akumulacna-nadoba","19":"product_tag-alebo-dvomi-elektrickymi-spiralami","20":"product_tag-bez-vymennika","21":"product_tag-bojler","22":"product_tag-ps2","23":"product_tag-s-odnimatelnou-izolaciou","24":"product_tag-s-pevnou-izolaciou","25":"product_tag-s-vymennikom","26":"product_tag-so-spiralou","27":"product_tag-stojacie","28":"product_tag-volitelny-ohrev-s-jednou","29":"product_tag-zasobnik","30":"product_tag-zavesne","32":"first","33":"instock","34":"taxable","35":"shipping-taxable","36":"purchasable","37":"product-type-simple"},"jetpack_publicize_connections":[],"jetpack_sharing_enabled":true,"_links":{"self":[{"href":"https:\/\/revop-eshop.sk\/index.php?rest_route=\/wp\/v2\/product\/9036","targetHints":{"allow":["GET"]}}],"collection":[{"href":"https:\/\/revop-eshop.sk\/index.php?rest_route=\/wp\/v2\/product"}],"about":[{"href":"https:\/\/revop-eshop.sk\/index.php?rest_route=\/wp\/v2\/types\/product"}],"replies":[{"embeddable":true,"href":"https:\/\/revop-eshop.sk\/index.php?rest_route=%2Fwp%2Fv2%2Fcomments&post=9036"}],"wp:featuredmedia":[{"embeddable":true,"href":"https:\/\/revop-eshop.sk\/index.php?rest_route=\/wp\/v2\/media\/9035"}],"wp:attachment":[{"href":"https:\/\/revop-eshop.sk\/index.php?rest_route=%2Fwp%2Fv2%2Fmedia&parent=9036"}],"wp:term":[{"taxonomy":"product_brand","embeddable":true,"href":"https:\/\/revop-eshop.sk\/index.php?rest_route=%2Fwp%2Fv2%2Fproduct_brand&post=9036"},{"taxonomy":"product_cat","embeddable":true,"href":"https:\/\/revop-eshop.sk\/index.php?rest_route=%2Fwp%2Fv2%2Fproduct_cat&post=9036"},{"taxonomy":"product_tag","embeddable":true,"href":"https:\/\/revop-eshop.sk\/index.php?rest_route=%2Fwp%2Fv2%2Fproduct_tag&post=9036"}],"curies":[{"name":"wp","href":"https:\/\/api.w.org\/{rel}","templated":true}]}}