{"id":8063,"date":"2024-10-22T18:12:37","date_gmt":"2024-10-22T16:12:37","guid":{"rendered":"https:\/\/revop-eshop.sk\/?post_type=product&#038;p=8063"},"modified":"2024-12-31T15:34:03","modified_gmt":"2024-12-31T14:34:03","slug":"neutralizacne-zariadenie-viessmann","status":"publish","type":"product","link":"https:\/\/revop-eshop.sk\/?product=neutralizacne-zariadenie-viessmann","title":{"rendered":"Neutraliza\u010dn\u00e9 zariadenie Viessmann"},"content":{"rendered":"\n<h4 class=\"wp-block-heading\">Neutraliza\u010dn\u00e9 zariadenie Viessmann <\/h4>\n\n\n\n<ul class=\"wp-block-list\">\n<li> do v\u00fdkonu 35 kW<\/li>\n\n\n\n<li> s neutraliza\u010dn\u00fdm granul\u00e1tom 2,5 kg<\/li>\n<\/ul>\n\n\n\n<p>K plynov\u00fdm konednza\u010dn\u00fdm kotlom VITODENS 1xx-W\/F a VITODENS 2xx-W\/F<\/p>\n\n\n\n<figure class=\"wp-block-image size-full\"><img fetchpriority=\"high\" decoding=\"async\" width=\"800\" height=\"288\" src=\"https:\/\/revop-eshop.sk\/wp-content\/uploads\/2024\/10\/hlavne-zariadenie-neutraliz-tech.jpg\" alt=\"\" class=\"wp-image-8069\" srcset=\"https:\/\/revop-eshop.sk\/wp-content\/uploads\/2024\/10\/hlavne-zariadenie-neutraliz-tech.jpg 800w, https:\/\/revop-eshop.sk\/wp-content\/uploads\/2024\/10\/hlavne-zariadenie-neutraliz-tech-300x108.jpg 300w, https:\/\/revop-eshop.sk\/wp-content\/uploads\/2024\/10\/hlavne-zariadenie-neutraliz-tech-768x276.jpg 768w, https:\/\/revop-eshop.sk\/wp-content\/uploads\/2024\/10\/hlavne-zariadenie-neutraliz-tech-18x6.jpg 18w, https:\/\/revop-eshop.sk\/wp-content\/uploads\/2024\/10\/hlavne-zariadenie-neutraliz-tech-200x72.jpg 200w, https:\/\/revop-eshop.sk\/wp-content\/uploads\/2024\/10\/hlavne-zariadenie-neutraliz-tech-441x159.jpg 441w, https:\/\/revop-eshop.sk\/wp-content\/uploads\/2024\/10\/hlavne-zariadenie-neutraliz-tech-600x216.jpg 600w, https:\/\/revop-eshop.sk\/wp-content\/uploads\/2024\/10\/hlavne-zariadenie-neutraliz-tech-150x54.jpg 150w\" sizes=\"(max-width: 800px) 100vw, 800px\" \/><\/figure>\n\n\n\n<p><\/p>\n","protected":false},"excerpt":{"rendered":"<h3><!-- wp:heading {\"level\":4} --><\/h3>\n<h4 class=\"wp-block-heading\">Neutraliza\u010dn\u00e9 zariadenie Viessmann<\/h4>\n<h3><!-- \/wp:heading --><\/p>\n<p><!-- wp:list --><\/h3>\n<ul class=\"wp-block-list\"><!-- wp:list-item --><\/p>\n<li>do v\u00fdkonu 35 kW<\/li>\n<p><!-- \/wp:list-item --><\/p>\n<p><!-- wp:list-item --><\/p>\n<li>s neutraliza\u010dn\u00fdm granul\u00e1tom 2,5 kg<\/li>\n<p><!-- \/wp:list-item --><\/ul>\n<h3><!-- \/wp:list --><\/h3>\n<p>&nbsp;<\/p>\n","protected":false},"featured_media":8064,"comment_status":"open","ping_status":"closed","template":"","meta":{"jetpack_publicize_message":"","jetpack_publicize_feature_enabled":true,"jetpack_social_post_already_shared":false,"jetpack_social_options":{"image_generator_settings":{"template":"highway","default_image_id":0,"font":"","enabled":false},"version":2}},"product_brand":[],"product_cat":[1891],"product_tag":[1900,1896,1892,529,1893,1894],"class_list":{"0":"post-8063","1":"product","2":"type-product","3":"status-publish","4":"has-post-thumbnail","6":"product_cat-zariadenia-na-odvod-kondenzatu","7":"product_tag-2-5-kg","8":"product_tag-granulat","9":"product_tag-neutralizacne","10":"product_tag-viessmann","11":"product_tag-zariadenie","12":"product_tag-zk03652","14":"first","15":"instock","16":"taxable","17":"shipping-taxable","18":"purchasable","19":"product-type-simple"},"jetpack_publicize_connections":[],"jetpack_sharing_enabled":true,"_links":{"self":[{"href":"https:\/\/revop-eshop.sk\/index.php?rest_route=\/wp\/v2\/product\/8063","targetHints":{"allow":["GET"]}}],"collection":[{"href":"https:\/\/revop-eshop.sk\/index.php?rest_route=\/wp\/v2\/product"}],"about":[{"href":"https:\/\/revop-eshop.sk\/index.php?rest_route=\/wp\/v2\/types\/product"}],"replies":[{"embeddable":true,"href":"https:\/\/revop-eshop.sk\/index.php?rest_route=%2Fwp%2Fv2%2Fcomments&post=8063"}],"wp:featuredmedia":[{"embeddable":true,"href":"https:\/\/revop-eshop.sk\/index.php?rest_route=\/wp\/v2\/media\/8064"}],"wp:attachment":[{"href":"https:\/\/revop-eshop.sk\/index.php?rest_route=%2Fwp%2Fv2%2Fmedia&parent=8063"}],"wp:term":[{"taxonomy":"product_brand","embeddable":true,"href":"https:\/\/revop-eshop.sk\/index.php?rest_route=%2Fwp%2Fv2%2Fproduct_brand&post=8063"},{"taxonomy":"product_cat","embeddable":true,"href":"https:\/\/revop-eshop.sk\/index.php?rest_route=%2Fwp%2Fv2%2Fproduct_cat&post=8063"},{"taxonomy":"product_tag","embeddable":true,"href":"https:\/\/revop-eshop.sk\/index.php?rest_route=%2Fwp%2Fv2%2Fproduct_tag&post=8063"}],"curies":[{"name":"wp","href":"https:\/\/api.w.org\/{rel}","templated":true}]}}