{"id":7884,"date":"2024-10-01T12:04:37","date_gmt":"2024-10-01T10:04:37","guid":{"rendered":"https:\/\/revop-eshop.sk\/?post_type=product&#038;p=7884"},"modified":"2026-04-17T14:13:32","modified_gmt":"2026-04-17T12:13:32","slug":"viessmann-priestorovy-termostat-analogovy-230-v","status":"publish","type":"product","link":"https:\/\/revop-eshop.sk\/?product=viessmann-priestorovy-termostat-analogovy-230-v","title":{"rendered":"Viessmann priestorov\u00fd termostat, anal\u00f3gov\u00fd, 230 V"},"content":{"rendered":"\n<h4 class=\"wp-block-heading\">Viessmann priestorov\u00fd termostat, anal\u00f3gov\u00fd, 230 V<\/h4>\n\n\n\n<ul class=\"wp-block-list\">\n<li>Izbov\u00fd termostat anal\u00f3gov\u00e9 vykurovanie<\/li>\n\n\n\n<li>na zaznamen\u00e1vanie a regul\u00e1ciu po\u017eadovanej teploty v miestnosti<\/li>\n\n\n\n<li>Jednoduch\u00e9 ovl\u00e1danie jednotliv\u00fdch miestnost\u00ed je mo\u017en\u00e9 pomocou priamo pripojen\u00fdch pohonov<\/li>\n\n\n\n<li>Po\u017eadovan\u00e1 izbov\u00e1 teplota sa nastavuje pomocou oto\u010dn\u00e9ho gomb\u00edka s m\u00e4kkou aret\u00e1ciou<\/li>\n\n\n\n<li>Je mo\u017en\u00e1 aj kalibr\u00e1cia po\u017eadovanej hodnoty a obmedzenie rozsahu nastavenia<\/li>\n\n\n\n<li>Nap\u00e1jacie nap\u00e4tie cez pripojovac\u00ed modul alebo samostatn\u00fd zdroj nap\u00e4tia<\/li>\n\n\n\n<li>ploch\u00fd dizajn a mal\u00e9 rozmery<\/li>\n\n\n\n<li>Samostatn\u00e9 alebo syst\u00e9movo implementovate\u013en\u00e9 ovl\u00e1danie<\/li>\n\n\n\n<li>Zariadenia pre vykurovacie syst\u00e9my<\/li>\n\n\n\n<li>Zn\u00ed\u017eenie vstupu na \u010dasovo riaden\u00e9<\/li>\n\n\n\n<li>Zn\u00ed\u017eenie teploty v miestnosti, napr\u00edklad prostredn\u00edctvom extern\u00fdch syst\u00e9mov\u00fdch hod\u00edn<\/li>\n\n\n\n<li>Kalibr\u00e1cia po\u017eadovanej hodnoty<\/li>\n\n\n\n<li>Obmedzenie teplotn\u00e9ho rozsahu pomocou dodato\u010dne dostupn\u00fdch obmedzova\u010dov \u017eiadanej hodnoty<\/li>\n\n\n\n<li>Funkcia ochrany proti mrazu<\/li>\n\n\n\n<li>Jednoduch\u00e1 in\u0161tal\u00e1cia a obsluha<\/li>\n\n\n\n<li>Bez\u00fadr\u017ebov\u00fd<\/li>\n<\/ul>\n\n\n\n<p><strong>Technick\u00e9 \u00fadaje:<\/strong><\/p>\n\n\n\n<ul class=\"wp-block-list\">\n<li>Prev\u00e1dzkov\u00e9 nap\u00e4tie: 230 voltov \u00b110 % \/ 50 Hz<\/li>\n\n\n\n<li>Nap\u00e1janie: cez z\u00e1klad\u0148u \/ extern\u00fd zdroj nap\u00e1jania<\/li>\n\n\n\n<li>Sp\u00ednacia kapacita ohmickej z\u00e1\u0165a\u017ee: 2 A<\/li>\n\n\n\n<li>Sp\u00ednacia kapacita induk\u010dn\u00e1: 200 VA<\/li>\n\n\n\n<li>\u0160pecifik\u00e1cia rozsahu nastavenia cie\u013eovej teploty: 10 \u00b0C a\u017e 28 \u00b0C<\/li>\n\n\n\n<li>\u0160pecifik\u00e1cia cie\u013eovej teploty rozl\u00ed\u0161enia: 0,25 \u00b0C<\/li>\n\n\n\n<li>Teplota poklesu: 4 \u00b0C<\/li>\n\n\n\n<li>Aktu\u00e1tory max.: 10 kusov (max. 3 W)<\/li>\n\n\n\n<li>Pripojovacie svorky: 5 kusov 0,22 a\u017e 1,5 mm\u00b2<\/li>\n\n\n\n<li>Trieda ochrany: IP 20<\/li>\n\n\n\n<li>Trieda ochrany: II<\/li>\n\n\n\n<li>\u0160\u00edrka: 86 mm<\/li>\n\n\n\n<li>V\u00fd\u0161ka: 86 mm<\/li>\n\n\n\n<li>H\u013abka: 29 mm<\/li>\n\n\n\n<li>Materi\u00e1l: PC + ABS<\/li>\n\n\n\n<li>Farba: sign\u00e1lna biela (RAL 9003)<\/li>\n\n\n\n<li>\u010c\u00edslo polo\u017eky: 7750197<\/li>\n\n\n\n<li>V\u00fdrobca: Viessmann<\/li>\n<\/ul>\n","protected":false},"excerpt":{"rendered":"<h4><strong>Viessmann priestorov\u00fd termostat, anal\u00f3gov\u00fd, 230 V<\/strong><\/h4>\n<ul>\n<li>rozsah cielovej teploty 10 a\u017e 28 \u00b0C<\/li>\n<li>max. 10 servopohonov (max. 3 W\/servopohon)<\/li>\n<li>typov\u00e9 ozna\u010denie: R 20203-10<\/li>\n<\/ul>\n<h4><strong><a href=\"http:\/\/revop-eshop.sk\/wp-content\/uploads\/2024\/05\/Zasobnikove_ohrievace_vody_Vitocell.pdf\"><img decoding=\"async\" class=\"alignnone wp-image-4368\" src=\"http:\/\/revop-eshop.sk\/wp-content\/uploads\/2024\/07\/view-ikona-257x300.png\" alt=\"\" width=\"24\" height=\"28\" srcset=\"https:\/\/revop-eshop.sk\/wp-content\/uploads\/2024\/07\/view-ikona-257x300.png 257w, https:\/\/revop-eshop.sk\/wp-content\/uploads\/2024\/07\/view-ikona-150x175.png 150w, https:\/\/revop-eshop.sk\/wp-content\/uploads\/2024\/07\/view-ikona-416x485.png 416w, https:\/\/revop-eshop.sk\/wp-content\/uploads\/2024\/07\/view-ikona-10x12.png 10w, https:\/\/revop-eshop.sk\/wp-content\/uploads\/2024\/07\/view-ikona.png 439w\" sizes=\"(max-width: 24px) 100vw, 24px\" \/><\/a> <a href=\"https:\/\/revop-eshop.sk\/wp-content\/uploads\/2024\/09\/Podlahove_vykurovanie_Vitoset.pdf\" target=\"_blank\" rel=\"noopener\">Podlahov\u00e9 vykurovanie Vitoset<\/a><\/strong><\/h4>\n<h4><strong><a href=\"http:\/\/revop-eshop.sk\/wp-content\/uploads\/2024\/05\/Zasobnikove_ohrievace_vody_Vitocell.pdf\"><img decoding=\"async\" class=\"alignnone wp-image-4368\" src=\"http:\/\/revop-eshop.sk\/wp-content\/uploads\/2024\/07\/view-ikona-257x300.png\" alt=\"\" width=\"24\" height=\"28\" srcset=\"https:\/\/revop-eshop.sk\/wp-content\/uploads\/2024\/07\/view-ikona-257x300.png 257w, https:\/\/revop-eshop.sk\/wp-content\/uploads\/2024\/07\/view-ikona-150x175.png 150w, https:\/\/revop-eshop.sk\/wp-content\/uploads\/2024\/07\/view-ikona-416x485.png 416w, https:\/\/revop-eshop.sk\/wp-content\/uploads\/2024\/07\/view-ikona-10x12.png 10w, https:\/\/revop-eshop.sk\/wp-content\/uploads\/2024\/07\/view-ikona.png 439w\" sizes=\"(max-width: 24px) 100vw, 24px\" \/><\/a><\/strong> <a href=\"https:\/\/revop-eshop.sk\/wp-content\/uploads\/2024\/09\/Viessmann-Vitoset.cs_.pdf\" target=\"_blank\" rel=\"noopener\">Technick\u00fd list Vitoset (auromatick\u00fd preklad)<\/a><\/h4>\n<p>&nbsp;<\/p>\n","protected":false},"featured_media":7886,"comment_status":"open","ping_status":"closed","template":"","meta":{"jetpack_publicize_message":"","jetpack_publicize_feature_enabled":true,"jetpack_social_post_already_shared":false,"jetpack_social_options":{"image_generator_settings":{"template":"highway","default_image_id":0,"font":"","enabled":false},"version":2}},"product_brand":[],"product_cat":[1868],"product_tag":[1007,1870,1555,1872,796,529],"class_list":{"0":"post-7884","1":"product","2":"type-product","3":"status-publish","4":"has-post-thumbnail","6":"product_cat-priestorove-termostaty-servopohon-a-modul-regulacie","7":"product_tag-230-v","8":"product_tag-1870","9":"product_tag-analogovy","10":"product_tag-priestorovy","11":"product_tag-termostat","12":"product_tag-viessmann","14":"first","15":"instock","16":"taxable","17":"shipping-taxable","18":"purchasable","19":"product-type-simple"},"jetpack_publicize_connections":[],"jetpack_sharing_enabled":true,"_links":{"self":[{"href":"https:\/\/revop-eshop.sk\/index.php?rest_route=\/wp\/v2\/product\/7884","targetHints":{"allow":["GET"]}}],"collection":[{"href":"https:\/\/revop-eshop.sk\/index.php?rest_route=\/wp\/v2\/product"}],"about":[{"href":"https:\/\/revop-eshop.sk\/index.php?rest_route=\/wp\/v2\/types\/product"}],"replies":[{"embeddable":true,"href":"https:\/\/revop-eshop.sk\/index.php?rest_route=%2Fwp%2Fv2%2Fcomments&post=7884"}],"wp:featuredmedia":[{"embeddable":true,"href":"https:\/\/revop-eshop.sk\/index.php?rest_route=\/wp\/v2\/media\/7886"}],"wp:attachment":[{"href":"https:\/\/revop-eshop.sk\/index.php?rest_route=%2Fwp%2Fv2%2Fmedia&parent=7884"}],"wp:term":[{"taxonomy":"product_brand","embeddable":true,"href":"https:\/\/revop-eshop.sk\/index.php?rest_route=%2Fwp%2Fv2%2Fproduct_brand&post=7884"},{"taxonomy":"product_cat","embeddable":true,"href":"https:\/\/revop-eshop.sk\/index.php?rest_route=%2Fwp%2Fv2%2Fproduct_cat&post=7884"},{"taxonomy":"product_tag","embeddable":true,"href":"https:\/\/revop-eshop.sk\/index.php?rest_route=%2Fwp%2Fv2%2Fproduct_tag&post=7884"}],"curies":[{"name":"wp","href":"https:\/\/api.w.org\/{rel}","templated":true}]}}