{"id":7307,"date":"2024-09-27T14:02:22","date_gmt":"2024-09-27T12:02:22","guid":{"rendered":"https:\/\/revop-eshop.sk\/?post_type=product&#038;p=7307"},"modified":"2026-04-17T14:20:35","modified_gmt":"2026-04-17T12:20:35","slug":"nakrutka-so-zvernym-kruzkom-na-pripojenie-vyhrevnych-rur-na-rozdelovac","status":"publish","type":"product","link":"https:\/\/revop-eshop.sk\/?product=nakrutka-so-zvernym-kruzkom-na-pripojenie-vyhrevnych-rur-na-rozdelovac","title":{"rendered":"N\u00e1krutka so zvern\u00fdm kr\u00fa\u017ekom &#8211; na pripojenie v\u00fdhrevn\u00fdch r\u00far 10,5 mm na rozde\u013eova\u010d"},"content":{"rendered":"\n<h4 class=\"wp-block-heading\"><strong>N\u00e1krutka so zvern\u00fdm kr\u00fa\u017ekom &#8211; na pripojenie v\u00fdhrevn\u00fdch r\u00far na rozde\u013eova\u010d<\/strong><\/h4>\n\n\n\n<p><strong>Sklad\u00e1 sa z:<\/strong><\/p>\n\n\n\n<ul class=\"wp-block-list\">\n<li>mosadznej prevle\u010dnej matice IG \u00be, 10,5 mm<\/li>\n\n\n\n<li>mosadzn\u00e9ho adapt\u00e9ra s eurok\u00f3nusom<\/li>\n\n\n\n<li>zvierac\u00edch kr\u00fa\u017ekov<\/li>\n\n\n\n<li>dod\u00e1van\u00e1 jednotka 1 ks<\/li>\n<\/ul>\n\n\n\n<p><\/p>\n\n\n\n<p><strong>Schv\u00e1len\u00e1 plniaca a zalievacia hmota<\/strong><br>V\u00fdsledn\u00e1 zmes ako \u0161peci\u00e1lna, sebarozp\u00fa\u0161\u0165acia, hydraulicky vytvrden\u00e1 hmota s vysokou odolnos\u0165ou na podsyp dosky syst\u00e9mu san\u00e1cie a spojenie s podkladom. Pou\u017eitie pod\u013ea pr\u00edslu\u0161nej predbe\u017enej \u00fapravy na bet\u00f3n, cementov\u00e9 potery, potery na z\u00e1klade s\u00edranu v\u00e1penat\u00e9ho, keramick\u00e9 povlaky. Nosn\u00e1 vrstva na \u013eubovo\u013en\u00e9  podlahov\u00e9 krytiny na b\u00e1ze \u0161peci\u00e1lneho cementu, miner\u00e1lnych pr\u00edsad (\u0161peci\u00e1lna \u010diara strednej zrnitosti \u2013 zu\u0161\u013eachten\u00e9 umelou \u017eivicou) na ru\u010dn\u00e9 aj strojov\u00e9 spracovanie.<\/p>\n\n\n\n<p>Spotreba: cca. 25 kg\/m2 (prekrytie syst\u00e9mu 3 mm)<br>Spracovanie: pozri \u00fadaje v\u00fdrobcu<\/p>\n\n\n\n<p><strong>Odpor\u00fa\u010dania v\u00fdrobcu:<\/strong><\/p>\n\n\n\n<ul class=\"wp-block-list\">\n<li>Kurt Glass GmbH, 79258 Feldkirch, v\u00fdrobok: Glasconal NSM<\/li>\n\n\n\n<li>Bostik Findley GmbH, 33829 Borgholzhausen, v\u00fdrobok: Niboplan DE<\/li>\n\n\n\n<li>PCI Augsburg GmbH, 86159 Augsburg, v\u00fdrobok: Periplan-Extra a HSP 34l<\/li>\n\n\n\n<li>Henkel kgaA, 40191 D\u00fcsseldorf, v\u00fdrobok: Thomsit\/Ceresit, Thomsit DE95, Cereplan CN 73<\/li>\n\n\n\n<li>Knauf Gibs KG, 97346 Iphofen, v\u00fdrobok: Nivela\u010dn\u00fd poter 425<\/li>\n\n\n\n<li>Kiesel Bauchemie GmbH &amp; Co.KG, Wolf Hirsch Str. 2, 73730 Esslingen<\/li>\n\n\n\n<li>Sopro Bauchemie GmbH, Postfach 420152, 65102 Wiesbaden<\/li>\n\n\n\n<li>maxit Deutschland GmbH, Kupfertorstr. 35, 79206 Breisach, v\u00fdrobok: maxit fl oor 4190<\/li>\n<\/ul>\n\n\n\n<p><\/p>\n\n\n\n<h4 class=\"wp-block-heading has-text-align-center\">Sana\u010dn\u00fd syst\u00e9m Vitoset<\/h4>\n\n\n\n<p><\/p>\n\n\n\n<figure class=\"wp-block-image size-large\"><img fetchpriority=\"high\" decoding=\"async\" width=\"1024\" height=\"81\" src=\"https:\/\/revop-eshop.sk\/wp-content\/uploads\/2024\/09\/image-9-1024x81.png\" alt=\"\" class=\"wp-image-7301\" srcset=\"https:\/\/revop-eshop.sk\/wp-content\/uploads\/2024\/09\/image-9-1024x81.png 1024w, https:\/\/revop-eshop.sk\/wp-content\/uploads\/2024\/09\/image-9-300x24.png 300w, https:\/\/revop-eshop.sk\/wp-content\/uploads\/2024\/09\/image-9-768x61.png 768w, https:\/\/revop-eshop.sk\/wp-content\/uploads\/2024\/09\/image-9-18x1.png 18w, https:\/\/revop-eshop.sk\/wp-content\/uploads\/2024\/09\/image-9-200x16.png 200w, https:\/\/revop-eshop.sk\/wp-content\/uploads\/2024\/09\/image-9-990x79.png 990w, https:\/\/revop-eshop.sk\/wp-content\/uploads\/2024\/09\/image-9-441x35.png 441w, https:\/\/revop-eshop.sk\/wp-content\/uploads\/2024\/09\/image-9-600x48.png 600w, https:\/\/revop-eshop.sk\/wp-content\/uploads\/2024\/09\/image-9-150x12.png 150w, https:\/\/revop-eshop.sk\/wp-content\/uploads\/2024\/09\/image-9.png 1261w\" sizes=\"(max-width: 1024px) 100vw, 1024px\" \/><\/figure>\n\n\n\n<p>Sana\u010dn\u00fd syst\u00e9m je syst\u00e9m na vykurovanie a chladenie. Je vhodn\u00fd na in\u0161tal\u00e1ciu na existuj\u00faci poter alebo na vhodn\u00e9 nosn\u00e9, tvrd\u00e9 podklady pri realiz\u00e1cii moderniza\u010dn\u00fdch projektov. Syst\u00e9m sa vyzna\u010duje&nbsp;&nbsp;minim\u00e1lnou kon\u0161truk\u010dnou v\u00fd\u0161kou len 17 milimetrov, \u010do vedie k&nbsp;&nbsp;r\u00fdchlej reakcii vykurovacieho syst\u00e9mu.<\/p>\n\n\n\n<p>Pri pokl\u00e1dke na podlahu sa \u0161trukt\u00fara syst\u00e9mov\u00fdch dosiek a trubiek vypln\u00ed r\u00fdchlo tvrdn\u00facou, vysoko \u00fa\u010dinn\u00fdm poterom.<\/p>\n\n\n\n<h4 class=\"wp-block-heading\">\u0160trukt\u00fara&nbsp;&nbsp;sana\u010dn\u00e9ho syst\u00e9mu<\/h4>\n\n\n\n<p>Sana\u010dn\u00fd&nbsp;&nbsp;syst\u00e9m Viessmann pre podlahov\u00e9 vykurovanie pozost\u00e1va okrem in\u00e9ho z nasleduj\u00facich komponentov:<\/p>\n\n\n\n<ul class=\"wp-block-list\">\n<li>Syst\u00e9mov\u00e9 dosky so samolepiacou vrstvou<\/li>\n\n\n\n<li>5-vrstvov\u00e1 syst\u00e9mov\u00e1 r\u00fara PE-RT \u00d8 10,5 mm<\/li>\n\n\n\n<li>Rozde\u013eova\u010d vykurovacieho okruhu<\/li>\n\n\n\n<li>Pripojovacie komponenty pre potrubie a rozde\u013eova\u010d vykurovacieho okruhu<\/li>\n\n\n\n<li>Okrajov\u00e9 izola\u010dn\u00e9 p\u00e1sy<\/li>\n\n\n\n<li>Dilata\u010dn\u00fd profil<\/li>\n<\/ul>\n\n\n\n<p>Sana\u010dn\u00fd syst\u00e9m Viessmann je vhodn\u00fd najm\u00e4 pre projekty renov\u00e1ci\u00ed. Aplikuje sa na existuj\u00faci poter alebo na vhodn\u00e9 nosn\u00e9, tvrd\u00e9 podklady. Hlavn\u00fdmi komponentmi sana\u010dn\u00e9ho syst\u00e9mu na podlahov\u00e9 vykurovanie s\u00fa dosky a syst\u00e9mov\u00e9 r\u00farky. Tie s\u00fa vyplnen\u00e9 r\u00fdchlo tvrdn\u00facim vysoko \u00fa\u010dinn\u00fdm tenkovrstvov\u00fdm poterom. T\u00fdm sa dosiahne pevn\u00e9 spojenie s podkladom. Za predpokladu vhodnej pred\u00fapravy ju mo\u017eno aplikova\u0165 na r\u00f4zne podklady, ako je bet\u00f3n, cementov\u00fd poter, anhydritov\u00e9 potery alebo keramick\u00e9 povrchy.<\/p>\n\n\n\n<h4 class=\"wp-block-heading\">Syst\u00e9m podlahov\u00e9ho vykurovania sa mus\u00ed in\u0161talova\u0165 odborne<\/h4>\n\n\n\n<p>Starostliv\u00e1 pr\u00edprava podkladu je jedn\u00fdm z najd\u00f4le\u017eitej\u0161\u00edch krokov pri in\u0161tal\u00e1cii. Podlaha mus\u00ed by\u0165 \u010dist\u00e1, pevn\u00e1 a predov\u0161etk\u00fdm nosn\u00e1. Ak je povrch pr\u00edli\u0161 hladk\u00fd alebo m\u00e1 in\u00e9 vlastnosti, ktor\u00e9 by mohli zhor\u0161i\u0165 pri\u013enavos\u0165, mus\u00ed sa najprv obr\u00fasi\u0165. Na odstr\u00e1nenie nerovnost\u00ed sa pou\u017e\u00edva vyrovn\u00e1vacia hmota. Potom sa nanesie z\u00e1kladn\u00fd n\u00e1ter. Miestny odborn\u00fd partner Viessmann zabezpe\u010d\u00ed, aby bol z\u00e1kladn\u00fd n\u00e1ter zladen\u00fd s tesniacou hmotou.<\/p>\n\n\n\n<h4 class=\"wp-block-heading\">Jednotliv\u00e9 kroky mont\u00e1\u017ee<\/h4>\n\n\n\n<p>Po pr\u00edprave sa musia pozd\u013a\u017e v\u0161etk\u00fdch zvisl\u00fdch hran\u00edc namontova\u0165 okrajov\u00e9 izola\u010dn\u00e9 p\u00e1sy. To znamen\u00e1 nielen tam, kde sa stret\u00e1vaj\u00fa podlaha a steny, ale aj na prechodoch k st\u013apom, pilierom a schodisk\u00e1m.<\/p>\n\n\n\n<p>Zhotovite\u013e potom odstr\u00e1ni silik\u00f3nov\u00fd papier zo syst\u00e9mov\u00fdch dosiek. T\u00fdm sa odhal\u00ed lepiaci povrch. Dosky sa potom m\u00f4\u017eu kl\u00e1s\u0165 jedna po druhej.&nbsp;&nbsp;Mont\u00e1\u017enik vykurovacieho syst\u00e9mu za\u010d\u00edna tento krok v rohu miestnosti. N\u00e1sledne pri kladen\u00ed dosiek ich prekr\u00fdva.&nbsp;&nbsp;<\/p>\n\n\n\n<p>Teraz je mo\u017en\u00e9 r\u00farku zatla\u010di\u0165 do nopov syst\u00e9mov\u00fdch dosiek. Akon\u00e1hle je v\u0161etko polo\u017een\u00e9, je potrebn\u00e9 urobi\u0165 tlakov\u00fa sk\u00fa\u0161ku a potom zalia\u0165 plochu poterom. Nasleduje vytvrdnutie a po ur\u010ditej dobe funk\u010dn\u00fd ohrev. Po dokon\u010den\u00ed t\u00fdchto krokov je mo\u017en\u00e9 polo\u017ei\u0165 nov\u00fa podlahov\u00fa krytinu.<\/p>\n\n\n\n<h4 class=\"wp-block-heading\">Podrobnosti o produkte<\/h4>\n\n\n\n<div class=\"wp-block-group has-global-padding is-layout-constrained wp-block-group-is-layout-constrained\">\n<div class=\"wp-block-group has-global-padding is-layout-constrained wp-block-group-is-layout-constrained\">\n<div class=\"wp-block-group has-global-padding is-layout-constrained wp-block-group-is-layout-constrained\">\n<div class=\"wp-block-group is-vertical is-layout-flex wp-container-core-group-is-layout-fe9cc265 wp-block-group-is-layout-flex\">\n<p><strong>Vlastnosti:<\/strong>  Vysokopevnostn\u00e9 syst\u00e9mov\u00e9 dosky s in\u0161tala\u010dnou v\u00fd\u0161kou 14 mm, vyroben\u00e9 zo semikry\u0161talick\u00e9ho                                materi\u00e1lu (PET)   <br><strong>Instala\u010dn\u00e1 rozte\u010d:  <\/strong>75\/150\/225 mm, uhloprie\u010dka 105 mm<\/p>\n\n\n\n<p><strong>Efekt\u00edvna oblas\u0165: <\/strong>  in\u0161tal\u00e1cie 0,785&nbsp;&nbsp;m\u00b2<\/p>\n\n\n\n<p><strong>Rozmery:  <\/strong>1072 x 772 x 14&nbsp;&nbsp;mm<\/p>\n\n\n\n<p><strong>Trieda stavebn\u00e9ho materi\u00e1lu: <\/strong>pod\u013ea DIN 4102 B2<\/p>\n<\/div>\n<\/div>\n<\/div>\n<\/div>\n\n\n\n<p><\/p>\n\n\n\n<p><strong>V\u0161eobecn\u00fd popis produktu Podlahov\u00e9 k\u00farenie Viessmann Vitoset<\/strong><\/p>\n\n\n\n<p class=\"has-x-small-font-size\">Program Viessmann Vitoset pon\u00faka pr\u00edslu\u0161enstvo pre v\u0161etko, \u010do sa t\u00fdka vykurovacieho centra \u2013 zah\u0155\u0148a aj sortiment r\u00f4znych syst\u00e9mov podlahov\u00e9ho vykurovania (kol\u00edky, zo\u0161\u00edva\u010dky a renova\u010dn\u00e9 syst\u00e9my).<\/p>\n\n\n\n<p class=\"has-x-small-font-size\"><strong>Jednoduch\u00e1 in\u0161tal\u00e1cia, energeticky \u00fasporn\u00e9, bezpe\u010dn\u00e9, pohodln\u00e9 a v\u0161etko z jednej ruky&nbsp;<\/strong><strong>Syst\u00e9my podlahov\u00e9ho vykurovania<\/strong><\/p>\n\n\n\n<p class=\"has-x-small-font-size\">Viessmann Vitoset&nbsp;s\u00fa ekonomick\u00e9 a energeticky \u00fasporn\u00e9 plo\u0161n\u00e9 vykurovacie syst\u00e9my s vysok\u00fdm komfortom, funk\u010dnou spo\u013eahlivos\u0165ou a dlhou \u017eivotnos\u0165ou. Zabezpe\u010duj\u00fa trvalo vysok\u00fd \u0161tandard kvality jednotliv\u00fdch komponentov a cel\u00e9ho syst\u00e9mu, ktor\u00fd sp\u013a\u0148a pr\u00edslu\u0161n\u00e9 \u0161tandardn\u00e9 po\u017eiadavky. Syst\u00e9mov\u00e9 prvky podlahov\u00e9ho vykurovania Vitoset s\u00fa navz\u00e1jom optim\u00e1lne zladen\u00e9. Umo\u017e\u0148uj\u00fa bezpe\u010dn\u00fa a \u010dasovo nen\u00e1ro\u010dn\u00fa mont\u00e1\u017e.&nbsp;V\u010faka ve\u013ekej ploche v\u00fdmenn\u00edka tepla je mo\u017en\u00e9&nbsp;<strong>podlahov\u00e9 vykurovanie<\/strong>&nbsp;Vitoset prev\u00e1dzkova\u0165 pri ve\u013emi n\u00edzkych teplot\u00e1ch v spojen\u00ed s n\u00edzkoteplotn\u00fdmi a n\u00edzkoteplotn\u00fdmi kotlami, kondenza\u010dn\u00fdmi kotlami, tepeln\u00fdmi \u010derpadlami at\u010f.&nbsp;<strong>Kombin\u00e1cia n\u00edzkoteplotn\u00fdch radi\u00e1torov a podlahov\u00e9ho vykurovania<\/strong>&nbsp;Syst\u00e9m podlahov\u00e9ho vykurovania, ktor\u00fd je nastaven\u00fd na izbov\u00fa teplotu 18 \u00b0C a je vybaven\u00fd aj n\u00edzkoteplotn\u00fdm radi\u00e1torom pre r\u00fdchle nastavenie teploty, u\u0161etr\u00ed pri ohreve na izbov\u00fa teplotu a\u017e 30 percent energie 20 \u00b0C v porovnan\u00ed s \u010dist\u00fdm&nbsp;<strong>podlahov\u00fdm k\u00faren\u00edm.&nbsp;Regula\u010dn\u00e1 technika pre podlahov\u00e9 vykurovanie<\/strong>&nbsp;V \u010dasti 12 EnEV vy\u017eaduje pou\u017eitie individu\u00e1lnych regul\u00e1torov izbovej teploty na efekt\u00edvne vyu\u017eitie energie pod\u013ea potreby pre vykurovacie syst\u00e9my s regul\u00e1ciou teploty pr\u00edvodu pod\u013ea po\u010dasia. Nov\u00e9 regula\u010dn\u00e9 komponenty Viessmann Vitoset sp\u013a\u0148aj\u00fa tieto po\u017eiadavky a s\u00fa optim\u00e1lne prisp\u00f4soben\u00e9 podlahov\u00e9mu vykurovaniu Vitoset.&nbsp;Riadiaca technika bola navrhnut\u00e1 \u0161peci\u00e1lne pre kombin\u00e1ciu tepeln\u00e9ho \u010derpadla Viessman n s&nbsp;<strong>podlahov\u00fdm vykurovan\u00edm<\/strong>&nbsp;a mo\u017enos\u0165ou vyu\u017eitia tepeln\u00e9ho \u010derpadla nielen na vykurovanie, ale aj na chladenie. Tento typ vykurovania a chladenia obytn\u00fdch priestorov je v bytovej v\u00fdstavbe \u010doraz be\u017enej\u0161\u00ed.&nbsp;<\/p>\n\n\n\n<p class=\"has-x-small-font-size\"><strong>Syst\u00e9my podlahov\u00e9ho vykurovania Viessmann Vitoset<\/strong>.<\/p>\n\n\n\n<ul class=\"wp-block-list\">\n<li class=\"has-x-small-font-size\">Dimple syst\u00e9m<br>&#8211; jamkov\u00e9 prvky s polystyr\u00e9novou jamkovanou f\u00f3liou a 2-vrstvov\u00fdm EPS<\/li>\n\n\n\n<li class=\"has-x-small-font-size\">Syst\u00e9m Tacker<br>&#8211; kompozitn\u00e9 panely a rolky vyroben\u00e9 z EPS s p\u00e1skovou tkaninovou f\u00f3liou na uzamknutie dr\u017eiakov r\u00far<\/li>\n\n\n\n<li class=\"has-x-small-font-size\">Renova\u010dn\u00fd syst\u00e9m<br>&#8211; syst\u00e9mov\u00e1 doska z vysokopevnostn\u00e9ho PE materi\u00e1lu so \u0161peci\u00e1lnou doskovou \u0161trukt\u00farou pre \u0161tandardn\u00fa a bezpe\u010dn\u00fa fix\u00e1ciu potrubia.<\/li>\n<\/ul>\n\n\n\n<p class=\"has-x-small-font-size\"><strong>Vykurovacie potrubie Viessmann Vitoset<\/strong><\/p>\n\n\n\n<ul class=\"wp-block-list\">\n<li class=\"has-x-small-font-size\">PEXc 5-vrstvov\u00e1 bezpe\u010dnostn\u00e1 r\u00farka z polyetyl\u00e9nu HD, \u00d8 16 mm, pod\u013ea EN ISO 15875ff. Dif\u00fazne tesn\u00e9 pod\u013ea DIN 4726 Registra\u010dn\u00e9 \u010d\u00edslo: 3V202 PE-Xc<\/li>\n\n\n\n<li class=\"has-x-small-font-size\">PE-RT 5-vrstvov\u00e1 bezpe\u010dnostn\u00e1 r\u00farka z polyetyl\u00e9nu MD, \u00d8 16 mm pod\u013ea EN ISO 22391, dif\u00fazne tesn\u00e1 pod\u013ea DIN 4726 Registra\u010dn\u00e9 \u010d\u00edslo: 3V303 PE-RT<\/li>\n\n\n\n<li class=\"has-x-small-font-size\">Viacvrstvov\u00e1 kompozitn\u00e1 r\u00farka PE-RT\/Al\/PE-RT vyroben\u00e1 z polyetyl\u00e9nu typu II a hlin\u00edka, \u00d8 16 mm, pod\u013ea EN ISO 21003-1 a DIN 4726<\/li>\n<\/ul>\n\n\n\n<p class=\"has-x-small-font-size\"><strong>V\u00fdhody podlahov\u00e9ho vykurovania Viessmann Vitoset<\/strong><\/p>\n\n\n\n<ul class=\"wp-block-list\">\n<li class=\"has-x-small-font-size\">Bezpe\u010dn\u00e1 a \u010dasovo nen\u00e1ro\u010dn\u00e1 mont\u00e1\u017e v\u010faka nieko\u013ek\u00fdm mont\u00e1\u017enym krokom a optim\u00e1lne zladen\u00fdm syst\u00e9mov\u00fdm prvkom s vysok\u00fdm stup\u0148om tov\u00e1renskej prefabrik\u00e1cie.<\/li>\n\n\n\n<li class=\"has-x-small-font-size\">Vyvinut\u00e9 pre n\u00e1ro\u010dn\u00e9 pr\u00e1ce na stavbe.<\/li>\n\n\n\n<li class=\"has-x-small-font-size\">Nopov\u00fd syst\u00e9m: ulo\u017eenie vykurovacieho potrubia s presne definovanou vzdialenos\u0165ou ulo\u017eenia pod\u013ea projektu.<\/li>\n\n\n\n<li class=\"has-x-small-font-size\">Syst\u00e9m Tacker: Pokl\u00e1dka vykurovacieho potrubia je variabiln\u00e1 v\u010faka integrovan\u00e9mu ukladaciemu ro\u0161tu.<\/li>\n\n\n\n<li class=\"has-x-small-font-size\">Hygienick\u00e9, ekonomick\u00e9 a energeticky \u00fasporn\u00e9.<\/li>\n\n\n\n<li class=\"has-x-small-font-size\">Funk\u010dne bezpe\u010dn\u00fd a odoln\u00fd.<\/li>\n\n\n\n<li class=\"has-x-small-font-size\">Renova\u010dn\u00fd syst\u00e9m: Renova\u010dn\u00fd syst\u00e9m Vitoset mo\u017eno pou\u017ei\u0165 na vykurovanie a chladenie nad zemou. Je vhodn\u00fd na moderniz\u00e1ciu aj novostavbu.<\/li>\n<\/ul>\n\n\n\n<p><\/p>\n","protected":false},"excerpt":{"rendered":"<h4 class=\"wp-block-heading\"><!-- wp:heading {\"level\":4} --><\/h4>\n<h4><!-- \/wp:list --><\/h4>\n<h4><!-- wp:heading {\"level\":4} --><\/h4>\n<h4 class=\"wp-block-heading\"><!-- wp:paragraph --><\/h4>\n<p><strong>N\u00e1krutka so zvern\u00fdm kr\u00fa\u017ekom &#8211; na pripojenie v\u00fdhrevn\u00fdch r\u00far na rozde\u013eova\u010d<\/strong><\/p>\n<ul class=\"wp-block-list\"><!-- wp:list-item --><\/p>\n<li>mosadznej prevle\u010dnej matice IG \u00be, 10,5 mm<\/li>\n<p><!-- \/wp:list-item --><\/p>\n<p><!-- wp:list-item --><\/p>\n<li>mosadzn\u00e9ho adapt\u00e9ra s eurok\u00f3nusom<\/li>\n<p><!-- \/wp:list-item --><\/p>\n<p><!-- wp:list-item --><\/p>\n<li>zvierac\u00edch kr\u00fa\u017ekov<\/li>\n<p><!-- \/wp:list-item --><\/p>\n<p><!-- wp:list-item --><\/p>\n<li>dod\u00e1van\u00e1 jednotka 1 ks<\/li>\n<p><!-- \/wp:list-item --><\/ul>\n<h4 class=\"wp-block-heading\"><!-- \/wp:list --><\/h4>\n<ul class=\"wp-block-list\"><!-- \/wp:list-item --><\/ul>\n<h4><!-- \/wp:list --><\/h4>\n<ul class=\"wp-block-list\"><!-- \/wp:list-item --><\/ul>\n<p><!-- \/wp:list --><\/p>\n<h4><strong><a href=\"http:\/\/revop-eshop.sk\/wp-content\/uploads\/2024\/05\/Zasobnikove_ohrievace_vody_Vitocell.pdf\"><img decoding=\"async\" class=\"alignnone wp-image-4368\" src=\"http:\/\/revop-eshop.sk\/wp-content\/uploads\/2024\/07\/view-ikona-257x300.png\" alt=\"\" width=\"24\" height=\"28\" srcset=\"https:\/\/revop-eshop.sk\/wp-content\/uploads\/2024\/07\/view-ikona-257x300.png 257w, https:\/\/revop-eshop.sk\/wp-content\/uploads\/2024\/07\/view-ikona-150x175.png 150w, https:\/\/revop-eshop.sk\/wp-content\/uploads\/2024\/07\/view-ikona-416x485.png 416w, https:\/\/revop-eshop.sk\/wp-content\/uploads\/2024\/07\/view-ikona-10x12.png 10w, https:\/\/revop-eshop.sk\/wp-content\/uploads\/2024\/07\/view-ikona.png 439w\" sizes=\"(max-width: 24px) 100vw, 24px\" \/><\/a><\/strong> <a href=\"https:\/\/revop-eshop.sk\/wp-content\/uploads\/2024\/09\/Podlahove_vykurovanie_Vitoset.pdf\" target=\"_blank\" rel=\"noopener\">Podlahov\u00e9 vykurovanie Vitoset<\/a><\/h4>\n<h4><strong><a href=\"http:\/\/revop-eshop.sk\/wp-content\/uploads\/2024\/05\/Zasobnikove_ohrievace_vody_Vitocell.pdf\"><img decoding=\"async\" class=\"alignnone wp-image-4368\" src=\"http:\/\/revop-eshop.sk\/wp-content\/uploads\/2024\/07\/view-ikona-257x300.png\" alt=\"\" width=\"24\" height=\"28\" srcset=\"https:\/\/revop-eshop.sk\/wp-content\/uploads\/2024\/07\/view-ikona-257x300.png 257w, https:\/\/revop-eshop.sk\/wp-content\/uploads\/2024\/07\/view-ikona-150x175.png 150w, https:\/\/revop-eshop.sk\/wp-content\/uploads\/2024\/07\/view-ikona-416x485.png 416w, https:\/\/revop-eshop.sk\/wp-content\/uploads\/2024\/07\/view-ikona-10x12.png 10w, https:\/\/revop-eshop.sk\/wp-content\/uploads\/2024\/07\/view-ikona.png 439w\" sizes=\"(max-width: 24px) 100vw, 24px\" \/><\/a><\/strong> <a href=\"https:\/\/revop-eshop.sk\/wp-content\/uploads\/2024\/09\/Viessmann-Vitoset.cs_.pdf\" target=\"_blank\" rel=\"noopener\">Technick\u00fd list Vitoset (auromatick\u00fd preklad)<\/a><\/h4>\n<p>&nbsp;<\/p>\n","protected":false},"featured_media":7308,"comment_status":"open","ping_status":"closed","template":"","meta":{"jetpack_publicize_message":"","jetpack_publicize_feature_enabled":true,"jetpack_social_post_already_shared":false,"jetpack_social_options":{"image_generator_settings":{"template":"highway","default_image_id":0,"font":"","enabled":false},"version":2}},"product_brand":[],"product_cat":[1835],"product_tag":[1825,1848,1846,1847,1709,529],"class_list":{"0":"post-7307","1":"product","2":"type-product","3":"status-publish","4":"has-post-thumbnail","6":"product_cat-sanacny-system","7":"product_tag-1825","8":"product_tag-5mm","9":"product_tag-1846","10":"product_tag-nakrutka-so-zvernym-kruzkom","11":"product_tag-pe-rt","12":"product_tag-viessmann","14":"first","15":"instock","16":"taxable","17":"shipping-taxable","18":"purchasable","19":"product-type-simple"},"jetpack_publicize_connections":[],"jetpack_sharing_enabled":true,"_links":{"self":[{"href":"https:\/\/revop-eshop.sk\/index.php?rest_route=\/wp\/v2\/product\/7307","targetHints":{"allow":["GET"]}}],"collection":[{"href":"https:\/\/revop-eshop.sk\/index.php?rest_route=\/wp\/v2\/product"}],"about":[{"href":"https:\/\/revop-eshop.sk\/index.php?rest_route=\/wp\/v2\/types\/product"}],"replies":[{"embeddable":true,"href":"https:\/\/revop-eshop.sk\/index.php?rest_route=%2Fwp%2Fv2%2Fcomments&post=7307"}],"wp:featuredmedia":[{"embeddable":true,"href":"https:\/\/revop-eshop.sk\/index.php?rest_route=\/wp\/v2\/media\/7308"}],"wp:attachment":[{"href":"https:\/\/revop-eshop.sk\/index.php?rest_route=%2Fwp%2Fv2%2Fmedia&parent=7307"}],"wp:term":[{"taxonomy":"product_brand","embeddable":true,"href":"https:\/\/revop-eshop.sk\/index.php?rest_route=%2Fwp%2Fv2%2Fproduct_brand&post=7307"},{"taxonomy":"product_cat","embeddable":true,"href":"https:\/\/revop-eshop.sk\/index.php?rest_route=%2Fwp%2Fv2%2Fproduct_cat&post=7307"},{"taxonomy":"product_tag","embeddable":true,"href":"https:\/\/revop-eshop.sk\/index.php?rest_route=%2Fwp%2Fv2%2Fproduct_tag&post=7307"}],"curies":[{"name":"wp","href":"https:\/\/api.w.org\/{rel}","templated":true}]}}