{"id":7235,"date":"2024-09-25T12:37:21","date_gmt":"2024-09-25T10:37:21","guid":{"rendered":"https:\/\/revop-eshop.sk\/?post_type=product&#038;p=7235"},"modified":"2026-04-17T14:29:33","modified_gmt":"2026-04-17T12:29:33","slug":"viessmann-kotviaca-spona-tacker-pre-rurky-14-20mm","status":"publish","type":"product","link":"https:\/\/revop-eshop.sk\/?product=viessmann-kotviaca-spona-tacker-pre-rurky-14-20mm","title":{"rendered":"Viessmann kotviaca spona tacker pre r\u00farky 14 &#8211; 20mm"},"content":{"rendered":"\n<h4 class=\"wp-block-heading\">Viessmann kotviaca spona tacker pre r\u00farky 14 &#8211; 20mm<\/h4>\n\n\n\n<ul class=\"wp-block-list\">\n<li>na upevnenie syst\u00e9mov\u00fdch r\u00far na spojovac\u00ed kot\u00fa\u010d alebo tacker f\u00f3liu<\/li>\n\n\n\n<li>pre syst\u00e9mov\u00e9 r\u00fary v dimenzi\u00e1ch 14 &#8211; 20 mm<\/li>\n\n\n\n<li>dod\u00e1van\u00e1 jednotka 1000 ks (25 z\u00e1sobn\u00edkov \u00e1 40 ks)<\/li>\n<\/ul>\n\n\n\n<p><\/p>\n\n\n\n<h4 class=\"wp-block-heading\">Podlahov\u00e9 vykurovanie:&nbsp;&nbsp;sponkovac\u00ed syst\u00e9m a jeho v\u00fdhody<\/h4>\n\n\n\n<p>Existuj\u00fa dva sp\u00f4soby, ako in\u0161talova\u0165 podlahov\u00e9 vykurovanie Viessmann. Odborn\u00edci rozli\u0161uj\u00fa medzi syst\u00e9mom nopov\u00fdm a sponkovac\u00edm syst\u00e9mom. Vysvetl\u00edme v\u00e1m, na \u010do treba pam\u00e4ta\u0165 pri pr\u00e1ci so sponkovac\u00edm syst\u00e9mom Viessmann a ak\u00e9 s\u00fa v\u00fdhody tohto typu in\u0161tal\u00e1cie.<\/p>\n\n\n\n<h4 class=\"wp-block-heading\">\u010c\u00edm&nbsp;&nbsp;sa vyzna\u010duje sponkovac\u00ed syst\u00e9m?<\/h4>\n\n\n\n<p>Sponkovac\u00ed syst\u00e9m pre teplovodn\u00e9 podlahov\u00e9 vykurovanie sa vyzna\u010duje predov\u0161etk\u00fdm t\u00fdm, \u017ee vykurovacie r\u00farky s\u00fa polo\u017een\u00e9 na izola\u010dn\u00fdch dosk\u00e1ch s povrchovou \u00fapravou. Nakoniec s\u00fa r\u00farky zaisten\u00e9 sponkami.<\/p>\n\n\n\n<p>Izola\u010dn\u00e1 vrstva je k dispoz\u00edcii vo forme syst\u00e9mov\u00e9ho p\u00e1su. Ten sa sklad\u00e1 z penov\u00e9ho polystyr\u00e9nu s membr\u00e1nou z textilnej tkaniny. Syst\u00e9m nie je ur\u010den\u00fd iba na upevnenie vykurovac\u00edch r\u00farok. Syst\u00e9mov\u00fd p\u00e1s m\u00e1 aj kro\u010dajov\u00fd \u00fatlm. Na tkanine je tie\u017e vytla\u010den\u00fd in\u0161tala\u010dn\u00fd raster. Rozmer rozstupu rastra: 50 milimetrov.<\/p>\n\n\n\n<p>Hr\u00fabka dosiek tacker z\u00e1vis\u00ed od miesta in\u0161tal\u00e1cie a tamoj\u0161\u00edch po\u017eiadaviek. M\u00f4\u017ee by\u0165 potrebn\u00e1 dodato\u010dn\u00e1 izola\u010dn\u00e1 vrstva. T\u00e1 sa ur\u010d\u00ed v r\u00e1mci d\u00f4kladn\u00e9ho pl\u00e1novania syst\u00e9mu podlahov\u00e9ho vykurovania. V ide\u00e1lnom pr\u00edpade by ste sa v s\u00favislosti s t\u00fdm mali obr\u00e1ti\u0165 na odborn\u00e9ho partnera.<\/p>\n\n\n\n<h4 class=\"wp-block-heading\">Ako sa vykon\u00e1va in\u0161tal\u00e1cia so syst\u00e9mom tacker?<\/h4>\n\n\n\n<p>In\u0161tal\u00e1cia pomocou&nbsp;&nbsp;sponkovacieho syst\u00e9mu je pomerne r\u00fdchla. Na rozdiel od&nbsp;&nbsp;nopov\u00e9ho syst\u00e9mu sa v\u0161ak tento syst\u00e9m ned\u00e1 in\u0161talova\u0165 svojpomocne.&nbsp;&nbsp;Jedna osoba mus\u00ed vykurovacie r\u00farky polo\u017ei\u0165 v spr\u00e1vnom rozstupe od seba a druh\u00e1 osoba ich mus\u00ed pripevni\u0165 pomocou sponiek.<\/p>\n\n\n\n<h3 class=\"wp-block-heading\">\u0160tyri kroky k podlahov\u00e9mu vykurovaniu<\/h3>\n\n\n\n<p>Podklad by mal by\u0165 v\u017edy rovn\u00fd a zameten\u00fd. Ak\u00e9ko\u013evek nerovnosti sa musia pred in\u0161tal\u00e1ciou odstr\u00e1ni\u0165. V z\u00e1vislosti od stavebn\u00fdch po\u017eiadaviek m\u00f4\u017ee by\u0165 potrebn\u00e9 nanies\u0165 dodato\u010dn\u00fa izola\u010dn\u00fa vrstvu.&nbsp;&nbsp;Najprv sa nain\u0161taluje okrajov\u00fd izola\u010dn\u00fd p\u00e1s (pred poslednou vrstvou izol\u00e1cie). Potom in\u0161talat\u00e9r vykurovacieho syst\u00e9mu polo\u017e\u00ed syst\u00e9mov\u00fd p\u00e1s na vopred pripraven\u00fd podklad.<\/p>\n\n\n\n<p>Po dokon\u010den\u00ed t\u00fdchto pr\u00edpravn\u00fdch krokov sa m\u00f4\u017ee in\u0161talova\u0165 syst\u00e9m podlahov\u00e9ho vykurovania Viessmann.&nbsp;&nbsp;Vykurovacie r\u00farky sa polo\u017eia pozd\u013a\u017e in\u0161tala\u010dn\u00e9ho rastra a pomocou sponiek sa prichytia k syst\u00e9mov\u00e9mu p\u00e1su. Vykurovacie r\u00farky sa musia pripoji\u0165 k rozde\u013eova\u010du, n\u00e1sledne sa vykon\u00e1 tlakov\u00e1 sk\u00fa\u0161ka a potom m\u00f4\u017ee by\u0165 syst\u00e9m zaliaty stierkou. Posledn\u00fdm krokom je uvedenie syst\u00e9mu podlahov\u00e9ho vykurovania do prev\u00e1dzky.<\/p>\n\n\n\n<h2 class=\"wp-block-heading has-x-small-font-size\"><br><strong>V\u0161eobecn\u00fd popis produktu Podlahov\u00e9 k\u00farenie Viessmann Vitoset<\/strong><\/h2>\n\n\n\n<p class=\"has-x-small-font-size\">Program Viessmann Vitoset pon\u00faka pr\u00edslu\u0161enstvo pre v\u0161etko, \u010do sa t\u00fdka vykurovacieho centra \u2013 zah\u0155\u0148a aj sortiment r\u00f4znych syst\u00e9mov podlahov\u00e9ho vykurovania (kol\u00edky, zo\u0161\u00edva\u010dky a renova\u010dn\u00e9 syst\u00e9my).<\/p>\n\n\n\n<p class=\"has-x-small-font-size\"><strong>Jednoduch\u00e1 in\u0161tal\u00e1cia, energeticky \u00fasporn\u00e9, bezpe\u010dn\u00e9, pohodln\u00e9 a v\u0161etko z jednej ruky&nbsp;<\/strong><strong>Syst\u00e9my podlahov\u00e9ho vykurovania<\/strong><\/p>\n\n\n\n<p class=\"has-x-small-font-size\">Viessmann Vitoset&nbsp;s\u00fa ekonomick\u00e9 a energeticky \u00fasporn\u00e9 plo\u0161n\u00e9 vykurovacie syst\u00e9my s vysok\u00fdm komfortom, funk\u010dnou spo\u013eahlivos\u0165ou a dlhou \u017eivotnos\u0165ou. Zabezpe\u010duj\u00fa trvalo vysok\u00fd \u0161tandard kvality jednotliv\u00fdch komponentov a cel\u00e9ho syst\u00e9mu, ktor\u00fd sp\u013a\u0148a pr\u00edslu\u0161n\u00e9 \u0161tandardn\u00e9 po\u017eiadavky. Syst\u00e9mov\u00e9 prvky podlahov\u00e9ho vykurovania Vitoset s\u00fa navz\u00e1jom optim\u00e1lne zladen\u00e9. Umo\u017e\u0148uj\u00fa bezpe\u010dn\u00fa a \u010dasovo nen\u00e1ro\u010dn\u00fa mont\u00e1\u017e.&nbsp;V\u010faka ve\u013ekej ploche v\u00fdmenn\u00edka tepla je mo\u017en\u00e9&nbsp;<strong>podlahov\u00e9 vykurovanie<\/strong>&nbsp;Vitoset prev\u00e1dzkova\u0165 pri ve\u013emi n\u00edzkych teplot\u00e1ch v spojen\u00ed s n\u00edzkoteplotn\u00fdmi a n\u00edzkoteplotn\u00fdmi kotlami, kondenza\u010dn\u00fdmi kotlami, tepeln\u00fdmi \u010derpadlami at\u010f.&nbsp;<strong>Kombin\u00e1cia n\u00edzkoteplotn\u00fdch radi\u00e1torov a podlahov\u00e9ho vykurovania<\/strong>&nbsp;Syst\u00e9m podlahov\u00e9ho vykurovania, ktor\u00fd je nastaven\u00fd na izbov\u00fa teplotu 18 \u00b0C a je vybaven\u00fd aj n\u00edzkoteplotn\u00fdm radi\u00e1torom pre r\u00fdchle nastavenie teploty, u\u0161etr\u00ed pri ohreve na izbov\u00fa teplotu a\u017e 30 percent energie 20 \u00b0C v porovnan\u00ed s \u010dist\u00fdm&nbsp;<strong>podlahov\u00fdm k\u00faren\u00edm.&nbsp;Regula\u010dn\u00e1 technika pre podlahov\u00e9 vykurovanie<\/strong>&nbsp;V \u010dasti 12 EnEV vy\u017eaduje pou\u017eitie individu\u00e1lnych regul\u00e1torov izbovej teploty na efekt\u00edvne vyu\u017eitie energie pod\u013ea potreby pre vykurovacie syst\u00e9my s regul\u00e1ciou teploty pr\u00edvodu pod\u013ea po\u010dasia. Nov\u00e9 regula\u010dn\u00e9 komponenty Viessmann Vitoset sp\u013a\u0148aj\u00fa tieto po\u017eiadavky a s\u00fa optim\u00e1lne prisp\u00f4soben\u00e9 podlahov\u00e9mu vykurovaniu Vitoset.&nbsp;Riadiaca technika bola navrhnut\u00e1 \u0161peci\u00e1lne pre kombin\u00e1ciu tepeln\u00e9ho \u010derpadla Viessman n s&nbsp;<strong>podlahov\u00fdm vykurovan\u00edm<\/strong>&nbsp;a mo\u017enos\u0165ou vyu\u017eitia tepeln\u00e9ho \u010derpadla nielen na vykurovanie, ale aj na chladenie. Tento typ vykurovania a chladenia obytn\u00fdch priestorov je v bytovej v\u00fdstavbe \u010doraz be\u017enej\u0161\u00ed.&nbsp;<\/p>\n\n\n\n<p class=\"has-x-small-font-size\"><strong>Syst\u00e9my podlahov\u00e9ho vykurovania Viessmann Vitoset<\/strong>.<\/p>\n\n\n\n<ul class=\"wp-block-list\">\n<li class=\"has-x-small-font-size\">Dimple syst\u00e9m<br>&#8211; jamkov\u00e9 prvky s polystyr\u00e9novou jamkovanou f\u00f3liou a 2-vrstvov\u00fdm EPS<\/li>\n\n\n\n<li class=\"has-x-small-font-size\">Syst\u00e9m Tacker<br>&#8211; kompozitn\u00e9 panely a rolky vyroben\u00e9 z EPS s p\u00e1skovou tkaninovou f\u00f3liou na uzamknutie dr\u017eiakov r\u00far<\/li>\n\n\n\n<li class=\"has-x-small-font-size\">Renova\u010dn\u00fd syst\u00e9m<br>&#8211; syst\u00e9mov\u00e1 doska z vysokopevnostn\u00e9ho PE materi\u00e1lu so \u0161peci\u00e1lnou doskovou \u0161trukt\u00farou pre \u0161tandardn\u00fa a bezpe\u010dn\u00fa fix\u00e1ciu potrubia.<\/li>\n<\/ul>\n\n\n\n<p class=\"has-x-small-font-size\"><strong>Vykurovacie potrubie Viessmann Vitoset<\/strong><\/p>\n\n\n\n<ul class=\"wp-block-list\">\n<li class=\"has-x-small-font-size\">PEXc 5-vrstvov\u00e1 bezpe\u010dnostn\u00e1 r\u00farka z polyetyl\u00e9nu HD, \u00d8 16 mm, pod\u013ea EN ISO 15875ff. Dif\u00fazne tesn\u00e9 pod\u013ea DIN 4726 Registra\u010dn\u00e9 \u010d\u00edslo: 3V202 PE-Xc<\/li>\n\n\n\n<li class=\"has-x-small-font-size\">PE-RT 5-vrstvov\u00e1 bezpe\u010dnostn\u00e1 r\u00farka z polyetyl\u00e9nu MD, \u00d8 16 mm pod\u013ea EN ISO 22391, dif\u00fazne tesn\u00e1 pod\u013ea DIN 4726 Registra\u010dn\u00e9 \u010d\u00edslo: 3V303 PE-RT<\/li>\n\n\n\n<li class=\"has-x-small-font-size\">Viacvrstvov\u00e1 kompozitn\u00e1 r\u00farka PE-RT\/Al\/PE-RT vyroben\u00e1 z polyetyl\u00e9nu typu II a hlin\u00edka, \u00d8 16 mm, pod\u013ea EN ISO 21003-1 a DIN 4726<\/li>\n<\/ul>\n\n\n\n<p class=\"has-x-small-font-size\"><strong>V\u00fdhody podlahov\u00e9ho vykurovania Viessmann Vitoset<\/strong><\/p>\n\n\n\n<ul class=\"wp-block-list\">\n<li class=\"has-x-small-font-size\">Bezpe\u010dn\u00e1 a \u010dasovo nen\u00e1ro\u010dn\u00e1 mont\u00e1\u017e v\u010faka nieko\u013ek\u00fdm mont\u00e1\u017enym krokom a optim\u00e1lne zladen\u00fdm syst\u00e9mov\u00fdm prvkom s vysok\u00fdm stup\u0148om tov\u00e1renskej prefabrik\u00e1cie.<\/li>\n\n\n\n<li class=\"has-x-small-font-size\">Vyvinut\u00e9 pre n\u00e1ro\u010dn\u00e9 pr\u00e1ce na stavbe.<\/li>\n\n\n\n<li class=\"has-x-small-font-size\">Nopov\u00fd syst\u00e9m: ulo\u017eenie vykurovacieho potrubia s presne definovanou vzdialenos\u0165ou ulo\u017eenia pod\u013ea projektu.<\/li>\n\n\n\n<li class=\"has-x-small-font-size\">Syst\u00e9m Tacker: Pokl\u00e1dka vykurovacieho potrubia je variabiln\u00e1 v\u010faka integrovan\u00e9mu ukladaciemu ro\u0161tu.<\/li>\n\n\n\n<li class=\"has-x-small-font-size\">Hygienick\u00e9, ekonomick\u00e9 a energeticky \u00fasporn\u00e9.<\/li>\n\n\n\n<li class=\"has-x-small-font-size\">Funk\u010dne bezpe\u010dn\u00fd a odoln\u00fd.<\/li>\n\n\n\n<li class=\"has-x-small-font-size\">Renova\u010dn\u00fd syst\u00e9m: Renova\u010dn\u00fd syst\u00e9m Vitoset mo\u017eno pou\u017ei\u0165 na vykurovanie a chladenie nad zemou. Je vhodn\u00fd na moderniz\u00e1ciu aj novostavbu.<\/li>\n<\/ul>\n\n\n\n<p><\/p>\n","protected":false},"excerpt":{"rendered":"<h4 class=\"wp-block-heading\">Viessmann kotviaca spona tacker pre r\u00farky 14 &#8211; 20mm<\/h4>\n<h4 class=\"wp-block-heading\"><!-- \/wp:heading --><\/p>\n<p><!-- wp:list --><\/h4>\n<ul class=\"wp-block-list\"><!-- wp:list-item --><\/p>\n<li>na upevnenie syst\u00e9mov\u00fdch r\u00far na spojovac\u00ed kot\u00fa\u010d alebo tacker f\u00f3liu<\/li>\n<p><!-- \/wp:list-item --><\/p>\n<p><!-- wp:list-item --><\/p>\n<li>pre syst\u00e9mov\u00e9 r\u00fary v dimenzi\u00e1ch 14 &#8211; 20 mm<\/li>\n<p><!-- \/wp:list-item --><\/p>\n<p><!-- wp:list-item --><\/p>\n<li>dod\u00e1van\u00e1 jednotka 1000 ks (25 z\u00e1sobn\u00edkov \u00e1 40 ks)<\/li>\n<p><!-- \/wp:list-item --><\/ul>\n<h4 class=\"wp-block-heading\"><strong><a href=\"http:\/\/revop-eshop.sk\/wp-content\/uploads\/2024\/05\/Zasobnikove_ohrievace_vody_Vitocell.pdf\"><img decoding=\"async\" class=\"alignnone wp-image-4368\" src=\"http:\/\/revop-eshop.sk\/wp-content\/uploads\/2024\/07\/view-ikona-257x300.png\" alt=\"\" width=\"24\" height=\"28\" srcset=\"https:\/\/revop-eshop.sk\/wp-content\/uploads\/2024\/07\/view-ikona-257x300.png 257w, https:\/\/revop-eshop.sk\/wp-content\/uploads\/2024\/07\/view-ikona-150x175.png 150w, https:\/\/revop-eshop.sk\/wp-content\/uploads\/2024\/07\/view-ikona-416x485.png 416w, https:\/\/revop-eshop.sk\/wp-content\/uploads\/2024\/07\/view-ikona-10x12.png 10w, https:\/\/revop-eshop.sk\/wp-content\/uploads\/2024\/07\/view-ikona.png 439w\" sizes=\"(max-width: 24px) 100vw, 24px\" \/><\/a><\/strong> <a href=\"https:\/\/revop-eshop.sk\/wp-content\/uploads\/2024\/09\/Podlahove_vykurovanie_Vitoset.pdf\" target=\"_blank\" rel=\"noopener\">Podlahov\u00e9 vykurovanie Vitoset<\/a><\/h4>\n<h4><strong><a href=\"http:\/\/revop-eshop.sk\/wp-content\/uploads\/2024\/05\/Zasobnikove_ohrievace_vody_Vitocell.pdf\"><img decoding=\"async\" class=\"alignnone wp-image-4368\" src=\"http:\/\/revop-eshop.sk\/wp-content\/uploads\/2024\/07\/view-ikona-257x300.png\" alt=\"\" width=\"24\" height=\"28\" srcset=\"https:\/\/revop-eshop.sk\/wp-content\/uploads\/2024\/07\/view-ikona-257x300.png 257w, https:\/\/revop-eshop.sk\/wp-content\/uploads\/2024\/07\/view-ikona-150x175.png 150w, https:\/\/revop-eshop.sk\/wp-content\/uploads\/2024\/07\/view-ikona-416x485.png 416w, https:\/\/revop-eshop.sk\/wp-content\/uploads\/2024\/07\/view-ikona-10x12.png 10w, https:\/\/revop-eshop.sk\/wp-content\/uploads\/2024\/07\/view-ikona.png 439w\" sizes=\"(max-width: 24px) 100vw, 24px\" \/><\/a><\/strong> <a href=\"https:\/\/revop-eshop.sk\/wp-content\/uploads\/2024\/09\/Viessmann-Vitoset.cs_.pdf\" target=\"_blank\" rel=\"noopener\">Technick\u00fd list Vitoset (auromatick\u00fd preklad)<\/a><\/h4>\n<p>&nbsp;<\/p>\n<p>&nbsp;<\/p>\n","protected":false},"featured_media":7237,"comment_status":"open","ping_status":"closed","template":"","meta":{"jetpack_publicize_message":"","jetpack_publicize_feature_enabled":true,"jetpack_social_post_already_shared":false,"jetpack_social_options":{"image_generator_settings":{"template":"highway","default_image_id":0,"font":"","enabled":false},"version":2}},"product_brand":[],"product_cat":[1821],"product_tag":[1765,1760,1761,1764,1762,1763,529],"class_list":{"0":"post-7235","1":"product","2":"type-product","3":"status-publish","4":"has-post-thumbnail","6":"product_cat-sponkovaci-system-tacker","7":"product_tag-14-20mm","8":"product_tag-1760","9":"product_tag-kotviaca","10":"product_tag-pre-rurky","11":"product_tag-spona","12":"product_tag-tacker","13":"product_tag-viessmann","15":"first","16":"instock","17":"taxable","18":"shipping-taxable","19":"purchasable","20":"product-type-simple"},"jetpack_publicize_connections":[],"jetpack_sharing_enabled":true,"_links":{"self":[{"href":"https:\/\/revop-eshop.sk\/index.php?rest_route=\/wp\/v2\/product\/7235","targetHints":{"allow":["GET"]}}],"collection":[{"href":"https:\/\/revop-eshop.sk\/index.php?rest_route=\/wp\/v2\/product"}],"about":[{"href":"https:\/\/revop-eshop.sk\/index.php?rest_route=\/wp\/v2\/types\/product"}],"replies":[{"embeddable":true,"href":"https:\/\/revop-eshop.sk\/index.php?rest_route=%2Fwp%2Fv2%2Fcomments&post=7235"}],"wp:featuredmedia":[{"embeddable":true,"href":"https:\/\/revop-eshop.sk\/index.php?rest_route=\/wp\/v2\/media\/7237"}],"wp:attachment":[{"href":"https:\/\/revop-eshop.sk\/index.php?rest_route=%2Fwp%2Fv2%2Fmedia&parent=7235"}],"wp:term":[{"taxonomy":"product_brand","embeddable":true,"href":"https:\/\/revop-eshop.sk\/index.php?rest_route=%2Fwp%2Fv2%2Fproduct_brand&post=7235"},{"taxonomy":"product_cat","embeddable":true,"href":"https:\/\/revop-eshop.sk\/index.php?rest_route=%2Fwp%2Fv2%2Fproduct_cat&post=7235"},{"taxonomy":"product_tag","embeddable":true,"href":"https:\/\/revop-eshop.sk\/index.php?rest_route=%2Fwp%2Fv2%2Fproduct_tag&post=7235"}],"curies":[{"name":"wp","href":"https:\/\/api.w.org\/{rel}","templated":true}]}}