{"id":7227,"date":"2024-09-25T11:00:17","date_gmt":"2024-09-25T09:00:17","guid":{"rendered":"https:\/\/revop-eshop.sk\/?post_type=product&#038;p=7227"},"modified":"2026-04-17T14:31:05","modified_gmt":"2026-04-17T12:31:05","slug":"dilatacny-profil-viessmann-10-kusov-v-baleni","status":"publish","type":"product","link":"https:\/\/revop-eshop.sk\/?product=dilatacny-profil-viessmann-10-kusov-v-baleni","title":{"rendered":"Dilata\u010dn\u00fd profil Viessmann, 10 kusov v balen\u00ed"},"content":{"rendered":"\n<h4 class=\"wp-block-heading\"><strong>Dilata\u010dn\u00fd profil Viessmann, 10 kusov<\/strong> v balen\u00ed<\/h4>\n\n\n\n<ul class=\"wp-block-list\">\n<li>na bezpe\u010dn\u00e9 ohrani\u010denie po\u013ea poteru a na vytvorenie trvale elastick\u00fdch \u0161k\u00e1r<\/li>\n\n\n\n<li>d\u013a\u017eka 1800 mm, v\u00fd\u0161ka 100 mm, hr\u00fabka 10 mm<\/li>\n\n\n\n<li>dod\u00e1van\u00e1 jednotka 10 ks<\/li>\n<\/ul>\n\n\n\n<h2 class=\"wp-block-heading has-x-small-font-size\"><br><strong>V\u0161eobecn\u00fd popis produktu Podlahov\u00e9 k\u00farenie Viessmann Vitoset<\/strong><\/h2>\n\n\n\n<p class=\"has-x-small-font-size\">Program Viessmann Vitoset pon\u00faka pr\u00edslu\u0161enstvo pre v\u0161etko, \u010do sa t\u00fdka vykurovacieho centra \u2013 zah\u0155\u0148a aj sortiment r\u00f4znych syst\u00e9mov podlahov\u00e9ho vykurovania (kol\u00edky, zo\u0161\u00edva\u010dky a renova\u010dn\u00e9 syst\u00e9my).<\/p>\n\n\n\n<p class=\"has-x-small-font-size\"><strong>Jednoduch\u00e1 in\u0161tal\u00e1cia, energeticky \u00fasporn\u00e9, bezpe\u010dn\u00e9, pohodln\u00e9 a v\u0161etko z jednej ruky&nbsp;<\/strong><strong>Syst\u00e9my podlahov\u00e9ho vykurovania<\/strong><\/p>\n\n\n\n<p class=\"has-x-small-font-size\">Viessmann Vitoset&nbsp;s\u00fa ekonomick\u00e9 a energeticky \u00fasporn\u00e9 plo\u0161n\u00e9 vykurovacie syst\u00e9my s vysok\u00fdm komfortom, funk\u010dnou spo\u013eahlivos\u0165ou a dlhou \u017eivotnos\u0165ou. Zabezpe\u010duj\u00fa trvalo vysok\u00fd \u0161tandard kvality jednotliv\u00fdch komponentov a cel\u00e9ho syst\u00e9mu, ktor\u00fd sp\u013a\u0148a pr\u00edslu\u0161n\u00e9 \u0161tandardn\u00e9 po\u017eiadavky. Syst\u00e9mov\u00e9 prvky podlahov\u00e9ho vykurovania Vitoset s\u00fa navz\u00e1jom optim\u00e1lne zladen\u00e9. Umo\u017e\u0148uj\u00fa bezpe\u010dn\u00fa a \u010dasovo nen\u00e1ro\u010dn\u00fa mont\u00e1\u017e.&nbsp;V\u010faka ve\u013ekej ploche v\u00fdmenn\u00edka tepla je mo\u017en\u00e9&nbsp;<strong>podlahov\u00e9 vykurovanie<\/strong>&nbsp;Vitoset prev\u00e1dzkova\u0165 pri ve\u013emi n\u00edzkych teplot\u00e1ch v spojen\u00ed s n\u00edzkoteplotn\u00fdmi a n\u00edzkoteplotn\u00fdmi kotlami, kondenza\u010dn\u00fdmi kotlami, tepeln\u00fdmi \u010derpadlami at\u010f.&nbsp;<strong>Kombin\u00e1cia n\u00edzkoteplotn\u00fdch radi\u00e1torov a podlahov\u00e9ho vykurovania<\/strong>&nbsp;Syst\u00e9m podlahov\u00e9ho vykurovania, ktor\u00fd je nastaven\u00fd na izbov\u00fa teplotu 18 \u00b0C a je vybaven\u00fd aj n\u00edzkoteplotn\u00fdm radi\u00e1torom pre r\u00fdchle nastavenie teploty, u\u0161etr\u00ed pri ohreve na izbov\u00fa teplotu a\u017e 30 percent energie 20 \u00b0C v porovnan\u00ed s \u010dist\u00fdm&nbsp;<strong>podlahov\u00fdm k\u00faren\u00edm.&nbsp;Regula\u010dn\u00e1 technika pre podlahov\u00e9 vykurovanie<\/strong>&nbsp;V \u010dasti 12 EnEV vy\u017eaduje pou\u017eitie individu\u00e1lnych regul\u00e1torov izbovej teploty na efekt\u00edvne vyu\u017eitie energie pod\u013ea potreby pre vykurovacie syst\u00e9my s regul\u00e1ciou teploty pr\u00edvodu pod\u013ea po\u010dasia. Nov\u00e9 regula\u010dn\u00e9 komponenty Viessmann Vitoset sp\u013a\u0148aj\u00fa tieto po\u017eiadavky a s\u00fa optim\u00e1lne prisp\u00f4soben\u00e9 podlahov\u00e9mu vykurovaniu Vitoset.&nbsp;Riadiaca technika bola navrhnut\u00e1 \u0161peci\u00e1lne pre kombin\u00e1ciu tepeln\u00e9ho \u010derpadla Viessman n s&nbsp;<strong>podlahov\u00fdm vykurovan\u00edm<\/strong>&nbsp;a mo\u017enos\u0165ou vyu\u017eitia tepeln\u00e9ho \u010derpadla nielen na vykurovanie, ale aj na chladenie. Tento typ vykurovania a chladenia obytn\u00fdch priestorov je v bytovej v\u00fdstavbe \u010doraz be\u017enej\u0161\u00ed.&nbsp;<\/p>\n\n\n\n<p class=\"has-x-small-font-size\"><strong>Syst\u00e9my podlahov\u00e9ho vykurovania Viessmann Vitoset<\/strong>.<\/p>\n\n\n\n<ul class=\"wp-block-list\">\n<li class=\"has-x-small-font-size\">Dimple syst\u00e9m<br>&#8211; jamkov\u00e9 prvky s polystyr\u00e9novou jamkovanou f\u00f3liou a 2-vrstvov\u00fdm EPS<\/li>\n\n\n\n<li class=\"has-x-small-font-size\">Syst\u00e9m Tacker<br>&#8211; kompozitn\u00e9 panely a rolky vyroben\u00e9 z EPS s p\u00e1skovou tkaninovou f\u00f3liou na uzamknutie dr\u017eiakov r\u00far<\/li>\n\n\n\n<li class=\"has-x-small-font-size\">Renova\u010dn\u00fd syst\u00e9m<br>&#8211; syst\u00e9mov\u00e1 doska z vysokopevnostn\u00e9ho PE materi\u00e1lu so \u0161peci\u00e1lnou doskovou \u0161trukt\u00farou pre \u0161tandardn\u00fa a bezpe\u010dn\u00fa fix\u00e1ciu potrubia.<\/li>\n<\/ul>\n\n\n\n<p class=\"has-x-small-font-size\"><strong>Vykurovacie potrubie Viessmann Vitoset<\/strong><\/p>\n\n\n\n<ul class=\"wp-block-list\">\n<li class=\"has-x-small-font-size\">PEXc 5-vrstvov\u00e1 bezpe\u010dnostn\u00e1 r\u00farka z polyetyl\u00e9nu HD, \u00d8 16 mm, pod\u013ea EN ISO 15875ff. Dif\u00fazne tesn\u00e9 pod\u013ea DIN 4726 Registra\u010dn\u00e9 \u010d\u00edslo: 3V202 PE-Xc<\/li>\n\n\n\n<li class=\"has-x-small-font-size\">PE-RT 5-vrstvov\u00e1 bezpe\u010dnostn\u00e1 r\u00farka z polyetyl\u00e9nu MD, \u00d8 16 mm pod\u013ea EN ISO 22391, dif\u00fazne tesn\u00e1 pod\u013ea DIN 4726 Registra\u010dn\u00e9 \u010d\u00edslo: 3V303 PE-RT<\/li>\n\n\n\n<li class=\"has-x-small-font-size\">Viacvrstvov\u00e1 kompozitn\u00e1 r\u00farka PE-RT\/Al\/PE-RT vyroben\u00e1 z polyetyl\u00e9nu typu II a hlin\u00edka, \u00d8 16 mm, pod\u013ea EN ISO 21003-1 a DIN 4726<\/li>\n<\/ul>\n\n\n\n<p class=\"has-x-small-font-size\"><strong>V\u00fdhody podlahov\u00e9ho vykurovania Viessmann Vitoset<\/strong><\/p>\n\n\n\n<ul class=\"wp-block-list\">\n<li class=\"has-x-small-font-size\">Bezpe\u010dn\u00e1 a \u010dasovo nen\u00e1ro\u010dn\u00e1 mont\u00e1\u017e v\u010faka nieko\u013ek\u00fdm mont\u00e1\u017enym krokom a optim\u00e1lne zladen\u00fdm syst\u00e9mov\u00fdm prvkom s vysok\u00fdm stup\u0148om tov\u00e1renskej prefabrik\u00e1cie.<\/li>\n\n\n\n<li class=\"has-x-small-font-size\">Vyvinut\u00e9 pre n\u00e1ro\u010dn\u00e9 pr\u00e1ce na stavbe.<\/li>\n\n\n\n<li class=\"has-x-small-font-size\">Nopov\u00fd syst\u00e9m: ulo\u017eenie vykurovacieho potrubia s presne definovanou vzdialenos\u0165ou ulo\u017eenia pod\u013ea projektu.<\/li>\n\n\n\n<li class=\"has-x-small-font-size\">Syst\u00e9m Tacker: Pokl\u00e1dka vykurovacieho potrubia je variabiln\u00e1 v\u010faka integrovan\u00e9mu ukladaciemu ro\u0161tu.<\/li>\n\n\n\n<li class=\"has-x-small-font-size\">Hygienick\u00e9, ekonomick\u00e9 a energeticky \u00fasporn\u00e9.<\/li>\n\n\n\n<li class=\"has-x-small-font-size\">Funk\u010dne bezpe\u010dn\u00fd a odoln\u00fd.<\/li>\n\n\n\n<li class=\"has-x-small-font-size\">Renova\u010dn\u00fd syst\u00e9m: Renova\u010dn\u00fd syst\u00e9m Vitoset mo\u017eno pou\u017ei\u0165 na vykurovanie a chladenie nad zemou. Je vhodn\u00fd na moderniz\u00e1ciu aj novostavbu.<\/li>\n<\/ul>\n\n\n\n<p><\/p>\n","protected":false},"excerpt":{"rendered":"<h4 class=\"wp-block-heading\"><strong>Okrajov\u00e9 izola\u010dn\u00e9 p\u00e1sy s f\u00f3liou Viessmann \u0161tandard 150 mm<\/strong><\/h4>\n<p><!-- wp:list --><\/p>\n<ul class=\"wp-block-list\"><!-- wp:list-item --><\/p>\n<li>vhodn\u00e9 pre tekut\u00fd potery<\/li>\n<p><!-- \/wp:list-item --><\/p>\n<p><!-- wp:list-item --><\/p>\n<li>vhodn\u00fd pre such\u00fd poter<\/li>\n<p><!-- \/wp:list-item --><\/p>\n<p><!-- wp:list-item --><\/p>\n<li>zamedzuje prete\u010deniu poteru<\/li>\n<p><!-- \/wp:list-item --><\/p>\n<p><!-- wp:list-item --><\/p>\n<li>neabsorbuje vlhkos\u0165\u00a0<\/li>\n<p><!-- \/wp:list-item --><\/p>\n<p><!-- wp:list-item --><\/p>\n<li>kompenzuje tepeln\u00fa roztia\u017enos\u0165<\/li>\n<p><!-- \/wp:list-item --><\/p>\n<p><!-- wp:list-item --><\/p>\n<li>obsahuje f\u00f3liu na zakrytie okrajov\u00e9ho spoja<\/li>\n<p><!-- \/wp:list-item --><\/ul>\n<p><!-- \/wp:list --><\/p>\n<h4><!-- \/wp:list --><\/h4>\n<h4><strong style=\"font-size: 16px;\"><a href=\"http:\/\/revop-eshop.sk\/wp-content\/uploads\/2024\/05\/Zasobnikove_ohrievace_vody_Vitocell.pdf\"><img decoding=\"async\" class=\"alignnone wp-image-4368\" src=\"http:\/\/revop-eshop.sk\/wp-content\/uploads\/2024\/07\/view-ikona-257x300.png\" alt=\"\" width=\"24\" height=\"28\" srcset=\"https:\/\/revop-eshop.sk\/wp-content\/uploads\/2024\/07\/view-ikona-257x300.png 257w, https:\/\/revop-eshop.sk\/wp-content\/uploads\/2024\/07\/view-ikona-150x175.png 150w, https:\/\/revop-eshop.sk\/wp-content\/uploads\/2024\/07\/view-ikona-416x485.png 416w, https:\/\/revop-eshop.sk\/wp-content\/uploads\/2024\/07\/view-ikona-10x12.png 10w, https:\/\/revop-eshop.sk\/wp-content\/uploads\/2024\/07\/view-ikona.png 439w\" sizes=\"(max-width: 24px) 100vw, 24px\" \/><\/a><\/strong> <a href=\"https:\/\/revop-eshop.sk\/wp-content\/uploads\/2024\/09\/Podlahove_vykurovanie_Vitoset.pdf\" target=\"_blank\" rel=\"noopener\">Podlahov\u00e9 vykurovanie Vitoset<\/a><\/h4>\n<h4><strong><a href=\"http:\/\/revop-eshop.sk\/wp-content\/uploads\/2024\/05\/Zasobnikove_ohrievace_vody_Vitocell.pdf\"><img decoding=\"async\" class=\"alignnone wp-image-4368\" src=\"http:\/\/revop-eshop.sk\/wp-content\/uploads\/2024\/07\/view-ikona-257x300.png\" alt=\"\" width=\"24\" height=\"28\" srcset=\"https:\/\/revop-eshop.sk\/wp-content\/uploads\/2024\/07\/view-ikona-257x300.png 257w, https:\/\/revop-eshop.sk\/wp-content\/uploads\/2024\/07\/view-ikona-150x175.png 150w, https:\/\/revop-eshop.sk\/wp-content\/uploads\/2024\/07\/view-ikona-416x485.png 416w, https:\/\/revop-eshop.sk\/wp-content\/uploads\/2024\/07\/view-ikona-10x12.png 10w, https:\/\/revop-eshop.sk\/wp-content\/uploads\/2024\/07\/view-ikona.png 439w\" sizes=\"(max-width: 24px) 100vw, 24px\" \/><\/a><\/strong> <a href=\"https:\/\/revop-eshop.sk\/wp-content\/uploads\/2024\/09\/Viessmann-Vitoset.cs_.pdf\" target=\"_blank\" rel=\"noopener\">Technick\u00fd list Vitoset (auromatick\u00fd preklad)<\/a><\/h4>\n<p>&nbsp;<\/p>\n<p>&nbsp;<\/p>\n","protected":false},"featured_media":7228,"comment_status":"open","ping_status":"closed","template":"","meta":{"jetpack_publicize_message":"","jetpack_publicize_feature_enabled":true,"jetpack_social_post_already_shared":false,"jetpack_social_options":{"image_generator_settings":{"template":"highway","default_image_id":0,"font":"","enabled":false},"version":2}},"product_brand":[],"product_cat":[1729,1792],"product_tag":[1749,1753,1752,1754,378,1751,529],"class_list":{"0":"post-7227","1":"product","2":"type-product","3":"status-publish","4":"has-post-thumbnail","6":"product_cat-prislusenstvo-k-instalacii-podlahove-vykurovanie","7":"product_cat-systemove-dosky-nopovy-system","8":"product_tag-10-kusov","9":"product_tag-1753","10":"product_tag-16mm","11":"product_tag-1754","12":"product_tag-koleno","13":"product_tag-na-zahnutie","14":"product_tag-viessmann","16":"first","17":"instock","18":"taxable","19":"shipping-taxable","20":"purchasable","21":"product-type-simple"},"jetpack_publicize_connections":[],"jetpack_sharing_enabled":true,"_links":{"self":[{"href":"https:\/\/revop-eshop.sk\/index.php?rest_route=\/wp\/v2\/product\/7227","targetHints":{"allow":["GET"]}}],"collection":[{"href":"https:\/\/revop-eshop.sk\/index.php?rest_route=\/wp\/v2\/product"}],"about":[{"href":"https:\/\/revop-eshop.sk\/index.php?rest_route=\/wp\/v2\/types\/product"}],"replies":[{"embeddable":true,"href":"https:\/\/revop-eshop.sk\/index.php?rest_route=%2Fwp%2Fv2%2Fcomments&post=7227"}],"wp:featuredmedia":[{"embeddable":true,"href":"https:\/\/revop-eshop.sk\/index.php?rest_route=\/wp\/v2\/media\/7228"}],"wp:attachment":[{"href":"https:\/\/revop-eshop.sk\/index.php?rest_route=%2Fwp%2Fv2%2Fmedia&parent=7227"}],"wp:term":[{"taxonomy":"product_brand","embeddable":true,"href":"https:\/\/revop-eshop.sk\/index.php?rest_route=%2Fwp%2Fv2%2Fproduct_brand&post=7227"},{"taxonomy":"product_cat","embeddable":true,"href":"https:\/\/revop-eshop.sk\/index.php?rest_route=%2Fwp%2Fv2%2Fproduct_cat&post=7227"},{"taxonomy":"product_tag","embeddable":true,"href":"https:\/\/revop-eshop.sk\/index.php?rest_route=%2Fwp%2Fv2%2Fproduct_tag&post=7227"}],"curies":[{"name":"wp","href":"https:\/\/api.w.org\/{rel}","templated":true}]}}