{"id":7019,"date":"2024-09-18T15:04:37","date_gmt":"2024-09-18T13:04:37","guid":{"rendered":"https:\/\/revop-eshop.sk\/?post_type=product&#038;p=7019"},"modified":"2026-04-12T17:02:42","modified_gmt":"2026-04-12T15:02:42","slug":"expanzna-nadoba-pre-vykurovacie-systemy-80-l","status":"publish","type":"product","link":"https:\/\/revop-eshop.sk\/?product=expanzna-nadoba-pre-vykurovacie-systemy-80-l","title":{"rendered":"Expanzn\u00e1 n\u00e1doba pre vykurovacie syst\u00e9my 80 l"},"content":{"rendered":"\n<h4 class=\"wp-block-heading\">Expanzn\u00e1 n\u00e1doba pre vykurovacie syst\u00e9my 80 l, sivej a bielej farby<\/h4>\n\n\n\n<ul class=\"wp-block-list\">\n<li>Pre uzavret\u00e9 vykurovacie zariadenia pod\u013ea DIN 4751-2, schv\u00e1lenie pod\u013ea smernice 97\/23\/ES.<\/li>\n\n\n\n<li>Max. prev\u00e1dzkov\u00e1 teplota 120 \u00b0C.<\/li>\n\n\n\n<li>Max. tlak 6 bar<\/li>\n\n\n\n<li>Prednastaven\u00fd tlak z v\u00fdroby 1,5 bar.<\/li>\n\n\n\n<li>Farba strieborn\u00e1 Vitosilber, n\u00e1doby 25 a\u017e 140 litrov takisto v bielej farbe RAL 9010.<\/li>\n\n\n\n<li>Vysok\u00e1 prev\u00e1dzkov\u00e1 bezpe\u010dnos\u0165.<\/li>\n\n\n\n<li>Vysokohodnotn\u00e1 membr\u00e1na pre teplotn\u00e9 za\u0165a\u017eenie do 70 \u00b0C.<\/li>\n<\/ul>\n\n\n\n<h3 class=\"wp-block-heading\">Technick\u00e9 \u00fadaje:<\/h3>\n\n\n\n<ul class=\"wp-block-list\">\n<li>Typ: H 80<\/li>\n\n\n\n<li>Obsah: 80 l<\/li>\n\n\n\n<li>Farba: Biela<\/li>\n\n\n\n<li>Maxim\u00e1lny prev\u00e1dzkov\u00fd tlak: 6 bar<\/li>\n\n\n\n<li>Pripojenie: R 1<\/li>\n\n\n\n<li>Priemer: 512 mm<\/li>\n\n\n\n<li>V\u00fd\u0161ka: 558 mm<\/li>\n\n\n\n<li>Hmotnos\u0165: 13,3 kg<\/li>\n<\/ul>\n","protected":false},"excerpt":{"rendered":"<p><!-- wp:heading {\"level\":4} --><\/p>\n<h4 class=\"wp-block-heading\">Expanzn\u00e1 n\u00e1doba pre vykurovacie syst\u00e9my 80 l<\/h4>\n<p><!-- \/wp:heading --><\/p>\n<p><!-- wp:list --><\/p>\n<ul class=\"wp-block-list\"><!-- wp:list-item --><\/p>\n<li>Pre uzavret\u00e9 vykurovacie zariadenia pod\u013ea DIN 4751-2, schv\u00e1lenie pod\u013ea smernice 97\/23\/ES.<\/li>\n<p><!-- \/wp:list-item --><\/p>\n<p><!-- wp:list-item --><\/p>\n<li>Max. prev\u00e1dzkov\u00e1 teplota 120 \u00b0C.<\/li>\n<p><!-- \/wp:list-item --><\/p>\n<p><!-- wp:list-item --><\/p>\n<li>Max. tlak 3 bar<\/li>\n<p><!-- \/wp:list-item --><\/p>\n<p><!-- wp:list-item --><\/p>\n<li>Prednastaven\u00fd tlak z v\u00fdroby 1,5 bar.<\/li>\n<p><!-- \/wp:list-item --><\/p>\n<p><!-- wp:list-item --><\/p>\n<li>Farba strieborn\u00e1 Vitosilber, n\u00e1doby 25 a\u017e 140 litrov takisto v bielej farbe RAL 9010.<\/li>\n<p><!-- \/wp:list-item --><\/p>\n<p><!-- wp:list-item --><\/p>\n<li>Vysok\u00e1 prev\u00e1dzkov\u00e1 bezpe\u010dnos\u0165.<\/li>\n<p><!-- \/wp:list-item --><\/p>\n<p><!-- wp:list-item --><\/p>\n<li>Vysokohodnotn\u00e1 membr\u00e1na pre teplotn\u00e9 za\u0165a\u017eenie do 70 \u00b0C.<\/li>\n<p><!-- \/wp:list-item --><\/ul>\n<p><!-- \/wp:list --><\/p>\n","protected":false},"featured_media":7025,"comment_status":"open","ping_status":"closed","template":"","meta":{"jetpack_publicize_message":"","jetpack_publicize_feature_enabled":true,"jetpack_social_post_already_shared":false,"jetpack_social_options":{"image_generator_settings":{"template":"highway","default_image_id":0,"font":"","enabled":false},"version":2}},"product_brand":[],"product_cat":[1569],"product_tag":[1617,1616,1615,297,1572,1577,1573,1574,1576],"class_list":{"0":"post-7019","1":"product","2":"type-product","3":"status-publish","4":"has-post-thumbnail","6":"product_cat-membranove-expanzne-nadoby","7":"product_tag-1617","8":"product_tag-1616","9":"product_tag-80-l","10":"product_tag-biela","11":"product_tag-expanzna","12":"product_tag-expanzomat","13":"product_tag-nadoba","14":"product_tag-pre-vykurovacie-systemy","15":"product_tag-siva","17":"first","18":"instock","19":"taxable","20":"shipping-taxable","21":"purchasable","22":"product-type-variable"},"jetpack_publicize_connections":[],"jetpack_sharing_enabled":true,"_links":{"self":[{"href":"https:\/\/revop-eshop.sk\/index.php?rest_route=\/wp\/v2\/product\/7019","targetHints":{"allow":["GET"]}}],"collection":[{"href":"https:\/\/revop-eshop.sk\/index.php?rest_route=\/wp\/v2\/product"}],"about":[{"href":"https:\/\/revop-eshop.sk\/index.php?rest_route=\/wp\/v2\/types\/product"}],"replies":[{"embeddable":true,"href":"https:\/\/revop-eshop.sk\/index.php?rest_route=%2Fwp%2Fv2%2Fcomments&post=7019"}],"wp:featuredmedia":[{"embeddable":true,"href":"https:\/\/revop-eshop.sk\/index.php?rest_route=\/wp\/v2\/media\/7025"}],"wp:attachment":[{"href":"https:\/\/revop-eshop.sk\/index.php?rest_route=%2Fwp%2Fv2%2Fmedia&parent=7019"}],"wp:term":[{"taxonomy":"product_brand","embeddable":true,"href":"https:\/\/revop-eshop.sk\/index.php?rest_route=%2Fwp%2Fv2%2Fproduct_brand&post=7019"},{"taxonomy":"product_cat","embeddable":true,"href":"https:\/\/revop-eshop.sk\/index.php?rest_route=%2Fwp%2Fv2%2Fproduct_cat&post=7019"},{"taxonomy":"product_tag","embeddable":true,"href":"https:\/\/revop-eshop.sk\/index.php?rest_route=%2Fwp%2Fv2%2Fproduct_tag&post=7019"}],"curies":[{"name":"wp","href":"https:\/\/api.w.org\/{rel}","templated":true}]}}