{"id":6289,"date":"2024-09-06T12:38:08","date_gmt":"2024-09-06T10:38:08","guid":{"rendered":"https:\/\/revop-eshop.sk\/?post_type=product&#038;p=6289"},"modified":"2026-04-17T12:06:45","modified_gmt":"2026-04-17T10:06:45","slug":"viessmann-vitoset-univerzalny-radiator-typ-21-vyska-900mm","status":"publish","type":"product","link":"https:\/\/revop-eshop.sk\/?product=viessmann-vitoset-univerzalny-radiator-typ-21-vyska-900mm","title":{"rendered":"VIESSMANN Vitoset univerz\u00e1lny radi\u00e1tor typ 21 &#8211; v\u00fd\u0161ka 900mm"},"content":{"rendered":"\n<h4 class=\"wp-block-heading\"><strong>VIESSMANN Vitoset univerz\u00e1lny radi\u00e1tor typ 21 &#8211; v\u00fd\u0161ka 900mm<\/strong><\/h4>\n\n\n\n<p><\/p>\n\n\n\n<figure class=\"wp-block-image size-full is-resized\"><img fetchpriority=\"high\" decoding=\"async\" width=\"736\" height=\"172\" src=\"https:\/\/revop-eshop.sk\/wp-content\/uploads\/2024\/09\/image-7.png\" alt=\"\" class=\"wp-image-6455\" style=\"width:911px;height:auto\" srcset=\"https:\/\/revop-eshop.sk\/wp-content\/uploads\/2024\/09\/image-7.png 736w, https:\/\/revop-eshop.sk\/wp-content\/uploads\/2024\/09\/image-7-300x70.png 300w, https:\/\/revop-eshop.sk\/wp-content\/uploads\/2024\/09\/image-7-18x4.png 18w, https:\/\/revop-eshop.sk\/wp-content\/uploads\/2024\/09\/image-7-200x47.png 200w, https:\/\/revop-eshop.sk\/wp-content\/uploads\/2024\/09\/image-7-441x103.png 441w, https:\/\/revop-eshop.sk\/wp-content\/uploads\/2024\/09\/image-7-600x140.png 600w, https:\/\/revop-eshop.sk\/wp-content\/uploads\/2024\/09\/image-7-150x35.png 150w\" sizes=\"(max-width: 736px) 100vw, 736px\" \/><\/figure>\n\n\n\n<p>Viessmann Vitoset univerz\u00e1lne vykurovacie teles\u00e1&nbsp; pon\u00fakaj\u00fa&nbsp;\u0161irok\u00e9 mo\u017enosti pripojenia.&nbsp;Ke\u010f\u017ee na vykurovacom telese nie s\u00fa navaren\u00e9 \u017eiadne upev\u0148ovacie \u00fachyty, ako to b\u00fdva \u0161tandardom pri in\u00fdch konkuren\u010dn\u00fdch radi\u00e1toroch, je mo\u017en\u00e9 panelov\u00fd radi\u00e1tor&nbsp;ot\u00e1\u010da\u0165&nbsp;pri pripojen\u00ed&nbsp;pod\u013ea potreby.&nbsp;Tri bo\u010dn\u00e9 v\u00fdvody G1\/2&#8243; umo\u017e\u0148uj\u00fa pripoji\u0165 vykurovacie teleso vo variante&nbsp;Kompakt&nbsp;a dva spodn\u00e9 v\u00fdvody G1\/2&#8243; umo\u017e\u0148uj\u00fa pripoji\u0165 radi\u00e1tor&nbsp;vo variante&nbsp;Ventil Kompakt.&nbsp;V\u010faka odn\u00edmate\u013enej hornej mrie\u017eke a bo\u010dn\u00e9mu krytu je mo\u017en\u00e1 jednoduch\u00e1 \u00fadr\u017eba a \u010distenie vykurovacieho telesa,&nbsp;\u010do ocenia najm\u00e4 alergici&nbsp;a \u013eudia citliv\u00fd na prach.<\/p>\n\n\n\n<p>Viessmann Vitoset univerz\u00e1lne panelov\u00e9 radi\u00e1tory  sa vyzna\u010duj\u00fa vynikaj\u00facou kvalitou&nbsp;&#8220;Made in Germany&#8221;, \u010do dokazuje nielen&nbsp;vysokokvalitn\u00fd&nbsp;n\u00e1ter s dlhou \u017eivotnos\u0165ou, ale aj ekologick\u00fd vypa\u013eovan\u00fd&nbsp;lak v odtieni bielej&nbsp;RAL 9016. V\u010faka svojmu atrakt\u00edvnemu dizajnu a takmer dokonalej farbe&nbsp;p\u00f4sobia&nbsp;radi\u00e1tory&nbsp;estetick\u00fdm dojmom v ka\u017edom prostred\u00ed.<\/p>\n\n\n\n<p>Inovat\u00edvny program Vitoset pon\u00faka potrebn\u00e9 pr\u00edslu\u0161enstvo a spo\u013eahliv\u00e9 syst\u00e9mov\u00e9 komponenty pre vykurovacie syst\u00e9my. Pou\u017eitie kvalitn\u00fdch a overen\u00fdch materi\u00e1lov ako aj kvalitn\u00e9 spracovanie s\u00fa z\u00e1rukou, \u017ee ka\u017ed\u00e9 rie\u0161enie bude mo\u017en\u00e9 efekt\u00edvne a spo\u013eahlivo zrealizova\u0165. D\u00f4le\u017eitou s\u00fa\u010das\u0165ou programu Vitoset s\u00fa aj univerz\u00e1lne panelov\u00e9 vykurovacie teles\u00e1 a k\u00fape\u013e\u0148ov\u00e9 radi\u00e1tory. Spolu s regula\u010dn\u00fdmi ventilmi a pr\u00edslu\u0161enstvom k radi\u00e1torom s\u00fa dokonale zladen\u00e9 s ostatn\u00fdmi produktami&nbsp;a poskytuj\u00fa tak&nbsp;jasn\u00fd d\u00f4kaz o syst\u00e9movom pr\u00edstupe spolo\u010dnosti Viessmann.<\/p>\n\n\n\n<h3 class=\"wp-block-heading\">Vyu\u017eitie:<\/h3>\n\n\n\n<ul class=\"wp-block-list\">\n<li>univerz\u00e1lne vykurovacie teles\u00e1 Vitoset pre&nbsp;teplovodn\u00e9&nbsp;vykurovacie syst\u00e9my<\/li>\n\n\n\n<li>panelov\u00e9 radi\u00e1tory vhodn\u00e9 do obytn\u00fdch a administrat\u00edvnych priestorov<\/li>\n\n\n\n<li>doskov\u00e9 radi\u00e1tory s profilovanou \u010delnou stenou, vhodn\u00e9<strong>&nbsp;<\/strong>pri v\u00fdmene star\u00fdch radi\u00e1torov&nbsp;pri rekon\u0161trukci\u00e1ch<\/li>\n\n\n\n<li>radi\u00e1tory teplovodn\u00e9 ide\u00e1lne&nbsp;pre novostavby<\/li>\n\n\n\n<li>univerz\u00e1lne radi\u00e1tory pre pripojenie na rozvody k\u00farenia z bo\u010dnej, ako i zo spodnej strany radi\u00e1tora<\/li>\n<\/ul>\n\n\n\n<h3 class=\"wp-block-heading\">Vlastnosti:<\/h3>\n\n\n\n<ul class=\"wp-block-list\">\n<li>kon\u0161truk\u010dn\u00e9 v\u00fd\u0161ky 300, 400, 500, 600 a 900 mm,<\/li>\n\n\n\n<li>v kombin\u00e1cii s r\u00f4znymi&nbsp;d\u013a\u017ekami v rozmedz\u00ed od&nbsp;400 do 3000 mm,<\/li>\n\n\n\n<li>a s h\u013abkou radi\u00e1tora od 76 do 161 mm, <\/li>\n\n\n\n<li>typy 20, 21, 22 a 33 (hr\u00fabky&nbsp;od 76 do 161 mm),<\/li>\n\n\n\n<li>mo\u017enosti pripojenia &#8211; bo\u010dn\u00e9 \u013eav\u00e9, bo\u010dn\u00e9 prav\u00e9, spodn\u00e9 \u013eav\u00e9, spodn\u00e9 prav\u00e9,<\/li>\n\n\n\n<li>p\u00e4\u0165 pripojovac\u00edch otvorov so z\u00e1vitom ve\u013ekosti G1\/2&#8243;,<\/li>\n\n\n\n<li>pripojovac\u00ed rozstup spodn\u00fdch otvorov je 50 mm,<\/li>\n\n\n\n<li>pripojovac\u00ed rozstup bo\u010dn\u00fdch otvorov je H &#8211; 55 mm,<\/li>\n\n\n\n<li>maxim\u00e1lny prev\u00e1dzkov\u00fd tlak 10 barov,<\/li>\n\n\n\n<li>maxim\u00e1lna prev\u00e1dzkov\u00e1 teplota 110 \u00b0C.<\/li>\n<\/ul>\n\n\n\n<h3 class=\"wp-block-heading\">Sp\u00f4soby pripevnenia:<\/h3>\n\n\n\n<ul class=\"wp-block-list\">\n<li><strong>Pripojenie vo variante Kompakt<\/strong>&nbsp;znamen\u00e1, \u017ee vyu\u017eijete pripojenie na rozvody k\u00farenia z bo\u010dnej strany radi\u00e1tora, a to bu\u010f z \u013eavej&nbsp;alebo pravej strany. V tomto pr\u00edpade budete musie\u0165 dok\u00fapi\u0165 e\u0161te<a href=\"https:\/\/revop-eshop.sk\/?product_cat=rychlomontazne-sady\" target=\"_blank\" rel=\"noreferrer noopener\">&nbsp;<\/a><strong><a href=\"https:\/\/revop-eshop.sk\/?product_cat=rychlomontazne-sady\" target=\"_blank\" rel=\"noreferrer noopener\">r\u00fdchlomont\u00e1\u017enu sadu K<\/a>,<\/strong> ktor\u00e1 obsahuje dve pru\u017einov\u00e9 konzoly s pr\u00edslu\u0161enstvom&nbsp;na uchytenie radi\u00e1tora, dve z\u00e1tky&nbsp;G1\/2&#8243; (na zaslepenie spodn\u00fdch v\u00fdvodov) a z\u00e1tku G1\/2&#8243; s manu\u00e1lnym odvzdu\u0161\u0148ovac\u00edm ventilom. V\u010faka tomu, \u017ee sa d\u00e1 radi\u00e1tor ot\u00e1\u010da\u0165 pod\u013ea potreby, tak vyu\u017eijete pri bo\u010dnom pripojen\u00ed dva v\u00fdvody na jednej strane&nbsp;na pr\u00edvod a spiato\u010dku&nbsp;a horn\u00fd&nbsp;v\u00fdvod na opa\u010dnej strane na osadenie&nbsp;z\u00e1tky G1\/2&#8243; s ru\u010dn\u00fdm odvzdu\u0161\u0148ovac\u00edm&nbsp;ventilom.<\/li>\n<\/ul>\n\n\n\n<figure class=\"wp-block-image size-large\"><img decoding=\"async\" width=\"1024\" height=\"536\" src=\"https:\/\/revop-eshop.sk\/wp-content\/uploads\/2024\/09\/viessmann-radiator-univerzalny-vitoset-do-obyvacky-1024x536.jpg\" alt=\"\" class=\"wp-image-6072\" srcset=\"https:\/\/revop-eshop.sk\/wp-content\/uploads\/2024\/09\/viessmann-radiator-univerzalny-vitoset-do-obyvacky-1024x536.jpg 1024w, https:\/\/revop-eshop.sk\/wp-content\/uploads\/2024\/09\/viessmann-radiator-univerzalny-vitoset-do-obyvacky-300x157.jpg 300w, https:\/\/revop-eshop.sk\/wp-content\/uploads\/2024\/09\/viessmann-radiator-univerzalny-vitoset-do-obyvacky-768x402.jpg 768w, https:\/\/revop-eshop.sk\/wp-content\/uploads\/2024\/09\/viessmann-radiator-univerzalny-vitoset-do-obyvacky-18x9.jpg 18w, https:\/\/revop-eshop.sk\/wp-content\/uploads\/2024\/09\/viessmann-radiator-univerzalny-vitoset-do-obyvacky-200x105.jpg 200w, https:\/\/revop-eshop.sk\/wp-content\/uploads\/2024\/09\/viessmann-radiator-univerzalny-vitoset-do-obyvacky-990x518.jpg 990w, https:\/\/revop-eshop.sk\/wp-content\/uploads\/2024\/09\/viessmann-radiator-univerzalny-vitoset-do-obyvacky-441x231.jpg 441w, https:\/\/revop-eshop.sk\/wp-content\/uploads\/2024\/09\/viessmann-radiator-univerzalny-vitoset-do-obyvacky-600x314.jpg 600w, https:\/\/revop-eshop.sk\/wp-content\/uploads\/2024\/09\/viessmann-radiator-univerzalny-vitoset-do-obyvacky-150x79.jpg 150w, https:\/\/revop-eshop.sk\/wp-content\/uploads\/2024\/09\/viessmann-radiator-univerzalny-vitoset-do-obyvacky.jpg 1200w\" sizes=\"(max-width: 1024px) 100vw, 1024px\" \/><\/figure>\n\n\n\n<ul class=\"wp-block-list\">\n<li><strong>Pripojenie vo variante Ventil&nbsp;Kompakt<\/strong>&nbsp;znamen\u00e1, \u017ee vyu\u017eijete pripojenie na rozvody k\u00farenia zo spodnej&nbsp;strany radi\u00e1tora, a to bu\u010f z \u013eavej&nbsp;alebo pravej strany. Pri tejto variante&nbsp;budete musie\u0165 dok\u00fapi\u0165 e\u0161te<mark style=\"background-color:rgba(0, 0, 0, 0);color:#e3010f\" class=\"has-inline-color\">&nbsp;<a href=\"https:\/\/revop-eshop.sk\/?product_cat=rychlomontazne-sady\" target=\"_blank\" rel=\"noreferrer noopener\"><strong>r\u00fdchlomont\u00e1\u017enu sadu VK<\/strong><\/a>,<\/mark> ktor\u00e1 obsahuje dve pru\u017einov\u00e9 konzoly s pr\u00edslu\u0161enstvom&nbsp;na uchytenie radi\u00e1tora,&nbsp;z\u00e1tku&nbsp;G1\/2&#8243; (na zaslepenie jedn\u00e9ho&nbsp;bo\u010dn\u00e9ho v\u00fdvodu), termostatick\u00fa ventilov\u00fa vlo\u017eku a z\u00e1tku s odvzdu\u0161\u0148ovac\u00edm ventilom. V\u010faka tomu, \u017ee sa d\u00e1 radi\u00e1tor ot\u00e1\u010da\u0165 pod\u013ea potreby, tak&nbsp;pri spodnom pripojen\u00ed vyu\u017eijete dva v\u00fdvody&nbsp;na pripojenie pr\u00edvodu a spiato\u010dky,&nbsp;jeden bo\u010dn\u00fd horn\u00fd v\u00fdvod vyu\u017eijete na osadenie&nbsp;termostatickej ventilovej vlo\u017eky,&nbsp;jeden horn\u00fd bo\u010dn\u00fd v\u00fdvod&nbsp;na osadenie z\u00e1tky s odvzdu\u0161\u0148ovac\u00edm&nbsp;ventilom&nbsp;a na zost\u00e1vaj\u00faci bo\u010dn\u00fd spodn\u00fd v\u00fdvod&nbsp;osad\u00edte&nbsp;dodan\u00fa&nbsp;z\u00e1tku&nbsp;G1\/2&#8243;.<\/li>\n<\/ul>\n\n\n\n<figure class=\"wp-block-image size-large\"><img decoding=\"async\" width=\"1024\" height=\"497\" src=\"https:\/\/revop-eshop.sk\/wp-content\/uploads\/2024\/09\/VIESSMANN-radiator-univerzalny-variant-VK-1024x497.png\" alt=\"\" class=\"wp-image-6051\" srcset=\"https:\/\/revop-eshop.sk\/wp-content\/uploads\/2024\/09\/VIESSMANN-radiator-univerzalny-variant-VK-1024x497.png 1024w, https:\/\/revop-eshop.sk\/wp-content\/uploads\/2024\/09\/VIESSMANN-radiator-univerzalny-variant-VK-300x146.png 300w, https:\/\/revop-eshop.sk\/wp-content\/uploads\/2024\/09\/VIESSMANN-radiator-univerzalny-variant-VK-768x373.png 768w, https:\/\/revop-eshop.sk\/wp-content\/uploads\/2024\/09\/VIESSMANN-radiator-univerzalny-variant-VK-1536x746.png 1536w, https:\/\/revop-eshop.sk\/wp-content\/uploads\/2024\/09\/VIESSMANN-radiator-univerzalny-variant-VK-2048x994.png 2048w, https:\/\/revop-eshop.sk\/wp-content\/uploads\/2024\/09\/VIESSMANN-radiator-univerzalny-variant-VK-18x9.png 18w, https:\/\/revop-eshop.sk\/wp-content\/uploads\/2024\/09\/VIESSMANN-radiator-univerzalny-variant-VK-200x97.png 200w, https:\/\/revop-eshop.sk\/wp-content\/uploads\/2024\/09\/VIESSMANN-radiator-univerzalny-variant-VK-990x481.png 990w, https:\/\/revop-eshop.sk\/wp-content\/uploads\/2024\/09\/VIESSMANN-radiator-univerzalny-variant-VK-441x214.png 441w, https:\/\/revop-eshop.sk\/wp-content\/uploads\/2024\/09\/VIESSMANN-radiator-univerzalny-variant-VK-600x291.png 600w, https:\/\/revop-eshop.sk\/wp-content\/uploads\/2024\/09\/VIESSMANN-radiator-univerzalny-variant-VK-150x73.png 150w\" sizes=\"(max-width: 1024px) 100vw, 1024px\" \/><\/figure>\n\n\n\n<div class=\"wp-block-columns is-layout-flex wp-container-core-columns-is-layout-28f84493 wp-block-columns-is-layout-flex\">\n<div class=\"wp-block-column is-layout-flow wp-block-column-is-layout-flow\" style=\"flex-basis:100%\">\n<ul class=\"wp-block-list\">\n<li><\/li>\n<\/ul>\n\n\n\n<div class=\"wp-block-columns is-layout-flex wp-container-core-columns-is-layout-28f84493 wp-block-columns-is-layout-flex\">\n<div class=\"wp-block-column is-layout-flow wp-block-column-is-layout-flow\">\n<ul class=\"wp-block-list\">\n<li>Ak potrebujete radi\u00e1tory&nbsp;<strong>upevni\u0165 na podlahu<\/strong>, m\u00e1te k dispoz\u00edcii<mark style=\"background-color:rgba(0, 0, 0, 0);color:#e3010f\" class=\"has-inline-color\"> <strong><a href=\"https:\/\/revop-eshop.sk\/?product_cat=rychlomontazne-sady\">sadu univerz\u00e1lnych&nbsp;stojanov\u00fdch konzol<\/a>.<\/strong><\/mark> Sada obsahuje 2 ks nastavite\u013en\u00fdch oce\u013eov\u00fdch konzol, ktor\u00e9 s\u00fa vhodn\u00e9 na pou\u017eitie pre v\u0161etky typy univerz\u00e1lnych radi\u00e1torov Viessmann.&nbsp;Na prekrytie p\u00e4tky stojanovej konzoly odpor\u00fa\u010dame pou\u017ei\u0165 origin\u00e1lnu&nbsp;kryciu rozetu, ktor\u00e1&nbsp;je dod\u00e1van\u00e1 ako nepovinn\u00e9 pr\u00edslu\u0161enstvo v samostatnej sade 2 ks. Rozeta m\u00e1 elegantn\u00fd hranat\u00fd dizajn a vkusn\u00fdm sp\u00f4sobom zamaskuje estetick\u00e9 nedokonalosti konzoly.<\/li>\n<\/ul>\n<\/div>\n\n\n\n<div class=\"wp-block-column is-layout-flow wp-block-column-is-layout-flow\">\n<figure class=\"wp-block-image size-full is-resized\"><img loading=\"lazy\" decoding=\"async\" width=\"225\" height=\"225\" src=\"https:\/\/revop-eshop.sk\/wp-content\/uploads\/2024\/09\/stojanova-konzola.jpg\" alt=\"\" class=\"wp-image-6379\" style=\"width:344px;height:auto\" srcset=\"https:\/\/revop-eshop.sk\/wp-content\/uploads\/2024\/09\/stojanova-konzola.jpg 225w, https:\/\/revop-eshop.sk\/wp-content\/uploads\/2024\/09\/stojanova-konzola-150x150.jpg 150w, https:\/\/revop-eshop.sk\/wp-content\/uploads\/2024\/09\/stojanova-konzola-12x12.jpg 12w, https:\/\/revop-eshop.sk\/wp-content\/uploads\/2024\/09\/stojanova-konzola-200x200.jpg 200w, https:\/\/revop-eshop.sk\/wp-content\/uploads\/2024\/09\/stojanova-konzola-100x100.jpg 100w\" sizes=\"(max-width: 225px) 100vw, 225px\" \/><\/figure>\n<\/div>\n<\/div>\n<\/div>\n<\/div>\n\n\n\n<h3 class=\"wp-block-heading\">Pr\u00edslu\u0161enstvo:<\/h3>\n\n\n\n<div class=\"wp-block-group is-nowrap is-layout-flex wp-container-core-group-is-layout-6c531013 wp-block-group-is-layout-flex\">\n<ul class=\"wp-block-list\">\n<li><strong><a href=\"https:\/\/revop-eshop.sk\/?product_cat=termostaticke-hlavice\" target=\"_blank\" rel=\"noreferrer noopener\">Termostatick\u00e9 hlavice<\/a><\/strong>&nbsp;s\u00fa regul\u00e1tory pr\u00edvodu tepla, ktor\u00e9 s\u00fa z\u00e1kladn\u00fdmi prvkami v\u00fdbavy ka\u017ed\u00e9ho radi\u00e1tora, namontovan\u00e9 na termostatickom ventile. Hlavice umo\u017e\u0148uj\u00fa regul\u00e1ciu teploty v miestnosti a jej udr\u017eiavanie na zvolenej \u00farovni. Optim\u00e1lnym vyregulovan\u00edm vykurovacieho syst\u00e9mu pomocou termostatick\u00fdch hlav\u00edc m\u00f4\u017eeme dosiahnu\u0165 zauj\u00edmav\u00e9 \u00faspory energetick\u00fdch n\u00e1kladov na vykurovanie. Doskov\u00e9 radi\u00e1tory Viessmann s\u00fa plne kompatibiln\u00e9 s&nbsp;hlavicami so z\u00e1vitom M 30 x 1,5.<\/li>\n<\/ul>\n\n\n\n<figure class=\"wp-block-image size-full is-resized\"><img loading=\"lazy\" decoding=\"async\" width=\"800\" height=\"800\" src=\"https:\/\/revop-eshop.sk\/wp-content\/uploads\/2024\/09\/hlavne-hlavice-1.jpg\" alt=\"\" class=\"wp-image-6380\" style=\"width:231px;height:auto\" srcset=\"https:\/\/revop-eshop.sk\/wp-content\/uploads\/2024\/09\/hlavne-hlavice-1.jpg 800w, https:\/\/revop-eshop.sk\/wp-content\/uploads\/2024\/09\/hlavne-hlavice-1-300x300.jpg 300w, https:\/\/revop-eshop.sk\/wp-content\/uploads\/2024\/09\/hlavne-hlavice-1-150x150.jpg 150w, https:\/\/revop-eshop.sk\/wp-content\/uploads\/2024\/09\/hlavne-hlavice-1-768x768.jpg 768w, https:\/\/revop-eshop.sk\/wp-content\/uploads\/2024\/09\/hlavne-hlavice-1-12x12.jpg 12w, https:\/\/revop-eshop.sk\/wp-content\/uploads\/2024\/09\/hlavne-hlavice-1-200x200.jpg 200w, https:\/\/revop-eshop.sk\/wp-content\/uploads\/2024\/09\/hlavne-hlavice-1-441x441.jpg 441w, https:\/\/revop-eshop.sk\/wp-content\/uploads\/2024\/09\/hlavne-hlavice-1-100x100.jpg 100w, https:\/\/revop-eshop.sk\/wp-content\/uploads\/2024\/09\/hlavne-hlavice-1-600x600.jpg 600w\" sizes=\"(max-width: 800px) 100vw, 800px\" \/><\/figure>\n<\/div>\n\n\n\n<h4 class=\"wp-block-heading\"><strong><mark style=\"background-color:rgba(0, 0, 0, 0)\" class=\"has-inline-color has-vivid-red-color\">Dr\u017eiaky nie s\u00fa s\u00fa\u010das\u0165ou dod\u00e1vky. Je potrebn\u00e9 ich dok\u00fapi\u0165.  N\u00e1jdete ich v sekcii: <a href=\"https:\/\/revop-eshop.sk\/?product_cat=rychlomontazne-sady\" data-type=\"link\" data-id=\"https:\/\/revop-eshop.sk\/?product_cat=rychlomontazne-sady\" target=\"_blank\" rel=\"noreferrer noopener\">r\u00fdchlomont\u00e1\u017ene sady<\/a>.<\/mark><\/strong><\/h4>\n\n\n\n<p>Pre&nbsp;radi\u00e1tory s d\u013a\u017ekou v\u00e4\u010d\u0161ou ako 1600 mm je potrebn\u00e9 pou\u017ei\u0165&nbsp;\u010fal\u0161iu upev\u0148ovaciu konzolu&nbsp;a vykurovacie teles\u00e1 s d\u013a\u017ekou nad 2200 mm doporu\u010duje&nbsp;v\u00fdrobca&nbsp;upevni\u0165&nbsp;na 4 konzoly pre zabezpe\u010denie v\u00e4\u010d\u0161ej stability a bezpe\u010dnosti. Pre tento \u00fa\u010del je k dispoz\u00edcii v ponuke dodato\u010dn\u00e1 upev\u0148ovacia sada pre radi\u00e1tory s d\u013a\u017ekou nad 1600 mm.<\/p>\n\n\n\n<p><\/p>\n","protected":false},"excerpt":{"rendered":"<h4><strong>VIESSMANN Vitoset univerz\u00e1lny radi\u00e1tor typ 21 &#8211; v\u00fd\u0161ka 900mm<\/strong><\/h4>\n<p><img loading=\"lazy\" decoding=\"async\" class=\"alignnone size-full wp-image-6037\" src=\"https:\/\/revop-eshop.sk\/wp-content\/uploads\/2024\/09\/uvod.jpg\" alt=\"\" width=\"905\" height=\"306\" srcset=\"https:\/\/revop-eshop.sk\/wp-content\/uploads\/2024\/09\/uvod.jpg 905w, https:\/\/revop-eshop.sk\/wp-content\/uploads\/2024\/09\/uvod-300x101.jpg 300w, https:\/\/revop-eshop.sk\/wp-content\/uploads\/2024\/09\/uvod-768x260.jpg 768w, https:\/\/revop-eshop.sk\/wp-content\/uploads\/2024\/09\/uvod-18x6.jpg 18w, https:\/\/revop-eshop.sk\/wp-content\/uploads\/2024\/09\/uvod-200x68.jpg 200w, https:\/\/revop-eshop.sk\/wp-content\/uploads\/2024\/09\/uvod-441x149.jpg 441w, https:\/\/revop-eshop.sk\/wp-content\/uploads\/2024\/09\/uvod-600x203.jpg 600w, https:\/\/revop-eshop.sk\/wp-content\/uploads\/2024\/09\/uvod-150x51.jpg 150w\" sizes=\"(max-width: 905px) 100vw, 905px\" \/><\/p>\n<h4><strong style=\"font-size: 16px;\"><a href=\"http:\/\/revop-eshop.sk\/wp-content\/uploads\/2024\/05\/Zasobnikove_ohrievace_vody_Vitocell.pdf\"><img loading=\"lazy\" decoding=\"async\" class=\"alignnone wp-image-4368\" src=\"http:\/\/revop-eshop.sk\/wp-content\/uploads\/2024\/07\/view-ikona-257x300.png\" alt=\"\" width=\"24\" height=\"28\" srcset=\"https:\/\/revop-eshop.sk\/wp-content\/uploads\/2024\/07\/view-ikona-257x300.png 257w, https:\/\/revop-eshop.sk\/wp-content\/uploads\/2024\/07\/view-ikona-150x175.png 150w, https:\/\/revop-eshop.sk\/wp-content\/uploads\/2024\/07\/view-ikona-416x485.png 416w, https:\/\/revop-eshop.sk\/wp-content\/uploads\/2024\/07\/view-ikona-10x12.png 10w, https:\/\/revop-eshop.sk\/wp-content\/uploads\/2024\/07\/view-ikona.png 439w\" sizes=\"(max-width: 24px) 100vw, 24px\" \/><\/a><\/strong>\u00a0 <a href=\"https:\/\/revop-eshop.sk\/wp-content\/uploads\/2024\/09\/VVitoset-katalog-moje.pdf\" target=\"_blank\" rel=\"noopener\">Prospekt vykurovacie teles\u00e1 VITOSET<\/a><\/h4>\n<h4><strong style=\"font-size: 16px;\"><a href=\"http:\/\/revop-eshop.sk\/wp-content\/uploads\/2024\/05\/Zasobnikove_ohrievace_vody_Vitocell.pdf\"><img loading=\"lazy\" decoding=\"async\" class=\"alignnone wp-image-4368\" src=\"http:\/\/revop-eshop.sk\/wp-content\/uploads\/2024\/07\/view-ikona-257x300.png\" alt=\"\" width=\"24\" height=\"28\" srcset=\"https:\/\/revop-eshop.sk\/wp-content\/uploads\/2024\/07\/view-ikona-257x300.png 257w, https:\/\/revop-eshop.sk\/wp-content\/uploads\/2024\/07\/view-ikona-150x175.png 150w, https:\/\/revop-eshop.sk\/wp-content\/uploads\/2024\/07\/view-ikona-416x485.png 416w, https:\/\/revop-eshop.sk\/wp-content\/uploads\/2024\/07\/view-ikona-10x12.png 10w, https:\/\/revop-eshop.sk\/wp-content\/uploads\/2024\/07\/view-ikona.png 439w\" sizes=\"(max-width: 24px) 100vw, 24px\" \/><\/a><\/strong>\u00a0 <a href=\"https:\/\/revop-eshop.sk\/wp-content\/uploads\/2024\/09\/VIESSMANN-navod-na-montaz-s-pruzinovou-konzolou-radiator-univerzalny.pdf\" target=\"_blank\" rel=\"noopener\">N\u00e1vod na mont\u00e1\u017e konzoly<\/a><\/h4>\n<h4><strong style=\"font-size: 16px;\"><a href=\"http:\/\/revop-eshop.sk\/wp-content\/uploads\/2024\/05\/Zasobnikove_ohrievace_vody_Vitocell.pdf\"><img loading=\"lazy\" decoding=\"async\" class=\"alignnone wp-image-4368\" src=\"http:\/\/revop-eshop.sk\/wp-content\/uploads\/2024\/07\/view-ikona-257x300.png\" alt=\"\" width=\"24\" height=\"28\" srcset=\"https:\/\/revop-eshop.sk\/wp-content\/uploads\/2024\/07\/view-ikona-257x300.png 257w, https:\/\/revop-eshop.sk\/wp-content\/uploads\/2024\/07\/view-ikona-150x175.png 150w, https:\/\/revop-eshop.sk\/wp-content\/uploads\/2024\/07\/view-ikona-416x485.png 416w, https:\/\/revop-eshop.sk\/wp-content\/uploads\/2024\/07\/view-ikona-10x12.png 10w, https:\/\/revop-eshop.sk\/wp-content\/uploads\/2024\/07\/view-ikona.png 439w\" sizes=\"(max-width: 24px) 100vw, 24px\" \/><\/a><\/strong>\u00a0 <a href=\"https:\/\/revop-eshop.sk\/wp-content\/uploads\/2024\/09\/ventilovej-vlozky-radiator-univerzalny-shopaquatica.com_.pdf\" target=\"_blank\" rel=\"noopener\">Mont\u00e1\u017e a predbe\u017en\u00e9 nastavenie vent\u00edlovej vlo\u017eky<\/a><\/h4>\n<h4><strong style=\"font-size: 16px;\"><a href=\"http:\/\/revop-eshop.sk\/wp-content\/uploads\/2024\/05\/Zasobnikove_ohrievace_vody_Vitocell.pdf\"><img loading=\"lazy\" decoding=\"async\" class=\"alignnone wp-image-4368\" src=\"http:\/\/revop-eshop.sk\/wp-content\/uploads\/2024\/07\/view-ikona-257x300.png\" alt=\"\" width=\"24\" height=\"28\" srcset=\"https:\/\/revop-eshop.sk\/wp-content\/uploads\/2024\/07\/view-ikona-257x300.png 257w, https:\/\/revop-eshop.sk\/wp-content\/uploads\/2024\/07\/view-ikona-150x175.png 150w, https:\/\/revop-eshop.sk\/wp-content\/uploads\/2024\/07\/view-ikona-416x485.png 416w, https:\/\/revop-eshop.sk\/wp-content\/uploads\/2024\/07\/view-ikona-10x12.png 10w, https:\/\/revop-eshop.sk\/wp-content\/uploads\/2024\/07\/view-ikona.png 439w\" sizes=\"(max-width: 24px) 100vw, 24px\" \/><\/a><\/strong>\u00a0 <a href=\"https:\/\/revop-eshop.sk\/wp-content\/uploads\/2024\/09\/VIESSMANN-technicke-udaje-radiator-univerzalny.pdf\" target=\"_blank\" rel=\"noopener\">Technick\u00e9 \u00fadaje<\/a><\/h4>\n<h4><strong style=\"font-size: 16px;\"><a href=\"http:\/\/revop-eshop.sk\/wp-content\/uploads\/2024\/05\/Zasobnikove_ohrievace_vody_Vitocell.pdf\"><img loading=\"lazy\" decoding=\"async\" class=\"alignnone wp-image-4368\" src=\"http:\/\/revop-eshop.sk\/wp-content\/uploads\/2024\/07\/view-ikona-257x300.png\" alt=\"\" width=\"24\" height=\"28\" srcset=\"https:\/\/revop-eshop.sk\/wp-content\/uploads\/2024\/07\/view-ikona-257x300.png 257w, https:\/\/revop-eshop.sk\/wp-content\/uploads\/2024\/07\/view-ikona-150x175.png 150w, https:\/\/revop-eshop.sk\/wp-content\/uploads\/2024\/07\/view-ikona-416x485.png 416w, https:\/\/revop-eshop.sk\/wp-content\/uploads\/2024\/07\/view-ikona-10x12.png 10w, https:\/\/revop-eshop.sk\/wp-content\/uploads\/2024\/07\/view-ikona.png 439w\" sizes=\"(max-width: 24px) 100vw, 24px\" \/><\/a><\/strong>\u00a0 <a href=\"https:\/\/revop-eshop.sk\/wp-content\/uploads\/2024\/09\/VIESSMANN-vyhlasenie-o-zhode-radiator-univerzalny-shopaquatica.com_-1.pdf\" target=\"_blank\" rel=\"noopener\">Vyhl\u00e1senie o zhode<\/a><\/h4>\n<p>&nbsp;<\/p>\n","protected":false},"featured_media":6465,"comment_status":"open","ping_status":"closed","template":"","meta":{"jetpack_publicize_message":"","jetpack_publicize_feature_enabled":true,"jetpack_social_post_already_shared":false,"jetpack_social_options":{"image_generator_settings":{"template":"highway","default_image_id":0,"font":"","enabled":false},"version":2}},"product_brand":[],"product_cat":[1118],"product_tag":[1199,1200,1201,1202,1203,1204,1205,1195,1193,1196,1197,1194,1198,299,1085,1134,1127,529,1126,1093,1128],"class_list":{"0":"post-6289","1":"product","2":"type-product","3":"status-publish","4":"has-post-thumbnail","6":"product_cat-vykurovacie-telesa-radiatory","7":"product_tag-1199","8":"product_tag-1200","9":"product_tag-1201","10":"product_tag-1202","11":"product_tag-1203","12":"product_tag-1204","13":"product_tag-1205","14":"product_tag-900x1000","15":"product_tag-900x400","16":"product_tag-900x500","17":"product_tag-900x500mm","18":"product_tag-900x600","19":"product_tag-900x800","20":"product_tag-biely","21":"product_tag-radiator","22":"product_tag-teleso","23":"product_tag-typ-20","24":"product_tag-viessmann","25":"product_tag-vitoset-univerzalny","26":"product_tag-vykurovacie","27":"product_tag-vyska","29":"first","30":"instock","31":"taxable","32":"shipping-taxable","33":"purchasable","34":"product-type-variable"},"jetpack_publicize_connections":[],"jetpack_sharing_enabled":true,"_links":{"self":[{"href":"https:\/\/revop-eshop.sk\/index.php?rest_route=\/wp\/v2\/product\/6289","targetHints":{"allow":["GET"]}}],"collection":[{"href":"https:\/\/revop-eshop.sk\/index.php?rest_route=\/wp\/v2\/product"}],"about":[{"href":"https:\/\/revop-eshop.sk\/index.php?rest_route=\/wp\/v2\/types\/product"}],"replies":[{"embeddable":true,"href":"https:\/\/revop-eshop.sk\/index.php?rest_route=%2Fwp%2Fv2%2Fcomments&post=6289"}],"wp:featuredmedia":[{"embeddable":true,"href":"https:\/\/revop-eshop.sk\/index.php?rest_route=\/wp\/v2\/media\/6465"}],"wp:attachment":[{"href":"https:\/\/revop-eshop.sk\/index.php?rest_route=%2Fwp%2Fv2%2Fmedia&parent=6289"}],"wp:term":[{"taxonomy":"product_brand","embeddable":true,"href":"https:\/\/revop-eshop.sk\/index.php?rest_route=%2Fwp%2Fv2%2Fproduct_brand&post=6289"},{"taxonomy":"product_cat","embeddable":true,"href":"https:\/\/revop-eshop.sk\/index.php?rest_route=%2Fwp%2Fv2%2Fproduct_cat&post=6289"},{"taxonomy":"product_tag","embeddable":true,"href":"https:\/\/revop-eshop.sk\/index.php?rest_route=%2Fwp%2Fv2%2Fproduct_tag&post=6289"}],"curies":[{"name":"wp","href":"https:\/\/api.w.org\/{rel}","templated":true}]}}