{"id":6164,"date":"2024-09-06T12:38:11","date_gmt":"2024-09-06T10:38:11","guid":{"rendered":"https:\/\/revop-eshop.sk\/?post_type=product&#038;p=6164"},"modified":"2026-04-12T18:41:53","modified_gmt":"2026-04-12T16:41:53","slug":"viessmann-radiatorovy-ventil-termostaticky-3-8-a-1-2-priamy","status":"publish","type":"product","link":"https:\/\/revop-eshop.sk\/?product=viessmann-radiatorovy-ventil-termostaticky-3-8-a-1-2-priamy","title":{"rendered":"VIESSMANN  radi\u00e1torov\u00fd ventil termostatick\u00fd 3\/8&#8243; a 1\/2&#8243; &#8211; priamy"},"content":{"rendered":"\n<h4 class=\"wp-block-heading\"><strong>VIESSMANN  radi\u00e1torov\u00fd ventil termostatick\u00fd 3\/8&#8243; a 1\/2&#8243; &#8211; priamy<\/strong><\/h4>\n\n\n\n<p>Pou\u017eitie termostatick\u00fdch ventilov v kombin\u00e1cii s termostatickou hlavicou umo\u017e\u0148uje individu\u00e1lne nastavenie teploty v r\u00f4znych miestnostiach, v\u010faka tomu je mo\u017en\u00e9 \u00fasporne vyhria\u0165 jednotliv\u00e9 miestnosti po\u010das zimnej sez\u00f3ny.  Na pripojenie vykurovac\u00edch telies&nbsp;Kompakt s&nbsp;bo\u010dn\u00fdmi v\u00fdvodmi&nbsp;na rozvody k\u00farenia. Pod\u013ea&nbsp;sp\u00f4sobu&nbsp;pripojenia r\u00farok vykurovacieho syst\u00e9mu do radi\u00e1tora s\u00fa v r\u00e1mci&nbsp;syst\u00e9mov\u00e9ho pr\u00edslu\u0161enstva Viessmann Vitoset k dispoz\u00edcii&nbsp;<strong>priame,<\/strong>&nbsp;<strong>rohov\u00e9&nbsp;<\/strong>alebo<strong>&nbsp;uhlov\u00e9<\/strong>&nbsp;termostatick\u00e9 radi\u00e1torov\u00e9 ventily.<\/p>\n\n\n\n<ul class=\"wp-block-list\">\n<li>poniklovan\u00e1 mosadz<\/li>\n\n\n\n<li>vopred nadstavite\u013en\u00fd<\/li>\n\n\n\n<li>s pripojovac\u00edm skrutkov\u00fdm spojom<\/li>\n\n\n\n<li>pripojenie radi\u00e1torov s priamymy v\u00fdvodmi &#8211; syst\u00e9m Kompakt<\/li>\n\n\n\n<li>maxim\u00e1lna prev\u00e1dzkov\u00e1 teplota&nbsp;120 \u00b0C<\/li>\n\n\n\n<li>maxim\u00e1lny prev\u00e1dzkov\u00fd tlak 10 barov<\/li>\n\n\n\n<li>z\u00e1vit pre termostatick\u00fa hlavicu&nbsp;M30x1,5<\/li>\n<\/ul>\n","protected":false},"excerpt":{"rendered":"<h4><strong>VIESSMANN radi\u00e1torov\u00fd ventil termostatick\u00fd 3\/8&#8243; a 1\/2&#8243; &#8211; priamy<\/strong><\/h4>\n<p><!-- wp:list --><\/p>\n<ul class=\"wp-block-list\"><!-- wp:list-item --><\/p>\n<li>poniklovan\u00e1 mosadz<\/li>\n<p><!-- \/wp:list-item --><\/p>\n<p><!-- wp:list-item --><\/p>\n<li>vopred nadstavite\u013en\u00fd<\/li>\n<p><!-- \/wp:list-item --><\/p>\n<p><!-- wp:list-item --><\/p>\n<li>s pripojovac\u00edm skrutkov\u00fdm spojom<\/li>\n<li>pripojenie radi\u00e1torov s priamymi v\u00fdvodmi &#8211; syst\u00e9m Kompakt<\/li>\n<p><!-- \/wp:list-item --><\/p>\n<p><!-- wp:list-item --><\/p>\n<li>maxim\u00e1lna prev\u00e1dzkov\u00e1 teplota\u00a0120 \u00b0C<\/li>\n<p><!-- \/wp:list-item --><\/p>\n<p><!-- wp:list-item --><\/p>\n<li>maxim\u00e1lny prev\u00e1dzkov\u00fd tlak 10 barov<\/li>\n<p><!-- \/wp:list-item --><\/p>\n<p><!-- wp:list-item --><\/p>\n<li>z\u00e1vit pre termostatick\u00fa hlavicu\u00a0M30x1,5<\/li>\n<p><!-- \/wp:list-item --><\/ul>\n<p><!-- \/wp:list --><\/p>\n","protected":false},"featured_media":6160,"comment_status":"open","ping_status":"closed","template":"","meta":{"jetpack_publicize_message":"","jetpack_publicize_feature_enabled":true,"jetpack_social_post_already_shared":false,"jetpack_social_options":{"image_generator_settings":{"template":"highway","default_image_id":0,"font":"","enabled":false},"version":2}},"product_brand":[],"product_cat":[1121],"product_tag":[616,1108,1106,1105,830,1107,1010,1011,529],"class_list":{"0":"post-6164","1":"product","2":"type-product","3":"status-publish","4":"has-post-thumbnail","6":"product_cat-diely-na-pripojenie","7":"product_tag-1-2","8":"product_tag-3-8","9":"product_tag-1106","10":"product_tag-1105","11":"product_tag-priamy","12":"product_tag-radiatorovy","13":"product_tag-termostaticky","14":"product_tag-ventil","15":"product_tag-viessmann","17":"first","18":"instock","19":"taxable","20":"shipping-taxable","21":"purchasable","22":"product-type-variable"},"jetpack_publicize_connections":[],"jetpack_sharing_enabled":true,"_links":{"self":[{"href":"https:\/\/revop-eshop.sk\/index.php?rest_route=\/wp\/v2\/product\/6164","targetHints":{"allow":["GET"]}}],"collection":[{"href":"https:\/\/revop-eshop.sk\/index.php?rest_route=\/wp\/v2\/product"}],"about":[{"href":"https:\/\/revop-eshop.sk\/index.php?rest_route=\/wp\/v2\/types\/product"}],"replies":[{"embeddable":true,"href":"https:\/\/revop-eshop.sk\/index.php?rest_route=%2Fwp%2Fv2%2Fcomments&post=6164"}],"wp:featuredmedia":[{"embeddable":true,"href":"https:\/\/revop-eshop.sk\/index.php?rest_route=\/wp\/v2\/media\/6160"}],"wp:attachment":[{"href":"https:\/\/revop-eshop.sk\/index.php?rest_route=%2Fwp%2Fv2%2Fmedia&parent=6164"}],"wp:term":[{"taxonomy":"product_brand","embeddable":true,"href":"https:\/\/revop-eshop.sk\/index.php?rest_route=%2Fwp%2Fv2%2Fproduct_brand&post=6164"},{"taxonomy":"product_cat","embeddable":true,"href":"https:\/\/revop-eshop.sk\/index.php?rest_route=%2Fwp%2Fv2%2Fproduct_cat&post=6164"},{"taxonomy":"product_tag","embeddable":true,"href":"https:\/\/revop-eshop.sk\/index.php?rest_route=%2Fwp%2Fv2%2Fproduct_tag&post=6164"}],"curies":[{"name":"wp","href":"https:\/\/api.w.org\/{rel}","templated":true}]}}