{"id":5963,"date":"2024-08-27T19:52:46","date_gmt":"2024-08-27T17:52:46","guid":{"rendered":"https:\/\/revop-eshop.sk\/?post_type=product&#038;p=5963"},"modified":"2024-09-07T18:31:18","modified_gmt":"2024-09-07T16:31:18","slug":"viessmann-montazna-pomocka-k-montazi-na-omietku-pre-vitocal","status":"publish","type":"product","link":"https:\/\/revop-eshop.sk\/?product=viessmann-montazna-pomocka-k-montazi-na-omietku-pre-vitocal","title":{"rendered":"Viessmann sada gu\u013eov\u00fdch koh\u00fatov pre plnenie a odvzdu\u0161nenie pre Vitocal"},"content":{"rendered":"\n<h4 class=\"wp-block-heading\"><strong>Viessmann sada gu\u013eov\u00fdch koh\u00fatov pre plnenie a odvzdu\u0161nenie zariaden\u00ed Vitocal ZK06057<\/strong><\/h4>\n\n\n\n<ul class=\"wp-block-list\">\n<li>potrebn\u00e9 ak nie je pou\u017eit\u00e1 mont\u00e1\u017ena pom\u00f4cka<\/li>\n\n\n\n<li>armat\u00fary pre v\u00fdstupn\u00fa a vratn\u00fa vetvu k vonkaj\u0161ej jednotke<\/li>\n<\/ul>\n","protected":false},"excerpt":{"rendered":"<p><!-- wp:paragraph --><\/p>\n<h4><strong>Sada gu\u013e. koh\u00fatov Viessmann pre plnenie a odvzdu\u0161nenie ZK06057<\/strong><\/h4>\n<p><!-- \/wp:paragraph --><\/p>\n<p><!-- wp:list --><\/p>\n<ul class=\"wp-block-list\"><!-- wp:list-item --><\/p>\n<li>potrebn\u00e9 ak nie je pou\u017eit\u00e1 mont\u00e1\u017ena pom\u00f4cka<\/li>\n<li>armat\u00fary pre v\u00fdstupn\u00fa a vratn\u00fa vetvu k vonkaj\u0161ej jednotke<\/li>\n<p><!-- \/wp:list-item --><\/ul>\n<p><!-- \/wp:list --><\/p>\n","protected":false},"featured_media":5966,"comment_status":"open","ping_status":"closed","template":"","meta":{"jetpack_publicize_message":"","jetpack_publicize_feature_enabled":true,"jetpack_social_post_already_shared":false,"jetpack_social_options":{"image_generator_settings":{"template":"highway","default_image_id":0,"font":"","enabled":false},"version":2}},"product_brand":[],"product_cat":[964],"product_tag":[974,975,977,976,657,529,978,979],"class_list":{"0":"post-5963","1":"product","2":"type-product","3":"status-publish","4":"has-post-thumbnail","6":"product_cat-prislusenstvo-k-tepelnym-cerpadlam","7":"product_tag-gulovych","8":"product_tag-kohutov","9":"product_tag-odvzdusnenie","10":"product_tag-plnenie","11":"product_tag-sada","12":"product_tag-viessmann","13":"product_tag-vitocal","14":"product_tag-zk06057","16":"first","17":"instock","18":"taxable","19":"shipping-taxable","20":"purchasable","21":"product-type-simple"},"jetpack_publicize_connections":[],"jetpack_sharing_enabled":true,"_links":{"self":[{"href":"https:\/\/revop-eshop.sk\/index.php?rest_route=\/wp\/v2\/product\/5963","targetHints":{"allow":["GET"]}}],"collection":[{"href":"https:\/\/revop-eshop.sk\/index.php?rest_route=\/wp\/v2\/product"}],"about":[{"href":"https:\/\/revop-eshop.sk\/index.php?rest_route=\/wp\/v2\/types\/product"}],"replies":[{"embeddable":true,"href":"https:\/\/revop-eshop.sk\/index.php?rest_route=%2Fwp%2Fv2%2Fcomments&post=5963"}],"wp:featuredmedia":[{"embeddable":true,"href":"https:\/\/revop-eshop.sk\/index.php?rest_route=\/wp\/v2\/media\/5966"}],"wp:attachment":[{"href":"https:\/\/revop-eshop.sk\/index.php?rest_route=%2Fwp%2Fv2%2Fmedia&parent=5963"}],"wp:term":[{"taxonomy":"product_brand","embeddable":true,"href":"https:\/\/revop-eshop.sk\/index.php?rest_route=%2Fwp%2Fv2%2Fproduct_brand&post=5963"},{"taxonomy":"product_cat","embeddable":true,"href":"https:\/\/revop-eshop.sk\/index.php?rest_route=%2Fwp%2Fv2%2Fproduct_cat&post=5963"},{"taxonomy":"product_tag","embeddable":true,"href":"https:\/\/revop-eshop.sk\/index.php?rest_route=%2Fwp%2Fv2%2Fproduct_tag&post=5963"}],"curies":[{"name":"wp","href":"https:\/\/api.w.org\/{rel}","templated":true}]}}