{"id":5833,"date":"2024-08-23T15:30:02","date_gmt":"2024-08-23T13:30:02","guid":{"rendered":"https:\/\/revop-eshop.sk\/?post_type=product&#038;p=5833"},"modified":"2025-11-14T20:57:22","modified_gmt":"2025-11-14T19:57:22","slug":"vicare-smart-pripojovaci-modul-podlahoveho-vykurovania","status":"publish","type":"product","link":"https:\/\/revop-eshop.sk\/?product=vicare-smart-pripojovaci-modul-podlahoveho-vykurovania","title":{"rendered":"ViCare Smart pripojovac\u00ed modul podlahov\u00e9ho vykurovania"},"content":{"rendered":"\n<h4 class=\"wp-block-heading\"><strong>Viessmann<\/strong> <strong>ViCare Smart pripojovac\u00ed modul podlahov\u00e9ho vykurovania<\/strong> <strong>ZK03838<\/strong><\/h4>\n\n\n\n<ul class=\"wp-block-list\">\n<li>extern\u00e1 ant\u00e9na s k\u00e1blom 1,3 m<\/li>\n\n\n\n<li>maxim\u00e1lne 6 vykurovac\u00edch z\u00f3n<\/li>\n\n\n\n<li>maxim\u00e1lne 18 servopohonov (3 x servopohon\/z\u00f3na)<\/li>\n\n\n\n<li>nap\u00e1janie 230V\/50Hz<\/li>\n<\/ul>\n\n\n\n<p>Podlahov\u00fd termostat ViCare umo\u017e\u0148uje inteligentn\u00fa regul\u00e1ciu podlahov\u00e9ho vykurovania a\u017e so 6 vykurovac\u00edmi z\u00f3nami a 18 tepeln\u00fdmi servopohonmi. Podlahov\u00fd termostat ViCare sa pou\u017e\u00edva len v kombin\u00e1cii s br\u00e1nou Viessmann, napr. Vitoconnect, typ OPTO2. Komunik\u00e1cia medzi podlahov\u00fdm termostatom ViCare a br\u00e1nou Viessmann prebieha prostredn\u00edctvom r\u00e1diov\u00e9ho zariadenia s n\u00edzkym v\u00fdkonom.<br>Funkcie:<\/p>\n\n\n\n<ul class=\"wp-block-list\">\n<li>Z\u00f3ny podlahov\u00e9ho termostatu ViCare m\u00f4\u017eu by\u0165 s\u00fa\u010das\u0165ou energeticky efekt\u00edvnej a pohodlnej regul\u00e1cie jednotliv\u00fdch miestnost\u00ed.<\/li>\n\n\n\n<li>Individu\u00e1lne automatick\u00e9 \u010dasov\u00e9 programy a manu\u00e1lne ovl\u00e1danie je mo\u017en\u00e9 vyu\u017ei\u0165 aj pri regul\u00e1cii jednotliv\u00fdch miestnost\u00ed.<\/li>\n\n\n\n<li>Podlahov\u00fd termostat ViCare disponuje sp\u00ednac\u00edm kontaktom pre po\u017eiadavku na teplo alebo riadenie magnetick\u00e9ho ventilu.<\/li>\n\n\n\n<li>Prev\u00e1dzka s br\u00e1nou Viessmann umo\u017e\u0148uje automaticky zisti\u0165 a optim\u00e1lne regulova\u0165 po\u017eiadavku na teplo<\/li>\n\n\n\n<li>Podlahov\u00fd termostat ViCare disponuje internou funkciou ochrany proti mrazu, ktor\u00e1 zabra\u0148uje zamrznutiu vedenia. Ak v\u00fdstupn\u00e1 teplota klesne pod cca 8 \u00b0C, podlahov\u00fd termostat ViCare sa otvor\u00ed, a\u017e k\u00fdm nebude znovu dosiahnut\u00e1 v\u00fdstupn\u00e1 teplota.<\/li>\n\n\n\n<li>S funkciou ochrany vykurovac\u00edch okruhov v pr\u00edpade zlyhania komunik\u00e1cie s br\u00e1nou Viessmann. Aktivuje sa po\u017eiadavka na teplo a v\u0161etky ventily s\u00fa regulovan\u00e9 na 10%. Po obnoven\u00ed komunik\u00e1cie sa ventily vr\u00e1tia do norm\u00e1lnej prev\u00e1dzky.<\/li>\n\n\n\n<li>Podlahov\u00fd termostat ViCare je kompatibiln\u00fd na prev\u00e1dzku s tepeln\u00fdmi servopohonmi 230 V \u201ebezpr\u00fadovo uzatvoren\u00fdmi\u201c (zo strany z\u00e1kazn\u00edka).<\/li>\n\n\n\n<li>Br\u00e1na Viessmann automaticky deaktivuje podlahov\u00fd termostat ViCare, ak aj zdroj tepla preru\u0161\u00ed vykurovaciu prev\u00e1dzku. Napr. letn\u00e1 prev\u00e1dzka, akt\u00edvna je len teplovodn\u00e1 prev\u00e1dzka.<\/li>\n\n\n\n<li>Aby sa zabr\u00e1nilo zaseknutiu ventilov, otvoria sa v\u00fdstupy ventilov ka\u017ed\u00fdch 30 dn\u00ed od ich poslednej aktiv\u00e1cie na dobu 8 min\u00fat.<\/li>\n\n\n\n<li>Podlahov\u00fd termostat ViCare m\u00e1 tie\u017e funkciu r\u00e1diov\u00e9ho zosil\u0148ova\u010da s n\u00edzkym v\u00fdkonom.<\/li>\n<\/ul>\n\n\n\n<p>Upozornenie: Pre ka\u017ed\u00fd vykurovac\u00ed okruh sa vy\u017eaduje aspo\u0148 jedna teplotn\u00e1 hodnota klimatick\u00e9ho senzoru ViCare.&nbsp;<\/p>\n","protected":false},"excerpt":{"rendered":"<h4><strong>Viessmann<\/strong> <strong>ViCare Smart pripojovac\u00ed modul podlahov\u00e9ho vykurovania<\/strong> <strong>ZK03838<\/strong><\/h4>\n<p>Podlahov\u00fd termostat ViCare umo\u017e\u0148uje inteligentn\u00fa regul\u00e1ciu podlahov\u00e9ho vykurovania a\u017e so 6 vykurovac\u00edmi z\u00f3nami a 18 tepeln\u00fdmi servopohonmi.<\/p>\n<ul>\n<li>nap\u00e1janie 230V\/50Hz, extern\u00e1 ant\u00e9na s k\u00e1blom 1,3 m<\/li>\n<li>max. 6 vyk. z\u00f3n, max. 18 servopohonov (3 x servopohon\/z\u00f3na)<\/li>\n<\/ul>\n<p>&nbsp;<\/p>\n<h4><strong style=\"font-size: 16px;\"><a href=\"http:\/\/revop-eshop.sk\/wp-content\/uploads\/2024\/05\/Zasobnikove_ohrievace_vody_Vitocell.pdf\"><img decoding=\"async\" class=\"alignnone wp-image-4368\" src=\"http:\/\/revop-eshop.sk\/wp-content\/uploads\/2024\/07\/view-ikona-257x300.png\" alt=\"\" width=\"24\" height=\"28\" srcset=\"https:\/\/revop-eshop.sk\/wp-content\/uploads\/2024\/07\/view-ikona-257x300.png 257w, https:\/\/revop-eshop.sk\/wp-content\/uploads\/2024\/07\/view-ikona-150x175.png 150w, https:\/\/revop-eshop.sk\/wp-content\/uploads\/2024\/07\/view-ikona-416x485.png 416w, https:\/\/revop-eshop.sk\/wp-content\/uploads\/2024\/07\/view-ikona-10x12.png 10w, https:\/\/revop-eshop.sk\/wp-content\/uploads\/2024\/07\/view-ikona.png 439w\" sizes=\"(max-width: 24px) 100vw, 24px\" \/><\/a><\/strong>\u00a0 <a href=\"https:\/\/revop-eshop.sk\/wp-content\/uploads\/2024\/08\/podlahovy-termostat.pdf\" target=\"_blank\" rel=\"noopener\">N\u00e1vod na obsluhu<\/a><\/h4>\n<h4><strong style=\"font-size: 16px;\"><a href=\"http:\/\/revop-eshop.sk\/wp-content\/uploads\/2024\/05\/Zasobnikove_ohrievace_vody_Vitocell.pdf\"><img decoding=\"async\" class=\"alignnone wp-image-4368\" src=\"http:\/\/revop-eshop.sk\/wp-content\/uploads\/2024\/07\/view-ikona-257x300.png\" alt=\"\" width=\"24\" height=\"28\" srcset=\"https:\/\/revop-eshop.sk\/wp-content\/uploads\/2024\/07\/view-ikona-257x300.png 257w, https:\/\/revop-eshop.sk\/wp-content\/uploads\/2024\/07\/view-ikona-150x175.png 150w, https:\/\/revop-eshop.sk\/wp-content\/uploads\/2024\/07\/view-ikona-416x485.png 416w, https:\/\/revop-eshop.sk\/wp-content\/uploads\/2024\/07\/view-ikona-10x12.png 10w, https:\/\/revop-eshop.sk\/wp-content\/uploads\/2024\/07\/view-ikona.png 439w\" sizes=\"(max-width: 24px) 100vw, 24px\" \/><\/a><\/strong>\u00a0 <a href=\"https:\/\/revop-eshop.sk\/wp-content\/uploads\/2024\/08\/podlahoy-termostat-vyhlasenie-o-.pdf\" target=\"_blank\" rel=\"noopener\">Vyhl\u00e1senie o shode<\/a><\/h4>\n","protected":false},"featured_media":5836,"comment_status":"open","ping_status":"closed","template":"","meta":{"jetpack_publicize_message":"","jetpack_publicize_feature_enabled":true,"jetpack_social_post_already_shared":false,"jetpack_social_options":{"image_generator_settings":{"template":"highway","default_image_id":0,"font":"","enabled":false},"version":2}},"product_brand":[],"product_cat":[856],"product_tag":[887,885,889,884,812,806,529,886,890,888],"class_list":{"0":"post-5833","1":"product","2":"type-product","3":"status-publish","4":"has-post-thumbnail","6":"product_cat-vicare-smart-hlavice-termostaty-a-zonova-regulacia","7":"product_tag-887","8":"product_tag-pre-podlahove","9":"product_tag-pripojovaci-modul","10":"product_tag-servopohon","11":"product_tag-smart","12":"product_tag-vicare","13":"product_tag-viessmann","14":"product_tag-vykurovanie","15":"product_tag-zk03838","16":"product_tag-znova-regulacia","18":"first","19":"instock","20":"taxable","21":"shipping-taxable","22":"purchasable","23":"product-type-simple"},"jetpack_publicize_connections":[],"jetpack_sharing_enabled":true,"_links":{"self":[{"href":"https:\/\/revop-eshop.sk\/index.php?rest_route=\/wp\/v2\/product\/5833","targetHints":{"allow":["GET"]}}],"collection":[{"href":"https:\/\/revop-eshop.sk\/index.php?rest_route=\/wp\/v2\/product"}],"about":[{"href":"https:\/\/revop-eshop.sk\/index.php?rest_route=\/wp\/v2\/types\/product"}],"replies":[{"embeddable":true,"href":"https:\/\/revop-eshop.sk\/index.php?rest_route=%2Fwp%2Fv2%2Fcomments&post=5833"}],"wp:featuredmedia":[{"embeddable":true,"href":"https:\/\/revop-eshop.sk\/index.php?rest_route=\/wp\/v2\/media\/5836"}],"wp:attachment":[{"href":"https:\/\/revop-eshop.sk\/index.php?rest_route=%2Fwp%2Fv2%2Fmedia&parent=5833"}],"wp:term":[{"taxonomy":"product_brand","embeddable":true,"href":"https:\/\/revop-eshop.sk\/index.php?rest_route=%2Fwp%2Fv2%2Fproduct_brand&post=5833"},{"taxonomy":"product_cat","embeddable":true,"href":"https:\/\/revop-eshop.sk\/index.php?rest_route=%2Fwp%2Fv2%2Fproduct_cat&post=5833"},{"taxonomy":"product_tag","embeddable":true,"href":"https:\/\/revop-eshop.sk\/index.php?rest_route=%2Fwp%2Fv2%2Fproduct_tag&post=5833"}],"curies":[{"name":"wp","href":"https:\/\/api.w.org\/{rel}","templated":true}]}}