{"id":5825,"date":"2024-08-23T15:10:14","date_gmt":"2024-08-23T13:10:14","guid":{"rendered":"https:\/\/revop-eshop.sk\/?post_type=product&#038;p=5825"},"modified":"2025-11-14T20:55:31","modified_gmt":"2025-11-14T19:55:31","slug":"viessmann-vicare-smart-klimasenzor-zk03839","status":"publish","type":"product","link":"https:\/\/revop-eshop.sk\/?product=viessmann-vicare-smart-klimasenzor-zk03839","title":{"rendered":"Viessmann ViCare Smart klimasenzor ZK03839"},"content":{"rendered":"\n<h4 class=\"wp-block-heading\"><strong>Viessmann ViCare Smart klimasenzor ZK03839<\/strong><\/h4>\n\n\n\n<p>Bat\u00e9riov\u00fd sn\u00edma\u010d teploty a vlhkosti na monitorovanie kl\u00edmy v miestnosti v spojen\u00ed s Vitoconnect. Klimatick\u00fd senzor ViCare zaznamen\u00e1va teplotu a relat\u00edvnu vlhkos\u0165 v miestnosti. Tieto hodnoty pren\u00e1\u0161a do Vitoconnect. V miestnostiach s radi\u00e1torov\u00fdm termostatom ViCare alebo podlahov\u00fdm termostatom ViCare je mo\u017en\u00e9 s klimatiza\u010dn\u00fdm senzorom ViCare presn\u00e9 individu\u00e1lne riadenie miestnosti.<\/p>\n\n\n\n<p><\/p>\n\n\n\n<ul class=\"wp-block-list\">\n<li>Klimatick\u00fd senzor ViCare zaznamen\u00e1va teplotu a relat\u00edvnu vlhkos\u0165 v miestnosti.<\/li>\n\n\n\n<li>V miestnostiach s radi\u00e1torov\u00fdm termostatom ViCare alebo podlahov\u00fdm termostatom ViCare je mo\u017en\u00e1 presn\u00e1 individu\u00e1lna regul\u00e1cia miestnosti pomocou klimatick\u00e9ho senzora ViCare.<\/li>\n<\/ul>\n\n\n\n<p><strong>Rozsah dod\u00e1vky:<\/strong><\/p>\n\n\n\n<ul class=\"wp-block-list\">\n<li>klimatick\u00fd senzor ViCare<\/li>\n\n\n\n<li>Bat\u00e9ria gomb\u00edkov\u00e1 CR2450, 600 mAh<\/li>\n\n\n\n<li>Mont\u00e1\u017eny materi\u00e1l pre mont\u00e1\u017e na stenu<\/li>\n<\/ul>\n\n\n\n<p><\/p>\n","protected":false},"excerpt":{"rendered":"<h4 class=\"c716 c1335\"><strong>Viessmann ViCare Smart klimasenzor ZK03839<\/strong><\/h4>\n<ul>\n<li>bat\u00e9ria CR2450, 600 mAh<\/li>\n<li>sn\u00edma\u010d kl\u00edmy ViCare<\/li>\n<\/ul>\n<h4><strong style=\"font-size: 16px;\"><a href=\"http:\/\/revop-eshop.sk\/wp-content\/uploads\/2024\/05\/Zasobnikove_ohrievace_vody_Vitocell.pdf\"><img decoding=\"async\" class=\"alignnone wp-image-4368\" src=\"http:\/\/revop-eshop.sk\/wp-content\/uploads\/2024\/07\/view-ikona-257x300.png\" alt=\"\" width=\"24\" height=\"28\" srcset=\"https:\/\/revop-eshop.sk\/wp-content\/uploads\/2024\/07\/view-ikona-257x300.png 257w, https:\/\/revop-eshop.sk\/wp-content\/uploads\/2024\/07\/view-ikona-150x175.png 150w, https:\/\/revop-eshop.sk\/wp-content\/uploads\/2024\/07\/view-ikona-416x485.png 416w, https:\/\/revop-eshop.sk\/wp-content\/uploads\/2024\/07\/view-ikona-10x12.png 10w, https:\/\/revop-eshop.sk\/wp-content\/uploads\/2024\/07\/view-ikona.png 439w\" sizes=\"(max-width: 24px) 100vw, 24px\" \/><\/a><\/strong>\u00a0 <a href=\"https:\/\/revop-eshop.sk\/wp-content\/uploads\/2024\/05\/Technicke-podklady.pdf\" target=\"_blank\" rel=\"noopener\">Technick\u00e9 podklady<\/a><\/h4>\n","protected":false},"featured_media":5826,"comment_status":"open","ping_status":"closed","template":"","meta":{"jetpack_publicize_message":"","jetpack_publicize_feature_enabled":true,"jetpack_social_post_already_shared":false,"jetpack_social_options":{"image_generator_settings":{"template":"highway","default_image_id":0,"font":"","enabled":false},"version":2}},"product_brand":[],"product_cat":[856],"product_tag":[798,882,812,806,529,807,883],"class_list":{"0":"post-5825","1":"product","2":"type-product","3":"status-publish","4":"has-post-thumbnail","6":"product_cat-vicare-smart-hlavice-termostaty-a-zonova-regulacia","7":"product_tag-bezdrotovy","8":"product_tag-klimasenzor","9":"product_tag-smart","10":"product_tag-vicare","11":"product_tag-viessmann","12":"product_tag-wifi","13":"product_tag-zk03839","15":"first","16":"instock","17":"taxable","18":"shipping-taxable","19":"purchasable","20":"product-type-simple"},"jetpack_publicize_connections":[],"jetpack_sharing_enabled":true,"_links":{"self":[{"href":"https:\/\/revop-eshop.sk\/index.php?rest_route=\/wp\/v2\/product\/5825","targetHints":{"allow":["GET"]}}],"collection":[{"href":"https:\/\/revop-eshop.sk\/index.php?rest_route=\/wp\/v2\/product"}],"about":[{"href":"https:\/\/revop-eshop.sk\/index.php?rest_route=\/wp\/v2\/types\/product"}],"replies":[{"embeddable":true,"href":"https:\/\/revop-eshop.sk\/index.php?rest_route=%2Fwp%2Fv2%2Fcomments&post=5825"}],"wp:featuredmedia":[{"embeddable":true,"href":"https:\/\/revop-eshop.sk\/index.php?rest_route=\/wp\/v2\/media\/5826"}],"wp:attachment":[{"href":"https:\/\/revop-eshop.sk\/index.php?rest_route=%2Fwp%2Fv2%2Fmedia&parent=5825"}],"wp:term":[{"taxonomy":"product_brand","embeddable":true,"href":"https:\/\/revop-eshop.sk\/index.php?rest_route=%2Fwp%2Fv2%2Fproduct_brand&post=5825"},{"taxonomy":"product_cat","embeddable":true,"href":"https:\/\/revop-eshop.sk\/index.php?rest_route=%2Fwp%2Fv2%2Fproduct_cat&post=5825"},{"taxonomy":"product_tag","embeddable":true,"href":"https:\/\/revop-eshop.sk\/index.php?rest_route=%2Fwp%2Fv2%2Fproduct_tag&post=5825"}],"curies":[{"name":"wp","href":"https:\/\/api.w.org\/{rel}","templated":true}]}}