{"id":5776,"date":"2024-08-22T12:24:27","date_gmt":"2024-08-22T10:24:27","guid":{"rendered":"https:\/\/revop-eshop.sk\/?post_type=product&#038;p=5776"},"modified":"2024-12-31T22:00:59","modified_gmt":"2024-12-31T21:00:59","slug":"interne-rozsirenie-h1","status":"publish","type":"product","link":"https:\/\/revop-eshop.sk\/?product=interne-rozsirenie-h1","title":{"rendered":"Intern\u00e9 roz\u0161\u00edrenie H1 &#8211; k Vitotronic"},"content":{"rendered":"\n<h4 class=\"wp-block-heading\">Intern\u00e9 roz\u0161\u00edrenie H1 typ Vitotronic 100\/200 HC1B\/HO2B\/KW6B Viessmann. 7498513<\/h4>\n","protected":false},"excerpt":{"rendered":"<h4><strong>Intern\u00e9 roz\u0161\u00edrenie H1 typ Vitotronic 100\/200 HC1B\/HO2B\/KW6B Viessmann.<\/strong><\/h4>\n<p>&nbsp;<\/p>\n","protected":false},"featured_media":5778,"comment_status":"open","ping_status":"closed","template":"","meta":{"jetpack_publicize_message":"","jetpack_publicize_feature_enabled":true,"jetpack_social_post_already_shared":false,"jetpack_social_options":{"image_generator_settings":{"template":"highway","default_image_id":0,"font":"","enabled":false},"version":2}},"product_brand":[],"product_cat":[627],"product_tag":[855,850,851,657,529,852],"class_list":{"0":"post-5776","1":"product","2":"type-product","3":"status-publish","4":"has-post-thumbnail","6":"product_cat-obehove-cerpadla-a-zostavy-cerpadlovych-skupin","7":"product_tag-855","8":"product_tag-doplnkova","9":"product_tag-doplnkova-sada-s-motorom","10":"product_tag-sada","11":"product_tag-viessmann","12":"product_tag-zmiesavaca","14":"first","15":"instock","16":"taxable","17":"shipping-taxable","18":"purchasable","19":"product-type-simple"},"jetpack_publicize_connections":[],"jetpack_sharing_enabled":true,"_links":{"self":[{"href":"https:\/\/revop-eshop.sk\/index.php?rest_route=\/wp\/v2\/product\/5776","targetHints":{"allow":["GET"]}}],"collection":[{"href":"https:\/\/revop-eshop.sk\/index.php?rest_route=\/wp\/v2\/product"}],"about":[{"href":"https:\/\/revop-eshop.sk\/index.php?rest_route=\/wp\/v2\/types\/product"}],"replies":[{"embeddable":true,"href":"https:\/\/revop-eshop.sk\/index.php?rest_route=%2Fwp%2Fv2%2Fcomments&post=5776"}],"wp:featuredmedia":[{"embeddable":true,"href":"https:\/\/revop-eshop.sk\/index.php?rest_route=\/wp\/v2\/media\/5778"}],"wp:attachment":[{"href":"https:\/\/revop-eshop.sk\/index.php?rest_route=%2Fwp%2Fv2%2Fmedia&parent=5776"}],"wp:term":[{"taxonomy":"product_brand","embeddable":true,"href":"https:\/\/revop-eshop.sk\/index.php?rest_route=%2Fwp%2Fv2%2Fproduct_brand&post=5776"},{"taxonomy":"product_cat","embeddable":true,"href":"https:\/\/revop-eshop.sk\/index.php?rest_route=%2Fwp%2Fv2%2Fproduct_cat&post=5776"},{"taxonomy":"product_tag","embeddable":true,"href":"https:\/\/revop-eshop.sk\/index.php?rest_route=%2Fwp%2Fv2%2Fproduct_tag&post=5776"}],"curies":[{"name":"wp","href":"https:\/\/api.w.org\/{rel}","templated":true}]}}