{"id":5741,"date":"2024-08-22T08:31:04","date_gmt":"2024-08-22T06:31:04","guid":{"rendered":"https:\/\/revop-eshop.sk\/?post_type=product&#038;p=5741"},"modified":"2024-12-31T22:05:53","modified_gmt":"2024-12-31T21:05:53","slug":"prilozny-termostat-pre-okruh-so-zmiesavacom","status":"publish","type":"product","link":"https:\/\/revop-eshop.sk\/?product=prilozny-termostat-pre-okruh-so-zmiesavacom","title":{"rendered":"Pr\u00edlo\u017en\u00fd termostat pre okruh so zmie\u0161ava\u010dom, 7151729"},"content":{"rendered":"\n<h4 class=\"wp-block-heading\"><strong>Pr\u00edlo\u017en\u00fd termostat pre okruh so zmie\u0161ava\u010dom 7151729<\/strong><\/h4>\n\n\n\n<ul class=\"wp-block-list\">\n<li>na obmedzenie max. teploty pre podlahov\u00e9 vykurovanie<\/li>\n\n\n\n<li>nastavite\u013en\u00fd rozsah tepl\u00f4t 30-110\u00b0C<\/li>\n<\/ul>\n\n\n\n<figure class=\"wp-block-image size-full\"><img decoding=\"async\" width=\"58\" height=\"33\" src=\"https:\/\/revop-eshop.sk\/wp-content\/uploads\/2024\/08\/image-1.png\" alt=\"\" class=\"wp-image-5739\" srcset=\"https:\/\/revop-eshop.sk\/wp-content\/uploads\/2024\/08\/image-1.png 58w, https:\/\/revop-eshop.sk\/wp-content\/uploads\/2024\/08\/image-1-18x10.png 18w\" sizes=\"(max-width: 58px) 100vw, 58px\" \/><\/figure>\n","protected":false},"excerpt":{"rendered":"<p><!-- wp:paragraph --><\/p>\n<h4><strong>Pr\u00edlo\u017en\u00fd termostat pre okruh so zmie\u0161ava\u010dom<\/strong><\/h4>\n<p><!-- \/wp:paragraph --><\/p>\n<p><!-- wp:list --><\/p>\n<ul class=\"wp-block-list\"><!-- wp:list-item --><\/p>\n<li>na obmedzenie max. teploty pre podlahov\u00e9 vykurovanie<\/li>\n<li>nastavite\u013en\u00fd rozsah tepl\u00f4t 30-110\u00b0C<\/li>\n<p><!-- \/wp:list-item --><\/ul>\n<p>&nbsp;<\/p>\n<p><!-- \/wp:list --><\/p>\n","protected":false},"featured_media":5740,"comment_status":"open","ping_status":"closed","template":"","meta":{"jetpack_publicize_message":"","jetpack_publicize_feature_enabled":true,"jetpack_social_post_already_shared":false,"jetpack_social_options":{"image_generator_settings":{"template":"highway","default_image_id":0,"font":"","enabled":false},"version":2}},"product_brand":[],"product_cat":[782],"product_tag":[829,828,827,826,825,796,529],"class_list":{"0":"post-5741","1":"product","2":"type-product","3":"status-publish","4":"has-post-thumbnail","6":"product_cat-regulacie-a-snimace","7":"product_tag-829","8":"product_tag-bez-zmiesavaca","9":"product_tag-priamy-okruh","10":"product_tag-prilozny","11":"product_tag-prilozny-termostat-pre-priamy-okruh-bez-zmiesavaca","12":"product_tag-termostat","13":"product_tag-viessmann","15":"first","16":"instock","17":"taxable","18":"shipping-taxable","19":"purchasable","20":"product-type-simple"},"jetpack_publicize_connections":[],"jetpack_sharing_enabled":true,"_links":{"self":[{"href":"https:\/\/revop-eshop.sk\/index.php?rest_route=\/wp\/v2\/product\/5741","targetHints":{"allow":["GET"]}}],"collection":[{"href":"https:\/\/revop-eshop.sk\/index.php?rest_route=\/wp\/v2\/product"}],"about":[{"href":"https:\/\/revop-eshop.sk\/index.php?rest_route=\/wp\/v2\/types\/product"}],"replies":[{"embeddable":true,"href":"https:\/\/revop-eshop.sk\/index.php?rest_route=%2Fwp%2Fv2%2Fcomments&post=5741"}],"wp:featuredmedia":[{"embeddable":true,"href":"https:\/\/revop-eshop.sk\/index.php?rest_route=\/wp\/v2\/media\/5740"}],"wp:attachment":[{"href":"https:\/\/revop-eshop.sk\/index.php?rest_route=%2Fwp%2Fv2%2Fmedia&parent=5741"}],"wp:term":[{"taxonomy":"product_brand","embeddable":true,"href":"https:\/\/revop-eshop.sk\/index.php?rest_route=%2Fwp%2Fv2%2Fproduct_brand&post=5741"},{"taxonomy":"product_cat","embeddable":true,"href":"https:\/\/revop-eshop.sk\/index.php?rest_route=%2Fwp%2Fv2%2Fproduct_cat&post=5741"},{"taxonomy":"product_tag","embeddable":true,"href":"https:\/\/revop-eshop.sk\/index.php?rest_route=%2Fwp%2Fv2%2Fproduct_tag&post=5741"}],"curies":[{"name":"wp","href":"https:\/\/api.w.org\/{rel}","templated":true}]}}