{"id":5709,"date":"2024-08-21T11:02:34","date_gmt":"2024-08-21T09:02:34","guid":{"rendered":"https:\/\/revop-eshop.sk\/?post_type=product&#038;p=5709"},"modified":"2025-10-30T19:08:36","modified_gmt":"2025-10-30T18:08:36","slug":"vitotrol-100-e-dvojbodovy","status":"publish","type":"product","link":"https:\/\/revop-eshop.sk\/?product=vitotrol-100-e-dvojbodovy","title":{"rendered":"Vitotrol 100-E &#8211; dvojbodov\u00fd, 7949932"},"content":{"rendered":"\n<h4 class=\"wp-block-heading\"><strong>Smart bezdr\u00f4tov\u00fd termostat Vitotrol 100-E<\/strong> &#8211; dvojbodov\u00fd<\/h4>\n\n\n\n<p>Vitotrol 100-E je r\u00e1diov\u00e9 dia\u013ekov\u00e9 ovl\u00e1danie nap\u00e1jan\u00e9 bat\u00e9riami s integrovan\u00fdm sn\u00edma\u010dom teploty v miestnosti a osvetlen\u00fdm displejom. Bezdr\u00f4tovo komunikuje s kotlami prostredn\u00edctvom n\u00edzkov\u00fdkonn\u00e9ho r\u00e1dia a m\u00f4\u017ee by\u0165 nain\u0161talovan\u00fd v akomko\u013evek obytnom priestore.<\/p>\n\n\n\n<p><strong>Ovl\u00e1danie zapnutie\/vypnutie: umo\u017e\u0148uje u\u017eivate\u013eovi plne kontrolova\u0165 teplotu v miestnosti.<\/strong><\/p>\n\n\n\n<p><strong>Vlastnosti produktu<\/strong><\/p>\n\n\n\n<ul class=\"wp-block-list\">\n<li>Podsvieten\u00fd displej na zobrazenie teploty v miestnosti, \u010dasu a prev\u00e1dzkov\u00fdch stavov<\/li>\n\n\n\n<li>Na ovl\u00e1danie jedn\u00e9ho vykurovacieho okruhu a pr\u00edpravy teplej vody*<\/li>\n\n\n\n<li>Prednastavenie a\u017e 3 po\u017eadovan\u00fdch hodn\u00f4t teploty v miestnosti (zn\u00ed\u017een\u00e1, norm\u00e1lna, komfortn\u00e1), ako aj po\u017eadovanej hodnoty teploty teplej vody*<\/li>\n\n\n\n<li>\u010casov\u00e9 programy pre vykurovanie a pr\u00edpravu teplej vody* (s denn\u00fdm a t\u00fd\u017edenn\u00fdm programom)<\/li>\n\n\n\n<li>K\u00f3dovan\u00e9 r\u00e1diov\u00e9 spojenie s kotlom v p\u00e1sme 2,4 GHz s n\u00edzkym v\u00fdkonom<\/li>\n\n\n\n<li>Mo\u017enos\u0165 automatickej aktualiz\u00e1cie softv\u00e9ru<\/li>\n\n\n\n<li>Ve\u013emi jednoduch\u00e1 in\u0161tal\u00e1cia: nie s\u00fa potrebn\u00e9 \u017eiadne k\u00e1ble<\/li>\n\n\n\n<li>K dispoz\u00edcii v 2 verzi\u00e1ch na podporu nasleduj\u00facich tried \u00fa\u010dinnosti:<br>\u2013 Modulovan\u00e1 regul\u00e1cia teploty v miestnosti (sp\u013a\u0148a \u00farove\u0148 ErP 5)<br>\u2013 Regul\u00e1cia izbovej teploty zapnut\u00edm\/vypnut\u00edm (sp\u013a\u0148a \u00farove\u0148 ErP 4)<\/li>\n\n\n\n<li>Mo\u017enos\u0165 pripojenia viacer\u00fdch zariaden\u00ed Vitotrol 100-E na jednu in\u0161tal\u00e1ciu (jedno dia\u013ekov\u00e9 ovl\u00e1danie na vykurovac\u00ed okruh).*<\/li>\n<\/ul>\n\n\n\n<p>* Pokia\u013e to syst\u00e9m podporuje<\/p>\n\n\n\n<p><strong>Dod\u00e1vka<\/strong><\/p>\n\n\n\n<ul class=\"wp-block-list\">\n<li>Vitotrol 100-E na pripojenie ku kotlu<\/li>\n\n\n\n<li>Sada na mont\u00e1\u017e na stenu (skrutky a hmo\u017edinky)<\/li>\n\n\n\n<li>2 x 1,5 V bat\u00e9rie (typ AA)<\/li>\n\n\n\n<li>In\u0161trukcia na in\u0161tal\u00e1ciu<\/li>\n\n\n\n<li>Aktiva\u010dn\u00e1 karta vr\u00e1tane aktiva\u010dn\u00e9ho k\u00f3du na odblokovanie triedy \u00fa\u010dinnosti<\/li>\n<\/ul>\n\n\n\n<p>Komunik\u00e1cia<\/p>\n\n\n\n<ul class=\"wp-block-list\">\n<li>R\u00e1diov\u00e9 spojenie s kotlom v p\u00e1sme 2,4 GHz s n\u00edzkym v\u00fdkonom<\/li>\n<\/ul>\n\n\n\n<p><strong>Podporovan\u00e9 zariadenia<\/strong><\/p>\n\n\n\n<p>N\u00e1stenn\u00e9 plynov\u00e9 kondenza\u010dn\u00e9 kotly Viessmann<\/p>\n\n\n\n<ul class=\"wp-block-list\">\n<li>Vitodens 050 W (verzia 2)<\/li>\n\n\n\n<li>Vitodens 100-W<\/li>\n\n\n\n<li>Vitodens 111-W<\/li>\n\n\n\n<li>Vitodens 111-F<\/li>\n\n\n\n<li>Vitodens 141-F<\/li>\n<\/ul>\n\n\n\n<h2 class=\"wp-block-heading\">Majte to na pam\u00e4ti<\/h2>\n\n\n\n<ul class=\"wp-block-list\">\n<li>In\u0161tal\u00e1ciu termostatu by mal vykona\u0165 kvalifikovan\u00fd servisn\u00fd technik<\/li>\n\n\n\n<li>Nezodpoved\u00e1me za \u017eiadne \u0161kody sp\u00f4soben\u00e9 pri neodbornej mont\u00e1\u017ei<\/li>\n\n\n\n<li>Ak nem\u00e1te sk\u00fasenosti s v\u00fdmenou, alebo zapojen\u00edm termostatu odpor\u00fa\u010dame V\u00e1m sa poradi\u0165 s na\u0161\u00edm technikom<\/li>\n\n\n\n<li>Pred objednan\u00edm sa porad\u0165e s na\u0161\u00edm technikom  pre spr\u00e1vnos\u0165 v\u00fdberu a kompatibility s va\u0161\u00edm nain\u0161talovan\u00fdm zariaden\u00edm<\/li>\n<\/ul>\n","protected":false},"excerpt":{"rendered":"<p>&nbsp;<\/p>\n<p><img fetchpriority=\"high\" decoding=\"async\" class=\"alignnone wp-image-5708 size-full\" src=\"https:\/\/revop-eshop.sk\/wp-content\/uploads\/2024\/08\/Snimka-obrazovky-2024-08-21-102410.jpg\" alt=\"\" width=\"451\" height=\"261\" srcset=\"https:\/\/revop-eshop.sk\/wp-content\/uploads\/2024\/08\/Snimka-obrazovky-2024-08-21-102410.jpg 451w, https:\/\/revop-eshop.sk\/wp-content\/uploads\/2024\/08\/Snimka-obrazovky-2024-08-21-102410-300x174.jpg 300w, https:\/\/revop-eshop.sk\/wp-content\/uploads\/2024\/08\/Snimka-obrazovky-2024-08-21-102410-18x10.jpg 18w, https:\/\/revop-eshop.sk\/wp-content\/uploads\/2024\/08\/Snimka-obrazovky-2024-08-21-102410-200x116.jpg 200w, https:\/\/revop-eshop.sk\/wp-content\/uploads\/2024\/08\/Snimka-obrazovky-2024-08-21-102410-441x255.jpg 441w, https:\/\/revop-eshop.sk\/wp-content\/uploads\/2024\/08\/Snimka-obrazovky-2024-08-21-102410-150x87.jpg 150w\" sizes=\"(max-width: 451px) 100vw, 451px\" \/><\/p>\n<h4><strong style=\"font-size: 16px;\"><a href=\"http:\/\/revop-eshop.sk\/wp-content\/uploads\/2024\/05\/Zasobnikove_ohrievace_vody_Vitocell.pdf\"><img decoding=\"async\" class=\"alignnone wp-image-4368\" src=\"http:\/\/revop-eshop.sk\/wp-content\/uploads\/2024\/07\/view-ikona-257x300.png\" alt=\"\" width=\"24\" height=\"28\" srcset=\"https:\/\/revop-eshop.sk\/wp-content\/uploads\/2024\/07\/view-ikona-257x300.png 257w, https:\/\/revop-eshop.sk\/wp-content\/uploads\/2024\/07\/view-ikona-150x175.png 150w, https:\/\/revop-eshop.sk\/wp-content\/uploads\/2024\/07\/view-ikona-416x485.png 416w, https:\/\/revop-eshop.sk\/wp-content\/uploads\/2024\/07\/view-ikona-10x12.png 10w, https:\/\/revop-eshop.sk\/wp-content\/uploads\/2024\/07\/view-ikona.png 439w\" sizes=\"(max-width: 24px) 100vw, 24px\" \/><\/a><\/strong> \u00a0<a href=\"https:\/\/revop-eshop.sk\/wp-content\/uploads\/2024\/08\/vitotrol-100-E.pdf\" target=\"_blank\" rel=\"noopener\">N\u00e1vod<\/a><\/h4>\n<h4><strong style=\"font-size: 16px;\"><a href=\"http:\/\/revop-eshop.sk\/wp-content\/uploads\/2024\/05\/Zasobnikove_ohrievace_vody_Vitocell.pdf\"><img decoding=\"async\" class=\"alignnone wp-image-4368\" src=\"http:\/\/revop-eshop.sk\/wp-content\/uploads\/2024\/07\/view-ikona-257x300.png\" alt=\"\" width=\"24\" height=\"28\" srcset=\"https:\/\/revop-eshop.sk\/wp-content\/uploads\/2024\/07\/view-ikona-257x300.png 257w, https:\/\/revop-eshop.sk\/wp-content\/uploads\/2024\/07\/view-ikona-150x175.png 150w, https:\/\/revop-eshop.sk\/wp-content\/uploads\/2024\/07\/view-ikona-416x485.png 416w, https:\/\/revop-eshop.sk\/wp-content\/uploads\/2024\/07\/view-ikona-10x12.png 10w, https:\/\/revop-eshop.sk\/wp-content\/uploads\/2024\/07\/view-ikona.png 439w\" sizes=\"(max-width: 24px) 100vw, 24px\" \/><\/a><\/strong> \u00a0<a href=\"https:\/\/revop-eshop.sk\/wp-content\/uploads\/2025\/10\/Strucny-navod-100-E.pdf\" target=\"_blank\" rel=\"noopener\">Stru\u010dn\u00fd n\u00e1vod na obsluhu<\/a><\/h4>\n<h4><i class=\"fas fa-photo-video \" ><\/i>\u00a0 \u00a0<a href=\"https:\/\/revop-eshop.sk\/wp-content\/uploads\/2024\/08\/How-to-use-Viessmann-Vitotrol-100-E-Remote-Control.mp4\" target=\"_blank\" rel=\"noopener\"> Video\u00a0<\/a><\/h4>\n<h4><i class=\"fas fa-photo-video \" ><\/i>\u00a0 \u00a0<a href=\"https:\/\/revop-eshop.sk\/wp-content\/uploads\/2024\/08\/viessmannvitotrol100eBratislavaSenec_out.mp4\" target=\"_blank\" rel=\"noopener\"> Video\u00a0<\/a><\/h4>\n<p>&nbsp;<\/p>\n","protected":false},"featured_media":5703,"comment_status":"open","ping_status":"closed","template":"","meta":{"jetpack_publicize_message":"","jetpack_publicize_feature_enabled":true,"jetpack_social_post_already_shared":false,"jetpack_social_options":{"image_generator_settings":{"template":"highway","default_image_id":0,"font":"","enabled":false},"version":2}},"product_brand":[],"product_cat":[782],"product_tag":[808,811,798,802,812,796,529,791,807],"class_list":{"0":"post-5709","1":"product","2":"type-product","3":"status-publish","4":"has-post-thumbnail","6":"product_cat-regulacie-a-snimace","7":"product_tag-100-e","8":"product_tag-811","9":"product_tag-bezdrotovy","10":"product_tag-dvojbodovy","11":"product_tag-smart","12":"product_tag-termostat","13":"product_tag-viessmann","14":"product_tag-vitotrol","15":"product_tag-wifi","17":"first","18":"instock","19":"taxable","20":"shipping-taxable","21":"purchasable","22":"product-type-simple"},"jetpack_publicize_connections":[],"jetpack_sharing_enabled":true,"_links":{"self":[{"href":"https:\/\/revop-eshop.sk\/index.php?rest_route=\/wp\/v2\/product\/5709","targetHints":{"allow":["GET"]}}],"collection":[{"href":"https:\/\/revop-eshop.sk\/index.php?rest_route=\/wp\/v2\/product"}],"about":[{"href":"https:\/\/revop-eshop.sk\/index.php?rest_route=\/wp\/v2\/types\/product"}],"replies":[{"embeddable":true,"href":"https:\/\/revop-eshop.sk\/index.php?rest_route=%2Fwp%2Fv2%2Fcomments&post=5709"}],"wp:featuredmedia":[{"embeddable":true,"href":"https:\/\/revop-eshop.sk\/index.php?rest_route=\/wp\/v2\/media\/5703"}],"wp:attachment":[{"href":"https:\/\/revop-eshop.sk\/index.php?rest_route=%2Fwp%2Fv2%2Fmedia&parent=5709"}],"wp:term":[{"taxonomy":"product_brand","embeddable":true,"href":"https:\/\/revop-eshop.sk\/index.php?rest_route=%2Fwp%2Fv2%2Fproduct_brand&post=5709"},{"taxonomy":"product_cat","embeddable":true,"href":"https:\/\/revop-eshop.sk\/index.php?rest_route=%2Fwp%2Fv2%2Fproduct_cat&post=5709"},{"taxonomy":"product_tag","embeddable":true,"href":"https:\/\/revop-eshop.sk\/index.php?rest_route=%2Fwp%2Fv2%2Fproduct_tag&post=5709"}],"curies":[{"name":"wp","href":"https:\/\/api.w.org\/{rel}","templated":true}]}}