{"id":5683,"date":"2024-08-20T11:11:30","date_gmt":"2024-08-20T09:11:30","guid":{"rendered":"https:\/\/revop-eshop.sk\/?post_type=product&#038;p=5683"},"modified":"2026-04-14T14:47:48","modified_gmt":"2026-04-14T12:47:48","slug":"vicare-termostat-modulacny","status":"publish","type":"product","link":"https:\/\/revop-eshop.sk\/?product=vicare-termostat-modulacny","title":{"rendered":"ViCare termostat \u2013 modula\u010dn\u00fd, ZK05991"},"content":{"rendered":"\n<h4 class=\"wp-block-heading\"><strong>VIESSMANN ViCare termostat\u00a0\u2013 modula\u010dn\u00fd<\/strong><\/h4>\n\n\n\n<ul class=\"wp-block-list\">\n<li>Smart termostat s modul\u00e1ciou v\u00fdkonu kotla<\/li>\n\n\n\n<li>bez mo\u017enosti pou\u017eitia sn\u00edma\u010da vonkaj\u0161ej teploty<\/li>\n<\/ul>\n\n\n\n<p><strong>APLIK\u00c1CIA ViCare<\/strong><\/p>\n\n\n\n<p>N\u00e1stenn\u00e9 plynov\u00e9 kondenza\u010dn\u00e9 kotly Vitodens s novou elektronickou platformou maj\u00fa integrovan\u00e9 WiFi rozhranie.To umo\u017e\u0148uje pod\u013ea potreby priame pripojenie na internet. Prostredn\u00edctvom aplik\u00e1cie ViCare je obsluha vykurovania celkom jednoduch\u00e1 a intuit\u00edvna. Vytv\u00e1ra prepojenie k digit\u00e1lnemu servisu a je v priamom kontakte s lok\u00e1lnym odborn\u00fdm partnerom.<\/p>\n\n\n\n<p><strong>ViCare<\/strong>&nbsp;na po\u017eiadanie vyu\u017e\u00edva GPS funkciu mobiln\u00e9ho telef\u00f3nu a tak rozpozn\u00e1 vzdialenos\u0165 od vykurovacieho telesa. Ak sa nastaven\u00e1 vzdialenos\u0165 prekro\u010d\u00ed, teplota v miestnosti sa automaticky zn\u00ed\u017ei. Syst\u00e9m m\u00f4\u017eete doplni\u0165 aj o termostat ViCare a tak si vychutn\u00e1va\u0165 e\u0161te v\u00e4\u010d\u0161ie pohodlie a efekt\u00edvnos\u0165.<\/p>\n\n\n\n<p><strong>Aplik\u00e1cia pon\u00faka nasleduj\u00face funkcie:<\/strong><\/p>\n\n\n\n<figure class=\"wp-block-image\"><img decoding=\"async\" src=\"https:\/\/cdn.myshoptet.com\/usr\/www.atria.sk\/user\/documents\/wysiwyg\/Image\/AplikciaViCare.png\" alt=\"\"\/><\/figure>\n\n\n\n<p>\u25cf&nbsp; M\u00e1te preh\u013ead o stave cel\u00e9ho syst\u00e9mu v re\u00e1lnom \u010dase.<\/p>\n\n\n\n<p>\u25cf&nbsp; Pohybom prsta si zvol\u00edte po\u017eadovan\u00fa izbov\u00fa teplotu.<\/p>\n\n\n\n<p>\u25cf&nbsp; Nastav\u00edte si po\u017eadovan\u00fa teplotu teplej vody.<\/p>\n\n\n\n<p>\u25cf&nbsp; Pomocou asistenta doby vykurovania si viete nastavi\u0165 v nieko\u013ek\u00fdch krokoch sp\u00ednacie \u010dasy pre vykurovanie a tepl\u00fa vodu.<\/p>\n\n\n\n<p>\u25cf&nbsp; Zobrazenie aktu\u00e1lnej vonkaj\u0161ej teploty.<\/p>\n\n\n\n<p>\u25cf&nbsp; Zobrazenie hist\u00f3rie tepl\u00f4t za posledn\u00fdch nieko\u013eko dn\u00ed.<\/p>\n\n\n\n<p><strong>Aplik\u00e1cia ViCare<\/strong>&nbsp;v\u00e1m poskytuje preh\u013ead o aktu\u00e1lnom prev\u00e1dzkovom stave syst\u00e9mu vykurovania. To v\u00e1m poskytuje bezpe\u010dnos\u0165 a rob\u00ed pre v\u00e1s v\u0161etko predv\u00eddate\u013enej\u0161\u00edm.V\u010faka tomu si m\u00f4\u017eete naprogramova\u0165 r\u00f4zne sp\u00ednacie \u010dasy pre ka\u017ed\u00fd de\u0148 pod\u013ea va\u0161ej potreby.&nbsp;<\/p>\n\n\n\n<p>Okrem toho je mo\u017en\u00e9 v aplik\u00e1cii zvoli\u0165&nbsp;<strong>norm\u00e1lny<\/strong>&nbsp;alebo&nbsp;<strong>p\u00e1rty-re\u017eim<\/strong>. P\u00e1rty-re\u017eim v\u00e1m vie pred\u013a\u017ei\u0165 dobu vykurovania, ke\u010f m\u00e1te dlh\u0161iu oslavu s hos\u0165ami a chcete udr\u017eiava\u0165 dlh\u0161ie teplo. K dispoz\u00edcii je tie\u017e r<strong>e\u017eim \u00faspory r\u00fdchlej vo\u013eby<\/strong>. Zni\u017euje teplotu ke\u010f ste mimo domu. Nehovoriac o jednor\u00e1zovom nab\u00edjan\u00ed hor\u00facej vody, ak si chcete vzia\u0165 dlh\u00fd k\u00fape\u013e.&nbsp;<\/p>\n\n\n\n<p>Norm\u00e1lny a p\u00e1rty-re\u017eim je k dispoz\u00edcii pre u\u017e\u00edvate\u013eov so zariaden\u00edm&nbsp;<strong>Android<\/strong>&nbsp;aj&nbsp;<strong>Apple<\/strong>. Uvedomte si, \u017ee regul\u00e1cia v\u00e1\u0161ho vykurovacieho syst\u00e9mu mus\u00ed podporova\u0165 t\u00fato funkciu.&nbsp;<\/p>\n\n\n\n<p><strong>Aktu\u00e1lny stav zariadenia a priame spojenie so sk\u00fasen\u00fdm odborn\u00edkom&nbsp;<\/strong><\/p>\n\n\n\n<p>Okrem toho aplik\u00e1cia ViCare pon\u00faka automatick\u00e9 spr\u00e1vy s aktu\u00e1lnym popisom stavu v\u00e1\u0161ho zariadenia. T\u00fdmto sp\u00f4sobom viete v\u010das identifikova\u0165, \u010di existuje probl\u00e9m alebo \u010di je v\u0161etko v poriadku. Podobne m\u00e1te prostredn\u00edctvom aplik\u00e1cie ViCare priamu linku pre odborn\u00e9ho partnera, len \u010do sa objav\u00ed spr\u00e1va na vykurovacom zariaden\u00ed.&nbsp;&nbsp;<\/p>\n\n\n\n<p>Mo\u017en\u00e9 chybov\u00e9 hl\u00e1senia s\u00fa \u013eahko rozpoznate\u013en\u00e9. Preto\u017ee aplik\u00e1cia ViCare funguje porstredn\u00edctvom syst\u00e9mu semaf\u00f3rov:&nbsp;<\/p>\n\n\n\n<p><strong>\u25cf Zelen\u00e1:&nbsp;V\u0161etko je v poriadku.<\/strong><\/p>\n\n\n\n<p><strong>\u25cf \u017dlt\u00e1:&nbsp;<\/strong><strong>Je potrebn\u00e1 \u00fadr\u017eba.<\/strong><\/p>\n\n\n\n<p><strong>\u25cf \u010cerven\u00e1:&nbsp;Vyskytol sa probl\u00e9m.<\/strong><\/p>\n\n\n\n<p>Ak je pole \u010derven\u00e9, automaticky sa zobraz\u00ed kontakt na odborn\u00e9ho partnera. Na t\u00fato funkciu sta\u010d\u00ed vybra\u0165 len \u00fadaje vybran\u00e9ho odborn\u00e9ho partnera a ulo\u017ei\u0165 ich do aplik\u00e1cie. \u010eal\u0161ou mo\u017enos\u0165ou je pripojenie odborn\u00e9ho partnera priamo na vykurovac\u00ed syst\u00e9m. Vy\u017eaduje si to servisn\u00e9 povolenie. M\u00f4\u017eete tak urobi\u0165 iba dvoma kliknutiami. Toto umo\u017e\u0148uje odborn\u00e9mu partnerovi v\u010das odhali\u0165 poruchy a pr\u00edpadne ich dokonca opravi\u0165 na dia\u013eku alebo pr\u00eds\u0165 k v\u00e1m so spr\u00e1vnymi n\u00e1hradn\u00fdmi dielmi.&nbsp;<\/p>\n\n\n\n<p><strong>In\u0161tal\u00e1cia aplik\u00e1cie ViCare<\/strong><\/p>\n\n\n\n<p>In\u0161tal\u00e1cia aplik\u00e1cie ViCare je jednoduch\u0161ia ako si mysl\u00edte.&nbsp;<\/p>\n\n\n\n<figure class=\"wp-block-image\"><img decoding=\"async\" src=\"https:\/\/cdn.myshoptet.com\/usr\/www.atria.sk\/user\/documents\/wysiwyg\/Image\/IntalcieaplikcieViCare.png\" alt=\"\"\/><\/figure>\n\n\n\n<p><strong>Platia tieto predpoklady:<\/strong><\/p>\n\n\n\n<p>\u25cf&nbsp; Pripojenie na internet (\u010dasov\u00fd a objemovo nez\u00e1visl\u00fd d\u00e1tov\u00fd pau\u0161\u00e1l).<\/p>\n\n\n\n<p>\u25cf&nbsp; Smartf\u00f3ny s opera\u010dn\u00fdm syst\u00e9mom Apple iOS alebo Google Android (aktu\u00e1lnu verziu je potrebn\u00e9 stiahnu\u0165 z pr\u00edslu\u0161n\u00e9ho obchodu).<\/p>\n\n\n\n<p>\u25cf&nbsp; Internetov\u00e9 rozhranie Viessmann Vitoconnect 100, typ OPTO 1.<\/p>\n\n\n\n<p>\u25cf&nbsp; Plynov\u00e9 zariadenia Viessmann, namontovan\u00e9 od roku 2004, tepeln\u00e9 \u010derpadl\u00e1 namontovan\u00e9 od roku 2010 a vykurovacie zariadenia na pevn\u00e9 paliv\u00e1 namontovan\u00e9 od roku 2016. Presn\u00e9 inform\u00e1cie ku kompatibilite z\u00edskate u v\u00e1\u0161ho autorizovan\u00e9ho odborn\u00e9ho partnera.&nbsp;<\/p>\n\n\n\n<p>Po nain\u0161talovan\u00ed syst\u00e9mu ViCare a jeho uvo\u013enen\u00ed, bude odborn\u00fd partner na z\u00e1klade v\u00e1\u0161ho v\u00fdberu schopn\u00fd dohliada\u0165 na v\u00e1\u0161 syst\u00e9m pomocou aplik\u00e1cie Vitoguide.&nbsp;<\/p>\n","protected":false},"excerpt":{"rendered":"<h4 class=\"c716 c1335\"><strong>VIESSMANN ViCare termostat \u2013 modula\u010dn\u00fd, ZK05991<\/strong><\/h4>\n<ul>\n<li>Smart bezdr\u00f4tov\u00fd termostat termostat s modul\u00e1ciou v\u00fdkonu kotla<\/li>\n<li>bez mo\u017enosti pou\u017eitia sn\u00edma\u010da vonkaj\u0161ej teploty<\/li>\n<li>pre kotly Viessmann Vitodens 050-W, 1xx-W\/F<\/li>\n<\/ul>\n<h4><strong style=\"font-size: 16px;\"><a href=\"http:\/\/revop-eshop.sk\/wp-content\/uploads\/2024\/05\/Zasobnikove_ohrievace_vody_Vitocell.pdf\"><img decoding=\"async\" class=\"alignnone wp-image-4368\" src=\"http:\/\/revop-eshop.sk\/wp-content\/uploads\/2024\/07\/view-ikona-257x300.png\" alt=\"\" width=\"24\" height=\"28\" srcset=\"https:\/\/revop-eshop.sk\/wp-content\/uploads\/2024\/07\/view-ikona-257x300.png 257w, https:\/\/revop-eshop.sk\/wp-content\/uploads\/2024\/07\/view-ikona-150x175.png 150w, https:\/\/revop-eshop.sk\/wp-content\/uploads\/2024\/07\/view-ikona-416x485.png 416w, https:\/\/revop-eshop.sk\/wp-content\/uploads\/2024\/07\/view-ikona-10x12.png 10w, https:\/\/revop-eshop.sk\/wp-content\/uploads\/2024\/07\/view-ikona.png 439w\" sizes=\"(max-width: 24px) 100vw, 24px\" \/><\/a><\/strong> \u00a0<a href=\"https:\/\/revop-eshop.sk\/wp-content\/uploads\/2024\/10\/vicare-navod.en_.sk_.pdf\" target=\"_blank\" rel=\"noopener\">N\u00e1vod<\/a><\/h4>\n<h4><strong style=\"font-size: 16px;\"><a href=\"http:\/\/revop-eshop.sk\/wp-content\/uploads\/2024\/05\/Zasobnikove_ohrievace_vody_Vitocell.pdf\"><img decoding=\"async\" class=\"alignnone wp-image-4368\" src=\"http:\/\/revop-eshop.sk\/wp-content\/uploads\/2024\/07\/view-ikona-257x300.png\" alt=\"\" width=\"24\" height=\"28\" srcset=\"https:\/\/revop-eshop.sk\/wp-content\/uploads\/2024\/07\/view-ikona-257x300.png 257w, https:\/\/revop-eshop.sk\/wp-content\/uploads\/2024\/07\/view-ikona-150x175.png 150w, https:\/\/revop-eshop.sk\/wp-content\/uploads\/2024\/07\/view-ikona-416x485.png 416w, https:\/\/revop-eshop.sk\/wp-content\/uploads\/2024\/07\/view-ikona-10x12.png 10w, https:\/\/revop-eshop.sk\/wp-content\/uploads\/2024\/07\/view-ikona.png 439w\" sizes=\"(max-width: 24px) 100vw, 24px\" \/><\/a><\/strong> \u00a0<a href=\"https:\/\/revop-eshop.sk\/wp-content\/uploads\/2024\/08\/vicare-instala.pdf\" target=\"_blank\" rel=\"noopener\">Postup in\u0161tal\u00e1cie termostatu<\/a><\/h4>\n<h4><i class=\"fas fa-photo-video \" ><\/i>\u00a0 \u00a0<a href=\"https:\/\/revop-eshop.sk\/wp-content\/uploads\/2024\/08\/ViCare-Thermostat-basic-commissioning.mp4\" target=\"_blank\" rel=\"noopener\"> Video\u00a0<\/a><\/h4>\n<p>&nbsp;<\/p>\n","protected":false},"featured_media":5678,"comment_status":"open","ping_status":"closed","template":"","meta":{"jetpack_publicize_message":"","jetpack_publicize_feature_enabled":true,"jetpack_social_post_already_shared":false,"jetpack_social_options":{"image_generator_settings":{"template":"highway","default_image_id":0,"font":"","enabled":false},"version":2}},"product_brand":[],"product_cat":[856],"product_tag":[798,806,804,529,807,805],"class_list":{"0":"post-5683","1":"product","2":"type-product","3":"status-publish","4":"has-post-thumbnail","6":"product_cat-vicare-smart-hlavice-termostaty-a-zonova-regulacia","7":"product_tag-bezdrotovy","8":"product_tag-vicare","9":"product_tag-vicare-termostat-dvojbodovy","10":"product_tag-viessmann","11":"product_tag-wifi","12":"product_tag-zk05990","14":"first","15":"instock","16":"taxable","17":"shipping-taxable","18":"purchasable","19":"product-type-simple"},"jetpack_publicize_connections":[],"jetpack_sharing_enabled":true,"_links":{"self":[{"href":"https:\/\/revop-eshop.sk\/index.php?rest_route=\/wp\/v2\/product\/5683","targetHints":{"allow":["GET"]}}],"collection":[{"href":"https:\/\/revop-eshop.sk\/index.php?rest_route=\/wp\/v2\/product"}],"about":[{"href":"https:\/\/revop-eshop.sk\/index.php?rest_route=\/wp\/v2\/types\/product"}],"replies":[{"embeddable":true,"href":"https:\/\/revop-eshop.sk\/index.php?rest_route=%2Fwp%2Fv2%2Fcomments&post=5683"}],"wp:featuredmedia":[{"embeddable":true,"href":"https:\/\/revop-eshop.sk\/index.php?rest_route=\/wp\/v2\/media\/5678"}],"wp:attachment":[{"href":"https:\/\/revop-eshop.sk\/index.php?rest_route=%2Fwp%2Fv2%2Fmedia&parent=5683"}],"wp:term":[{"taxonomy":"product_brand","embeddable":true,"href":"https:\/\/revop-eshop.sk\/index.php?rest_route=%2Fwp%2Fv2%2Fproduct_brand&post=5683"},{"taxonomy":"product_cat","embeddable":true,"href":"https:\/\/revop-eshop.sk\/index.php?rest_route=%2Fwp%2Fv2%2Fproduct_cat&post=5683"},{"taxonomy":"product_tag","embeddable":true,"href":"https:\/\/revop-eshop.sk\/index.php?rest_route=%2Fwp%2Fv2%2Fproduct_tag&post=5683"}],"curies":[{"name":"wp","href":"https:\/\/api.w.org\/{rel}","templated":true}]}}