{"id":5595,"date":"2024-08-19T16:20:13","date_gmt":"2024-08-19T14:20:13","guid":{"rendered":"https:\/\/revop-eshop.sk\/?post_type=product&#038;p=5595"},"modified":"2025-12-01T18:53:45","modified_gmt":"2025-12-01T17:53:45","slug":"priama-cerpadlova-skupina-gda211-dn25","status":"publish","type":"product","link":"https:\/\/revop-eshop.sk\/?product=priama-cerpadlova-skupina-gda211-dn25","title":{"rendered":"Priama \u010derpadlov\u00e1 skupina GDA211 DN25"},"content":{"rendered":"\n<p><strong>Priama \u010derpadlov\u00e1 skupina GDA211 DN25<\/strong><\/p>\n\n\n\n<p>Skupiny s priamou dod\u00e1vkou sl\u00fa\u017eia na priamy rozvod energie vo vykurovac\u00edch syst\u00e9moch, to znamen\u00e1, \u017ee vykurovacia voda sa priv\u00e1dza do vykurovacieho telesa s rovnakou teplotou, s ni\u017e\u0161ie op\u00fa\u0161\u0165a zdroj tepla. Skupiny sa pou\u017e\u00edvaj\u00fa v syst\u00e9moch, kde zdroj tepla reguluje teplotu vykurovacej vody, napr. ekvitermick\u00e1 regul\u00e1cia \u2013 v tom pr\u00edpade nie je potrebn\u00e9 \u017eiadne \u010fal\u0161ie zmie\u0161avanie \/ regul\u00e1cia vykurovacej vody. Skupiny mo\u017eno tie\u017e pou\u017ei\u0165, pokia\u013e sa m\u00e1 vykurovacia voda \u201eprepravi\u0165\u201c do akumula\u010dnej n\u00e1dr\u017ee, alebo pre distrib\u00faciu vykurovacej vody vo v\u00e4\u010d\u0161\u00edch syst\u00e9moch (takzvan\u00fdch centr\u00e1lnych distribu\u010dn\u00fdch \u010derpadlov\u00fdch skupin\u00e1ch).<\/p>\n\n\n\n<p>\u010eal\u0161ou oblas\u0165ou pou\u017eitia skupiny s priamou dod\u00e1vkou je ohrev pitnej vody v kombin\u00e1cii s n\u00e1dr\u017eou pitnej vody vybaven\u00fa vykurovacou cievkou alebo pri rie\u0161en\u00ed n\u00e1dr\u017e v n\u00e1dr\u017ei. Jednotky s\u00fa vybaven\u00e9 dvoma uzatv\u00e1rac\u00edmi ventilmi s farebne odl\u00ed\u0161en\u00fdmi teplomermi, jedn\u00fdm uzatv\u00e1rac\u00edm ventilom umiestnen\u00fdm priamo pod \u010derpadlom, jedn\u00fdm sp\u00e4tn\u00fdm ventilom umiestnen\u00fdm pod vratn\u00fdm potrub\u00edm z vykurovacieho okruhu a prvotriednym izola\u010dn\u00fdm pl\u00e1\u0161\u0165om. Pri projektovan\u00ed obehov\u00fdch jednotiek sa v ESBE zamerali na v\u00fdkon, u\u017e\u00edvate\u013esk\u00fa pr\u00edvetivos\u0165, \u017eivotn\u00e9 prostredie a kon\u0161trukciu. To plat\u00ed pre v\u0161etko, od v\u00fdroby cez materi\u00e1ly a\u017e po balenie.<\/p>\n\n\n\n<p><strong>Technick\u00e9 parametre:<\/strong><\/p>\n\n\n\n<figure class=\"wp-block-table is-style-stripes\"><table><tbody><tr><td>Nap\u00e1janie<\/td><td>230 VAC<\/td><\/tr><tr><td>Pr\u00edkon<\/td><td>3-43 W<\/td><\/tr><tr><td>Pracovn\u00fd tlak<\/td><td> 1,0 MPa<\/td><\/tr><tr><td>Teplotn\u00fd\u00a0rozsah m\u00e9dia<\/td><td>5\u00b0C&#8230;100\u00b0C<\/td><\/tr><tr><td>Okolit\u00e1 pr\u00edpustn\u00e1 teplota min.<\/td><td>0&#8230;58 \u00b0C<\/td><\/tr><tr><td>Typ \u010derpadla<\/td><td>Wilo<\/td><\/tr><tr><td>Vstavan\u00fd servopohon<\/td><td>Nie<\/td><\/tr><tr><td>Ve\u013ekos\u0165<\/td><td>DN25<\/td><\/tr><tr><td>Stupe\u0148 krytia<\/td><td>IP x4D<\/td><\/tr><tr><td>Hmotnos\u0165<\/td><td>5.35 kg<\/td><\/tr><\/tbody><\/table><\/figure>\n","protected":false},"excerpt":{"rendered":"<p>+ R\u00fdchlomont\u00e1\u017ena sada\u00a0 GDA\u00a0 DN 25.<\/p>\n<p>+ Integrovan\u00e9 \u010derpadlo Wilo Para 25\/6. +<\/p>\n<p>+ Dr\u017eiaky na stenu v rozsahu dod\u00e1vky rozde\u013eova\u010dov, hydraulick\u00fdch v\u00fdhybok.<\/p>\n<h4><strong style=\"font-size: 16px;\"><a href=\"http:\/\/revop-eshop.sk\/wp-content\/uploads\/2024\/05\/Zasobnikove_ohrievace_vody_Vitocell.pdf\"><img decoding=\"async\" class=\"alignnone wp-image-4368\" src=\"http:\/\/revop-eshop.sk\/wp-content\/uploads\/2024\/07\/view-ikona-257x300.png\" alt=\"\" width=\"24\" height=\"28\" srcset=\"https:\/\/revop-eshop.sk\/wp-content\/uploads\/2024\/07\/view-ikona-257x300.png 257w, https:\/\/revop-eshop.sk\/wp-content\/uploads\/2024\/07\/view-ikona-150x175.png 150w, https:\/\/revop-eshop.sk\/wp-content\/uploads\/2024\/07\/view-ikona-416x485.png 416w, https:\/\/revop-eshop.sk\/wp-content\/uploads\/2024\/07\/view-ikona-10x12.png 10w, https:\/\/revop-eshop.sk\/wp-content\/uploads\/2024\/07\/view-ikona.png 439w\" sizes=\"(max-width: 24px) 100vw, 24px\" \/><\/a><\/strong> <a href=\"https:\/\/revop-eshop.sk\/wp-content\/uploads\/2024\/08\/src_gdxx00_en_b_lr.pdf\" target=\"_blank\" rel=\"noopener\">Technick\u00fd list<\/a><\/h4>\n<h4><strong style=\"font-size: 16px;\"><a href=\"http:\/\/revop-eshop.sk\/wp-content\/uploads\/2024\/05\/Zasobnikove_ohrievace_vody_Vitocell.pdf\"><img decoding=\"async\" class=\"alignnone wp-image-4368\" src=\"http:\/\/revop-eshop.sk\/wp-content\/uploads\/2024\/07\/view-ikona-257x300.png\" alt=\"\" width=\"24\" height=\"28\" srcset=\"https:\/\/revop-eshop.sk\/wp-content\/uploads\/2024\/07\/view-ikona-257x300.png 257w, https:\/\/revop-eshop.sk\/wp-content\/uploads\/2024\/07\/view-ikona-150x175.png 150w, https:\/\/revop-eshop.sk\/wp-content\/uploads\/2024\/07\/view-ikona-416x485.png 416w, https:\/\/revop-eshop.sk\/wp-content\/uploads\/2024\/07\/view-ikona-10x12.png 10w, https:\/\/revop-eshop.sk\/wp-content\/uploads\/2024\/07\/view-ikona.png 439w\" sizes=\"(max-width: 24px) 100vw, 24px\" \/><\/a><\/strong> <a href=\"https:\/\/revop-eshop.sk\/wp-content\/uploads\/2024\/08\/src_anv_circulation_unit_dn25_dn32_98141121_vers_a_lr.pdf\" target=\"_blank\" rel=\"noopener\">N\u00e1vod na mont\u00e1\u017e<\/a><\/h4>\n<h4><strong style=\"font-size: 16px;\"><a href=\"http:\/\/revop-eshop.sk\/wp-content\/uploads\/2024\/05\/Zasobnikove_ohrievace_vody_Vitocell.pdf\"><img decoding=\"async\" class=\"alignnone wp-image-4368\" src=\"http:\/\/revop-eshop.sk\/wp-content\/uploads\/2024\/07\/view-ikona-257x300.png\" alt=\"\" width=\"24\" height=\"28\" srcset=\"https:\/\/revop-eshop.sk\/wp-content\/uploads\/2024\/07\/view-ikona-257x300.png 257w, https:\/\/revop-eshop.sk\/wp-content\/uploads\/2024\/07\/view-ikona-150x175.png 150w, https:\/\/revop-eshop.sk\/wp-content\/uploads\/2024\/07\/view-ikona-416x485.png 416w, https:\/\/revop-eshop.sk\/wp-content\/uploads\/2024\/07\/view-ikona-10x12.png 10w, https:\/\/revop-eshop.sk\/wp-content\/uploads\/2024\/07\/view-ikona.png 439w\" sizes=\"(max-width: 24px) 100vw, 24px\" \/><\/a><\/strong> <a href=\"https:\/\/revop-eshop.sk\/wp-content\/uploads\/2024\/08\/src_anv_wilo_para_sca_4533832_2020_08.pdf\" target=\"_blank\" rel=\"noopener\">N\u00e1vod na mont\u00e1\u017e<\/a><\/h4>\n<p>&nbsp;<\/p>\n","protected":false},"featured_media":5599,"comment_status":"open","ping_status":"closed","template":"","meta":{"jetpack_publicize_message":"","jetpack_publicize_feature_enabled":true,"jetpack_social_post_already_shared":false,"jetpack_social_options":{"image_generator_settings":{"template":"highway","default_image_id":0,"font":"","enabled":false},"version":2}},"product_brand":[],"product_cat":[627],"product_tag":[651,633,645,648,650,465,647,643,649],"class_list":{"0":"post-5595","1":"product","2":"type-product","3":"status-publish","4":"has-post-thumbnail","6":"product_cat-obehove-cerpadla-a-zostavy-cerpadlovych-skupin","7":"product_tag-2-6","8":"product_tag-cerpadlova","9":"product_tag-dn25","10":"product_tag-gda211","11":"product_tag-para","12":"product_tag-priama","13":"product_tag-priama-cerpadlova-skupina-gda211-dn25","14":"product_tag-skupina","15":"product_tag-wilo","17":"first","18":"instock","19":"taxable","20":"shipping-taxable","21":"purchasable","22":"product-type-simple"},"jetpack_publicize_connections":[],"jetpack_sharing_enabled":true,"_links":{"self":[{"href":"https:\/\/revop-eshop.sk\/index.php?rest_route=\/wp\/v2\/product\/5595","targetHints":{"allow":["GET"]}}],"collection":[{"href":"https:\/\/revop-eshop.sk\/index.php?rest_route=\/wp\/v2\/product"}],"about":[{"href":"https:\/\/revop-eshop.sk\/index.php?rest_route=\/wp\/v2\/types\/product"}],"replies":[{"embeddable":true,"href":"https:\/\/revop-eshop.sk\/index.php?rest_route=%2Fwp%2Fv2%2Fcomments&post=5595"}],"wp:featuredmedia":[{"embeddable":true,"href":"https:\/\/revop-eshop.sk\/index.php?rest_route=\/wp\/v2\/media\/5599"}],"wp:attachment":[{"href":"https:\/\/revop-eshop.sk\/index.php?rest_route=%2Fwp%2Fv2%2Fmedia&parent=5595"}],"wp:term":[{"taxonomy":"product_brand","embeddable":true,"href":"https:\/\/revop-eshop.sk\/index.php?rest_route=%2Fwp%2Fv2%2Fproduct_brand&post=5595"},{"taxonomy":"product_cat","embeddable":true,"href":"https:\/\/revop-eshop.sk\/index.php?rest_route=%2Fwp%2Fv2%2Fproduct_cat&post=5595"},{"taxonomy":"product_tag","embeddable":true,"href":"https:\/\/revop-eshop.sk\/index.php?rest_route=%2Fwp%2Fv2%2Fproduct_tag&post=5595"}],"curies":[{"name":"wp","href":"https:\/\/api.w.org\/{rel}","templated":true}]}}