{"id":3675,"date":"2024-06-18T07:43:44","date_gmt":"2024-06-18T05:43:44","guid":{"rendered":"https:\/\/www.revopsro.sk\/?post_type=product&#038;p=3675"},"modified":"2026-04-16T14:58:22","modified_gmt":"2026-04-16T12:58:22","slug":"obluk-koleno-90-vn-vo-35mm-balenie-5-ks-2","status":"publish","type":"product","link":"https:\/\/revop-eshop.sk\/?product=obluk-koleno-90-vn-vo-35mm-balenie-5-ks-2","title":{"rendered":"Obl\u00fak 90\u00b0 vn\/vo &#8211; 35mm, balenie 5 ks"},"content":{"rendered":"<p style=\"text-align: left;\"><strong>Lisovacia uhl\u00edkov\u00e1 oce\u013e\u00a0 pre vykurovacie syst\u00e9my, sprinklerov\u00e9 trvalo zavodnen\u00e9 syst\u00e9my, tlakov\u00fd such\u00fd vzduch, sol\u00e1rne syst\u00e9my, inertn\u00e9 plyny a priemyseln\u00e9 k\u00farenia, pre najpou\u017e\u00edvanej\u0161\u00ed typ \u010de\u013eust\u00ed &#8220;V&#8221;.<\/strong><\/p>\n<p>&nbsp;<\/p>\n<p>+ materi\u00e1l: uhl\u00edkov\u00e1 pozinkovan\u00e1 oce\u013e, O-kr\u00fa\u017eok EPDM<\/p>\n<p>+ Vykurovanie pod\u013ea DIN EN 12828<br \/>\n+ M\u00e9dium vykurovacia voda\u00a0 pod\u013ea VDI 2035-1<br \/>\n+ Nie je ur\u010den\u00e9 pre pitn\u00fa vodu<br \/>\n+ Lisovacie \u010de\u013euste V<\/p>\n<p>&nbsp;<\/p>\n","protected":false},"excerpt":{"rendered":"<p>\u20ac 9.96 s DPH ( cena za 1 ks )<\/p>\n<p>&nbsp;<\/p>\n","protected":false},"featured_media":4196,"comment_status":"open","ping_status":"closed","template":"","meta":{"jetpack_publicize_message":"","jetpack_publicize_feature_enabled":true,"jetpack_social_post_already_shared":false,"jetpack_social_options":{"image_generator_settings":{"template":"highway","default_image_id":0,"font":"","enabled":false},"version":2}},"product_brand":[],"product_cat":[581],"product_tag":[185,2842,268,290,363,378,399,418,521,538],"class_list":{"0":"post-3675","1":"product","2":"type-product","3":"status-publish","4":"has-post-thumbnail","6":"product_cat-obluk-90-vn-vo","7":"product_tag-35mm","8":"product_tag-2842","9":"product_tag-268","10":"product_tag-balenie-5-ks","11":"product_tag-fiting","12":"product_tag-koleno","13":"product_tag-lisovaci","14":"product_tag-obluk","15":"product_tag-uhlikova-ocel","16":"product_tag-vn-vo","18":"first","19":"instock","20":"taxable","21":"shipping-taxable","22":"purchasable","23":"product-type-simple"},"jetpack_publicize_connections":[],"jetpack_sharing_enabled":true,"_links":{"self":[{"href":"https:\/\/revop-eshop.sk\/index.php?rest_route=\/wp\/v2\/product\/3675","targetHints":{"allow":["GET"]}}],"collection":[{"href":"https:\/\/revop-eshop.sk\/index.php?rest_route=\/wp\/v2\/product"}],"about":[{"href":"https:\/\/revop-eshop.sk\/index.php?rest_route=\/wp\/v2\/types\/product"}],"replies":[{"embeddable":true,"href":"https:\/\/revop-eshop.sk\/index.php?rest_route=%2Fwp%2Fv2%2Fcomments&post=3675"}],"wp:featuredmedia":[{"embeddable":true,"href":"https:\/\/revop-eshop.sk\/index.php?rest_route=\/wp\/v2\/media\/4196"}],"wp:attachment":[{"href":"https:\/\/revop-eshop.sk\/index.php?rest_route=%2Fwp%2Fv2%2Fmedia&parent=3675"}],"wp:term":[{"taxonomy":"product_brand","embeddable":true,"href":"https:\/\/revop-eshop.sk\/index.php?rest_route=%2Fwp%2Fv2%2Fproduct_brand&post=3675"},{"taxonomy":"product_cat","embeddable":true,"href":"https:\/\/revop-eshop.sk\/index.php?rest_route=%2Fwp%2Fv2%2Fproduct_cat&post=3675"},{"taxonomy":"product_tag","embeddable":true,"href":"https:\/\/revop-eshop.sk\/index.php?rest_route=%2Fwp%2Fv2%2Fproduct_tag&post=3675"}],"curies":[{"name":"wp","href":"https:\/\/api.w.org\/{rel}","templated":true}]}}