{"id":3532,"date":"2024-06-13T13:33:35","date_gmt":"2024-06-13T11:33:35","guid":{"rendered":"https:\/\/www.revopsro.sk\/?post_type=product&#038;p=3532"},"modified":"2025-01-01T02:41:41","modified_gmt":"2025-01-01T01:41:41","slug":"t-kus-revizny-horiz-s-odvodom-biely-plast","status":"publish","type":"product","link":"https:\/\/revop-eshop.sk\/?product=t-kus-revizny-horiz-s-odvodom-biely-plast","title":{"rendered":"T-kus rev\u00edzny horizont\u00e1lny biely plast"},"content":{"rendered":"<p><strong>T-kus horizont\u00e1lny DN100 rev\u00edzny s tesnen\u00edm<\/strong><\/p>\n<p><b>Materi\u00e1l:\u00a0<\/b>biely plast<\/p>\n<p><strong>Rev\u00edzny otvor:<\/strong>\u00a0skrutkovacia z\u00e1tka<\/p>\n","protected":false},"excerpt":{"rendered":"<p>T-kus horizont\u00e1lny DN100 rev\u00edzny s tesnen\u00edm Materi\u00e1l:\u00a0biely plast Rev\u00edzny otvor:\u00a0skrutkovacia z\u00e1tka<\/p>\n","protected":false},"featured_media":4097,"comment_status":"open","ping_status":"closed","template":"","meta":{"jetpack_publicize_message":"","jetpack_publicize_feature_enabled":true,"jetpack_social_post_already_shared":false,"jetpack_social_options":{"image_generator_settings":{"template":"highway","default_image_id":0,"font":"","enabled":false},"version":2}},"product_brand":[],"product_cat":[557],"product_tag":[299,316,321,327,333,367,425,476,512],"class_list":{"0":"post-3532","1":"product","2":"type-product","3":"status-publish","4":"has-post-thumbnail","6":"product_cat-biely-plast","7":"product_tag-biely","8":"product_tag-dn100","9":"product_tag-dn110","10":"product_tag-dn125","11":"product_tag-dn160","12":"product_tag-horiz","13":"product_tag-plast","14":"product_tag-revizny","15":"product_tag-t-kus","17":"first","18":"instock","19":"taxable","20":"shipping-taxable","21":"purchasable","22":"product-type-variable"},"jetpack_publicize_connections":[],"jetpack_sharing_enabled":true,"_links":{"self":[{"href":"https:\/\/revop-eshop.sk\/index.php?rest_route=\/wp\/v2\/product\/3532","targetHints":{"allow":["GET"]}}],"collection":[{"href":"https:\/\/revop-eshop.sk\/index.php?rest_route=\/wp\/v2\/product"}],"about":[{"href":"https:\/\/revop-eshop.sk\/index.php?rest_route=\/wp\/v2\/types\/product"}],"replies":[{"embeddable":true,"href":"https:\/\/revop-eshop.sk\/index.php?rest_route=%2Fwp%2Fv2%2Fcomments&post=3532"}],"wp:featuredmedia":[{"embeddable":true,"href":"https:\/\/revop-eshop.sk\/index.php?rest_route=\/wp\/v2\/media\/4097"}],"wp:attachment":[{"href":"https:\/\/revop-eshop.sk\/index.php?rest_route=%2Fwp%2Fv2%2Fmedia&parent=3532"}],"wp:term":[{"taxonomy":"product_brand","embeddable":true,"href":"https:\/\/revop-eshop.sk\/index.php?rest_route=%2Fwp%2Fv2%2Fproduct_brand&post=3532"},{"taxonomy":"product_cat","embeddable":true,"href":"https:\/\/revop-eshop.sk\/index.php?rest_route=%2Fwp%2Fv2%2Fproduct_cat&post=3532"},{"taxonomy":"product_tag","embeddable":true,"href":"https:\/\/revop-eshop.sk\/index.php?rest_route=%2Fwp%2Fv2%2Fproduct_tag&post=3532"}],"curies":[{"name":"wp","href":"https:\/\/api.w.org\/{rel}","templated":true}]}}