{"id":3492,"date":"2024-06-13T12:59:22","date_gmt":"2024-06-13T10:59:22","guid":{"rendered":"https:\/\/www.revopsro.sk\/?post_type=product&#038;p=3492"},"modified":"2025-01-01T02:31:11","modified_gmt":"2025-01-01T01:31:11","slug":"koleno-patkove-polohovatelne-biely-plast","status":"publish","type":"product","link":"https:\/\/revop-eshop.sk\/?product=koleno-patkove-polohovatelne-biely-plast","title":{"rendered":"Koleno p\u00e4tkov\u00e9 polohovate\u013en\u00e9 biely plast"},"content":{"rendered":"<p><strong>Koleno p\u00e4tkov\u00e9 nastrkovacie s tesnen\u00edm a mo\u017enos\u0165ou posunu po konzole<\/strong><\/p>\n<p><strong>Materi\u00e1l:\u00a0<\/strong>biely plast+hlin\u00edk<\/p>\n","protected":false},"excerpt":{"rendered":"<p>Koleno p\u00e4tkov\u00e9 nastrkovacie s tesnen\u00edm a mo\u017enos\u0165ou posunu po konzole Materi\u00e1l:\u00a0biely plast+hlin\u00edk<\/p>\n","protected":false},"featured_media":4101,"comment_status":"open","ping_status":"closed","template":"","meta":{"jetpack_publicize_message":"","jetpack_publicize_feature_enabled":true,"jetpack_social_post_already_shared":false,"jetpack_social_options":{"image_generator_settings":{"template":"highway","default_image_id":0,"font":"","enabled":false},"version":2}},"product_brand":[],"product_cat":[557],"product_tag":[266,299,316,321,327,333,337,339,346,378,423,425,444],"class_list":{"0":"post-3492","1":"product","2":"type-product","3":"status-publish","4":"has-post-thumbnail","6":"product_cat-biely-plast","7":"product_tag-266","8":"product_tag-biely","9":"product_tag-dn100","10":"product_tag-dn110","11":"product_tag-dn125","12":"product_tag-dn160","13":"product_tag-dn200","14":"product_tag-dn60","15":"product_tag-dn80","16":"product_tag-koleno","17":"product_tag-patkove","18":"product_tag-plast","19":"product_tag-polohovatelne","21":"first","22":"instock","23":"taxable","24":"shipping-taxable","25":"purchasable","26":"product-type-variable"},"jetpack_publicize_connections":[],"jetpack_sharing_enabled":true,"_links":{"self":[{"href":"https:\/\/revop-eshop.sk\/index.php?rest_route=\/wp\/v2\/product\/3492","targetHints":{"allow":["GET"]}}],"collection":[{"href":"https:\/\/revop-eshop.sk\/index.php?rest_route=\/wp\/v2\/product"}],"about":[{"href":"https:\/\/revop-eshop.sk\/index.php?rest_route=\/wp\/v2\/types\/product"}],"replies":[{"embeddable":true,"href":"https:\/\/revop-eshop.sk\/index.php?rest_route=%2Fwp%2Fv2%2Fcomments&post=3492"}],"wp:featuredmedia":[{"embeddable":true,"href":"https:\/\/revop-eshop.sk\/index.php?rest_route=\/wp\/v2\/media\/4101"}],"wp:attachment":[{"href":"https:\/\/revop-eshop.sk\/index.php?rest_route=%2Fwp%2Fv2%2Fmedia&parent=3492"}],"wp:term":[{"taxonomy":"product_brand","embeddable":true,"href":"https:\/\/revop-eshop.sk\/index.php?rest_route=%2Fwp%2Fv2%2Fproduct_brand&post=3492"},{"taxonomy":"product_cat","embeddable":true,"href":"https:\/\/revop-eshop.sk\/index.php?rest_route=%2Fwp%2Fv2%2Fproduct_cat&post=3492"},{"taxonomy":"product_tag","embeddable":true,"href":"https:\/\/revop-eshop.sk\/index.php?rest_route=%2Fwp%2Fv2%2Fproduct_tag&post=3492"}],"curies":[{"name":"wp","href":"https:\/\/api.w.org\/{rel}","templated":true}]}}