{"id":3280,"date":"2024-06-10T20:31:07","date_gmt":"2024-06-10T18:31:07","guid":{"rendered":"https:\/\/www.revopsro.sk\/?post_type=product&#038;p=3280"},"modified":"2025-01-01T01:36:53","modified_gmt":"2025-01-01T00:36:53","slug":"t-kus-koax-s-kond-uzaverom-80-125-pp-al","status":"publish","type":"product","link":"https:\/\/revop-eshop.sk\/?product=t-kus-koax-s-kond-uzaverom-80-125-pp-al","title":{"rendered":"T-kus koax.s kond. uz\u00e1verom 80\/125 PP\/AL"},"content":{"rendered":"<p><strong>T-kus koaxi\u00e1lny PP80\/125 s tesneniami a uz\u00e1verom na odvod kondenzu z v\u00fdfuku DN80<\/strong><\/p>\n<p><b>Povrchov\u00e1 \u00faprava:\u00a0<\/b>lakovan\u00fd \/ biely<\/p>\n<p><b>Materi\u00e1l:\u00a0 <\/b>plast \/ hlin\u00edk<\/p>\n","protected":false},"excerpt":{"rendered":"<p>T-kus koaxi\u00e1lny PP80\/125 s tesneniami a uz\u00e1verom na odvod kondenzu z v\u00fdfuku DN80 Povrchov\u00e1 \u00faprava:\u00a0lakovan\u00fd \/ biely Materi\u00e1l:\u00a0 plast \/ hlin\u00edk<\/p>\n","protected":false},"featured_media":4069,"comment_status":"open","ping_status":"closed","template":"","meta":{"jetpack_publicize_message":"","jetpack_publicize_feature_enabled":true,"jetpack_social_post_already_shared":false,"jetpack_social_options":{"image_generator_settings":{"template":"highway","default_image_id":0,"font":"","enabled":false},"version":2}},"product_brand":[],"product_cat":[587],"product_tag":[251,297,373,380,387,448,488,512],"class_list":{"0":"post-3280","1":"product","2":"type-product","3":"status-publish","4":"has-post-thumbnail","6":"product_cat-pp80-125-al","7":"product_tag-80-125","8":"product_tag-biela","9":"product_tag-koaxialna","10":"product_tag-komin","11":"product_tag-kond","12":"product_tag-pp-al","13":"product_tag-s-kond-uzaverom","14":"product_tag-t-kus","16":"first","17":"instock","18":"taxable","19":"shipping-taxable","20":"purchasable","21":"product-type-simple"},"jetpack_publicize_connections":[],"jetpack_sharing_enabled":true,"_links":{"self":[{"href":"https:\/\/revop-eshop.sk\/index.php?rest_route=\/wp\/v2\/product\/3280","targetHints":{"allow":["GET"]}}],"collection":[{"href":"https:\/\/revop-eshop.sk\/index.php?rest_route=\/wp\/v2\/product"}],"about":[{"href":"https:\/\/revop-eshop.sk\/index.php?rest_route=\/wp\/v2\/types\/product"}],"replies":[{"embeddable":true,"href":"https:\/\/revop-eshop.sk\/index.php?rest_route=%2Fwp%2Fv2%2Fcomments&post=3280"}],"wp:featuredmedia":[{"embeddable":true,"href":"https:\/\/revop-eshop.sk\/index.php?rest_route=\/wp\/v2\/media\/4069"}],"wp:attachment":[{"href":"https:\/\/revop-eshop.sk\/index.php?rest_route=%2Fwp%2Fv2%2Fmedia&parent=3280"}],"wp:term":[{"taxonomy":"product_brand","embeddable":true,"href":"https:\/\/revop-eshop.sk\/index.php?rest_route=%2Fwp%2Fv2%2Fproduct_brand&post=3280"},{"taxonomy":"product_cat","embeddable":true,"href":"https:\/\/revop-eshop.sk\/index.php?rest_route=%2Fwp%2Fv2%2Fproduct_cat&post=3280"},{"taxonomy":"product_tag","embeddable":true,"href":"https:\/\/revop-eshop.sk\/index.php?rest_route=%2Fwp%2Fv2%2Fproduct_tag&post=3280"}],"curies":[{"name":"wp","href":"https:\/\/api.w.org\/{rel}","templated":true}]}}