{"id":3215,"date":"2024-06-10T14:40:22","date_gmt":"2024-06-10T12:40:22","guid":{"rendered":"https:\/\/www.revopsro.sk\/?post_type=product&#038;p=3215"},"modified":"2025-01-01T01:31:24","modified_gmt":"2025-01-01T00:31:24","slug":"revizny-kus-koax-60-100-250-pp-al-s-dvierkami","status":"publish","type":"product","link":"https:\/\/revop-eshop.sk\/?product=revizny-kus-koax-60-100-250-pp-al-s-dvierkami","title":{"rendered":"Rev\u00edzny kus koax. 60\/100\/250 PP\/AL s dvierkami"},"content":{"rendered":"<p><b>Rev\u00edzny kus koaxi\u00e1lny s dvierkami PP60\/100RS s tesneniami<\/b><\/p>\n<p><b>Materi\u00e1l:<\/b>plast\u00a0\/ hlin\u00edk<\/p>\n<p><b>Povrchov\u00e1 \u00faprava:\u00a0<\/b>lakovan\u00fd \/ biely<\/p>\n<p><strong>Rev\u00edzny otvor:<\/strong>\u00a0dvierka na sponu \/ skrutka-mot\u00fdlik<\/p>\n<p><strong>Video:<\/strong><\/p>\n<div style=\"width: 1170px;\" class=\"wp-video\"><video class=\"wp-video-shortcode\" id=\"video-3215-1\" width=\"1170\" height=\"658\" preload=\"metadata\" controls=\"controls\"><source type=\"video\/mp4\" src=\"https:\/\/revop-eshop.sk\/wp-content\/uploads\/2024\/08\/yt5s.io-INSPECTION-ELEMENT-O60_100-for-condensing-boilers.mp4?_=1\" \/><a href=\"https:\/\/revop-eshop.sk\/wp-content\/uploads\/2024\/08\/yt5s.io-INSPECTION-ELEMENT-O60_100-for-condensing-boilers.mp4\">https:\/\/revop-eshop.sk\/wp-content\/uploads\/2024\/08\/yt5s.io-INSPECTION-ELEMENT-O60_100-for-condensing-boilers.mp4<\/a><\/video><\/div>\n","protected":false},"excerpt":{"rendered":"<p>Rev\u00edzny kus koaxi\u00e1lny s dvierkami PP60\/100RS s tesneniami Materi\u00e1l:plast\u00a0\/ hlin\u00edk Povrchov\u00e1 \u00faprava:\u00a0lakovan\u00fd \/ biely Rev\u00edzny otvor:\u00a0dvierka na sponu \/ skrutka-mot\u00fdlik Video:<\/p>\n","protected":false},"featured_media":4076,"comment_status":"open","ping_status":"closed","template":"","meta":{"jetpack_publicize_message":"","jetpack_publicize_feature_enabled":true,"jetpack_social_post_already_shared":false,"jetpack_social_options":{"image_generator_settings":{"template":"highway","default_image_id":0,"font":"","enabled":false},"version":2}},"product_brand":[],"product_cat":[586],"product_tag":[239,297,372,374,380,396,448,476,485],"class_list":{"0":"post-3215","1":"product","2":"type-product","3":"status-publish","4":"has-post-thumbnail","6":"product_cat-pp60-100-al-koaxialny-dymovod","7":"product_tag-60-100-250","8":"product_tag-biela","9":"product_tag-koax","10":"product_tag-koaxialne","11":"product_tag-komin","12":"product_tag-kus","13":"product_tag-pp-al","14":"product_tag-revizny","15":"product_tag-s-dvierkami","17":"first","18":"instock","19":"taxable","20":"shipping-taxable","21":"purchasable","22":"product-type-simple"},"jetpack_publicize_connections":[],"jetpack_sharing_enabled":true,"_links":{"self":[{"href":"https:\/\/revop-eshop.sk\/index.php?rest_route=\/wp\/v2\/product\/3215","targetHints":{"allow":["GET"]}}],"collection":[{"href":"https:\/\/revop-eshop.sk\/index.php?rest_route=\/wp\/v2\/product"}],"about":[{"href":"https:\/\/revop-eshop.sk\/index.php?rest_route=\/wp\/v2\/types\/product"}],"replies":[{"embeddable":true,"href":"https:\/\/revop-eshop.sk\/index.php?rest_route=%2Fwp%2Fv2%2Fcomments&post=3215"}],"wp:featuredmedia":[{"embeddable":true,"href":"https:\/\/revop-eshop.sk\/index.php?rest_route=\/wp\/v2\/media\/4076"}],"wp:attachment":[{"href":"https:\/\/revop-eshop.sk\/index.php?rest_route=%2Fwp%2Fv2%2Fmedia&parent=3215"}],"wp:term":[{"taxonomy":"product_brand","embeddable":true,"href":"https:\/\/revop-eshop.sk\/index.php?rest_route=%2Fwp%2Fv2%2Fproduct_brand&post=3215"},{"taxonomy":"product_cat","embeddable":true,"href":"https:\/\/revop-eshop.sk\/index.php?rest_route=%2Fwp%2Fv2%2Fproduct_cat&post=3215"},{"taxonomy":"product_tag","embeddable":true,"href":"https:\/\/revop-eshop.sk\/index.php?rest_route=%2Fwp%2Fv2%2Fproduct_tag&post=3215"}],"curies":[{"name":"wp","href":"https:\/\/api.w.org\/{rel}","templated":true}]}}