{"id":3164,"date":"2024-06-10T13:42:52","date_gmt":"2024-06-10T11:42:52","guid":{"rendered":"https:\/\/www.revopsro.sk\/?post_type=product&#038;p=3164"},"modified":"2025-01-01T01:23:08","modified_gmt":"2025-01-01T00:23:08","slug":"kryt-komina-lakovany-al","status":"publish","type":"product","link":"https:\/\/revop-eshop.sk\/?product=kryt-komina-lakovany-al","title":{"rendered":"Kryt kom\u00edna lakovan\u00fd AL"},"content":{"rendered":"<p><strong>Kryt kom\u00edna\u00a0s prechodovou r\u00farou\u00a0<\/strong><\/p>\n<p><strong>Materi\u00e1l:<\/strong>\u00a0hlin\u00edk, lakovan\u00fd, biely<\/p>\n<p><strong>Rozmer platne:<\/strong>\u00a0250x250mm<\/p>\n","protected":false},"excerpt":{"rendered":"<p>Kryt kom\u00edna\u00a0s prechodovou r\u00farou\u00a0 Materi\u00e1l:\u00a0hlin\u00edk, lakovan\u00fd, biely Rozmer platne:\u00a0250x250mm<\/p>\n","protected":false},"featured_media":4051,"comment_status":"open","ping_status":"closed","template":"","meta":{"jetpack_publicize_message":"","jetpack_publicize_feature_enabled":true,"jetpack_social_post_already_shared":false,"jetpack_social_options":{"image_generator_settings":{"template":"highway","default_image_id":0,"font":"","enabled":false},"version":2}},"product_brand":[],"product_cat":[587,384,586],"product_tag":[271,299,316,327,346,366,380,381,395,398],"class_list":{"0":"post-3164","1":"product","2":"type-product","3":"status-publish","4":"has-post-thumbnail","6":"product_cat-pp80-125-al","7":"product_cat-kominy-plastove-a-nerezove-hlavice-a-prechody-strechou","8":"product_cat-pp60-100-al-koaxialny-dymovod","9":"product_tag-al","10":"product_tag-biely","11":"product_tag-dn100","12":"product_tag-dn125","13":"product_tag-dn80","14":"product_tag-hlinik","15":"product_tag-komin","16":"product_tag-komina","17":"product_tag-kryt","18":"product_tag-lakovany","20":"first","21":"instock","22":"taxable","23":"shipping-taxable","24":"purchasable","25":"product-type-variable"},"jetpack_publicize_connections":[],"jetpack_sharing_enabled":true,"_links":{"self":[{"href":"https:\/\/revop-eshop.sk\/index.php?rest_route=\/wp\/v2\/product\/3164","targetHints":{"allow":["GET"]}}],"collection":[{"href":"https:\/\/revop-eshop.sk\/index.php?rest_route=\/wp\/v2\/product"}],"about":[{"href":"https:\/\/revop-eshop.sk\/index.php?rest_route=\/wp\/v2\/types\/product"}],"replies":[{"embeddable":true,"href":"https:\/\/revop-eshop.sk\/index.php?rest_route=%2Fwp%2Fv2%2Fcomments&post=3164"}],"wp:featuredmedia":[{"embeddable":true,"href":"https:\/\/revop-eshop.sk\/index.php?rest_route=\/wp\/v2\/media\/4051"}],"wp:attachment":[{"href":"https:\/\/revop-eshop.sk\/index.php?rest_route=%2Fwp%2Fv2%2Fmedia&parent=3164"}],"wp:term":[{"taxonomy":"product_brand","embeddable":true,"href":"https:\/\/revop-eshop.sk\/index.php?rest_route=%2Fwp%2Fv2%2Fproduct_brand&post=3164"},{"taxonomy":"product_cat","embeddable":true,"href":"https:\/\/revop-eshop.sk\/index.php?rest_route=%2Fwp%2Fv2%2Fproduct_cat&post=3164"},{"taxonomy":"product_tag","embeddable":true,"href":"https:\/\/revop-eshop.sk\/index.php?rest_route=%2Fwp%2Fv2%2Fproduct_tag&post=3164"}],"curies":[{"name":"wp","href":"https:\/\/api.w.org\/{rel}","templated":true}]}}