{"id":2979,"date":"2024-06-07T12:58:41","date_gmt":"2024-06-07T10:58:41","guid":{"rendered":"https:\/\/www.revopsro.sk\/?post_type=product&#038;p=2979"},"modified":"2026-04-17T10:47:02","modified_gmt":"2026-04-17T08:47:02","slug":"koleno-90-rovnomerne-26x26-balenie-5-ks","status":"publish","type":"product","link":"https:\/\/revop-eshop.sk\/?product=koleno-90-rovnomerne-26x26-balenie-5-ks","title":{"rendered":"Koleno 90\u00b0 rovnomern\u00e9 &#8211; 26&#215;26, balenie 5 ks"},"content":{"rendered":"<div id=\"tabsContainer\" class=\"show\">\n<div class=\"tabPages\">\n<ul>\n<li>\u00a0V s\u00falade s EN ISO 21003<\/li>\n<li>\u00a0Lisovacie \u010de\u013euste TH<\/li>\n<\/ul>\n<section data-title=\"Popis produktu\"><\/section>\n<\/div>\n<\/div>\n<section data-title=\"Popis produktu\"><\/section>\n<section data-title=\"Popis produktu\"><\/section>\n<section data-title=\"Popis produktu\"><\/section>\n<section data-title=\"Popis produktu\"><\/section>\n<section data-title=\"Popis produktu\"><\/section>\n<section data-title=\"Popis produktu\"><\/section>\n<section data-title=\"Popis produktu\"><\/section>\n<section data-title=\"Popis produktu\"><\/section>\n<h3><\/h3>\n<h3 class=\"params_content\" style=\"text-align: left;\"><strong><span class=\"params-main-title\">TECHNICK\u00c9 PARAMETRE<\/span><\/strong><\/h3>\n<div class=\"params_content\">\n<div class=\"product_params\">\n<div class=\"param_item product_param-type_4 odd sub_group_ param_id_203\" style=\"text-align: left;\">\n<table>\n<tbody>\n<tr>\n<td width=\"302\"><strong>Oblas\u0165 pou\u017eitia:<\/strong><\/td>\n<td width=\"302\">\n<p style=\"text-align: center;\">ur\u010den\u00fd na rozvody podlahov\u00e9ho vykurovania, \u00fastredn\u00e9ho k\u00farenia, teplej a studenej vody<\/p>\n<\/td>\n<\/tr>\n<tr>\n<td width=\"302\"><strong>Priemer r\u00fary \u00d8 [mm]:<\/strong><\/td>\n<td width=\"302\">\n<p style=\"text-align: center;\">26<\/p>\n<\/td>\n<\/tr>\n<tr>\n<td width=\"302\"><strong>Typ r\u00farky:<\/strong><\/td>\n<td width=\"302\">\n<p style=\"text-align: center;\">viacvrstvov\u00e1 plastov\u00e1 r\u00farka<\/p>\n<\/td>\n<\/tr>\n<tr>\n<td width=\"302\"><strong>Druh T-kusu:<\/strong><\/td>\n<td width=\"302\">\n<p style=\"text-align: center;\">lisovac\u00ed rovnoramenn\u00fd<\/p>\n<\/td>\n<\/tr>\n<tr>\n<td width=\"302\"><strong>Sp\u00f4sob sp\u00e1jania:<\/strong><\/td>\n<td width=\"302\">\n<p style=\"text-align: center;\">radi\u00e1lne lisovanie<\/p>\n<\/td>\n<\/tr>\n<tr>\n<td width=\"302\"><strong>Typ lisovac\u00edch \u010de\u013eust\u00ed:<\/strong><\/td>\n<td width=\"302\">\n<p style=\"text-align: center;\">TH\u00a0 pre fitingy \u00f8 16 &#8211; 18 &#8211; 20 &#8211; 26 &#8211; 32 mm<\/p>\n<\/td>\n<\/tr>\n<tr>\n<td width=\"302\"><strong>Tesnos\u0165:<\/strong><\/td>\n<td width=\"302\">\n<p style=\"text-align: center;\">Dvojit\u00fd O-kr\u00fa\u017eok<\/p>\n<\/td>\n<\/tr>\n<tr>\n<td width=\"302\"><strong>Maxim\u00e1lny prev\u00e1dzkov\u00fd tlak:<\/strong><\/td>\n<td width=\"302\">\n<p style=\"text-align: center;\">10 BAR<\/p>\n<\/td>\n<\/tr>\n<tr>\n<td width=\"302\"><strong>Maxim\u00e1lna prev\u00e1dzkov\u00e1 teplota:<\/strong><\/td>\n<td width=\"302\">\n<p style=\"text-align: center;\">100\u00b0C (Kr\u00e1tkodobo 110\u00b0C)<\/p>\n<\/td>\n<\/tr>\n<\/tbody>\n<\/table>\n<table>\n<tbody>\n<tr>\n<td width=\"302\"><\/td>\n<td width=\"302\">\n<p style=\"text-align: center;\">\n<\/td>\n<\/tr>\n<\/tbody>\n<\/table>\n<\/div>\n<\/div>\n<\/div>\n","protected":false},"excerpt":{"rendered":"<p>\u20ac 9,04 s DPH ( cena za 1 kus )<\/p>\n","protected":false},"featured_media":4217,"comment_status":"open","ping_status":"closed","template":"","meta":{"jetpack_publicize_message":"","jetpack_publicize_feature_enabled":true,"jetpack_social_post_already_shared":false,"jetpack_social_options":{"image_generator_settings":{"template":"highway","default_image_id":0,"font":"","enabled":false},"version":2}},"product_brand":[],"product_cat":[562],"product_tag":[135,2991,268,290,363,378,429,478],"class_list":{"0":"post-2979","1":"product","2":"type-product","3":"status-publish","4":"has-post-thumbnail","6":"product_cat-koleno-90-rovnomerne","7":"product_tag-26x26","8":"product_tag-2991","9":"product_tag-268","10":"product_tag-balenie-5-ks","11":"product_tag-fiting","12":"product_tag-koleno","13":"product_tag-plastohlinik","14":"product_tag-rovnomerne","16":"first","17":"instock","18":"taxable","19":"shipping-taxable","20":"purchasable","21":"product-type-simple"},"jetpack_publicize_connections":[],"jetpack_sharing_enabled":true,"_links":{"self":[{"href":"https:\/\/revop-eshop.sk\/index.php?rest_route=\/wp\/v2\/product\/2979","targetHints":{"allow":["GET"]}}],"collection":[{"href":"https:\/\/revop-eshop.sk\/index.php?rest_route=\/wp\/v2\/product"}],"about":[{"href":"https:\/\/revop-eshop.sk\/index.php?rest_route=\/wp\/v2\/types\/product"}],"replies":[{"embeddable":true,"href":"https:\/\/revop-eshop.sk\/index.php?rest_route=%2Fwp%2Fv2%2Fcomments&post=2979"}],"wp:featuredmedia":[{"embeddable":true,"href":"https:\/\/revop-eshop.sk\/index.php?rest_route=\/wp\/v2\/media\/4217"}],"wp:attachment":[{"href":"https:\/\/revop-eshop.sk\/index.php?rest_route=%2Fwp%2Fv2%2Fmedia&parent=2979"}],"wp:term":[{"taxonomy":"product_brand","embeddable":true,"href":"https:\/\/revop-eshop.sk\/index.php?rest_route=%2Fwp%2Fv2%2Fproduct_brand&post=2979"},{"taxonomy":"product_cat","embeddable":true,"href":"https:\/\/revop-eshop.sk\/index.php?rest_route=%2Fwp%2Fv2%2Fproduct_cat&post=2979"},{"taxonomy":"product_tag","embeddable":true,"href":"https:\/\/revop-eshop.sk\/index.php?rest_route=%2Fwp%2Fv2%2Fproduct_tag&post=2979"}],"curies":[{"name":"wp","href":"https:\/\/api.w.org\/{rel}","templated":true}]}}