{"id":2863,"date":"2024-06-05T13:59:29","date_gmt":"2024-06-05T11:59:29","guid":{"rendered":"https:\/\/www.revopsro.sk\/?post_type=product&#038;p=2863"},"modified":"2025-01-01T00:51:51","modified_gmt":"2024-12-31T23:51:51","slug":"rura-plast-cierna-315-mm","status":"publish","type":"product","link":"https:\/\/revop-eshop.sk\/?product=rura-plast-cierna-315-mm","title":{"rendered":"R\u00fara plast. \u010dierna 315 mm"},"content":{"rendered":"<p><strong>R\u00fara plast. \u010dierna 315 mm s tesnen\u00edm<\/strong><\/p>\n<p><strong>Materi\u00e1l: <\/strong>\u010dierny\u00a0plast<\/p>\n<p><strong>D\u013a\u017eka:<\/strong> 0,315 m<\/p>\n","protected":false},"excerpt":{"rendered":"<p>R\u00fara plast. \u010dierna 315 mm<\/p>\n","protected":false},"featured_media":4117,"comment_status":"open","ping_status":"closed","template":"","meta":{"jetpack_publicize_message":"","jetpack_publicize_feature_enabled":true,"jetpack_social_post_already_shared":false,"jetpack_social_options":{"image_generator_settings":{"template":"highway","default_image_id":0,"font":"","enabled":false},"version":2}},"product_brand":[],"product_cat":[558],"product_tag":[316,321,327,333,337,426,482],"class_list":{"0":"post-2863","1":"product","2":"type-product","3":"status-publish","4":"has-post-thumbnail","6":"product_cat-cierny-uv-odolny-plast","7":"product_tag-dn100","8":"product_tag-dn110","9":"product_tag-dn125","10":"product_tag-dn160","11":"product_tag-dn200","12":"product_tag-plast-cierna","13":"product_tag-rura","15":"first","16":"instock","17":"taxable","18":"shipping-taxable","19":"purchasable","20":"product-type-variable"},"jetpack_publicize_connections":[],"jetpack_sharing_enabled":true,"_links":{"self":[{"href":"https:\/\/revop-eshop.sk\/index.php?rest_route=\/wp\/v2\/product\/2863","targetHints":{"allow":["GET"]}}],"collection":[{"href":"https:\/\/revop-eshop.sk\/index.php?rest_route=\/wp\/v2\/product"}],"about":[{"href":"https:\/\/revop-eshop.sk\/index.php?rest_route=\/wp\/v2\/types\/product"}],"replies":[{"embeddable":true,"href":"https:\/\/revop-eshop.sk\/index.php?rest_route=%2Fwp%2Fv2%2Fcomments&post=2863"}],"wp:featuredmedia":[{"embeddable":true,"href":"https:\/\/revop-eshop.sk\/index.php?rest_route=\/wp\/v2\/media\/4117"}],"wp:attachment":[{"href":"https:\/\/revop-eshop.sk\/index.php?rest_route=%2Fwp%2Fv2%2Fmedia&parent=2863"}],"wp:term":[{"taxonomy":"product_brand","embeddable":true,"href":"https:\/\/revop-eshop.sk\/index.php?rest_route=%2Fwp%2Fv2%2Fproduct_brand&post=2863"},{"taxonomy":"product_cat","embeddable":true,"href":"https:\/\/revop-eshop.sk\/index.php?rest_route=%2Fwp%2Fv2%2Fproduct_cat&post=2863"},{"taxonomy":"product_tag","embeddable":true,"href":"https:\/\/revop-eshop.sk\/index.php?rest_route=%2Fwp%2Fv2%2Fproduct_tag&post=2863"}],"curies":[{"name":"wp","href":"https:\/\/api.w.org\/{rel}","templated":true}]}}