{"id":2816,"date":"2024-06-04T16:00:53","date_gmt":"2024-06-04T14:00:53","guid":{"rendered":"https:\/\/www.revopsro.sk\/?post_type=product&#038;p=2816"},"modified":"2026-04-16T13:59:54","modified_gmt":"2026-04-16T11:59:54","slug":"vsuvka-redukovana-vo-vn-plyn-22x18-balenie-10-ks","status":"publish","type":"product","link":"https:\/\/revop-eshop.sk\/?product=vsuvka-redukovana-vo-vn-plyn-22x18-balenie-10-ks","title":{"rendered":"Vsuvka redukovan\u00e1 VO\/VN plyn &#8211; 22&#215;18,  balenie 10 ks"},"content":{"rendered":"<p>Lisovac\u00ed meden\u00fd fiting na rozvody plynu pre najpou\u017e\u00edvanej\u0161\u00ed typ \u010de\u013eust\u00ed &#8220;V&#8221;.<\/p>\n<p>Conex B\u00e4nninger lisovacie fitingy Press Gas<\/p>\n<p>tesniace prvky HNBR<\/p>\n<p>Syst\u00e9m lisovac\u00edch tvaroviek s meden\u00fdmi r\u00farkami<\/p>\n<p>\u2022 Vhodn\u00e9 pre plynov\u00e9 in\u0161tal\u00e1cie pod\u013ea DVGW-TRGI<br \/>\n\u2022 Rozvody vykurovacieho oleja a motorovej nafty pod\u013ea V\u0161eobecn\u00e9ho osved\u010denia stavebn\u00e9ho dozoru Z-38.4-71<br \/>\n(ve\u013ekosti 12 a\u017e 54 mm)<\/p>\n<p>R\u00farky<br \/>\nMeden\u00e9 r\u00farky pod\u013ea DIN EN 1057 a pracovn\u00e9ho v\u00fdkazu DVGW &#8211; GW 392<\/p>\n<p>Tesniaci prvok<br \/>\nHNBR &#8211; \u017elt\u00fd (hydrogenovan\u00fd akrylnitrilbutadi\u00e9n-kau\u010duk)<\/p>\n<p>Prev\u00e1dzkov\u00e9 podmienky pre zariadenia na plyn a kvapaln\u00fd plyn<br \/>\n\u2022 Prev\u00e1dzkov\u00fd tlak pmax = 5 bar. Pri po\u017eiadavke vy\u0161\u0161\u00ed tep. za\u0165a\u017eite\u013enosti (HTB) pmax = 1 bar<br \/>\n\u2022 Prev\u00e1dzkov\u00e1 a okolit\u00e1 teplota Tmax = 70 \u00b0C<\/p>\n<p>Prev\u00e1dzkov\u00e9 podmienky pre zariadenia na vykurovac\u00ed plyn a motorov\u00fa naftu<br \/>\n\u2022 Prev\u00e1dzkov\u00fd tlak pmax = -0,5 a\u017e 5 bar<br \/>\n\u2022 Prev\u00e1dzkov\u00e1 teplota Tmax = 40 \u00b0C<\/p>\n<p>Ozna\u010denie<br \/>\n\u017dlt\u00fd bod na dr\u00e1\u017eke lisovacej tvarovky<\/p>\n","protected":false},"excerpt":{"rendered":"<p>\u20ac 2.95 s DPH ( cena za 1 ks )<\/p>\n<p>&nbsp;<\/p>\n","protected":false},"featured_media":4144,"comment_status":"open","ping_status":"closed","template":"","meta":{"jetpack_publicize_message":"","jetpack_publicize_feature_enabled":true,"jetpack_social_post_already_shared":false,"jetpack_social_options":{"image_generator_settings":{"template":"highway","default_image_id":0,"font":"","enabled":false},"version":2}},"product_brand":[],"product_cat":[567],"product_tag":[111,2798,287,399,405,438,473,540,544],"class_list":{"0":"post-2816","1":"product","2":"type-product","3":"status-publish","4":"has-post-thumbnail","6":"product_cat-lisovacie-medene-fitingy-na-plyn","7":"product_tag-22x18","8":"product_tag-2798","9":"product_tag-balenie-10-ks","10":"product_tag-lisovaci","11":"product_tag-medeny","12":"product_tag-plyn","13":"product_tag-redukovana","14":"product_tag-vo-vn","15":"product_tag-vsuvka","17":"first","18":"instock","19":"taxable","20":"shipping-taxable","21":"purchasable","22":"product-type-simple"},"jetpack_publicize_connections":[],"jetpack_sharing_enabled":true,"_links":{"self":[{"href":"https:\/\/revop-eshop.sk\/index.php?rest_route=\/wp\/v2\/product\/2816","targetHints":{"allow":["GET"]}}],"collection":[{"href":"https:\/\/revop-eshop.sk\/index.php?rest_route=\/wp\/v2\/product"}],"about":[{"href":"https:\/\/revop-eshop.sk\/index.php?rest_route=\/wp\/v2\/types\/product"}],"replies":[{"embeddable":true,"href":"https:\/\/revop-eshop.sk\/index.php?rest_route=%2Fwp%2Fv2%2Fcomments&post=2816"}],"wp:featuredmedia":[{"embeddable":true,"href":"https:\/\/revop-eshop.sk\/index.php?rest_route=\/wp\/v2\/media\/4144"}],"wp:attachment":[{"href":"https:\/\/revop-eshop.sk\/index.php?rest_route=%2Fwp%2Fv2%2Fmedia&parent=2816"}],"wp:term":[{"taxonomy":"product_brand","embeddable":true,"href":"https:\/\/revop-eshop.sk\/index.php?rest_route=%2Fwp%2Fv2%2Fproduct_brand&post=2816"},{"taxonomy":"product_cat","embeddable":true,"href":"https:\/\/revop-eshop.sk\/index.php?rest_route=%2Fwp%2Fv2%2Fproduct_cat&post=2816"},{"taxonomy":"product_tag","embeddable":true,"href":"https:\/\/revop-eshop.sk\/index.php?rest_route=%2Fwp%2Fv2%2Fproduct_tag&post=2816"}],"curies":[{"name":"wp","href":"https:\/\/api.w.org\/{rel}","templated":true}]}}