{"id":2643,"date":"2024-05-31T12:18:25","date_gmt":"2024-05-31T10:18:25","guid":{"rendered":"https:\/\/www.revopsro.sk\/?post_type=product&#038;p=2643"},"modified":"2026-04-16T12:03:24","modified_gmt":"2026-04-16T10:03:24","slug":"medeny-natrubok-18mm-balenie-10ks","status":"publish","type":"product","link":"https:\/\/revop-eshop.sk\/?product=medeny-natrubok-18mm-balenie-10ks","title":{"rendered":"Meden\u00fd n\u00e1trubok 18mm,  balenie 10 ks"},"content":{"rendered":"<h4><strong>Lisovac\u00ed meden\u00fd fiting na rozvody vody a k\u00farenie pre najpou\u017e\u00edvanej\u0161\u00ed typ \u010de\u013eust\u00ed &#8220;V&#8221;.<\/strong><\/h4>\n<ul>\n<li>Prev\u00e1dzkov\u00fd tlak Pmax 16 bar<\/li>\n<li>Prev\u00e1dzkov\u00e1 teplota Tmax 110 \u00b0 C<\/li>\n<li>Conex B\u00e4nninger lisovacie fitingy Press<\/li>\n<\/ul>\n<p><strong>\u010eAL\u0160IE APLIK\u00c1CIE:\u00a0 \u00a0 \u00a0<\/strong><\/p>\n<ul>\n<li>Vykurovacie zariadenia<\/li>\n<li>In\u0161tal\u00e1cia protipo\u017eiarnych trysiek a hasiace vody<\/li>\n<li>Stla\u010den\u00fd vzduch<\/li>\n<li>Inertn\u00e9 plyny<\/li>\n<li>Zariadenie na vyu\u017eitie da\u017e\u010fovej vody<\/li>\n<li>Rozvody chladiacej vody<\/li>\n<li>Zariadenie s dia\u013ekov\u00fdm z\u00e1sobovan\u00edm tepla<\/li>\n<li>N\u00edzkotlakov\u00e1 parn\u00e9 zariadenie.<\/li>\n<\/ul>\n<p>V\u00fdrobca odpor\u00fa\u010da ako tesniaci materi\u00e1l pre in\u0161tal\u00e1ciu mosadzn\u00fdch a meden\u00fdch tvaroviek tefl\u00f3nov\u00fa p\u00e1sku alebo tesniacu tefl\u00f3novou \u0161n\u00faru.<\/p>\n<p>V\u00fdrobca\u00a0<strong>NEODPOR\u00da\u010cA<\/strong>\u00a0ako tesniaci materi\u00e1l pre in\u0161tal\u00e1ciu mosadzn\u00fdch tvaroviek konope.<\/p>\n<p>Z\u00e1vity mosadzn\u00fdch a meden\u00fdch tvaroviek s\u00fa opatren\u00e9 z\u00e1rezmi pre lep\u0161iu pr\u00e1cu s tesniacim materi\u00e1lom.<\/p>\n","protected":false},"excerpt":{"rendered":"<p>\u20ac 2.59 s DPH ( cena za 1 ks )<\/p>\n","protected":false},"featured_media":4167,"comment_status":"open","ping_status":"closed","template":"","meta":{"jetpack_publicize_message":"","jetpack_publicize_feature_enabled":true,"jetpack_social_post_already_shared":false,"jetpack_social_options":{"image_generator_settings":{"template":"highway","default_image_id":0,"font":"","enabled":false},"version":2}},"product_brand":[],"product_cat":[574],"product_tag":[69,2713,287,399,405,413],"class_list":{"0":"post-2643","1":"product","2":"type-product","3":"status-publish","4":"has-post-thumbnail","6":"product_cat-medeny-natrubok","7":"product_tag-18mm","8":"product_tag-2713","9":"product_tag-balenie-10-ks","10":"product_tag-lisovaci","11":"product_tag-medeny","12":"product_tag-natrubok","14":"first","15":"instock","16":"taxable","17":"shipping-taxable","18":"purchasable","19":"product-type-simple"},"jetpack_publicize_connections":[],"jetpack_sharing_enabled":true,"_links":{"self":[{"href":"https:\/\/revop-eshop.sk\/index.php?rest_route=\/wp\/v2\/product\/2643","targetHints":{"allow":["GET"]}}],"collection":[{"href":"https:\/\/revop-eshop.sk\/index.php?rest_route=\/wp\/v2\/product"}],"about":[{"href":"https:\/\/revop-eshop.sk\/index.php?rest_route=\/wp\/v2\/types\/product"}],"replies":[{"embeddable":true,"href":"https:\/\/revop-eshop.sk\/index.php?rest_route=%2Fwp%2Fv2%2Fcomments&post=2643"}],"wp:featuredmedia":[{"embeddable":true,"href":"https:\/\/revop-eshop.sk\/index.php?rest_route=\/wp\/v2\/media\/4167"}],"wp:attachment":[{"href":"https:\/\/revop-eshop.sk\/index.php?rest_route=%2Fwp%2Fv2%2Fmedia&parent=2643"}],"wp:term":[{"taxonomy":"product_brand","embeddable":true,"href":"https:\/\/revop-eshop.sk\/index.php?rest_route=%2Fwp%2Fv2%2Fproduct_brand&post=2643"},{"taxonomy":"product_cat","embeddable":true,"href":"https:\/\/revop-eshop.sk\/index.php?rest_route=%2Fwp%2Fv2%2Fproduct_cat&post=2643"},{"taxonomy":"product_tag","embeddable":true,"href":"https:\/\/revop-eshop.sk\/index.php?rest_route=%2Fwp%2Fv2%2Fproduct_tag&post=2643"}],"curies":[{"name":"wp","href":"https:\/\/api.w.org\/{rel}","templated":true}]}}