{"id":2037,"date":"2024-04-18T09:49:38","date_gmt":"2024-04-18T07:49:38","guid":{"rendered":"https:\/\/www.revopsro.sk\/?post_type=product&#038;p=2037"},"modified":"2026-04-15T16:54:51","modified_gmt":"2026-04-15T14:54:51","slug":"__trashed","status":"publish","type":"product","link":"https:\/\/revop-eshop.sk\/?product=__trashed","title":{"rendered":"Viessmann Vitodens 050-W B0HA, 3,2 \u2013 25 kW"},"content":{"rendered":"<h2>VIESSMANN Vitodens 050-W B0HA 25kW, Z024671 &#8211; ohrev extern\u00e9ho z\u00e1sobn\u00edka<\/h2>\n<p><strong>Kotol Vitodens 050-W<\/strong>\u00a0je vhodn\u00fd pre\u00a0<strong>ka\u017ed\u00fa dom\u00e1cnos\u0165<\/strong>. Ide\u00e1lny je pre moderniz\u00e1ciu \u010di\u00a0<strong>rekon\u0161trukciu bytov<\/strong>\u00a0alebo\u00a0<strong>rodinn\u00fdch domov<\/strong>. Zaujme svoj\u00edm kompaktn\u00fdm dizajnom,<strong>\u00a0vysokou energetickou \u00fa\u010dinnos\u0165ou<\/strong>\u00a0a\u00a0<strong>spo\u013eahlivou kvalitou<\/strong>, ktor\u00e1 zaru\u010duje celo\u017eivotn\u00e9 vykurovanie.<\/p>\n<h3>Hlavn\u00e9 v\u00fdhody:<\/h3>\n<ul>\n<li>Ve\u013emi atrakt\u00edvny pomer cena\/v\u00fdkon<\/li>\n<li>Jednoduch\u00e9 ovl\u00e1danie regul\u00e1cie pomocou LED dotykov\u00e9ho displeja<\/li>\n<li>Odolnos\u0165 a efekt\u00edvnos\u0165 v\u010faka v\u00fdmenn\u00edku tepla Inox-Radial<\/li>\n<li>Vysok\u00fd komfort pri ohreve teplej vody<\/li>\n<li>Mo\u017enos\u0165 pripojenia na web prostredn\u00edctvom integrovan\u00e9ho WiFi rozhrania<\/li>\n<li>Ide\u00e1lne na in\u0161tal\u00e1ciu v obytnom priestore v\u010faka n\u00edzkej prev\u00e1dzkovej hlu\u010dnosti a kompaktn\u00fdm rozmerom<\/li>\n<li>N\u00edzka in\u0161tala\u010dn\u00e1 v\u00fd\u0161ka na jednoduch\u0161iu v\u00fdmenu star\u00fdch kotlov<\/li>\n<li>H\u2082 ready 20%<\/li>\n<\/ul>\n<p><strong>Plynov\u00e9 kondenza\u010dn\u00e9 kotly<\/strong>\u00a0Viessmann Vitodens sp\u00e1jaj\u00fa v\u00fdhody osved\u010den\u00e9ho plynov\u00e9ho vykurovania s\u00a0<strong>najnov\u0161ou kondenza\u010dnou technikou<\/strong>. Z\u00e1rove\u0148 s\u00fa\u00a0<strong>vysoko energeticky \u00fa\u010dinn\u00e9<\/strong>. Z dlhodob\u00e9ho h\u013eadiska to nielen\u00a0<strong>zni\u017euje n\u00e1klady na energiu<\/strong>, ale je to aj\u00a0<strong>prospe\u0161n\u00e9 pre \u017eivotn\u00e9 prostredie<\/strong>. Plynov\u00e9 zariadenia Vitodens sa vyzna\u010duj\u00fa svoj\u00edm u\u017e\u00edvate\u013esky pr\u00edvetiv\u00fdm dizajnom a\u00a0<strong>jednoduchou obsluhou<\/strong>. V\u010faka tomu zariadenia pon\u00fakaj\u00fa v\u00fdnimo\u010dn\u00fd komfort pri vykurovan\u00ed miestnost\u00ed a ohreve teplej vody \u2013 a to nielen v s\u00fa\u010dasnosti.<\/p>\n<h3>Kotol\u00a0VIESSMANN Vitodens 050-W<\/h3>\n<p>V\u010faka pou\u017eitiu\u00a0<strong>najnov\u0161ej vykurovacej technol\u00f3gie<\/strong>\u00a0dosahuj\u00fa normov\u00fd stupe\u0148 vyu\u017eitia [pod\u013ea DIN] a\u017e 98 %. Okrem in\u00e9ho to umo\u017e\u0148uje\u00a0<strong>v\u00fdmenn\u00edk tepla Inox-Radial z nehrdzavej\u00facej ocele<\/strong>. Ten sa vyzna\u010duje svojou odolnos\u0165ou a vysokou \u00fa\u010dinnos\u0165ou. Na v\u0161etky v\u00fdmenn\u00edky tepla z u\u0161\u013eachtilej ocele spolo\u010dnos\u0165 Viessmann poskytuje 10-ro\u010dn\u00fa garanciu proti \u00faniku tepla sp\u00f4soben\u00e9ho kor\u00f3ziou.<\/p>\n<table>\n<tbody>\n<tr>\n<td><strong>10-ro\u010dn\u00e1 garancia na v\u00fdmenn\u00edk proti \u00faniku tepla sp\u00f4soben\u00e9ho kor\u00f3ziou !<\/strong><\/td>\n<\/tr>\n<\/tbody>\n<\/table>\n<h2><strong>Inox-Radial efekt\u00edvny a odoln\u00fd v\u00fdmenn\u00edk tepla z u\u0161\u013eachtilej ocele\u00a0<\/strong><\/h2>\n<p>Rozdiel je v\u017edy v nehrdzavej\u00facej oceli. V\u00fdmenn\u00edk tepla Inox-Radial z u\u0161\u013eachtilej nehrdzavej\u00facej ocele odoln\u00fd vo\u010di kor\u00f3zii je jadrom zariadenia Vitodens 050-W. Ve\u013emi \u00fa\u010dinne premie\u0148a spotrebovan\u00fa energiu na teplo. Obzvl\u00e1\u0161\u0165 odoln\u00e1, vysokokvalitn\u00e1 nehrdzavej\u00faca oce\u013e navy\u0161e zaru\u010duje spo\u013eahlivos\u0165.<\/p>\n<p><img decoding=\"async\" src=\"https:\/\/cdn.myshoptet.com\/usr\/www.termoobchod.sk\/user\/documents\/upload\/gallery\/Kotly\/VIESSMANN%20V%C3%BDmenn%C3%ADk%20tepla%20Inox-Radial.jpg\" alt=\"VIESSMANN V\u00fdmenn\u00edk tepla Inox-Radial\" \/><\/p>\n<h2>Hor\u00e1k MatriX-Plus: srdce v\u00e1\u0161ho vykurovacieho syst\u00e9mu<\/h2>\n<p>Medzi v\u00fdhody hor\u00e1ka MatriX-Plus patr\u00ed jeho\u00a0<strong>efekt\u00edvna prev\u00e1dzka, tich\u00fd chod<\/strong>\u00a0a n\u00edzke emisie. \u0160peci\u00e1lny nerezov\u00fd povrch MatriX je\u00a0<strong>odoln\u00fd vo\u010di vysok\u00fdm teplot\u00e1m<\/strong>, \u010do zaru\u010duje spo\u013eahliv\u00fd v\u00fdkon a\u00a0<strong>dlh\u00fa \u017eivotnos\u0165<\/strong>.<\/p>\n<p>\u010eal\u0161ou technickou inov\u00e1ciou je\u00a0<strong>plneautomatick\u00e1 regul\u00e1cia spa\u013eovania<\/strong>\u00a0Lambda Pro. Automaticky sa prisp\u00f4sobuje v\u0161etk\u00fdm typom plynu a zabezpe\u010duje trvalo \u010dist\u00e9 a \u00fa\u010dinn\u00e9 spa\u013eovanie.<\/p>\n<p><img decoding=\"async\" src=\"https:\/\/cdn.myshoptet.com\/usr\/www.termoobchod.sk\/user\/documents\/upload\/gallery\/Kotly\/VIESSMANN%20MatriX-Plus%20hor%C3%A1k.jpg\" alt=\"VIESSMANN MatriX-Plus hor\u00e1k\" \/><\/p>\n<h2>Jednoduch\u00e9 ovl\u00e1danie pomocou volite\u013en\u00e9ho dia\u013ekov\u00e9ho ovl\u00e1dania<\/h2>\n<p><strong>Teploty vykurovacej vody<\/strong>\u00a0sa daj\u00fa\u00a0<strong>r\u00fdchlo nastavi\u0165<\/strong>\u00a0pomocou u\u017e\u00edvate\u013esky pr\u00edvetiv\u00fdch tla\u010didiel.\u00a0<strong>Prev\u00e1dzkov\u00e9 stavy a teploty<\/strong>\u00a0sa zobrazuj\u00fa na digit\u00e1lnom displeji.<\/p>\n<p><img decoding=\"async\" src=\"https:\/\/cdn.myshoptet.com\/usr\/www.termoobchod.sk\/user\/documents\/upload\/gallery\/Kotly\/VIESSMANN%20Vitodens-050-W%20dipslej.jpg\" alt=\"VIESSMANN Vitodens-050-W dipslej\" \/><\/p>\n<h2>\u00daspora energie, pohodlie a bezpe\u010dnos\u0165 s aplik\u00e1ciou ViCare<\/h2>\n<p><strong>N\u00e1stenn\u00e9 plynov\u00e9 kondenza\u010dn\u00e9 kotly Vitodens 050-W<\/strong>\u00a0s novou platformou maj\u00fa v z\u00e1vislosti od verzie integrovan\u00e9 WiFi rozhranie. To umo\u017e\u0148uje pod\u013ea potreby priame pripojenie na internet. Prostredn\u00edctvom\u00a0<strong>aplik\u00e1cie ViCare<\/strong>\u00a0je<strong>\u00a0obsluha vykurovania ve\u013emi jednoduch\u00e1<\/strong>\u00a0a intuit\u00edvna. Vytv\u00e1ra prepojenie k digit\u00e1lnemu servisu a je v priamom kontakte s lok\u00e1lnym odborn\u00fdm partnerom. Aplik\u00e1cia ViCare poskytuje\u00a0<strong>inform\u00e1cie o aktu\u00e1lnom prev\u00e1dzkovom stave<\/strong>\u00a0energetick\u00e9ho syst\u00e9mu, pri\u010dom \u010dasov\u00e9 programy pre \u00fastredn\u00e9 vykurovanie a ohrev teplej vody prispievaj\u00fa k \u00faspor\u00e1m n\u00e1kladov na energiu. Je\u00a0<strong>kompatibiln\u00e1<\/strong>\u00a0s takmer v\u0161etk\u00fdmi mobiln\u00fdmi zariadeniami so syst\u00e9mom\u00a0<strong>iOS a Android<\/strong>.<\/p>\n<p><img decoding=\"async\" src=\"https:\/\/cdn.myshoptet.com\/usr\/www.termoobchod.sk\/user\/documents\/upload\/gallery\/Kotly\/VIESSMANN%20WIFI%20modul.jpg\" alt=\"VIESSMANN WIFI modul\" \/><\/p>\n<h2>Kotol VIESSMANN Vitodens 050-W,\u00a0 V\u0161eobecn\u00e9 vlastnosti<\/h2>\n<table>\n<tbody>\n<tr>\n<td>Mal\u00fd po\u010det taktov aj pri n\u00edzkom odbere tepla v\u010faka optimaliz\u00e1cii intervalov prest\u00e1vky a ve\u013ek\u00e9mu regula\u010dn\u00e9mu rozsahu a\u017e 1:8.<\/td>\n<\/tr>\n<tr>\n<td>\u00da\u010dinnos\u0165 a\u017e do 98 % (Hs) \/ 109 % (Hi) v\u010faka v\u00fdhrevn\u00fdm ploch\u00e1m Inox-Radial.<\/td>\n<\/tr>\n<tr>\n<td>V\u00fdhrevn\u00e9 plochy Inox-Radial so samo\u010distiacim efektom hladk\u00fdch stien z nerezu v\u010faka usmernen\u00e9mu toku kondenz\u00e1tu a spal\u00edn.<\/td>\n<\/tr>\n<tr>\n<td>Cylindrick\u00fd hor\u00e1k Matrix Plus z u\u0161\u013eachtilej nehrdzavej\u00facej ocele \u2013 zn\u00ed\u017een\u00fd obsah emisi\u00ed NOx.<\/td>\n<\/tr>\n<tr>\n<td>Regul\u00e1cia spa\u013eovania Lambda Pro pre v\u0161etky druhy plynu.<\/td>\n<\/tr>\n<tr>\n<td>Tich\u00fd chod v\u010faka n\u00edzkym ot\u00e1\u010dkam ventil\u00e1tora.<\/td>\n<\/tr>\n<tr>\n<td>Kompaktn\u00e9 rozmery, \u0161\u00edrka len 400 mm (3,2 a\u017e 25 kW).<\/td>\n<\/tr>\n<tr>\n<td>Volite\u013ene dostupn\u00fd ako kombinovan\u00fd alebo vykurovac\u00ed kotol.<\/td>\n<\/tr>\n<tr>\n<td>S vysoko \u00fa\u010dinn\u00fdm obehov\u00fdm \u010derpadlom (energetick\u00e1 trieda A).<\/td>\n<\/tr>\n<tr>\n<td>Nov\u00fd, inovat\u00edvny koncept ovl\u00e1dania s \u010diernobielym 2&#215;7-segmentov\u00fdm, LED dotykov\u00fdm displejom.<\/td>\n<\/tr>\n<tr>\n<td>S Wifi modulom pre pripojenie na internet a jednoduch\u00e9 ovl\u00e1danie pomocou aplik\u00e1cie ViCare.<\/td>\n<\/tr>\n<tr>\n<td>Asistent uvedenia do prev\u00e1dzky prostredn\u00edctvom aplik\u00e1cie Vitoguide.<\/td>\n<\/tr>\n<\/tbody>\n<\/table>\n<h2 class=\"plus-gallery-wrap\">VIESSMANN Vitodens 050-W rozmery<\/h2>\n<div class=\"plus-gallery-wrap\"><img decoding=\"async\" src=\"https:\/\/cdn.myshoptet.com\/usr\/www.termoobchod.sk\/user\/documents\/upload\/gallery\/Kotly\/VIESSMANN%20Vitodens-050-W%20rozmery.jpg\" alt=\"VIESSMANN Vitodens-050-W rozmery\" \/><\/div>\n<div>\n<div class=\"elementor-element elementor-element-962f25e elementor-widget elementor-widget-text-editor\" data-id=\"962f25e\" data-element_type=\"widget\" data-widget_type=\"text-editor.default\">\n<div class=\"elementor-widget-container\">\n<p><strong>Dodato\u010dn\u00e9 parametre<\/strong><\/p>\n<table class=\"detail-parameters\">\n<tbody>\n<tr class=\"znacka-param\">\n<th>Zna\u010dka<\/th>\n<td style=\"text-align: left;\">\u00a0 \u00a0 \u00a0 \u00a0 \u00a0 \u00a0 \u00a0 \u00a0 \u00a0 \u00a0 \u00a0 \u00a0 \u00a0 \u00a0 \u00a0 \u00a0 \u00a0 \u00a0VIESSMANN<\/td>\n<\/tr>\n<tr>\n<th><span class=\"row-header-label\">Kateg\u00f3ria<\/span><\/th>\n<td style=\"text-align: left;\">\u00a0 \u00a0 \u00a0 \u00a0 VIESSMANN Vitodens 050-W<\/td>\n<\/tr>\n<tr>\n<th><span class=\"row-header-label\">Hmotnos\u0165<\/span><\/th>\n<td>\u00a0 \u00a0 \u00a0 \u00a0 \u00a0 \u00a0 \u00a0 \u00a0 \u00a0 \u00a0 \u00a0 \u00a0 \u00a0 \u00a0 \u00a0 \u00a0 \u00a0 \u00a0 \u00a0 \u00a0 \u00a0 \u00a0 \u00a0 33 kg<\/td>\n<\/tr>\n<tr>\n<th><span class=\"row-header-label\">V\u00fdkon (kW)<\/span><\/th>\n<td>\u00a0 \u00a0 \u00a0 \u00a0 \u00a0 \u00a0 \u00a0 \u00a0 \u00a0 \u00a0 \u00a0 \u00a0 \u00a0 \u00a0 \u00a0 \u00a0 \u00a0 \u00a0 \u00a0 \u00a0 \u00a0 \u00a0 \u00a025 kW<\/td>\n<\/tr>\n<tr>\n<th><span class=\"row-header-label\">Typ ohrevu teplej vody<\/span><\/th>\n<td>\u00a0 \u00a0 \u00a0 \u00a0 \u00a0 \u00a0 \u00a0 \u00a0 \u00a0 \u00a0 v externom z\u00e1sobn\u00edku<\/td>\n<\/tr>\n<tr>\n<th><span class=\"row-header-label\">Rozmery v\/\u0161\/h<\/span><\/th>\n<td>\u00a0 \u00a0 \u00a0 \u00a0 \u00a0 \u00a0 \u00a0 \u00a0 \u00a0 \u00a0 \u00a0 \u00a0 \u00a0 \u00a0 \u00a0 \u00a0 \u00a0 700\/400\/300<\/td>\n<\/tr>\n<tr>\n<th><span class=\"row-header-label\">V\u00fdkon (modulovan\u00fd)<\/span><\/th>\n<td>\u00a0 \u00a0 \u00a0 \u00a0 \u00a0 \u00a0 \u00a0 \u00a0 \u00a0 \u00a0 \u00a0 \u00a0 \u00a0 \u00a0 \u00a0 \u00a0 \u00a0 \u00a0 3,2 &#8211; 25 kW<\/td>\n<\/tr>\n<tr>\n<th><span class=\"row-header-label\">Rozmer odvodu spal\u00edn<\/span><\/th>\n<td>\u00a0 \u00a0 \u00a0 \u00a0 \u00a0 \u00a0 \u00a0 \u00a0 \u00a0 \u00a0 \u00a0 \u00a0 \u00a0 \u00a0 \u00a0 \u00a0 \u00a0 \u00a0 \u00a0 \u00a0 \u00a0 \u00a060\/100<\/td>\n<\/tr>\n<tr>\n<th><span class=\"row-header-label\">Max. v\u00fdkon<\/span><\/th>\n<td>\u00a0 \u00a0 \u00a0 \u00a0 \u00a0 \u00a0 \u00a0 \u00a0 \u00a0 \u00a0 \u00a0 \u00a0 \u00a0 \u00a0 \u00a0 \u00a0 \u00a0 \u00a0 \u00a0 \u00a0 \u00a0 \u00a0 25 kW<\/td>\n<\/tr>\n<tr>\n<th><span class=\"row-header-label\">Min. v\u00fdkon<\/span><\/th>\n<td>\u00a0 \u00a0 \u00a0 \u00a0 \u00a0 \u00a0 \u00a0 \u00a0 \u00a0 \u00a0 \u00a0 \u00a0 \u00a0 \u00a0 \u00a0 \u00a0 \u00a0 \u00a0 \u00a0 \u00a0 \u00a0 \u00a02,9 kW<\/td>\n<\/tr>\n<\/tbody>\n<\/table>\n<\/div>\n<\/div>\n<div class=\"elementor-element elementor-element-c4fb695 elementor-widget elementor-widget-woocommerce-product-additional-information\" data-id=\"c4fb695\" data-element_type=\"widget\" data-widget_type=\"woocommerce-product-additional-information.default\">\n<div class=\"elementor-widget-container\">\u00a0<\/div>\n<\/div>\n<\/div>\n\n\n<p><\/p>\n","protected":false},"excerpt":{"rendered":"<p><strong>Sme zmluvn\u00fd predajca zna\u010dky VIESSMANN a n<\/strong><strong>a\u0161e kotly maj\u00fa platn\u00fa z\u00e1ruku, s\u00fa ur\u010den\u00e9 pre Slovensko s potrebnou dokument\u00e1ciou.<\/strong> <strong>Kondenza\u010dn\u00fd vykurovac\u00ed kotol Vitodens 050-W na plyn\u00a0<\/strong><\/p>\n<ul>\n<li>regul\u00e1cia s \u010diernobielym 2\u00d77-segmentov\u00fdm LED dotyk. displejom<\/li>\n<li>prev\u00e1dzka z\u00e1visl\u00e1 alebo nez\u00e1visl\u00e1 na vzduchu v miestnosti<\/li>\n<li>Typ ohrevu teplej vody &#8211; v externom z\u00e1sobn\u00edku<\/li>\n<li>typ B0HA s Wifi modulom<\/li>\n<\/ul>\n<p><img decoding=\"async\" class=\"alignleft size-full wp-image-8205\" src=\"https:\/\/revop-eshop.sk\/wp-content\/uploads\/2024\/10\/image.png\" alt=\"\" width=\"203\" height=\"27\" srcset=\"https:\/\/revop-eshop.sk\/wp-content\/uploads\/2024\/10\/image.png 203w, https:\/\/revop-eshop.sk\/wp-content\/uploads\/2024\/10\/image-18x2.png 18w, https:\/\/revop-eshop.sk\/wp-content\/uploads\/2024\/10\/image-200x27.png 200w, https:\/\/revop-eshop.sk\/wp-content\/uploads\/2024\/10\/image-150x20.png 150w\" sizes=\"(max-width: 203px) 100vw, 203px\" \/><\/p>\n<p>&nbsp;<\/p>\n<h4><strong style=\"font-size: 16px;\"><a href=\"http:\/\/revop-eshop.sk\/wp-content\/uploads\/2024\/05\/Zasobnikove_ohrievace_vody_Vitocell.pdf\"><img decoding=\"async\" class=\"alignnone wp-image-4368\" src=\"http:\/\/revop-eshop.sk\/wp-content\/uploads\/2024\/07\/view-ikona-257x300.png\" alt=\"\" width=\"24\" height=\"28\" srcset=\"https:\/\/revop-eshop.sk\/wp-content\/uploads\/2024\/07\/view-ikona-257x300.png 257w, https:\/\/revop-eshop.sk\/wp-content\/uploads\/2024\/07\/view-ikona-150x175.png 150w, https:\/\/revop-eshop.sk\/wp-content\/uploads\/2024\/07\/view-ikona-416x485.png 416w, https:\/\/revop-eshop.sk\/wp-content\/uploads\/2024\/07\/view-ikona-10x12.png 10w, https:\/\/revop-eshop.sk\/wp-content\/uploads\/2024\/07\/view-ikona.png 439w\" sizes=\"(max-width: 24px) 100vw, 24px\" \/><\/a><\/strong> \u00a0<a href=\"http:\/\/revop-eshop.sk\/wp-content\/uploads\/2024\/04\/Plynova_kondenzacna_technika_11_2022.pdf\">Plynov\u00e1 kondenza\u010dn\u00e1 technika<\/a><\/h4>\n<p>&nbsp;<\/p>\n","protected":false},"featured_media":4134,"comment_status":"open","ping_status":"closed","template":"","meta":{"jetpack_publicize_message":"","jetpack_publicize_feature_enabled":true,"jetpack_social_post_already_shared":false,"jetpack_social_options":{"image_generator_settings":{"template":"highway","default_image_id":0,"font":"","enabled":false},"version":2}},"product_brand":[],"product_cat":[583],"product_tag":[23,1908,272,358,388,389,392,439,529,532,674,550],"class_list":{"0":"post-2037","1":"product","2":"type-product","3":"status-publish","4":"has-post-thumbnail","6":"product_cat-ohrev-externeho-zasobnika","7":"product_tag-050-w","8":"product_tag-3-2-25-kw","9":"product_tag-b0ha","10":"product_tag-externeho","11":"product_tag-kondenzacny","12":"product_tag-kondenzacny-kotol","13":"product_tag-kotol","14":"product_tag-plynovy","15":"product_tag-viessmann","16":"product_tag-vitodens","17":"product_tag-z024671","18":"product_tag-zasobnika","20":"first","21":"instock","22":"taxable","23":"shipping-taxable","24":"purchasable","25":"product-type-simple"},"jetpack_publicize_connections":[],"jetpack_sharing_enabled":true,"_links":{"self":[{"href":"https:\/\/revop-eshop.sk\/index.php?rest_route=\/wp\/v2\/product\/2037","targetHints":{"allow":["GET"]}}],"collection":[{"href":"https:\/\/revop-eshop.sk\/index.php?rest_route=\/wp\/v2\/product"}],"about":[{"href":"https:\/\/revop-eshop.sk\/index.php?rest_route=\/wp\/v2\/types\/product"}],"replies":[{"embeddable":true,"href":"https:\/\/revop-eshop.sk\/index.php?rest_route=%2Fwp%2Fv2%2Fcomments&post=2037"}],"wp:featuredmedia":[{"embeddable":true,"href":"https:\/\/revop-eshop.sk\/index.php?rest_route=\/wp\/v2\/media\/4134"}],"wp:attachment":[{"href":"https:\/\/revop-eshop.sk\/index.php?rest_route=%2Fwp%2Fv2%2Fmedia&parent=2037"}],"wp:term":[{"taxonomy":"product_brand","embeddable":true,"href":"https:\/\/revop-eshop.sk\/index.php?rest_route=%2Fwp%2Fv2%2Fproduct_brand&post=2037"},{"taxonomy":"product_cat","embeddable":true,"href":"https:\/\/revop-eshop.sk\/index.php?rest_route=%2Fwp%2Fv2%2Fproduct_cat&post=2037"},{"taxonomy":"product_tag","embeddable":true,"href":"https:\/\/revop-eshop.sk\/index.php?rest_route=%2Fwp%2Fv2%2Fproduct_tag&post=2037"}],"curies":[{"name":"wp","href":"https:\/\/api.w.org\/{rel}","templated":true}]}}