{"id":11212,"date":"2026-04-14T17:45:20","date_gmt":"2026-04-14T15:45:20","guid":{"rendered":"https:\/\/revop-eshop.sk\/?post_type=product&#038;p=11212"},"modified":"2026-04-14T20:02:32","modified_gmt":"2026-04-14T18:02:32","slug":"klimatizacia-viessmann-vitoclima-230-s-split-27-kw-zk08286","status":"publish","type":"product","link":"https:\/\/revop-eshop.sk\/?product=klimatizacia-viessmann-vitoclima-230-s-split-27-kw-zk08286","title":{"rendered":"Klimatiz\u00e1cia Viessmann Vitoclima 230-S, split, 2,7 kW, ZK08286"},"content":{"rendered":"\n<p><strong>VIESSMANN klimatiz\u00e1cia single-split Vitoclima 230-S n\u00e1stenn\u00e1 &#8211; 2,7 \/ 3,0 kW<\/strong>, WAA230MGC027<\/p>\n\n\n\n<p>Viessmann predstavuje&nbsp;\u00faplne nov\u00fa&nbsp;(2025) n\u00e1stenn\u00fa klimatiz\u00e1ciu&nbsp;Vitoclima 230-S, ktor\u00e1 kombinuje \u0161pi\u010dkov\u00fa energetick\u00fa \u00fa\u010dinnos\u0165, pokro\u010dil\u00e9 technol\u00f3gie a elegantn\u00fd dizajn. Ide\u00e1lna vo\u013eba pre t\u00fdch, ktor\u00ed h\u013eadaj\u00fa inteligentn\u00e9, \u00fasporn\u00e9 a kvalitn\u00e9 rie\u0161enie chladenia aj vykurovania.<\/p>\n\n\n\n<p><strong>Vysok\u00e1 energetick\u00e1 efekt\u00edvnos\u0165 a \u00faspora energie:<\/strong><br>Viessmann Vitoclima 230-S prin\u00e1\u0161a \u0161pi\u010dkov\u00fa energetick\u00fa \u00fa\u010dinnos\u0165 s triedou&nbsp;A+++&nbsp;v re\u017eime chladenia. Sez\u00f3nny koeficient \u00fa\u010dinnosti SEER dosahuje hodnotu 8,5, \u010do v\u00fdrazne zni\u017euje n\u00e1klady na elektrinu a \u0161etr\u00ed \u017eivotn\u00e9 prostredie. Klimatiz\u00e1cia je ide\u00e1lna pre dom\u00e1cnosti a kancel\u00e1rie, kde sa kladie d\u00f4raz na \u00fasporu energie bez kompromisov v komforte.<\/p>\n\n\n\n<p><strong>V\u00fdkonn\u00e9 chladenie aj vykurovanie:<\/strong><br>S v\u00fdkonom&nbsp;2,7 kW<strong>&nbsp;<\/strong>(9 212 Btu\/h) v re\u017eime chladenia, je Vitoclima 230-S ide\u00e1lnou vo\u013ebou pre priestory s plochou&nbsp;do cca 27 m\u00b2. Klimatiz\u00e1cia zabezpe\u010duje stabiln\u00e9 chladenie po\u010das hor\u00facich dn\u00ed (do&nbsp;+50 \u00b0C) aj \u00fa\u010dinn\u00e9 vykurovanie v prechodn\u00fdch obdobiach a\u017e do vonkaj\u0161ej teploty -25 \u00b0C.<\/p>\n\n\n\n<p><\/p>\n\n\n\n<p><strong>Profitujte aj vy z t\u00fdchto v\u00fdhod<\/strong><\/p>\n\n\n\n<ul class=\"wp-block-list\">\n<li>Vitoclima 230-S zaist\u00ed pohodln\u00fd a zdrav\u00fd sp\u00e1nok \u2013pomocou zmeny nastavenia teploty na hodnoty prospe\u0161n\u00e9 \u013eudsk\u00e9mu zdraviu<\/li>\n\n\n\n<li>Automatick\u00e1 oscil\u00e1cia v troch osiach \u2013 dole\/ hore, vpravo\/v\u013eavo<\/li>\n\n\n\n<li>Komfortn\u00e9 a \u00fa\u010dinn\u00e9 vykurovanie s rozmrazovan\u00edm iba vtedy, ke\u010f je skuto\u010dne nutn\u00e9<\/li>\n\n\n\n<li>Minim\u00e1lna spotreba v pohotovostnom re\u017eime<\/li>\n\n\n\n<li>\u0160peci\u00e1lne dia\u013ekov\u00e9 ovl\u00e1danie umo\u017e\u0148uje komfortn\u00e9 klimatizovanie vzduchu v miestnosti<\/li>\n\n\n\n<li>Funkcia Auto clean: po vypnut\u00ed jednotky f\u00faka prie\u010dne orientovan\u00fd ventil\u00e1tor vzduch do vn\u00fatra jentoky, aby zostala such\u00e1 a \u010dist\u00e1<\/li>\n\n\n\n<li>Sn\u00edmate\u013en\u00fd a um\u00fdvate\u013en\u00fd kryt<\/li>\n\n\n\n<li>Rovnomern\u00e1 cirkul\u00e1cia vzduchu v\u010faka ve\u013ek\u00e9mju uhlu lamiel<\/li>\n\n\n\n<li>Um\u00fdvate\u013en\u00fd povrch<\/li>\n\n\n\n<li>Funkcia turbo umo\u017e\u0148uje r\u00fdchlej\u0161ie dosiahnutie nastavenej teploty<\/li>\n\n\n\n<li>Mo\u017enos\u0165 udr\u017eania izbovej teploty na stabilnej hodnote 8 \u00b0C a zamedzenie vychladnutiu bytu v dobe, kedy nikto nie je doma, alebo behom dlh\u0161ej nepr\u00edtomnosti v zimnom obdob\u00ed<\/li>\n<\/ul>\n\n\n\n<p><strong>Pou\u017eitie<\/strong><\/p>\n\n\n\n<ul class=\"wp-block-list\">\n<li>N\u00e1stenn\u00e1 klimatiz\u00e1cia ide\u00e1lna na&nbsp;celoro\u010dn\u00e9 chladenie a vykurovanie&nbsp;obytn\u00fdch a men\u0161\u00edch komer\u010dn\u00fdch priestorov<\/li>\n\n\n\n<li>Odpor\u00fa\u010dan\u00e1 pre&nbsp;miestnosti s plochou 12 \u2013 18 m\u00b2&nbsp;\u2013 sp\u00e1lne, ob\u00fdva\u010dky, kancel\u00e1rie alebo men\u0161ie obchodn\u00e9 prev\u00e1dzky<\/li>\n\n\n\n<li>Elegantn\u00fd, modern\u00fd dizajn \u2013 vhodn\u00fd pre&nbsp;novostavby aj rekon\u0161trukcie, nen\u00e1padn\u00e1 integr\u00e1cia do interi\u00e9ru<\/li>\n\n\n\n<li>Spo\u013eahliv\u00e1 prev\u00e1dzka aj pri extr\u00e9mnych podmienkach \u2013&nbsp;chladenie do +50\u202f\u00b0C, vykurovanie do -30\u202f\u00b0C<\/li>\n\n\n\n<li>\u010cist\u00fd a zdrav\u00fd vzduch&nbsp;\u2013 viacstup\u0148ov\u00e1 filtr\u00e1cia s ioniz\u00e1torom a funkciou iClean 56\u202f\u00b0C pre hygienick\u00fa prev\u00e1dzku<\/li>\n<\/ul>\n\n\n\n<p><strong>Ovl\u00e1danie<\/strong><\/p>\n\n\n\n<ul class=\"wp-block-list\">\n<li>Jednoduch\u00e9 a intuit\u00edvne ovl\u00e1danie pomocou&nbsp;dia\u013ekov\u00e9ho ovl\u00e1da\u010da<strong>&nbsp;<\/strong>s LED displejom<\/li>\n\n\n\n<li>Mo\u017enos\u0165 mobiln\u00e9ho ovl\u00e1dania cez WiFi \u2013 riadenie klimatiz\u00e1cie pomocou aplik\u00e1cie&nbsp;v smartf\u00f3ne alebo tablete<\/li>\n\n\n\n<li>Programovanie \u010dasova\u010da \u2013 nastavenie automatick\u00e9ho zapnutia alebo vypnutia v ur\u010denom \u010dase (funkcia \u010casova\u010d ON\/OFF)<\/li>\n\n\n\n<li>V\u00fdber prev\u00e1dzkov\u00fdch re\u017eimov \u2013&nbsp;chladenie, vykurovanie, odvlh\u010dovanie, ventil\u00e1cia, automatick\u00fd re\u017eim<\/li>\n\n\n\n<li>Funkcia&nbsp;<strong>&#8220;<\/strong>Follow Me&#8221;&nbsp;\u2013 regul\u00e1cia teploty na z\u00e1klade \u00fadajov zo sn\u00edma\u010da v dia\u013ekovom ovl\u00e1da\u010di pre presnej\u0161ie nastavenie kl\u00edmy v miestnosti<\/li>\n\n\n\n<li>Re\u017eim&nbsp;no\u010dn\u00e9ho sp\u00e1nku&nbsp;\u2013 automatick\u00e1 \u00faprava teploty a hlu\u010dnosti pre komfortn\u00fd sp\u00e1nok<\/li>\n\n\n\n<li>Re\u017eim<strong>&nbsp;<\/strong>Turbo&nbsp;\u2013 r\u00fdchle chladenie alebo vykurovanie miestnosti na po\u017eadovan\u00fa teplotu<\/li>\n\n\n\n<li>Automatick\u00fd pohyb lamiel \u2013 vertik\u00e1lny aj horizont\u00e1lny pohyb pre rovnomern\u00fa distrib\u00faciu vzduchu<\/li>\n<\/ul>\n\n\n\n<p><\/p>\n\n\n\n<p><strong>Z\u00e1kladn\u00e9 inform\u00e1cie<\/strong><\/p>\n\n\n\n<figure class=\"wp-block-table is-style-stripes has-x-small-font-size\"><table class=\"has-pale-cyan-blue-background-color has-background has-fixed-layout\"><tbody><tr><th class=\"has-text-align-left\" data-align=\"left\">Model<\/th><td class=\"has-text-align-left\" data-align=\"left\">Vitoclima 230-S<\/td><\/tr><tr><th class=\"has-text-align-left\" data-align=\"left\">Typ<\/th><td class=\"has-text-align-left\" data-align=\"left\">WAA230MGC027<\/td><\/tr><tr><th class=\"has-text-align-left\" data-align=\"left\">Druh zariadenia<\/th><td class=\"has-text-align-left\" data-align=\"left\">Klimatiz\u00e1cia n\u00e1stenn\u00e1 splitov\u00e1 &#8211; single-split<\/td><\/tr><tr><th class=\"has-text-align-left\" data-align=\"left\">Umiestnenie<\/th><td class=\"has-text-align-left\" data-align=\"left\">Na stene<\/td><\/tr><tr><th class=\"has-text-align-left\" data-align=\"left\">Pou\u017eitie<\/th><td class=\"has-text-align-left\" data-align=\"left\">Chladenie a vykurovanie jednej miestnosti s ve\u013ekos\u0165ou plochy do 27&nbsp;m\u00b2<\/td><\/tr><tr><th class=\"has-text-align-left\" data-align=\"left\">Z\u00e1ruka<\/th><td class=\"has-text-align-left\" data-align=\"left\">2 roky<\/td><\/tr><\/tbody><\/table><\/figure>\n\n\n\n<p><strong><a><\/a>Chladenie<\/strong><\/p>\n\n\n\n<figure class=\"wp-block-table is-style-stripes has-x-small-font-size\"><table class=\"has-pale-cyan-blue-background-color has-background has-fixed-layout\"><tbody><tr><th class=\"has-text-align-left\" data-align=\"left\">Menovit\u00fd v\u00fdkon chladenia<\/th><td class=\"has-text-align-left\" data-align=\"left\">2,7 kW (9 212&nbsp;Btu\/h)<\/td><\/tr><tr><th class=\"has-text-align-left\" data-align=\"left\">Rozsah v\u00fdkonu chladenia<\/th><td class=\"has-text-align-left\" data-align=\"left\">0,8 &#8211; 3,7 kW<\/td><\/tr><tr><th class=\"has-text-align-left\" data-align=\"left\">Pr\u00edkon pri menovitom v\u00fdkone<\/th><td class=\"has-text-align-left\" data-align=\"left\">670 W<\/td><\/tr><tr><th class=\"has-text-align-left\" data-align=\"left\">SEER<\/th><td class=\"has-text-align-left\" data-align=\"left\">8,5<\/td><\/tr><tr><th class=\"has-text-align-left\" data-align=\"left\">Trieda energetickej \u00fa\u010dinnosti<\/th><td class=\"has-text-align-left\" data-align=\"left\">A+++<\/td><\/tr><tr><th class=\"has-text-align-left\" data-align=\"left\">Prev\u00e1dzkov\u00e1 teplota<\/th><td class=\"has-text-align-left\" data-align=\"left\">-15 \u00b0C &#8211; +50 \u00b0C<\/td><\/tr><\/tbody><\/table><\/figure>\n\n\n\n<p><strong><a><\/a>Vykurovanie<\/strong><\/p>\n\n\n\n<figure class=\"wp-block-table is-style-stripes has-x-small-font-size\"><table class=\"has-pale-cyan-blue-background-color has-background has-fixed-layout\"><tbody><tr><th class=\"has-text-align-left\" data-align=\"left\">Menovit\u00fd v\u00fdkon vykurovania<\/th><td class=\"has-text-align-left\" data-align=\"left\">3,0 kW (10 236&nbsp;Btu\/h)<\/td><\/tr><tr><th class=\"has-text-align-left\" data-align=\"left\">Rozsah v\u00fdkonu vykurovania<\/th><td class=\"has-text-align-left\" data-align=\"left\">0,9 &#8211; 4,1 kW<\/td><\/tr><tr><th class=\"has-text-align-left\" data-align=\"left\">Pr\u00edkon pri menovitom v\u00fdkone<\/th><td class=\"has-text-align-left\" data-align=\"left\">680 W<\/td><\/tr><tr><th class=\"has-text-align-left\" data-align=\"left\">SCOP<\/th><td class=\"has-text-align-left\" data-align=\"left\">4,6<\/td><\/tr><tr><th class=\"has-text-align-left\" data-align=\"left\">Trieda energetickej \u00fa\u010dinnosti<\/th><td class=\"has-text-align-left\" data-align=\"left\">A++<\/td><\/tr><tr><th class=\"has-text-align-left\" data-align=\"left\">Prev\u00e1dzkov\u00e1 teplota<\/th><td class=\"has-text-align-left\" data-align=\"left\">-25&nbsp;\u00b0C &#8211; +30&nbsp;\u00b0C<\/td><\/tr><\/tbody><\/table><\/figure>\n\n\n\n<p><strong><a><\/a>Vn\u00fatorn\u00e1 jednotka<\/strong><\/p>\n\n\n\n<figure class=\"wp-block-table is-style-stripes has-x-small-font-size\"><table class=\"has-pale-cyan-blue-background-color has-background has-fixed-layout\"><tbody><tr><th class=\"has-text-align-left\" data-align=\"left\">Model<\/th><td class=\"has-text-align-left\" data-align=\"left\">IWAA230MGC027<\/td><\/tr><tr><th class=\"has-text-align-left\" data-align=\"left\">Farba<\/th><td class=\"has-text-align-left\" data-align=\"left\">Biela<\/td><\/tr><tr><th class=\"has-text-align-left\" data-align=\"left\">Rozsah regul\u00e1cie teploty<\/th><td class=\"has-text-align-left\" data-align=\"left\">+16 \u00b0C &#8211; +30 \u00b0C<\/td><\/tr><tr><th class=\"has-text-align-left\" data-align=\"left\">Hladina hluku<\/th><td class=\"has-text-align-left\" data-align=\"left\">58 &#8211; 36 dB(A)<\/td><\/tr><tr><th class=\"has-text-align-left\" data-align=\"left\">Rozmery (\u0161\u00edrka \u00d7 v\u00fd\u0161ka \u00d7 h\u013abka)<\/th><td class=\"has-text-align-left\" data-align=\"left\">837 x 293 x 200 mm<\/td><\/tr><tr><th class=\"has-text-align-left\" data-align=\"left\">Hmotnos\u0165<\/th><td class=\"has-text-align-left\" data-align=\"left\">9,5 kg<\/td><\/tr><\/tbody><\/table><\/figure>\n\n\n\n<p><strong><a><\/a>Vonkaj\u0161ia jednotka<\/strong><\/p>\n\n\n\n<figure class=\"wp-block-table is-style-stripes has-x-small-font-size\"><table class=\"has-pale-cyan-blue-background-color has-background has-fixed-layout\" style=\"border-style:none;border-width:0px\"><tbody><tr><th class=\"has-text-align-left\" data-align=\"left\">Model<\/th><td class=\"has-text-align-left\" data-align=\"left\">OWAA230MGC027<\/td><\/tr><tr><th class=\"has-text-align-left\" data-align=\"left\">Farba<\/th><td class=\"has-text-align-left\" data-align=\"left\">Biela<\/td><\/tr><tr><th class=\"has-text-align-left\" data-align=\"left\">Hladina hluku<\/th><td class=\"has-text-align-left\" data-align=\"left\">61 dB(A)<\/td><\/tr><tr><th class=\"has-text-align-left\" data-align=\"left\">Rozsah prev\u00e1dzkov\u00fdch tepl\u00f4t<\/th><td class=\"has-text-align-left\" data-align=\"left\">Chladenie: -15 \u00b0C &#8211;&nbsp;+50 \u00b0C<br>Vykurovanie: +25&nbsp;\u00b0C &#8211;&nbsp;+30 \u00b0C<\/td><\/tr><tr><th class=\"has-text-align-left\" data-align=\"left\">Rozmery (\u0161\u00edrka \u00d7 v\u00fd\u0161ka \u00d7 h\u013abka)<\/th><td class=\"has-text-align-left\" data-align=\"left\">732 \u00d7 555 \u00d7 330 mm<\/td><\/tr><tr><th class=\"has-text-align-left\" data-align=\"left\">Hmotnos\u0165<\/th><td class=\"has-text-align-left\" data-align=\"left\">25,0 kg<\/td><\/tr><\/tbody><\/table><\/figure>\n\n\n\n<p><strong><a><\/a>In\u0161tal\u00e1cia<\/strong><\/p>\n\n\n\n<figure class=\"wp-block-table is-style-stripes has-x-small-font-size\"><table class=\"has-black-color has-pale-cyan-blue-background-color has-text-color has-background has-link-color has-fixed-layout\"><tbody><tr><th class=\"has-text-align-left\" data-align=\"left\"><strong>M<\/strong>enovit\u00e9 nap\u00e4tie<\/th><td class=\"has-text-align-left\" data-align=\"left\">1\/N\/230 V~\/50 Hz<\/td><\/tr><tr><th class=\"has-text-align-left\" data-align=\"left\">Chladiaci prostriedok<\/th><td class=\"has-text-align-left\" data-align=\"left\">R32<\/td><\/tr><tr><th class=\"has-text-align-left\" data-align=\"left\">Mno\u017estvo n\u00e1plne<\/th><td class=\"has-text-align-left\" data-align=\"left\">0,53&nbsp;kg<\/td><\/tr><tr><th class=\"has-text-align-left\" data-align=\"left\">Predplnenie \u2013 d\u013a\u017eka potrubia<\/th><td class=\"has-text-align-left\" data-align=\"left\">5 m<\/td><\/tr><tr><th class=\"has-text-align-left\" data-align=\"left\">Po\u017eadovan\u00e9 doplnenie chladiva<\/th><td class=\"has-text-align-left\" data-align=\"left\">16 g\/m<\/td><\/tr><tr><th class=\"has-text-align-left\" data-align=\"left\">Prepojenie jednotiek<\/th><td class=\"has-text-align-left\" data-align=\"left\">Kvapalina: meden\u00e1 r\u00farka izolovan\u00e1 \u00d86,35 mm (1\/4&#8243;)<br>Plyn: meden\u00e1 r\u00farka izolovan\u00e1 \u00d89,52&nbsp;mm (3\/8\u201d)<\/td><\/tr><tr><th class=\"has-text-align-left\" data-align=\"left\">Max. d\u013a\u017eka r\u00fary<\/th><td class=\"has-text-align-left\" data-align=\"left\">15 m<\/td><\/tr><tr><th class=\"has-text-align-left\" data-align=\"left\">Max. v\u00fd\u0161kov\u00fd rozdiel medzi vn\u00fatornou a vonkaj\u0161ou jednotkou<\/th><td class=\"has-text-align-left\" data-align=\"left\">10 m<\/td><\/tr><\/tbody><\/table><\/figure>\n\n\n\n<p><\/p>\n","protected":false},"excerpt":{"rendered":"<h4><!-- wp:paragraph --><\/h4>\n<p>Splitov\u00e1 klimatiza\u010dn\u00e1 jednotka\u00a0<strong>Viessmann Vitoclima 230-S.\u00a0<\/strong>Pozost\u00e1va z vonkaj\u0161ej jednotky, vn\u00fatornej jednotky a dia\u013ekov\u00e9ho ovl\u00e1dania.\u00a0Mo\u017enos\u0165 dia\u013ekov\u00e9ho ovl\u00e1dania prostredn\u00edctvom smartf\u00f3nu (potrebn\u00e9 pripoji\u0165 na dom\u00e1cu WiFi sie\u0165).<\/p>\n<h4><!-- \/wp:paragraph --><\/p>\n<p><!-- wp:list --><\/h4>\n<ul class=\"wp-block-list\"><!-- wp:list-item --><\/p>\n<li>chladiaci v\u00fdkon 2,7 KW<\/li>\n<p><!-- \/wp:list-item --><\/p>\n<p><!-- wp:list-item --><\/p>\n<li>vykurovac\u00ed v\u00fdkon 2,8 kW<\/li>\n<p><!-- \/wp:list-item --><\/ul>\n<h4><strong><a href=\"http:\/\/revop-eshop.sk\/wp-content\/uploads\/2024\/05\/Zasobnikove_ohrievace_vody_Vitocell.pdf\"><img decoding=\"async\" class=\"alignnone wp-image-4368\" src=\"http:\/\/revop-eshop.sk\/wp-content\/uploads\/2024\/07\/view-ikona-257x300.png\" alt=\"\" width=\"24\" height=\"28\" srcset=\"https:\/\/revop-eshop.sk\/wp-content\/uploads\/2024\/07\/view-ikona-257x300.png 257w, https:\/\/revop-eshop.sk\/wp-content\/uploads\/2024\/07\/view-ikona-150x175.png 150w, https:\/\/revop-eshop.sk\/wp-content\/uploads\/2024\/07\/view-ikona-416x485.png 416w, https:\/\/revop-eshop.sk\/wp-content\/uploads\/2024\/07\/view-ikona-10x12.png 10w, https:\/\/revop-eshop.sk\/wp-content\/uploads\/2024\/07\/view-ikona.png 439w\" sizes=\"(max-width: 24px) 100vw, 24px\" \/><\/a><\/strong>\u00a0 <a title=\"Prospekt splitov\u00e9 klimatiz\u00e1cie\" href=\"https:\/\/revop-eshop.sk\/wp-content\/uploads\/2026\/04\/prospekt-230-s.pdf\" target=\"_blank\" rel=\"noopener\"><strong>Prospekt splitov\u00e9 klimatiz\u00e1cie<\/strong><\/a><\/h4>\n<h4><strong style=\"font-size: 16px;\"><a href=\"http:\/\/revop-eshop.sk\/wp-content\/uploads\/2024\/05\/Zasobnikove_ohrievace_vody_Vitocell.pdf\"><img decoding=\"async\" class=\"alignnone wp-image-4368\" src=\"http:\/\/revop-eshop.sk\/wp-content\/uploads\/2024\/07\/view-ikona-257x300.png\" alt=\"\" width=\"24\" height=\"28\" srcset=\"https:\/\/revop-eshop.sk\/wp-content\/uploads\/2024\/07\/view-ikona-257x300.png 257w, https:\/\/revop-eshop.sk\/wp-content\/uploads\/2024\/07\/view-ikona-150x175.png 150w, https:\/\/revop-eshop.sk\/wp-content\/uploads\/2024\/07\/view-ikona-416x485.png 416w, https:\/\/revop-eshop.sk\/wp-content\/uploads\/2024\/07\/view-ikona-10x12.png 10w, https:\/\/revop-eshop.sk\/wp-content\/uploads\/2024\/07\/view-ikona.png 439w\" sizes=\"(max-width: 24px) 100vw, 24px\" \/><\/a><\/strong>\u00a0 <a href=\"https:\/\/revop-eshop.sk\/wp-content\/uploads\/2026\/04\/vitoclima-230s-dynamic-navod-na-montaz-obsluhu.pdf\" target=\"_blank\" rel=\"noopener\">N\u00e1vod na obsluhu a mont\u00e1\u017e<\/a><\/h4>\n<h4><strong style=\"font-size: 16px;\"><a href=\"http:\/\/revop-eshop.sk\/wp-content\/uploads\/2024\/05\/Zasobnikove_ohrievace_vody_Vitocell.pdf\"><img decoding=\"async\" class=\"alignnone wp-image-4368\" src=\"http:\/\/revop-eshop.sk\/wp-content\/uploads\/2024\/07\/view-ikona-257x300.png\" alt=\"\" width=\"24\" height=\"28\" srcset=\"https:\/\/revop-eshop.sk\/wp-content\/uploads\/2024\/07\/view-ikona-257x300.png 257w, https:\/\/revop-eshop.sk\/wp-content\/uploads\/2024\/07\/view-ikona-150x175.png 150w, https:\/\/revop-eshop.sk\/wp-content\/uploads\/2024\/07\/view-ikona-416x485.png 416w, https:\/\/revop-eshop.sk\/wp-content\/uploads\/2024\/07\/view-ikona-10x12.png 10w, https:\/\/revop-eshop.sk\/wp-content\/uploads\/2024\/07\/view-ikona.png 439w\" sizes=\"(max-width: 24px) 100vw, 24px\" \/><\/a><\/strong>\u00a0 <a href=\"https:\/\/revop-eshop.sk\/wp-content\/uploads\/2026\/04\/technicky-list.pdf\" target=\"_blank\" rel=\"noopener\">List technick\u00fdch \u00fadajov<\/a><\/h4>\n<h4>\u00a0<\/h4>\n<p>&nbsp;<\/p>\n","protected":false},"featured_media":11218,"comment_status":"open","ping_status":"closed","template":"","meta":{"jetpack_publicize_message":"","jetpack_publicize_feature_enabled":true,"jetpack_social_post_already_shared":true,"jetpack_social_options":{"image_generator_settings":{"template":"highway","default_image_id":0,"font":"","enabled":false},"version":2}},"product_brand":[],"product_cat":[2553],"product_tag":[612,2548,2550,2546,1698,2549,2552,529,2547,2478,901,2554,2551],"class_list":{"0":"post-11212","1":"product","2":"type-product","3":"status-publish","4":"has-post-thumbnail","6":"product_cat-splitove-klimatizacie","7":"product_tag-612","8":"product_tag-230-s","9":"product_tag-7-kw","10":"product_tag-klimatizacia","11":"product_tag-kurenie","12":"product_tag-split","13":"product_tag-splitove","14":"product_tag-viessmann","15":"product_tag-vitoclima","16":"product_tag-vonkajsia-jednotka","17":"product_tag-vzduch","18":"product_tag-waa230mgc027","19":"product_tag-zk08286","21":"first","22":"instock","23":"taxable","24":"shipping-taxable","25":"purchasable","26":"product-type-simple"},"jetpack_publicize_connections":[],"jetpack_sharing_enabled":true,"_links":{"self":[{"href":"https:\/\/revop-eshop.sk\/index.php?rest_route=\/wp\/v2\/product\/11212","targetHints":{"allow":["GET"]}}],"collection":[{"href":"https:\/\/revop-eshop.sk\/index.php?rest_route=\/wp\/v2\/product"}],"about":[{"href":"https:\/\/revop-eshop.sk\/index.php?rest_route=\/wp\/v2\/types\/product"}],"replies":[{"embeddable":true,"href":"https:\/\/revop-eshop.sk\/index.php?rest_route=%2Fwp%2Fv2%2Fcomments&post=11212"}],"wp:featuredmedia":[{"embeddable":true,"href":"https:\/\/revop-eshop.sk\/index.php?rest_route=\/wp\/v2\/media\/11218"}],"wp:attachment":[{"href":"https:\/\/revop-eshop.sk\/index.php?rest_route=%2Fwp%2Fv2%2Fmedia&parent=11212"}],"wp:term":[{"taxonomy":"product_brand","embeddable":true,"href":"https:\/\/revop-eshop.sk\/index.php?rest_route=%2Fwp%2Fv2%2Fproduct_brand&post=11212"},{"taxonomy":"product_cat","embeddable":true,"href":"https:\/\/revop-eshop.sk\/index.php?rest_route=%2Fwp%2Fv2%2Fproduct_cat&post=11212"},{"taxonomy":"product_tag","embeddable":true,"href":"https:\/\/revop-eshop.sk\/index.php?rest_route=%2Fwp%2Fv2%2Fproduct_tag&post=11212"}],"curies":[{"name":"wp","href":"https:\/\/api.w.org\/{rel}","templated":true}]}}