{"id":11101,"date":"2026-03-18T17:01:00","date_gmt":"2026-03-18T16:01:00","guid":{"rendered":"https:\/\/revop-eshop.sk\/?post_type=product&#038;p=11101"},"modified":"2026-03-18T17:10:31","modified_gmt":"2026-03-18T16:10:31","slug":"viessmann-vitocell-100-e-typ-svpa-40l-cierna","status":"publish","type":"product","link":"https:\/\/revop-eshop.sk\/?product=viessmann-vitocell-100-e-typ-svpa-40l-cierna","title":{"rendered":"Viessmann Vitocell 100-E, typ SVPA 40l, \u010dierna"},"content":{"rendered":"\n<h4 class=\"wp-block-heading\">Viessmann Vitocell 100-E, typ SVPA 40l, \u010dierna, ZK03801<\/h4>\n\n\n\n<p>Viessmann Vitocell 100-E typ SVPA 40 l<br>Na akumul\u00e1ciu vykurovacej vody v spojen\u00ed s kompaktn\u00fdmi zariadeniami tepeln\u00e9ho \u010derpadla,<br>vr\u00e1tane prepadov\u00e9ho ventilu (DN 20, R3\/4)<br>Na zabezpe\u010denie minim\u00e1lnej hlasitosti syst\u00e9mu<br>Pre mont\u00e1\u017e na zadn\u00fa stranu kompaktn\u00e9ho pr\u00edstroja, tepelne izolovan\u00fd, objem 42 litrov, farba: \u010dierna<br>\u00a0<br>Technick\u00e9 \u00fadaje na ur\u010denie triedy energetickej \u00fa\u010dinnosti (\u0161t\u00edtok ErP):<br>Akumula\u010dn\u00fd z\u00e1sobn\u00edk vykurovacej vody:<br>Trieda energetickej \u00fa\u010dinnosti: B<br>Straty v dr\u017ebe: 37 W<br>Obsah: 40 l<\/p>\n\n\n\n<p><\/p>\n","protected":false},"excerpt":{"rendered":"<p><!-- wp:paragraph --><\/p>\n<h4>Viessmann Vitocell 100-E, typ SVPA 40l, \u010dierna, ZK03801<\/h4>\n<ul>\n<li>na akumul\u00e1ciu vykurovacej vody v spojen\u00ed s kompaktn\u00fdmi zariadeniami tepeln\u00e9ho \u010derpadla<\/li>\n<li>pre mont\u00e1\u017e na zadn\u00fa stranu kompaktn\u00e9ho pr\u00edstroja, tepelne izolovan\u00fd<\/li>\n<li>objem 42 litrov<\/li>\n<li>farba: \u010dierna<\/li>\n<\/ul>\n<ul class=\"wp-block-list\"><!-- \/wp:list-item --><\/ul>\n<p><!-- \/wp:list --><\/p>\n","protected":false},"featured_media":11102,"comment_status":"open","ping_status":"closed","template":"","meta":{"jetpack_publicize_message":"","jetpack_publicize_feature_enabled":true,"jetpack_social_post_already_shared":true,"jetpack_social_options":{"image_generator_settings":{"template":"highway","default_image_id":0,"font":"","enabled":false},"version":2}},"product_brand":[],"product_cat":[964],"product_tag":[808,2532,301,2533,2530,529,2534,531,2531],"class_list":{"0":"post-11101","1":"product","2":"type-product","3":"status-publish","4":"has-post-thumbnail","6":"product_cat-prislusenstvo-k-tepelnym-cerpadlam","7":"product_tag-100-e","8":"product_tag-akumulacna","9":"product_tag-cierna","10":"product_tag-nadova","11":"product_tag-svpa-40l","12":"product_tag-viessmann","13":"product_tag-vitocal-111-s","14":"product_tag-vitocell","15":"product_tag-zk03801","17":"first","18":"instock","19":"taxable","20":"shipping-taxable","21":"purchasable","22":"product-type-simple"},"jetpack_publicize_connections":[],"jetpack_sharing_enabled":true,"_links":{"self":[{"href":"https:\/\/revop-eshop.sk\/index.php?rest_route=\/wp\/v2\/product\/11101","targetHints":{"allow":["GET"]}}],"collection":[{"href":"https:\/\/revop-eshop.sk\/index.php?rest_route=\/wp\/v2\/product"}],"about":[{"href":"https:\/\/revop-eshop.sk\/index.php?rest_route=\/wp\/v2\/types\/product"}],"replies":[{"embeddable":true,"href":"https:\/\/revop-eshop.sk\/index.php?rest_route=%2Fwp%2Fv2%2Fcomments&post=11101"}],"wp:featuredmedia":[{"embeddable":true,"href":"https:\/\/revop-eshop.sk\/index.php?rest_route=\/wp\/v2\/media\/11102"}],"wp:attachment":[{"href":"https:\/\/revop-eshop.sk\/index.php?rest_route=%2Fwp%2Fv2%2Fmedia&parent=11101"}],"wp:term":[{"taxonomy":"product_brand","embeddable":true,"href":"https:\/\/revop-eshop.sk\/index.php?rest_route=%2Fwp%2Fv2%2Fproduct_brand&post=11101"},{"taxonomy":"product_cat","embeddable":true,"href":"https:\/\/revop-eshop.sk\/index.php?rest_route=%2Fwp%2Fv2%2Fproduct_cat&post=11101"},{"taxonomy":"product_tag","embeddable":true,"href":"https:\/\/revop-eshop.sk\/index.php?rest_route=%2Fwp%2Fv2%2Fproduct_tag&post=11101"}],"curies":[{"name":"wp","href":"https:\/\/api.w.org\/{rel}","templated":true}]}}