{"id":11098,"date":"2026-03-18T16:36:07","date_gmt":"2026-03-18T15:36:07","guid":{"rendered":"https:\/\/revop-eshop.sk\/?post_type=product&#038;p=11098"},"modified":"2026-03-18T16:55:00","modified_gmt":"2026-03-18T15:55:00","slug":"viessmann-prepojovaci-m-bus-kabel-15-m","status":"publish","type":"product","link":"https:\/\/revop-eshop.sk\/?product=viessmann-prepojovaci-m-bus-kabel-15-m","title":{"rendered":"Viessmann prepojovac\u00ed M-BUS k\u00e1bel 15 m"},"content":{"rendered":"\n<h4 class=\"wp-block-heading\">Viessmann prepojovac\u00ed M-BUS k\u00e1bel 15 m<\/h4>\n\n\n\n<p>Potrevn\u00e9 pre prepojenie vn\u00fatornej a vonkaj\u0161ej jednotky tepeln\u00e9ho \u010derpadl\u00e1 Viessmann. Vr\u00e1tane pripojovac\u00edch konektorov. <\/p>\n\n\n\n<p>D\u013e\u017eka 15 metrov.<\/p>\n\n\n\n<p>Katal\u00f3gov\u00e9 \u010d\u00edslo: ZK02668<\/p>\n\n\n\n<p><\/p>\n","protected":false},"excerpt":{"rendered":"<p><!-- wp:paragraph --><\/p>\n<h4>Viessmann prepojovac\u00ed M-BUS k\u00e1bel 15 m<\/h4>\n<ul>\n<li>prepojenie vn\u00fatornej a vonkaj\u0161ej jednotky tepeln\u00e9ho \u010derpadl\u00e1 Viessmann<\/li>\n<li>vr\u00e1tane pripojovac\u00edch konektorov<\/li>\n<li>d\u013a\u017eka 15 metrov<\/li>\n<\/ul>\n<ul class=\"wp-block-list\"><!-- \/wp:list-item --><\/ul>\n<p><!-- \/wp:list --><\/p>\n","protected":false},"featured_media":11099,"comment_status":"open","ping_status":"closed","template":"","meta":{"jetpack_publicize_message":"","jetpack_publicize_feature_enabled":true,"jetpack_social_post_already_shared":true,"jetpack_social_options":{"image_generator_settings":{"template":"highway","default_image_id":0,"font":"","enabled":false},"version":2}},"product_brand":[],"product_cat":[964],"product_tag":[2520,1015,2516,2515,529,978,2518,2478,2521],"class_list":{"0":"post-11098","1":"product","2":"type-product","3":"status-publish","4":"has-post-thumbnail","6":"product_cat-prislusenstvo-k-tepelnym-cerpadlam","7":"product_tag-15-m","8":"product_tag-kabel","9":"product_tag-m-bus","10":"product_tag-prepojovaci","11":"product_tag-viessmann","12":"product_tag-vitocal","13":"product_tag-vnutornu-jednotku","14":"product_tag-vonkajsia-jednotka","15":"product_tag-zk02668","17":"first","18":"instock","19":"taxable","20":"shipping-taxable","21":"purchasable","22":"product-type-simple"},"jetpack_publicize_connections":[],"jetpack_sharing_enabled":true,"_links":{"self":[{"href":"https:\/\/revop-eshop.sk\/index.php?rest_route=\/wp\/v2\/product\/11098","targetHints":{"allow":["GET"]}}],"collection":[{"href":"https:\/\/revop-eshop.sk\/index.php?rest_route=\/wp\/v2\/product"}],"about":[{"href":"https:\/\/revop-eshop.sk\/index.php?rest_route=\/wp\/v2\/types\/product"}],"replies":[{"embeddable":true,"href":"https:\/\/revop-eshop.sk\/index.php?rest_route=%2Fwp%2Fv2%2Fcomments&post=11098"}],"wp:featuredmedia":[{"embeddable":true,"href":"https:\/\/revop-eshop.sk\/index.php?rest_route=\/wp\/v2\/media\/11099"}],"wp:attachment":[{"href":"https:\/\/revop-eshop.sk\/index.php?rest_route=%2Fwp%2Fv2%2Fmedia&parent=11098"}],"wp:term":[{"taxonomy":"product_brand","embeddable":true,"href":"https:\/\/revop-eshop.sk\/index.php?rest_route=%2Fwp%2Fv2%2Fproduct_brand&post=11098"},{"taxonomy":"product_cat","embeddable":true,"href":"https:\/\/revop-eshop.sk\/index.php?rest_route=%2Fwp%2Fv2%2Fproduct_cat&post=11098"},{"taxonomy":"product_tag","embeddable":true,"href":"https:\/\/revop-eshop.sk\/index.php?rest_route=%2Fwp%2Fv2%2Fproduct_tag&post=11098"}],"curies":[{"name":"wp","href":"https:\/\/api.w.org\/{rel}","templated":true}]}}