{"id":10940,"date":"2025-12-13T16:36:30","date_gmt":"2025-12-13T15:36:30","guid":{"rendered":"https:\/\/revop-eshop.sk\/?product=cerpadlo-15-1-65-womix-eco-pro-230v-pn10-tuv"},"modified":"2025-12-13T17:19:14","modified_gmt":"2025-12-13T16:19:14","slug":"cerpadlo-15-1-65-womix-eco-pro-230v-pn10-tuv","status":"publish","type":"product","link":"https:\/\/revop-eshop.sk\/?product=cerpadlo-15-1-65-womix-eco-pro-230v-pn10-tuv","title":{"rendered":"\u010cerpadlo 15-1 65 WOMIX eco PRO 230V PN10 TUV"},"content":{"rendered":"<p>Cirkula\u010dn\u00e9 \u010derpadlo na TUV s mo\u017enos\u0165ou regul\u00e1cie ot\u00e1\u010dok \u010derpadla<\/p>\n","protected":false},"excerpt":{"rendered":"<p>Cirkula\u010dn\u00e9 \u010derpadlo na TUV s mo\u017enos\u0165ou regul\u00e1cie ot\u00e1\u010dok \u010derpadla<\/p>\n","protected":false},"featured_media":10939,"comment_status":"open","ping_status":"closed","template":"","meta":{"jetpack_publicize_message":"","jetpack_publicize_feature_enabled":true,"jetpack_social_post_already_shared":true,"jetpack_social_options":{"image_generator_settings":{"template":"highway","default_image_id":0,"font":"","enabled":false},"version":2}},"product_brand":[],"product_cat":[2400],"product_tag":[2403],"class_list":{"0":"post-10940","1":"product","2":"type-product","3":"status-publish","4":"has-post-thumbnail","6":"product_cat-cerpadla-na-tuv","7":"product_tag-cerpadlo-15-1-65-womix-eco-pro-230v-pn10-tuv","9":"first","10":"instock","11":"taxable","12":"shipping-taxable","13":"purchasable","14":"product-type-simple"},"jetpack_publicize_connections":[],"jetpack_sharing_enabled":true,"_links":{"self":[{"href":"https:\/\/revop-eshop.sk\/index.php?rest_route=\/wp\/v2\/product\/10940","targetHints":{"allow":["GET"]}}],"collection":[{"href":"https:\/\/revop-eshop.sk\/index.php?rest_route=\/wp\/v2\/product"}],"about":[{"href":"https:\/\/revop-eshop.sk\/index.php?rest_route=\/wp\/v2\/types\/product"}],"replies":[{"embeddable":true,"href":"https:\/\/revop-eshop.sk\/index.php?rest_route=%2Fwp%2Fv2%2Fcomments&post=10940"}],"wp:featuredmedia":[{"embeddable":true,"href":"https:\/\/revop-eshop.sk\/index.php?rest_route=\/wp\/v2\/media\/10939"}],"wp:attachment":[{"href":"https:\/\/revop-eshop.sk\/index.php?rest_route=%2Fwp%2Fv2%2Fmedia&parent=10940"}],"wp:term":[{"taxonomy":"product_brand","embeddable":true,"href":"https:\/\/revop-eshop.sk\/index.php?rest_route=%2Fwp%2Fv2%2Fproduct_brand&post=10940"},{"taxonomy":"product_cat","embeddable":true,"href":"https:\/\/revop-eshop.sk\/index.php?rest_route=%2Fwp%2Fv2%2Fproduct_cat&post=10940"},{"taxonomy":"product_tag","embeddable":true,"href":"https:\/\/revop-eshop.sk\/index.php?rest_route=%2Fwp%2Fv2%2Fproduct_tag&post=10940"}],"curies":[{"name":"wp","href":"https:\/\/api.w.org\/{rel}","templated":true}]}}