{"id":10916,"date":"2025-12-13T16:36:15","date_gmt":"2025-12-13T15:36:15","guid":{"rendered":"https:\/\/revop-eshop.sk\/?product=cerpadlo-25-60-180-alpha2-grundfos-230v-pn10"},"modified":"2025-12-13T17:23:09","modified_gmt":"2025-12-13T16:23:09","slug":"cerpadlo-25-60-180-alpha2-grundfos-230v-pn10","status":"publish","type":"product","link":"https:\/\/revop-eshop.sk\/?product=cerpadlo-25-60-180-alpha2-grundfos-230v-pn10","title":{"rendered":"\u010cerpadlo 25-60 180 ALPHA2 GRUNDFOS 230V PN10"},"content":{"rendered":"<p>Technick\u00e9 parametre<br \/>\nnap\u00e1janie 230 V<br \/>\nmax . dopravn\u00e1 v\u00fd\u0161ka 6 m<br \/>\nmax. prietok 3,4 m3\/hod<br \/>\nprev\u00e1dzkov\u00fd tlak 10 bar<br \/>\npripojenie G 6\/4&#8243;<br \/>\nstavebn\u00e1 d\u013a\u017eka 180 mm<br \/>\nVlastnosti<br \/>\nobehov\u00e9 \u010derpadlo<br \/>\npou\u017eitie pre vykurovacie s\u00fastavy, podlahov\u00e9 k\u00farenie, syst\u00e9my s variabilnou teplotou prietoku<br \/>\nfunkcia no\u010dnej redukovanej prev\u00e1dzky<br \/>\nukazovate\u013e aktu\u00e1lnej spotreby el. energie<\/p>\n","protected":false},"excerpt":{"rendered":"<p>Technick\u00e9 parametre nap\u00e1janie 230 V max . dopravn\u00e1 v\u00fd\u0161ka 6 m max. prietok 3,4 m3\/hod prev\u00e1dzkov\u00fd tlak 10 bar pripojenie G 6\/4&#8243; stavebn\u00e1 d\u013a\u017eka 180 mm Vlastnosti obehov\u00e9 \u010derpadlo pou\u017eitie pre vykurovacie s\u00fastavy, podlahov\u00e9 k\u00farenie, syst\u00e9my s variabilnou teplotou prietoku funkcia no\u010dnej redukovanej prev\u00e1dzky ukazovate\u013e aktu\u00e1lnej spotreby el. energie<\/p>\n","protected":false},"featured_media":10915,"comment_status":"open","ping_status":"closed","template":"","meta":{"jetpack_publicize_message":"","jetpack_publicize_feature_enabled":true,"jetpack_social_post_already_shared":true,"jetpack_social_options":{"image_generator_settings":{"template":"highway","default_image_id":0,"font":"","enabled":false},"version":2}},"product_brand":[],"product_cat":[2398],"product_tag":[2406],"class_list":{"0":"post-10916","1":"product","2":"type-product","3":"status-publish","4":"has-post-thumbnail","6":"product_cat-cerpadla-uk","7":"product_tag-cerpadlo-25-60-180-alpha2-grundfos-230v-pn10","9":"first","10":"instock","11":"taxable","12":"shipping-taxable","13":"purchasable","14":"product-type-simple"},"jetpack_publicize_connections":[],"jetpack_sharing_enabled":true,"_links":{"self":[{"href":"https:\/\/revop-eshop.sk\/index.php?rest_route=\/wp\/v2\/product\/10916","targetHints":{"allow":["GET"]}}],"collection":[{"href":"https:\/\/revop-eshop.sk\/index.php?rest_route=\/wp\/v2\/product"}],"about":[{"href":"https:\/\/revop-eshop.sk\/index.php?rest_route=\/wp\/v2\/types\/product"}],"replies":[{"embeddable":true,"href":"https:\/\/revop-eshop.sk\/index.php?rest_route=%2Fwp%2Fv2%2Fcomments&post=10916"}],"wp:featuredmedia":[{"embeddable":true,"href":"https:\/\/revop-eshop.sk\/index.php?rest_route=\/wp\/v2\/media\/10915"}],"wp:attachment":[{"href":"https:\/\/revop-eshop.sk\/index.php?rest_route=%2Fwp%2Fv2%2Fmedia&parent=10916"}],"wp:term":[{"taxonomy":"product_brand","embeddable":true,"href":"https:\/\/revop-eshop.sk\/index.php?rest_route=%2Fwp%2Fv2%2Fproduct_brand&post=10916"},{"taxonomy":"product_cat","embeddable":true,"href":"https:\/\/revop-eshop.sk\/index.php?rest_route=%2Fwp%2Fv2%2Fproduct_cat&post=10916"},{"taxonomy":"product_tag","embeddable":true,"href":"https:\/\/revop-eshop.sk\/index.php?rest_route=%2Fwp%2Fv2%2Fproduct_tag&post=10916"}],"curies":[{"name":"wp","href":"https:\/\/api.w.org\/{rel}","templated":true}]}}