{"id":10906,"date":"2025-12-13T16:36:11","date_gmt":"2025-12-13T15:36:11","guid":{"rendered":"https:\/\/revop-eshop.sk\/?product=cerpadlo-15-11-85-evosta2-dab-230v-pn10-tuv"},"modified":"2025-12-13T17:18:50","modified_gmt":"2025-12-13T16:18:50","slug":"cerpadlo-15-11-85-evosta2-dab-230v-pn10-tuv","status":"publish","type":"product","link":"https:\/\/revop-eshop.sk\/?product=cerpadlo-15-11-85-evosta2-dab-230v-pn10-tuv","title":{"rendered":"\u010cerpadlo 15-11 85 EVOSTA2 DAB 230V PN10 TUV"},"content":{"rendered":"<p>Obehov\u00e9 \u010derpadl\u00e1 EVOSTA2 SAN s\u00fa vhodn\u00e9 pre cirkul\u00e1ciu teplej vody v mal\u00fdch priestoroch dom\u00e1cich syst\u00e9mov. Samo\u010dinne chr\u00e1nen\u00fd synchr\u00f3nny motor s gu\u013eov\u00fdm rotorom, ktor\u00fd vy\u017eaduje iba jeden tesniaci kr\u00fa\u017eok medzi motorom a telom \u010derpadla. Jednoduch\u00e9 \u010distenie alebo v\u00fdmena. Mosadzn\u00e9 teleso \u010derpadla s vn\u00fatorn\u00fdm z\u00e1vitom R 1\/2&#8243; (G 1\/2&#8243; ) vo verzii R alebo so sp\u00e4tn\u00fdm ventilom a izol\u00e1ciou \u0161tandardne dod\u00e1van\u00e9 vo verzii V pre konektor s vonkaj\u0161\u00edm z\u00e1vitom 1\/2&#8243; (G 1&#8243;).<\/p>\n<p>Prev\u00e1dzkov\u00fd rozsah: od 0 do 0,6 m3\/h s v\u00fdtlakom a\u017e do 1,1 m<br \/>\nRozsah teploty kvapaliny: od 2 \u00b0C do +75 \u00b0C<br \/>\nMaxim\u00e1lny pracovn\u00fd tlak: 10 bar (1000 kPa)<br \/>\nStupe\u0148 krytia: IP42<br \/>\nTrieda izol\u00e1cie: II<br \/>\nIn\u01610tal\u00e1cia: s horizont\u00e1lnou polohou hriade\u013ea motoru<br \/>\nNap\u00e4tie: 1&#215;115-230 V\/ 50\/ 60 Hz<br \/>\n\u010cerpan\u00e1 kvapalina: \u010dist\u00e1 bez pevn\u00fdch l\u00e1tok a miner\u00e1lnych olejov, bez viskozity, chemicky neutr\u00e1lna s vlastnos\u0165ami bl\u00edzka vode (max. obsah glykolu 30%)<\/p>\n","protected":false},"excerpt":{"rendered":"<p>Obehov\u00e9 \u010derpadl\u00e1 EVOSTA2 SAN s\u00fa vhodn\u00e9 pre cirkul\u00e1ciu teplej vody v mal\u00fdch priestoroch dom\u00e1cich syst\u00e9mov. Samo\u010dinne chr\u00e1nen\u00fd synchr\u00f3nny motor s gu\u013eov\u00fdm rotorom, ktor\u00fd vy\u017eaduje iba jeden tesniaci kr\u00fa\u017eok medzi motorom a telom \u010derpadla. Jednoduch\u00e9 \u010distenie alebo v\u00fdmena. Mosadzn\u00e9 teleso \u010derpadla s vn\u00fatorn\u00fdm z\u00e1vitom R 1\/2&#8243; (G 1\/2&#8243; ) vo verzii R alebo so sp\u00e4tn\u00fdm ventilom [&hellip;]<\/p>\n","protected":false},"featured_media":10905,"comment_status":"open","ping_status":"closed","template":"","meta":{"jetpack_publicize_message":"","jetpack_publicize_feature_enabled":true,"jetpack_social_post_already_shared":true,"jetpack_social_options":{"image_generator_settings":{"template":"highway","default_image_id":0,"font":"","enabled":false},"version":2}},"product_brand":[],"product_cat":[2400],"product_tag":[2402],"class_list":{"0":"post-10906","1":"product","2":"type-product","3":"status-publish","4":"has-post-thumbnail","6":"product_cat-cerpadla-na-tuv","7":"product_tag-cerpadlo-15-11-85-evosta2-dab-230v-pn10-tuv","9":"first","10":"instock","11":"taxable","12":"shipping-taxable","13":"purchasable","14":"product-type-simple"},"jetpack_publicize_connections":[],"jetpack_sharing_enabled":true,"_links":{"self":[{"href":"https:\/\/revop-eshop.sk\/index.php?rest_route=\/wp\/v2\/product\/10906","targetHints":{"allow":["GET"]}}],"collection":[{"href":"https:\/\/revop-eshop.sk\/index.php?rest_route=\/wp\/v2\/product"}],"about":[{"href":"https:\/\/revop-eshop.sk\/index.php?rest_route=\/wp\/v2\/types\/product"}],"replies":[{"embeddable":true,"href":"https:\/\/revop-eshop.sk\/index.php?rest_route=%2Fwp%2Fv2%2Fcomments&post=10906"}],"wp:featuredmedia":[{"embeddable":true,"href":"https:\/\/revop-eshop.sk\/index.php?rest_route=\/wp\/v2\/media\/10905"}],"wp:attachment":[{"href":"https:\/\/revop-eshop.sk\/index.php?rest_route=%2Fwp%2Fv2%2Fmedia&parent=10906"}],"wp:term":[{"taxonomy":"product_brand","embeddable":true,"href":"https:\/\/revop-eshop.sk\/index.php?rest_route=%2Fwp%2Fv2%2Fproduct_brand&post=10906"},{"taxonomy":"product_cat","embeddable":true,"href":"https:\/\/revop-eshop.sk\/index.php?rest_route=%2Fwp%2Fv2%2Fproduct_cat&post=10906"},{"taxonomy":"product_tag","embeddable":true,"href":"https:\/\/revop-eshop.sk\/index.php?rest_route=%2Fwp%2Fv2%2Fproduct_tag&post=10906"}],"curies":[{"name":"wp","href":"https:\/\/api.w.org\/{rel}","templated":true}]}}