{"id":10855,"date":"2025-12-13T16:35:52","date_gmt":"2025-12-13T15:35:52","guid":{"rendered":"https:\/\/revop-eshop.sk\/?product=cerpadlo-25-60-130-alpha1-l-grundfos-230v-pn10"},"modified":"2025-12-13T17:39:18","modified_gmt":"2025-12-13T16:39:18","slug":"cerpadlo-25-60-130-alpha1-l-grundfos-230v-pn10","status":"publish","type":"product","link":"https:\/\/revop-eshop.sk\/?product=cerpadlo-25-60-130-alpha1-l-grundfos-230v-pn10","title":{"rendered":"\u010cerpadlo 25-60 130 ALPHA1 L GRUNDFOS 230V PN10"},"content":{"rendered":"<p>TECHNICK\u00c9 PARAMETRE:<br \/>\n\u0160\u00edrka: 93 mm<br \/>\nH\u013abka: 127 mm<br \/>\nV\u00fd\u0161ka: 130 mm<br \/>\nPripojenie: G 6\/4&#8243;<br \/>\nHmotnos\u0165: 1,95 kg<\/p>\n<p>V\u00ddKONOV\u00c9 PARAMETRE:<br \/>\nNap\u00e1janie: 1 x 230 V<br \/>\nMax. dopravn\u00e1 v\u00fd\u0161ka: 60 dm<br \/>\nMax. prev\u00e1dzkov\u00fd tlak: 10 bar<br \/>\nTeplota kvapaliny: +2 \u00b0C do +95 \u00b0C<br \/>\nTrieda krytia: IPX4D<\/p>\n<p>&#8211; tri kon\u0161tantn\u00fd krivky \/ krivky kon\u0161tantnej r\u00fdchlosti<br \/>\n&#8211; re\u017eim vykurovanie chladi\u010da<br \/>\n&#8211; re\u017eim podlahov\u00e9ho vykurovania<br \/>\n&#8211; n\u00edzka EEI (Index energetickej \u00fa\u010dinnosti)<br \/>\n&#8211; od\u0161roubovac\u00ed skrutka<br \/>\n&#8211; bez\u00fadr\u017ebov\u00fd<br \/>\n&#8211; n\u00edzka hladina hluku<br \/>\n&#8211; ve\u013emi jednoduch\u00e1 in\u0161tal\u00e1cia<\/p>\n<p>Alpha1 L model mo\u017eno integrova\u0165 vo v\u0161etk\u00fdch druhoch k\u00farenie s premennou alebo kon\u0161tantn\u00fdm prietokom.<\/p>\n","protected":false},"excerpt":{"rendered":"<p>TECHNICK\u00c9 PARAMETRE: \u0160\u00edrka: 93 mm H\u013abka: 127 mm V\u00fd\u0161ka: 130 mm Pripojenie: G 6\/4&#8243; Hmotnos\u0165: 1,95 kg V\u00ddKONOV\u00c9 PARAMETRE: Nap\u00e1janie: 1 x 230 V Max. dopravn\u00e1 v\u00fd\u0161ka: 60 dm Max. prev\u00e1dzkov\u00fd tlak: 10 bar Teplota kvapaliny: +2 \u00b0C do +95 \u00b0C Trieda krytia: IPX4D &#8211; tri kon\u0161tantn\u00fd krivky \/ krivky kon\u0161tantnej r\u00fdchlosti &#8211; re\u017eim vykurovanie [&hellip;]<\/p>\n","protected":false},"featured_media":10852,"comment_status":"open","ping_status":"closed","template":"","meta":{"jetpack_publicize_message":"","jetpack_publicize_feature_enabled":true,"jetpack_social_post_already_shared":true,"jetpack_social_options":{"image_generator_settings":{"template":"highway","default_image_id":0,"font":"","enabled":false},"version":2}},"product_brand":[],"product_cat":[2398],"product_tag":[2428],"class_list":{"0":"post-10855","1":"product","2":"type-product","3":"status-publish","4":"has-post-thumbnail","6":"product_cat-cerpadla-uk","7":"product_tag-cerpadlo-25-60-130-alpha1-l-grundfos-230v-pn10","9":"first","10":"instock","11":"taxable","12":"shipping-taxable","13":"purchasable","14":"product-type-simple"},"jetpack_publicize_connections":[],"jetpack_sharing_enabled":true,"_links":{"self":[{"href":"https:\/\/revop-eshop.sk\/index.php?rest_route=\/wp\/v2\/product\/10855","targetHints":{"allow":["GET"]}}],"collection":[{"href":"https:\/\/revop-eshop.sk\/index.php?rest_route=\/wp\/v2\/product"}],"about":[{"href":"https:\/\/revop-eshop.sk\/index.php?rest_route=\/wp\/v2\/types\/product"}],"replies":[{"embeddable":true,"href":"https:\/\/revop-eshop.sk\/index.php?rest_route=%2Fwp%2Fv2%2Fcomments&post=10855"}],"wp:featuredmedia":[{"embeddable":true,"href":"https:\/\/revop-eshop.sk\/index.php?rest_route=\/wp\/v2\/media\/10852"}],"wp:attachment":[{"href":"https:\/\/revop-eshop.sk\/index.php?rest_route=%2Fwp%2Fv2%2Fmedia&parent=10855"}],"wp:term":[{"taxonomy":"product_brand","embeddable":true,"href":"https:\/\/revop-eshop.sk\/index.php?rest_route=%2Fwp%2Fv2%2Fproduct_brand&post=10855"},{"taxonomy":"product_cat","embeddable":true,"href":"https:\/\/revop-eshop.sk\/index.php?rest_route=%2Fwp%2Fv2%2Fproduct_cat&post=10855"},{"taxonomy":"product_tag","embeddable":true,"href":"https:\/\/revop-eshop.sk\/index.php?rest_route=%2Fwp%2Fv2%2Fproduct_tag&post=10855"}],"curies":[{"name":"wp","href":"https:\/\/api.w.org\/{rel}","templated":true}]}}