{"id":10849,"date":"2025-12-13T16:35:50","date_gmt":"2025-12-13T15:35:50","guid":{"rendered":"https:\/\/revop-eshop.sk\/?product=cerpadlo-32-80-180-alpha2-grundfos-230v-pn10"},"modified":"2025-12-13T17:40:42","modified_gmt":"2025-12-13T16:40:42","slug":"cerpadlo-32-80-180-alpha2-grundfos-230v-pn10","status":"publish","type":"product","link":"https:\/\/revop-eshop.sk\/?product=cerpadlo-32-80-180-alpha2-grundfos-230v-pn10","title":{"rendered":"\u010cerpadlo 32-80 180 ALPHA2 GRUNDFOS 230V PN10"},"content":{"rendered":"<p>TECHNICK\u00c9 PARAMETRE:<br \/>\n\u0160\u00edrka: 90 mm<br \/>\n\u0160\u00edrka s izol\u00e1ciou: 122 mm<br \/>\nH\u013abka: 140 mm<br \/>\nH\u013abka s izol\u00e1ciou: 156 mm<br \/>\nV\u00fd\u0161ka: 180 mm<br \/>\n\u010cist\u00e1 hmotnos\u0165: 2,14 kg<br \/>\nPotrubn\u00e1 pr\u00edpojka: G 2&#8243;<br \/>\nPN pre potrubn\u00fa pr\u00edpojku: PN 10<br \/>\nRozte\u010d pripojenie: 180 mm<br \/>\nPoloha svorkovnice: 6H<\/p>\n<p>V\u00ddKONOV\u00c9 PARAMETRE:<br \/>\nNap\u00e1janie: 1 x 230 V \/ 50 Hz<br \/>\nPr\u00edkon: 3-50 W<br \/>\nMax. spotreba el. pr\u00fadu: 0,04-0,44 A<br \/>\nTrieda krytia: X4D<br \/>\nTrieda izol\u00e1cie: F<br \/>\nIndex energetickej \u00fa\u010dinnosti EEI: 0,18<br \/>\nMax. prev\u00e1dzkov\u00fd tlak: 10 bar<br \/>\nMax. dopravn\u00e1 v\u00fd\u0161ka: 8 m<br \/>\nTeplota kvapaliny: +2 \u00b0C do +110 \u00b0C<\/p>\n<p>Materi\u00e1l (teleso \u010derpadla): liatina, EN-GJL-150, ASTM A48-150B<\/p>\n<p>GRUNDFOS ALPHA2 \u010eal\u0161ia gener\u00e1cia mal\u00fdch obehov\u00fdch \u010derpadiel v najvy\u0161\u0161ej energetickej triede &#8220;A&#8221;.<br \/>\n\u010cerpadlo ALPHA2 je najmlad\u0161\u00edm a najviac inovovan\u00fdm \u010dlenom rodiny vysoko kvalitn\u00fdch obehov\u00fdch \u010derpadiel Grundfos. \u010cerpadlo ALPHA2 v\u00e1s zbav\u00ed starost\u00ed s komplikovan\u00fdm nastavovan\u00edm \u010derpadla. Sta\u010d\u00ed len \u010derpadlo nain\u0161talova\u0165 a ponecha\u0165 u neho tov\u00e1rensk\u00e9 nastavenia na funkciu AUTOADAPT. ALPHA2 vykon\u00e1 automaticky anal\u00fdzu danej vykurovacej s\u00fastavy, vyh\u013ead\u00e1 optim\u00e1lne nastavenie a bude \u010falej prisp\u00f4sobova\u0165 svoju prev\u00e1dzku zmen\u00e1m v po\u017eiadavk\u00e1ch na mno\u017estvo tepla. V\u00fdsledkom je optim\u00e1lny u\u017e\u00edvate\u013esk\u00e9 pohodlie a minim\u00e1lna spotreba energie. \u010cerpadlo ALPHA2 je navy\u0161e mimoriadne flexibiln\u00e9, spo\u013eahliv\u00e9 a ove\u013ea kompaktnej\u0161ie ne\u017e ktor\u00e9ko\u013evek in\u00e9 obehov\u00e9 \u010derpadlo s energetick\u00fdm \u0161t\u00edtkom &#8220;A&#8221;, ktor\u00e9 je na trhu dosta\u0165. Funkcia AUTOADAPT analyzuje dan\u00fa vykurovaciu s\u00fastavu a automaticky upravuje nastavenie \u010derpadla tak, aby vyhovelo po\u017eiadavk\u00e1m na mno\u017estvo tepla. Funkciu AUTOADAPT mo\u017eno aplikova\u0165 v cca 80% v\u0161etk\u00fdch vykurovac\u00edch s\u00fastav. Riadiaca elektronika je vstavan\u00e1 do telesa \u010derpadla, v\u010faka \u010domu je in\u0161tal\u00e1cia \u010derpadla teraz mo\u017eno aj v priestorovo ve\u013emi stiesnen\u00fdch podmienkach.<\/p>\n","protected":false},"excerpt":{"rendered":"<p>TECHNICK\u00c9 PARAMETRE: \u0160\u00edrka: 90 mm \u0160\u00edrka s izol\u00e1ciou: 122 mm H\u013abka: 140 mm H\u013abka s izol\u00e1ciou: 156 mm V\u00fd\u0161ka: 180 mm \u010cist\u00e1 hmotnos\u0165: 2,14 kg Potrubn\u00e1 pr\u00edpojka: G 2&#8243; PN pre potrubn\u00fa pr\u00edpojku: PN 10 Rozte\u010d pripojenie: 180 mm Poloha svorkovnice: 6H V\u00ddKONOV\u00c9 PARAMETRE: Nap\u00e1janie: 1 x 230 V \/ 50 Hz Pr\u00edkon: 3-50 W [&hellip;]<\/p>\n","protected":false},"featured_media":10842,"comment_status":"open","ping_status":"closed","template":"","meta":{"jetpack_publicize_message":"","jetpack_publicize_feature_enabled":true,"jetpack_social_post_already_shared":true,"jetpack_social_options":{"image_generator_settings":{"template":"highway","default_image_id":0,"font":"","enabled":false},"version":2}},"product_brand":[],"product_cat":[2398],"product_tag":[2430],"class_list":{"0":"post-10849","1":"product","2":"type-product","3":"status-publish","4":"has-post-thumbnail","6":"product_cat-cerpadla-uk","7":"product_tag-cerpadlo-32-80-180-alpha2-grundfos-230v-pn10","9":"first","10":"instock","11":"taxable","12":"shipping-taxable","13":"purchasable","14":"product-type-simple"},"jetpack_publicize_connections":[],"jetpack_sharing_enabled":true,"_links":{"self":[{"href":"https:\/\/revop-eshop.sk\/index.php?rest_route=\/wp\/v2\/product\/10849","targetHints":{"allow":["GET"]}}],"collection":[{"href":"https:\/\/revop-eshop.sk\/index.php?rest_route=\/wp\/v2\/product"}],"about":[{"href":"https:\/\/revop-eshop.sk\/index.php?rest_route=\/wp\/v2\/types\/product"}],"replies":[{"embeddable":true,"href":"https:\/\/revop-eshop.sk\/index.php?rest_route=%2Fwp%2Fv2%2Fcomments&post=10849"}],"wp:featuredmedia":[{"embeddable":true,"href":"https:\/\/revop-eshop.sk\/index.php?rest_route=\/wp\/v2\/media\/10842"}],"wp:attachment":[{"href":"https:\/\/revop-eshop.sk\/index.php?rest_route=%2Fwp%2Fv2%2Fmedia&parent=10849"}],"wp:term":[{"taxonomy":"product_brand","embeddable":true,"href":"https:\/\/revop-eshop.sk\/index.php?rest_route=%2Fwp%2Fv2%2Fproduct_brand&post=10849"},{"taxonomy":"product_cat","embeddable":true,"href":"https:\/\/revop-eshop.sk\/index.php?rest_route=%2Fwp%2Fv2%2Fproduct_cat&post=10849"},{"taxonomy":"product_tag","embeddable":true,"href":"https:\/\/revop-eshop.sk\/index.php?rest_route=%2Fwp%2Fv2%2Fproduct_tag&post=10849"}],"curies":[{"name":"wp","href":"https:\/\/api.w.org\/{rel}","templated":true}]}}