{"id":10839,"date":"2025-12-13T16:35:47","date_gmt":"2025-12-13T15:35:47","guid":{"rendered":"https:\/\/revop-eshop.sk\/?product=cerpadlo-32-60-180-alpha1-l-grundfos-230v-pn10"},"modified":"2025-12-13T17:41:55","modified_gmt":"2025-12-13T16:41:55","slug":"cerpadlo-32-60-180-alpha1-l-grundfos-230v-pn10","status":"publish","type":"product","link":"https:\/\/revop-eshop.sk\/?product=cerpadlo-32-60-180-alpha1-l-grundfos-230v-pn10","title":{"rendered":"\u010cerpadlo 32-60 180 ALPHA1 L GRUNDFOS 230V PN10"},"content":{"rendered":"<p>TECHNICK\u00c9 PARAMETRE:<br \/>\n\u0160\u00edrka: 94 mm<br \/>\nH\u013abka: 128 mm<br \/>\nV\u00fd\u0161ka: 180 mm<br \/>\nPripojenie: G 2&#8243;<br \/>\nHmotnos\u0165: 2,19 kg<\/p>\n<p>V\u00ddKONOV\u00c9 PARAMETRE:<br \/>\nNap\u00e1janie: 1 x 230 V<br \/>\nMax. dopravn\u00e1 v\u00fd\u0161ka: 6 m<br \/>\nMax. prietok: 3,5 m3 \/ hod<br \/>\nIndex energetickej \u00fa\u010dinnosti EEI: 0,20<br \/>\nMax. prev\u00e1dzkov\u00fd tlak: 10 bar<br \/>\nTeplota kvapaliny: +2 \u00b0C do +95 \u00b0C<br \/>\nTrieda krytia: IPX4D<\/p>\n<p>&#8211; tri kon\u0161tantn\u00fd krivky \/ krivky kon\u0161tantnej r\u00fdchlosti<br \/>\n&#8211; re\u017eim vykurovanie chladi\u010da<br \/>\n&#8211; re\u017eim podlahov\u00e9ho vykurovania<br \/>\n&#8211; n\u00edzka EEI (Index energetickej \u00fa\u010dinnosti)<br \/>\n&#8211; od\u0161roubovac\u00ed skrutka<br \/>\n&#8211; bez\u00fadr\u017ebov\u00fd<br \/>\n&#8211; n\u00edzka hladina hluku<br \/>\n&#8211; ve\u013emi jednoduch\u00e1 in\u0161tal\u00e1cia<\/p>\n<p>Alpha1 L model mo\u017eno integrova\u0165 vo v\u0161etk\u00fdch druhoch k\u00farenie s premennou alebo kon\u0161tantn\u00fdm prietokom.<\/p>\n","protected":false},"excerpt":{"rendered":"<p>TECHNICK\u00c9 PARAMETRE: \u0160\u00edrka: 94 mm H\u013abka: 128 mm V\u00fd\u0161ka: 180 mm Pripojenie: G 2&#8243; Hmotnos\u0165: 2,19 kg V\u00ddKONOV\u00c9 PARAMETRE: Nap\u00e1janie: 1 x 230 V Max. dopravn\u00e1 v\u00fd\u0161ka: 6 m Max. prietok: 3,5 m3 \/ hod Index energetickej \u00fa\u010dinnosti EEI: 0,20 Max. prev\u00e1dzkov\u00fd tlak: 10 bar Teplota kvapaliny: +2 \u00b0C do +95 \u00b0C Trieda krytia: IPX4D [&hellip;]<\/p>\n","protected":false},"featured_media":10835,"comment_status":"open","ping_status":"closed","template":"","meta":{"jetpack_publicize_message":"","jetpack_publicize_feature_enabled":true,"jetpack_social_post_already_shared":true,"jetpack_social_options":{"image_generator_settings":{"template":"highway","default_image_id":0,"font":"","enabled":false},"version":2}},"product_brand":[],"product_cat":[2398],"product_tag":[2433],"class_list":{"0":"post-10839","1":"product","2":"type-product","3":"status-publish","4":"has-post-thumbnail","6":"product_cat-cerpadla-uk","7":"product_tag-cerpadlo-32-60-180-alpha1-l-grundfos-230v-pn10","9":"first","10":"instock","11":"taxable","12":"shipping-taxable","13":"purchasable","14":"product-type-simple"},"jetpack_publicize_connections":[],"jetpack_sharing_enabled":true,"_links":{"self":[{"href":"https:\/\/revop-eshop.sk\/index.php?rest_route=\/wp\/v2\/product\/10839","targetHints":{"allow":["GET"]}}],"collection":[{"href":"https:\/\/revop-eshop.sk\/index.php?rest_route=\/wp\/v2\/product"}],"about":[{"href":"https:\/\/revop-eshop.sk\/index.php?rest_route=\/wp\/v2\/types\/product"}],"replies":[{"embeddable":true,"href":"https:\/\/revop-eshop.sk\/index.php?rest_route=%2Fwp%2Fv2%2Fcomments&post=10839"}],"wp:featuredmedia":[{"embeddable":true,"href":"https:\/\/revop-eshop.sk\/index.php?rest_route=\/wp\/v2\/media\/10835"}],"wp:attachment":[{"href":"https:\/\/revop-eshop.sk\/index.php?rest_route=%2Fwp%2Fv2%2Fmedia&parent=10839"}],"wp:term":[{"taxonomy":"product_brand","embeddable":true,"href":"https:\/\/revop-eshop.sk\/index.php?rest_route=%2Fwp%2Fv2%2Fproduct_brand&post=10839"},{"taxonomy":"product_cat","embeddable":true,"href":"https:\/\/revop-eshop.sk\/index.php?rest_route=%2Fwp%2Fv2%2Fproduct_cat&post=10839"},{"taxonomy":"product_tag","embeddable":true,"href":"https:\/\/revop-eshop.sk\/index.php?rest_route=%2Fwp%2Fv2%2Fproduct_tag&post=10839"}],"curies":[{"name":"wp","href":"https:\/\/api.w.org\/{rel}","templated":true}]}}