{"id":10829,"date":"2025-12-13T16:35:41","date_gmt":"2025-12-13T15:35:41","guid":{"rendered":"https:\/\/revop-eshop.sk\/?product=cerpadlo-25-40-130-alpha2-grundfos-230v-pn10"},"modified":"2025-12-13T17:45:33","modified_gmt":"2025-12-13T16:45:33","slug":"cerpadlo-25-40-130-alpha2-grundfos-230v-pn10","status":"publish","type":"product","link":"https:\/\/revop-eshop.sk\/?product=cerpadlo-25-40-130-alpha2-grundfos-230v-pn10","title":{"rendered":"\u010cerpadlo 25-40 130 ALPHA2 GRUNDFOS 230V PN10"},"content":{"rendered":"<p>TECHNICK\u00c9 PARAMETRE:<br \/>\n\u0160\u00edrka: 90 mm<br \/>\n\u0160\u00edrka s izol\u00e1ciou: 122 mm<br \/>\nH\u013abka: 140 mm<br \/>\nH\u013abka s izol\u00e1ciou: 156 mm<br \/>\nV\u00fd\u0161ka: 130 mm<br \/>\n\u010cist\u00e1 hmotnos\u0165: 1,88 kg<br \/>\nPotrubn\u00e1 pr\u00edpojka: G 6\/4&#8243;<br \/>\nPN pre potrubn\u00fa pr\u00edpojku: PN 10<br \/>\nRozte\u010d pripojenie: 130 mm<br \/>\nPoloha svorkovnice: 6H<\/p>\n<p>V\u00ddKONOV\u00c9 PARAMETRE:<br \/>\nNap\u00e1janie: 1 x 230 V \/ 50 Hz<br \/>\nPr\u00edkon: 3-18 W<br \/>\nMax. spotreba el. pr\u00fadu: 0,04-0,18 A<br \/>\nTrieda krytia: X4D<br \/>\nTrieda izol\u00e1cie: F<br \/>\nIndex energetickej \u00fa\u010dinnosti EEI: 0,15<br \/>\nMax. prev\u00e1dzkov\u00fd tlak: 10 bar<br \/>\nMax. dopravn\u00e1 v\u00fd\u0161ka: 40 dm<br \/>\nTeplota kvapaliny: +2 \u00b0C do +110 \u00b0C<\/p>\n<p>Materi\u00e1l (teleso \u010derpadla): liatina, EN-GJL-150, ASTM A48-150B<\/p>\n<p>Obehov\u00e9 \u010derpadlo NOV\u00c1 ALPHA2 je najnov\u0161\u00edm inovovan\u00fdm \u010dlenom rady vysoko \u00fa\u010dinn\u00fdch obehov\u00fdch \u010derpadiel pre dom\u00e1cnosti, ktor\u00fd nadv\u00e4zuje na \u00faspe\u0161n\u00fd model ALPHA2. NOV\u00c1 ALPHA2 je ur\u010den\u00e1 pre men\u0161ie vykurovacie syst\u00e9my v rodinn\u00fdch alebo viacer\u00fdch genera\u010dn\u00fdch domoch. S ALPHA2 sa nemus\u00edte stara\u0165 o komplikovan\u00e9 nastavenia optim\u00e1lneho prev\u00e1dzkov\u00e9ho re\u017eimu. Toto obehov\u00e9 \u010derpadlo sta\u010d\u00ed len nain\u0161talova\u0165 a ponecha\u0165 v tov\u00e1renskom nastaven\u00ed &#8211; AUTOADAPT. \u010cerpadlo automaticky analyzuje po\u017eiadavky va\u0161ej vykurovacej s\u00fastavy a n\u00e1jde svoj optim\u00e1lny prev\u00e1dzkov\u00fd bod. V pr\u00edpade zmeny podmienok sa nastav\u00ed na nov\u00fd prev\u00e1dzkov\u00fd bod.<br \/>\nVlastnosti a v\u00fdhody:<br \/>\n&#8211; kompaktn\u00fd dizajn, e\u0161te men\u0161ie rozmery ne\u017e u predch\u00e1dzaj\u00faceho modelu<br \/>\n&#8211; funkcia AUTOADAPT, ktor\u00e1 zais\u0165uje nastavenie optim\u00e1lneho prev\u00e1dzkov\u00e9ho bodu, vhodn\u00e1 pre 80% vykurovac\u00edch s\u00fastav<br \/>\n&#8211; 3 re\u017eimy proporcion\u00e1lneho tlaku<br \/>\n&#8211; 3 re\u017eimy kon\u0161tantn\u00e9ho tlaku<br \/>\n&#8211; 3 re\u017eimy s kon\u0161tantnou r\u00fdchlos\u0165ou<br \/>\n&#8211; integrovan\u00fd prietokomer pre lep\u0161ie vyv\u00e1\u017eenie s\u00fastavy<br \/>\n&#8211; displej ukazuj\u00faci aktu\u00e1lnu spotrebu energie (P1) vo Watoch<br \/>\n&#8211; tich\u00fd chod<br \/>\n&#8211; funkcia &#8220;Automaticky redukovan\u00e1 no\u010dn\u00e1 prev\u00e1dzka&#8221;<br \/>\n&#8211; motor zalo\u017een\u00fd na technol\u00f3gii permanentn\u00fdch magnetov<br \/>\n&#8211; integrovan\u00fd frekven\u010dn\u00fd meni\u010d<br \/>\n&#8211; samoodvzdu\u0161\u0148ovacie teleso \u010derpadla<\/p>\n","protected":false},"excerpt":{"rendered":"<p>TECHNICK\u00c9 PARAMETRE: \u0160\u00edrka: 90 mm \u0160\u00edrka s izol\u00e1ciou: 122 mm H\u013abka: 140 mm H\u013abka s izol\u00e1ciou: 156 mm V\u00fd\u0161ka: 130 mm \u010cist\u00e1 hmotnos\u0165: 1,88 kg Potrubn\u00e1 pr\u00edpojka: G 6\/4&#8243; PN pre potrubn\u00fa pr\u00edpojku: PN 10 Rozte\u010d pripojenie: 130 mm Poloha svorkovnice: 6H V\u00ddKONOV\u00c9 PARAMETRE: Nap\u00e1janie: 1 x 230 V \/ 50 Hz Pr\u00edkon: 3-18 W [&hellip;]<\/p>\n","protected":false},"featured_media":10828,"comment_status":"open","ping_status":"closed","template":"","meta":{"jetpack_publicize_message":"","jetpack_publicize_feature_enabled":true,"jetpack_social_post_already_shared":true,"jetpack_social_options":{"image_generator_settings":{"template":"highway","default_image_id":0,"font":"","enabled":false},"version":2}},"product_brand":[],"product_cat":[2398],"product_tag":[2438],"class_list":{"0":"post-10829","1":"product","2":"type-product","3":"status-publish","4":"has-post-thumbnail","6":"product_cat-cerpadla-uk","7":"product_tag-cerpadlo-25-40-130-alpha2-grundfos-230v-pn10","9":"first","10":"instock","11":"taxable","12":"shipping-taxable","13":"purchasable","14":"product-type-simple"},"jetpack_publicize_connections":[],"jetpack_sharing_enabled":true,"_links":{"self":[{"href":"https:\/\/revop-eshop.sk\/index.php?rest_route=\/wp\/v2\/product\/10829","targetHints":{"allow":["GET"]}}],"collection":[{"href":"https:\/\/revop-eshop.sk\/index.php?rest_route=\/wp\/v2\/product"}],"about":[{"href":"https:\/\/revop-eshop.sk\/index.php?rest_route=\/wp\/v2\/types\/product"}],"replies":[{"embeddable":true,"href":"https:\/\/revop-eshop.sk\/index.php?rest_route=%2Fwp%2Fv2%2Fcomments&post=10829"}],"wp:featuredmedia":[{"embeddable":true,"href":"https:\/\/revop-eshop.sk\/index.php?rest_route=\/wp\/v2\/media\/10828"}],"wp:attachment":[{"href":"https:\/\/revop-eshop.sk\/index.php?rest_route=%2Fwp%2Fv2%2Fmedia&parent=10829"}],"wp:term":[{"taxonomy":"product_brand","embeddable":true,"href":"https:\/\/revop-eshop.sk\/index.php?rest_route=%2Fwp%2Fv2%2Fproduct_brand&post=10829"},{"taxonomy":"product_cat","embeddable":true,"href":"https:\/\/revop-eshop.sk\/index.php?rest_route=%2Fwp%2Fv2%2Fproduct_cat&post=10829"},{"taxonomy":"product_tag","embeddable":true,"href":"https:\/\/revop-eshop.sk\/index.php?rest_route=%2Fwp%2Fv2%2Fproduct_tag&post=10829"}],"curies":[{"name":"wp","href":"https:\/\/api.w.org\/{rel}","templated":true}]}}