{"id":10824,"date":"2025-12-13T16:35:39","date_gmt":"2025-12-13T15:35:39","guid":{"rendered":"https:\/\/revop-eshop.sk\/?product=cerpadlo-15-6-43-130-para-wilo-230v-pn10"},"modified":"2025-12-13T17:45:55","modified_gmt":"2025-12-13T16:45:55","slug":"cerpadlo-15-6-43-130-para-wilo-230v-pn10","status":"publish","type":"product","link":"https:\/\/revop-eshop.sk\/?product=cerpadlo-15-6-43-130-para-wilo-230v-pn10","title":{"rendered":"\u010cerpadlo 15\/6-43 130 Para Wilo 230V PN10"},"content":{"rendered":"<p>Wilo Para 15\/6-43\/SC \u2013 Energeticky \u00fasporn\u00e9 obehov\u00e9 \u010derpadlo pre vykurovanie<\/p>\n<p>Wilo Para 15\/6-43\/SC je vysoko\u00fa\u010dinn\u00e9 elektronicky riaden\u00e9 obehov\u00e9 \u010derpadlo ur\u010den\u00e9 pre uzavret\u00e9 vykurovacie syst\u00e9my (napr. \u00fastredn\u00e9 k\u00farenie). V\u010faka technol\u00f3gii ECM a kompaktn\u00e9mu dizajnu je ide\u00e1lnou vo\u013ebou pre modern\u00e9 aj rekon\u0161truk\u010dn\u00e9 in\u0161tal\u00e1cie.<\/p>\n<p>    Energetick\u00e1 trieda A \u2013 extr\u00e9mne n\u00edzka spotreba elektrickej energie<\/p>\n<p>    Max. v\u00fdtla\u010dn\u00e1 v\u00fd\u0161ka: 6 metrov<\/p>\n<p>    D\u013a\u017eka \u010derpadla: 130 mm<\/p>\n<p>    Z\u00e1vitov\u00e9 pripojenie: G 1\u00bd&#8221;<\/p>\n<p>    Pripojenie elektriky: jednoduch\u00fd konektor Wilo SC<\/p>\n<p>    Automatick\u00e1 regul\u00e1cia v\u00fdkonu pod\u013ea potreby syst\u00e9mu<\/p>\n<p>    Tich\u00e1 prev\u00e1dzka a dlh\u00e1 \u017eivotnos\u0165<\/p>\n<p>    Jednoduch\u00e1 mont\u00e1\u017e v\u010faka kompaktn\u00fdm rozmerom<\/p>\n<p>    Vhodn\u00e9 ako n\u00e1hrada za star\u0161ie typy \u010derpadiel<\/p>\n<p>Ur\u010den\u00e9 pre rodinn\u00e9 domy, bytov\u00e9 jednotky, kotlov\u00e9 zostavy, rozd\u011blova\u010de podlahov\u00e9ho k\u00farenia a \u010fal\u0161ie aplik\u00e1cie s potrebou efekt\u00edvneho obehov\u00e9ho \u010derpadla.<\/p>\n<p> Obsah balenia:<\/p>\n<p>    1\u00d7 \u010derpadlo Wilo Para 15\/6-43\/SC<\/p>\n<p>    2\u00d7 tesniaci kr\u00fa\u017eok<\/p>\n<p>    1\u00d7 elektrick\u00fd konektor<\/p>\n","protected":false},"excerpt":{"rendered":"<p>Wilo Para 15\/6-43\/SC \u2013 Energeticky \u00fasporn\u00e9 obehov\u00e9 \u010derpadlo pre vykurovanie Wilo Para 15\/6-43\/SC je vysoko\u00fa\u010dinn\u00e9 elektronicky riaden\u00e9 obehov\u00e9 \u010derpadlo ur\u010den\u00e9 pre uzavret\u00e9 vykurovacie syst\u00e9my (napr. \u00fastredn\u00e9 k\u00farenie). V\u010faka technol\u00f3gii ECM a kompaktn\u00e9mu dizajnu je ide\u00e1lnou vo\u013ebou pre modern\u00e9 aj rekon\u0161truk\u010dn\u00e9 in\u0161tal\u00e1cie. Energetick\u00e1 trieda A \u2013 extr\u00e9mne n\u00edzka spotreba elektrickej energie Max. v\u00fdtla\u010dn\u00e1 v\u00fd\u0161ka: 6 metrov [&hellip;]<\/p>\n","protected":false},"featured_media":10823,"comment_status":"open","ping_status":"closed","template":"","meta":{"jetpack_publicize_message":"","jetpack_publicize_feature_enabled":true,"jetpack_social_post_already_shared":true,"jetpack_social_options":{"image_generator_settings":{"template":"highway","default_image_id":0,"font":"","enabled":false},"version":2}},"product_brand":[],"product_cat":[2398],"product_tag":[2439],"class_list":{"0":"post-10824","1":"product","2":"type-product","3":"status-publish","4":"has-post-thumbnail","6":"product_cat-cerpadla-uk","7":"product_tag-cerpadlo-15-6-43-130-para-wilo-230v-pn10","9":"first","10":"instock","11":"taxable","12":"shipping-taxable","13":"purchasable","14":"product-type-simple"},"jetpack_publicize_connections":[],"jetpack_sharing_enabled":true,"_links":{"self":[{"href":"https:\/\/revop-eshop.sk\/index.php?rest_route=\/wp\/v2\/product\/10824","targetHints":{"allow":["GET"]}}],"collection":[{"href":"https:\/\/revop-eshop.sk\/index.php?rest_route=\/wp\/v2\/product"}],"about":[{"href":"https:\/\/revop-eshop.sk\/index.php?rest_route=\/wp\/v2\/types\/product"}],"replies":[{"embeddable":true,"href":"https:\/\/revop-eshop.sk\/index.php?rest_route=%2Fwp%2Fv2%2Fcomments&post=10824"}],"wp:featuredmedia":[{"embeddable":true,"href":"https:\/\/revop-eshop.sk\/index.php?rest_route=\/wp\/v2\/media\/10823"}],"wp:attachment":[{"href":"https:\/\/revop-eshop.sk\/index.php?rest_route=%2Fwp%2Fv2%2Fmedia&parent=10824"}],"wp:term":[{"taxonomy":"product_brand","embeddable":true,"href":"https:\/\/revop-eshop.sk\/index.php?rest_route=%2Fwp%2Fv2%2Fproduct_brand&post=10824"},{"taxonomy":"product_cat","embeddable":true,"href":"https:\/\/revop-eshop.sk\/index.php?rest_route=%2Fwp%2Fv2%2Fproduct_cat&post=10824"},{"taxonomy":"product_tag","embeddable":true,"href":"https:\/\/revop-eshop.sk\/index.php?rest_route=%2Fwp%2Fv2%2Fproduct_tag&post=10824"}],"curies":[{"name":"wp","href":"https:\/\/api.w.org\/{rel}","templated":true}]}}