{"id":10806,"date":"2025-12-13T16:35:26","date_gmt":"2025-12-13T15:35:26","guid":{"rendered":"https:\/\/revop-eshop.sk\/?product=zmiesavacia-cerpadlova-skupina-5-4-bez-cerpadla"},"modified":"2025-12-13T17:49:27","modified_gmt":"2025-12-13T16:49:27","slug":"zmiesavacia-cerpadlova-skupina-5-4-bez-cerpadla","status":"publish","type":"product","link":"https:\/\/revop-eshop.sk\/?product=zmiesavacia-cerpadlova-skupina-5-4-bez-cerpadla","title":{"rendered":"Zmie\u0161avacia \u010derpadlov\u00e1 skupina 5\/4&#8243; bez \u010derpadla"},"content":{"rendered":"<p>\u010cerpadlov\u00e1 skupina je navrhnut\u00e1 pre vykurovacie a chladiace syst\u00e9my na pripojenie okruhu s po\u017eadovanou teplotou vykurovacej vody, ktor\u00e1 m\u00f4\u017ee by\u0165 ni\u017e\u0161ia alebo vy\u0161\u0161ia ako pr\u00edvodn\u00e1 teplota zo zdroja tepla. Taktie\u017e m\u00f4\u017ee sl\u00fa\u017ei\u0165 ako ochrann\u00e1 jednotka pre zdroj tepla pred n\u00edzkoteplotnou kor\u00f3ziou.<br \/>\nDo \u010derpadlovej skupiny bez obehov\u00e9ho \u010derpadla je mo\u017en\u00e9 nain\u0161talova\u0165 obehov\u00e9 \u010derpadlo od r\u00f4znych v\u00fdrobcov so stavebnou d\u013a\u017ekou 180 mm. Pripojenie \u010derpadla je zabezpe\u010den\u00e9 pomocou prevle\u010dnej matice s vn\u00fatorn\u00fdm z\u00e1vitom 2\u2033.<br \/>\nVyhotovenie: Kompaktn\u00e1 predmontovan\u00e1 jednotka umiestnen\u00e1 v tvarovanom tepelnoizola\u010dnom obale z EPP.<br \/>\nObsahuje: 1x 3-cestn\u00fd zmie\u0161avac\u00ed ventil, 1x servopohonom, 2x gu\u013eov\u00fd koh\u00fat, 2x teplomer, 1x sp\u00e4tn\u00fa klapku, 2\u00d7 j\u00edmka pre teplotn\u00e9 \u010didlo<\/p>\n","protected":false},"excerpt":{"rendered":"<p>\u010cerpadlov\u00e1 skupina je navrhnut\u00e1 pre vykurovacie a chladiace syst\u00e9my na pripojenie okruhu s po\u017eadovanou teplotou vykurovacej vody, ktor\u00e1 m\u00f4\u017ee by\u0165 ni\u017e\u0161ia alebo vy\u0161\u0161ia ako pr\u00edvodn\u00e1 teplota zo zdroja tepla. Taktie\u017e m\u00f4\u017ee sl\u00fa\u017ei\u0165 ako ochrann\u00e1 jednotka pre zdroj tepla pred n\u00edzkoteplotnou kor\u00f3ziou. Do \u010derpadlovej skupiny bez obehov\u00e9ho \u010derpadla je mo\u017en\u00e9 nain\u0161talova\u0165 obehov\u00e9 \u010derpadlo od r\u00f4znych v\u00fdrobcov [&hellip;]<\/p>\n","protected":false},"featured_media":10805,"comment_status":"open","ping_status":"closed","template":"","meta":{"jetpack_publicize_message":"","jetpack_publicize_feature_enabled":true,"jetpack_social_post_already_shared":true,"jetpack_social_options":{"image_generator_settings":{"template":"highway","default_image_id":0,"font":"","enabled":false},"version":2}},"product_brand":[],"product_cat":[2399],"product_tag":[2445],"class_list":{"0":"post-10806","1":"product","2":"type-product","3":"status-publish","4":"has-post-thumbnail","6":"product_cat-cerpadlove-skupiny","7":"product_tag-zmiesavacia-cerpadlova-skupina-5-4-bez-cerpadla","9":"first","10":"instock","11":"taxable","12":"shipping-taxable","13":"purchasable","14":"product-type-simple"},"jetpack_publicize_connections":[],"jetpack_sharing_enabled":true,"_links":{"self":[{"href":"https:\/\/revop-eshop.sk\/index.php?rest_route=\/wp\/v2\/product\/10806","targetHints":{"allow":["GET"]}}],"collection":[{"href":"https:\/\/revop-eshop.sk\/index.php?rest_route=\/wp\/v2\/product"}],"about":[{"href":"https:\/\/revop-eshop.sk\/index.php?rest_route=\/wp\/v2\/types\/product"}],"replies":[{"embeddable":true,"href":"https:\/\/revop-eshop.sk\/index.php?rest_route=%2Fwp%2Fv2%2Fcomments&post=10806"}],"wp:featuredmedia":[{"embeddable":true,"href":"https:\/\/revop-eshop.sk\/index.php?rest_route=\/wp\/v2\/media\/10805"}],"wp:attachment":[{"href":"https:\/\/revop-eshop.sk\/index.php?rest_route=%2Fwp%2Fv2%2Fmedia&parent=10806"}],"wp:term":[{"taxonomy":"product_brand","embeddable":true,"href":"https:\/\/revop-eshop.sk\/index.php?rest_route=%2Fwp%2Fv2%2Fproduct_brand&post=10806"},{"taxonomy":"product_cat","embeddable":true,"href":"https:\/\/revop-eshop.sk\/index.php?rest_route=%2Fwp%2Fv2%2Fproduct_cat&post=10806"},{"taxonomy":"product_tag","embeddable":true,"href":"https:\/\/revop-eshop.sk\/index.php?rest_route=%2Fwp%2Fv2%2Fproduct_tag&post=10806"}],"curies":[{"name":"wp","href":"https:\/\/api.w.org\/{rel}","templated":true}]}}