{"id":10798,"date":"2025-12-13T16:35:18","date_gmt":"2025-12-13T15:35:18","guid":{"rendered":"https:\/\/revop-eshop.sk\/?product=cerpadlo-15-14-80-b-pm-grundfos-230v-pn10-tuv"},"modified":"2025-12-13T17:17:52","modified_gmt":"2025-12-13T16:17:52","slug":"cerpadlo-15-14-80-b-pm-grundfos-230v-pn10-tuv","status":"publish","type":"product","link":"https:\/\/revop-eshop.sk\/?product=cerpadlo-15-14-80-b-pm-grundfos-230v-pn10-tuv","title":{"rendered":"\u010cerpadlo 15-14 80 B PM GRUNDFOS 230V PN10 TUV"},"content":{"rendered":"<p>GRUNDFOS COMFORT 15-14 B PM je vysoko efekt\u00edvne obehov\u00e9 \u010derpadlo ur\u010den\u00e9 na zabezpe\u010denie cirkul\u00e1cie teplej vody v dom\u00e1cnostiach. Toto \u010derpadlo je vyroben\u00e9 z kvalitn\u00fdch materi\u00e1lov, ktor\u00e9 zaru\u010duj\u00fa jeho dlh\u00fa \u017eivotnos\u0165 a spo\u013eahlivos\u0165. Je ide\u00e1lnou vo\u013ebou pre syst\u00e9my, kde je prioritou okam\u017eit\u00e1 dostupnos\u0165 teplej vody a minimaliz\u00e1cia tepeln\u00fdch str\u00e1t.<br \/>\n\u010cerpadlo je vybaven\u00e9 modern\u00fdm bez\u00fadr\u017ebov\u00fdm motorom s permanentn\u00fdm magnetom (PM), ktor\u00fd zaru\u010duje n\u00edzku spotrebu energie a tich\u00fa prev\u00e1dzku. Navy\u0161e jeho kompaktn\u00fd dizajn u\u013eah\u010duje mont\u00e1\u017e aj v obmedzen\u00fdch priestoroch. <\/p>\n<p>Pou\u017eitie:<br \/>\n\u010cerpadlo je ur\u010den\u00e9 pre syst\u00e9my cirkul\u00e1cie teplej vody v dom\u00e1cnostiach a je ide\u00e1lne pre in\u0161tal\u00e1cie, kde je prioritou komfort, \u00faspora energie a minimaliz\u00e1cia spotreby vody. <\/p>\n<p>V\u00fdhody:<br \/>\n\u2022\tZais\u0165uje okam\u017eit\u00fd pr\u00edstup k teplej vode.<br \/>\n\u2022\tN\u00edzka spotreba energie v\u010faka \u00fasporn\u00e9mu motoru.<br \/>\n\u2022\tTich\u00e1 a spo\u013eahliv\u00e1 prev\u00e1dzka.<br \/>\n\u2022\tOdolnos\u0165 vo\u010di kor\u00f3zii v\u010faka mosadzn\u00e9mu telesu.<\/p>\n<p>GRUNDFOS COMFORT 15-14 B PM je skvel\u00fdm rie\u0161en\u00edm pre modern\u00e9 dom\u00e1cnosti, ktor\u00e9 po\u017eaduj\u00fa efekt\u00edvne a spo\u013eahliv\u00e9 \u010derpadlo na cirkul\u00e1ciu teplej vody.<\/p>\n","protected":false},"excerpt":{"rendered":"<p>GRUNDFOS COMFORT 15-14 B PM je vysoko efekt\u00edvne obehov\u00e9 \u010derpadlo ur\u010den\u00e9 na zabezpe\u010denie cirkul\u00e1cie teplej vody v dom\u00e1cnostiach. Toto \u010derpadlo je vyroben\u00e9 z kvalitn\u00fdch materi\u00e1lov, ktor\u00e9 zaru\u010duj\u00fa jeho dlh\u00fa \u017eivotnos\u0165 a spo\u013eahlivos\u0165. Je ide\u00e1lnou vo\u013ebou pre syst\u00e9my, kde je prioritou okam\u017eit\u00e1 dostupnos\u0165 teplej vody a minimaliz\u00e1cia tepeln\u00fdch str\u00e1t. \u010cerpadlo je vybaven\u00e9 modern\u00fdm bez\u00fadr\u017ebov\u00fdm motorom s [&hellip;]<\/p>\n","protected":false},"featured_media":10797,"comment_status":"open","ping_status":"closed","template":"","meta":{"jetpack_publicize_message":"","jetpack_publicize_feature_enabled":true,"jetpack_social_post_already_shared":true,"jetpack_social_options":{"image_generator_settings":{"template":"highway","default_image_id":0,"font":"","enabled":false},"version":2}},"product_brand":[],"product_cat":[2400],"product_tag":[2401],"class_list":{"0":"post-10798","1":"product","2":"type-product","3":"status-publish","4":"has-post-thumbnail","6":"product_cat-cerpadla-na-tuv","7":"product_tag-cerpadlo-15-14-80-b-pm-grundfos-230v-pn10-tuv","9":"first","10":"instock","11":"taxable","12":"shipping-taxable","13":"purchasable","14":"product-type-simple"},"jetpack_publicize_connections":[],"jetpack_sharing_enabled":true,"_links":{"self":[{"href":"https:\/\/revop-eshop.sk\/index.php?rest_route=\/wp\/v2\/product\/10798","targetHints":{"allow":["GET"]}}],"collection":[{"href":"https:\/\/revop-eshop.sk\/index.php?rest_route=\/wp\/v2\/product"}],"about":[{"href":"https:\/\/revop-eshop.sk\/index.php?rest_route=\/wp\/v2\/types\/product"}],"replies":[{"embeddable":true,"href":"https:\/\/revop-eshop.sk\/index.php?rest_route=%2Fwp%2Fv2%2Fcomments&post=10798"}],"wp:featuredmedia":[{"embeddable":true,"href":"https:\/\/revop-eshop.sk\/index.php?rest_route=\/wp\/v2\/media\/10797"}],"wp:attachment":[{"href":"https:\/\/revop-eshop.sk\/index.php?rest_route=%2Fwp%2Fv2%2Fmedia&parent=10798"}],"wp:term":[{"taxonomy":"product_brand","embeddable":true,"href":"https:\/\/revop-eshop.sk\/index.php?rest_route=%2Fwp%2Fv2%2Fproduct_brand&post=10798"},{"taxonomy":"product_cat","embeddable":true,"href":"https:\/\/revop-eshop.sk\/index.php?rest_route=%2Fwp%2Fv2%2Fproduct_cat&post=10798"},{"taxonomy":"product_tag","embeddable":true,"href":"https:\/\/revop-eshop.sk\/index.php?rest_route=%2Fwp%2Fv2%2Fproduct_tag&post=10798"}],"curies":[{"name":"wp","href":"https:\/\/api.w.org\/{rel}","templated":true}]}}