{"id":10794,"date":"2025-12-13T16:35:16","date_gmt":"2025-12-13T15:35:16","guid":{"rendered":"https:\/\/revop-eshop.sk\/?product=cerpadlo-15-70-130-upm3-auto-grundfos-230v-pn10"},"modified":"2025-12-13T18:06:15","modified_gmt":"2025-12-13T17:06:15","slug":"cerpadlo-15-70-130-upm3-auto-grundfos-230v-pn10","status":"publish","type":"product","link":"https:\/\/revop-eshop.sk\/?product=cerpadlo-15-70-130-upm3-auto-grundfos-230v-pn10","title":{"rendered":"\u010cerpadlo 15-70 130 UPM3 AUTO Grundfos 230V PN10"},"content":{"rendered":"<p>Obehov\u00e9 \u010derpadlo GRUNDFOS UPM3 AUTO 15-70 130 je modern\u00e9 a vysoko efekt\u00edvne \u010derpadlo ur\u010den\u00e9 pre pou\u017eitie v syst\u00e9moch vykurovania a cirkul\u00e1cie teplej vody. Vyzna\u010duje sa spo\u013eahlivou prev\u00e1dzkou, n\u00edzkou spotrebou energie a kompaktn\u00fdm dizajnom, ktor\u00fd umo\u017e\u0148uje jednoduch\u00fa mont\u00e1\u017e. \u010cerpadlo je vybaven\u00e9 inteligentn\u00fdm re\u017eimom AUTOADAPT, ktor\u00fd automaticky prisp\u00f4sobuje v\u00fdkon \u010derpadla aktu\u00e1lnym potreb\u00e1m syst\u00e9mu, \u010d\u00edm optimalizuje jeho prev\u00e1dzku a zni\u017euje spotrebu energie.<br \/>\nJe vhodn\u00e9 pre \u0161irok\u00e9 spektrum aplik\u00e1ci\u00ed v syst\u00e9moch vykurovania, teplej vody \u010di in\u00fdch hydraulick\u00fdch in\u0161tal\u00e1ci\u00e1ch, kde je potrebn\u00e1 spo\u013eahliv\u00e1 cirkul\u00e1cia m\u00e9dia pri zachovan\u00ed n\u00edzkej spotreby energie.<\/p>\n","protected":false},"excerpt":{"rendered":"<p>Obehov\u00e9 \u010derpadlo GRUNDFOS UPM3 AUTO 15-70 130 je modern\u00e9 a vysoko efekt\u00edvne \u010derpadlo ur\u010den\u00e9 pre pou\u017eitie v syst\u00e9moch vykurovania a cirkul\u00e1cie teplej vody. Vyzna\u010duje sa spo\u013eahlivou prev\u00e1dzkou, n\u00edzkou spotrebou energie a kompaktn\u00fdm dizajnom, ktor\u00fd umo\u017e\u0148uje jednoduch\u00fa mont\u00e1\u017e. \u010cerpadlo je vybaven\u00e9 inteligentn\u00fdm re\u017eimom AUTOADAPT, ktor\u00fd automaticky prisp\u00f4sobuje v\u00fdkon \u010derpadla aktu\u00e1lnym potreb\u00e1m syst\u00e9mu, \u010d\u00edm optimalizuje jeho prev\u00e1dzku [&hellip;]<\/p>\n","protected":false},"featured_media":10793,"comment_status":"open","ping_status":"closed","template":"","meta":{"jetpack_publicize_message":"","jetpack_publicize_feature_enabled":true,"jetpack_social_post_already_shared":true,"jetpack_social_options":{"image_generator_settings":{"template":"highway","default_image_id":0,"font":"","enabled":false},"version":2}},"product_brand":[],"product_cat":[2398],"product_tag":[2446],"class_list":{"0":"post-10794","1":"product","2":"type-product","3":"status-publish","4":"has-post-thumbnail","6":"product_cat-cerpadla-uk","7":"product_tag-cerpadlo-15-70-130-upm3-auto-grundfos-230v-pn10","9":"first","10":"instock","11":"taxable","12":"shipping-taxable","13":"purchasable","14":"product-type-simple"},"jetpack_publicize_connections":[],"jetpack_sharing_enabled":true,"_links":{"self":[{"href":"https:\/\/revop-eshop.sk\/index.php?rest_route=\/wp\/v2\/product\/10794","targetHints":{"allow":["GET"]}}],"collection":[{"href":"https:\/\/revop-eshop.sk\/index.php?rest_route=\/wp\/v2\/product"}],"about":[{"href":"https:\/\/revop-eshop.sk\/index.php?rest_route=\/wp\/v2\/types\/product"}],"replies":[{"embeddable":true,"href":"https:\/\/revop-eshop.sk\/index.php?rest_route=%2Fwp%2Fv2%2Fcomments&post=10794"}],"wp:featuredmedia":[{"embeddable":true,"href":"https:\/\/revop-eshop.sk\/index.php?rest_route=\/wp\/v2\/media\/10793"}],"wp:attachment":[{"href":"https:\/\/revop-eshop.sk\/index.php?rest_route=%2Fwp%2Fv2%2Fmedia&parent=10794"}],"wp:term":[{"taxonomy":"product_brand","embeddable":true,"href":"https:\/\/revop-eshop.sk\/index.php?rest_route=%2Fwp%2Fv2%2Fproduct_brand&post=10794"},{"taxonomy":"product_cat","embeddable":true,"href":"https:\/\/revop-eshop.sk\/index.php?rest_route=%2Fwp%2Fv2%2Fproduct_cat&post=10794"},{"taxonomy":"product_tag","embeddable":true,"href":"https:\/\/revop-eshop.sk\/index.php?rest_route=%2Fwp%2Fv2%2Fproduct_tag&post=10794"}],"curies":[{"name":"wp","href":"https:\/\/api.w.org\/{rel}","templated":true}]}}