{"id":10773,"date":"2025-12-13T16:35:04","date_gmt":"2025-12-13T15:35:04","guid":{"rendered":"https:\/\/revop-eshop.sk\/?product=finbox-2-x-mix-2-x-cerpadlo-rozdelovac-anuloid"},"modified":"2025-12-13T17:55:06","modified_gmt":"2025-12-13T16:55:06","slug":"finbox-2-x-mix-2-x-cerpadlo-rozdelovac-anuloid","status":"publish","type":"product","link":"https:\/\/revop-eshop.sk\/?product=finbox-2-x-mix-2-x-cerpadlo-rozdelovac-anuloid","title":{"rendered":"FINbox 2 x mix 2 x \u010derpadlo + rozde\u013eova\u010d\/anuloid"},"content":{"rendered":"<p>FinBox &#8211; Univerz\u00e1lne rie\u0161enie \u010derpadlov\u00fdch skup\u00edn<br \/>\nFinBox je modern\u00e9 a univerz\u00e1lne rie\u0161enie \u010derpadlov\u00fdch skup\u00edn, ktor\u00e9 pon\u00faka a\u017e 7 r\u00f4znych kombin\u00e1ci\u00ed v kompaktnom uzamykate\u013enom boxe s kryt\u00edm IP64. Je navrhnut\u00fd na pou\u017eitie vo vykurovac\u00edch a chladiacich syst\u00e9moch, pri\u010dom umo\u017e\u0148uje pripojenie okruhu s po\u017eadovanou teplotou vykurovacej vody \u2013 \u010di u\u017e ni\u017e\u0161ou alebo vy\u0161\u0161ou ako teplota z pr\u00edvodn\u00e9ho zdroja tepla. Z\u00e1rove\u0148 m\u00f4\u017ee sl\u00fa\u017ei\u0165 ako ochrana zdroja tepla pred n\u00edzkoteplotnou kor\u00f3ziou.<\/p>\n<p>K\u013e\u00fa\u010dov\u00e9 vlastnosti:<br \/>\n\u2022\tKompaktn\u00e9 prevedenie: FinBox je vhodn\u00fd na mont\u00e1\u017e priamo pod kotol, \u010d\u00edm \u0161etr\u00ed priestor.<br \/>\n\u2022\tFlexibiln\u00e9 pou\u017eitie: Mo\u017enos\u0165 in\u0161talova\u0165 obehov\u00e9 \u010derpadlo od r\u00f4znych v\u00fdrobcov so stavebnou d\u013a\u017ekou 130 mm. Pripojenie \u010derpadla je zabezpe\u010den\u00e9 cez prevle\u010dn\u00fa maticu s vn\u00fatorn\u00fdm z\u00e1vitom 1\u201c.<br \/>\n\u2022\tPresn\u00e9 meranie: Ka\u017ed\u00e1 \u010derpadlov\u00e1 skupina je vybaven\u00e1 sondami na meranie teploty m\u00e9dia, pri\u010dom hodnoty tepl\u00f4t s\u00fa preh\u013eadne zobrazen\u00e9 na elektronick\u00fdch displejoch na prednej strane krytu.<br \/>\n\u2022\tVyhotovenie s rozde\u013eova\u010dom: Mo\u017enos\u0165 v\u00fdberu medzi rozde\u013eova\u010dom alebo rozde\u013eova\u010dom s integrovanou hydraulickou v\u00fdhybkou (anuloidom).<\/p>\n<p>Technick\u00e9 parametre:<br \/>\n\u2022\tMaxim\u00e1lny prietok cez rozde\u013eova\u010d (zo strany kotla): 1500 l\/h<br \/>\n\u2022\tMaxim\u00e1lny prietok s 3D termostatick\u00fdm ventilom: 1100 l\/h<br \/>\n\u2022\tMaxim\u00e1lny prietok s 3D ventilom so servopohonom: 1300 l\/h<br \/>\n\u2022\tMaxim\u00e1lny prietok bez zmie\u0161avania: 1350 l\/h<br \/>\n\u2022\tUr\u010den\u00e9 pre kotly s maxim\u00e1lnym v\u00fdkonom do 26 kW<br \/>\n\u2022\tSkontrolovan\u00e9 na tesnos\u0165 a pripraven\u00e9 na okam\u017eit\u00fa prev\u00e1dzku<\/p>\n<p>Obsah balenia:<\/p>\n<p>Ka\u017ed\u00e1 sada obsahuje redukovan\u00e9 gu\u013eov\u00e9 ventily 1\u201cx3\/4\u201c (6 ks s tesnen\u00edm). <\/p>\n<p>Pod\u013ea konfigur\u00e1cie m\u00f4\u017eu by\u0165 v balen\u00ed nasleduj\u00face komponenty:<\/p>\n<p>\u2022\t\u010cerpadlo: Grundfos UPM3 AUTO 15-70 130<br \/>\n\u2022\tZmie\u0161avac\u00ed ventil: ESBE VRG 132 1\u201c, Kvs 6,3 m\u00b3\/h<br \/>\n\u2022\tTermostatick\u00fd ventil: ESBE VTA 372 1\u201c, 3,4 m\u00b3\/h, 20-43 \u00b0C<br \/>\n\u2022\tPohon: ESBE ARA 561 (230V, trojbodov\u00fd) alebo na po\u017eiadanie pohon ESBE ARA 639 (proporcion\u00e1lny 24V \/ 0-10V)<\/p>\n<p>FinBox predstavuje spo\u013eahliv\u00e9, flexibiln\u00e9 a efekt\u00edvne rie\u0161enie na optimaliz\u00e1ciu vykurovac\u00edch a chladiacich syst\u00e9mov, ktor\u00e9 sp\u013a\u0148a vysok\u00e9 technick\u00e9 aj bezpe\u010dnostn\u00e9 \u0161tandardy.<br \/>\nSkontrolovan\u00e9 na tesnos\u0165 a pripraven\u00e9 na okam\u017eit\u00fa prev\u00e1dzku<br \/>\nV\u0161etky n\u00e1hradn\u00e9 komponenty m\u00e1me skladom. <\/p>\n","protected":false},"excerpt":{"rendered":"<p>FinBox &#8211; Univerz\u00e1lne rie\u0161enie \u010derpadlov\u00fdch skup\u00edn FinBox je modern\u00e9 a univerz\u00e1lne rie\u0161enie \u010derpadlov\u00fdch skup\u00edn, ktor\u00e9 pon\u00faka a\u017e 7 r\u00f4znych kombin\u00e1ci\u00ed v kompaktnom uzamykate\u013enom boxe s kryt\u00edm IP64. Je navrhnut\u00fd na pou\u017eitie vo vykurovac\u00edch a chladiacich syst\u00e9moch, pri\u010dom umo\u017e\u0148uje pripojenie okruhu s po\u017eadovanou teplotou vykurovacej vody \u2013 \u010di u\u017e ni\u017e\u0161ou alebo vy\u0161\u0161ou ako teplota z pr\u00edvodn\u00e9ho [&hellip;]<\/p>\n","protected":false},"featured_media":10765,"comment_status":"open","ping_status":"closed","template":"","meta":{"jetpack_publicize_message":"","jetpack_publicize_feature_enabled":true,"jetpack_social_post_already_shared":true,"jetpack_social_options":{"image_generator_settings":{"template":"highway","default_image_id":0,"font":"","enabled":false},"version":2}},"product_brand":[],"product_cat":[2399],"product_tag":[2458],"class_list":{"0":"post-10773","1":"product","2":"type-product","3":"status-publish","4":"has-post-thumbnail","6":"product_cat-cerpadlove-skupiny","7":"product_tag-finbox-2-x-mix-2-x-cerpadlo-rozdelovac-anuloid","9":"first","10":"instock","11":"taxable","12":"shipping-taxable","13":"purchasable","14":"product-type-simple"},"jetpack_publicize_connections":[],"jetpack_sharing_enabled":true,"_links":{"self":[{"href":"https:\/\/revop-eshop.sk\/index.php?rest_route=\/wp\/v2\/product\/10773","targetHints":{"allow":["GET"]}}],"collection":[{"href":"https:\/\/revop-eshop.sk\/index.php?rest_route=\/wp\/v2\/product"}],"about":[{"href":"https:\/\/revop-eshop.sk\/index.php?rest_route=\/wp\/v2\/types\/product"}],"replies":[{"embeddable":true,"href":"https:\/\/revop-eshop.sk\/index.php?rest_route=%2Fwp%2Fv2%2Fcomments&post=10773"}],"wp:featuredmedia":[{"embeddable":true,"href":"https:\/\/revop-eshop.sk\/index.php?rest_route=\/wp\/v2\/media\/10765"}],"wp:attachment":[{"href":"https:\/\/revop-eshop.sk\/index.php?rest_route=%2Fwp%2Fv2%2Fmedia&parent=10773"}],"wp:term":[{"taxonomy":"product_brand","embeddable":true,"href":"https:\/\/revop-eshop.sk\/index.php?rest_route=%2Fwp%2Fv2%2Fproduct_brand&post=10773"},{"taxonomy":"product_cat","embeddable":true,"href":"https:\/\/revop-eshop.sk\/index.php?rest_route=%2Fwp%2Fv2%2Fproduct_cat&post=10773"},{"taxonomy":"product_tag","embeddable":true,"href":"https:\/\/revop-eshop.sk\/index.php?rest_route=%2Fwp%2Fv2%2Fproduct_tag&post=10773"}],"curies":[{"name":"wp","href":"https:\/\/api.w.org\/{rel}","templated":true}]}}