{"id":10758,"date":"2025-12-13T16:34:53","date_gmt":"2025-12-13T15:34:53","guid":{"rendered":"https:\/\/revop-eshop.sk\/?product=zmiesavacia-cerpadlova-skupina-1-bez-pohonu"},"modified":"2025-12-13T17:57:10","modified_gmt":"2025-12-13T16:57:10","slug":"zmiesavacia-cerpadlova-skupina-1-bez-pohonu","status":"publish","type":"product","link":"https:\/\/revop-eshop.sk\/?product=zmiesavacia-cerpadlova-skupina-1-bez-pohonu","title":{"rendered":"Zmie\u0161avacia \u010derpadlov\u00e1 skupina 1&#8243; bez pohonu"},"content":{"rendered":"<p>\u010cerpadlov\u00e1 skupina je ur\u010den\u00e1 pre vykurovacie a chladiace syst\u00e9my na pripojenie okruhu, ktor\u00fd vy\u017eaduje teplotu vykurovacej vody ni\u017e\u0161iu alebo vy\u0161\u0161iu ako pr\u00edvodn\u00e1 teplota zo zdroja tepla, alebo ako jednotka na ochranu zdroja tepla pred n\u00edzkoteplotnou kor\u00f3ziou.<br \/>\nDo \u010derpadlovej skupiny bez obehov\u00e9ho \u010derpadla je mo\u017en\u00e9 in\u0161talova\u0165 obehov\u00e9 \u010derpadlo od r\u00f4znych v\u00fdrobcov so stavebnou d\u013a\u017ekou 130 mm. Pripojenie \u010derpadla zabezpe\u010duje prevle\u010dn\u00e1 matica s vn\u00fatorn\u00fdm z\u00e1vitom 1\u2033.<br \/>\nV \u010derpadlovej skupine s obehov\u00fdm \u010derpadlom je osaden\u00e9 \u010derpadlo s elektronicky regulovan\u00fdmi ot\u00e1\u010dkami Grundfos UPM 3 15\/70.<br \/>\nVyhotovenie: Kompaktn\u00e1, predmontovan\u00e1 jednotka vlo\u017een\u00e1 do tvarovan\u00e9ho tepelnoizola\u010dn\u00e9ho obalu z EPP.<br \/>\nObsahuje: 1x \u010cerpadlo,1x 3-cestn\u00fd zmie\u0161avac\u00ed ventil, 2x gu\u013eov\u00fd koh\u00fat, 2x teplomer, 1x sp\u00e4tn\u00fa klapku.<\/p>\n","protected":false},"excerpt":{"rendered":"<p>\u010cerpadlov\u00e1 skupina je ur\u010den\u00e1 pre vykurovacie a chladiace syst\u00e9my na pripojenie okruhu, ktor\u00fd vy\u017eaduje teplotu vykurovacej vody ni\u017e\u0161iu alebo vy\u0161\u0161iu ako pr\u00edvodn\u00e1 teplota zo zdroja tepla, alebo ako jednotka na ochranu zdroja tepla pred n\u00edzkoteplotnou kor\u00f3ziou. Do \u010derpadlovej skupiny bez obehov\u00e9ho \u010derpadla je mo\u017en\u00e9 in\u0161talova\u0165 obehov\u00e9 \u010derpadlo od r\u00f4znych v\u00fdrobcov so stavebnou d\u013a\u017ekou 130 mm. [&hellip;]<\/p>\n","protected":false},"featured_media":10757,"comment_status":"open","ping_status":"closed","template":"","meta":{"jetpack_publicize_message":"","jetpack_publicize_feature_enabled":true,"jetpack_social_post_already_shared":true,"jetpack_social_options":{"image_generator_settings":{"template":"highway","default_image_id":0,"font":"","enabled":false},"version":2}},"product_brand":[],"product_cat":[2399],"product_tag":[2462],"class_list":{"0":"post-10758","1":"product","2":"type-product","3":"status-publish","4":"has-post-thumbnail","6":"product_cat-cerpadlove-skupiny","7":"product_tag-zmiesavacia-cerpadlova-skupina-1-bez-pohonu","9":"first","10":"instock","11":"taxable","12":"shipping-taxable","13":"purchasable","14":"product-type-simple"},"jetpack_publicize_connections":[],"jetpack_sharing_enabled":true,"_links":{"self":[{"href":"https:\/\/revop-eshop.sk\/index.php?rest_route=\/wp\/v2\/product\/10758","targetHints":{"allow":["GET"]}}],"collection":[{"href":"https:\/\/revop-eshop.sk\/index.php?rest_route=\/wp\/v2\/product"}],"about":[{"href":"https:\/\/revop-eshop.sk\/index.php?rest_route=\/wp\/v2\/types\/product"}],"replies":[{"embeddable":true,"href":"https:\/\/revop-eshop.sk\/index.php?rest_route=%2Fwp%2Fv2%2Fcomments&post=10758"}],"wp:featuredmedia":[{"embeddable":true,"href":"https:\/\/revop-eshop.sk\/index.php?rest_route=\/wp\/v2\/media\/10757"}],"wp:attachment":[{"href":"https:\/\/revop-eshop.sk\/index.php?rest_route=%2Fwp%2Fv2%2Fmedia&parent=10758"}],"wp:term":[{"taxonomy":"product_brand","embeddable":true,"href":"https:\/\/revop-eshop.sk\/index.php?rest_route=%2Fwp%2Fv2%2Fproduct_brand&post=10758"},{"taxonomy":"product_cat","embeddable":true,"href":"https:\/\/revop-eshop.sk\/index.php?rest_route=%2Fwp%2Fv2%2Fproduct_cat&post=10758"},{"taxonomy":"product_tag","embeddable":true,"href":"https:\/\/revop-eshop.sk\/index.php?rest_route=%2Fwp%2Fv2%2Fproduct_tag&post=10758"}],"curies":[{"name":"wp","href":"https:\/\/api.w.org\/{rel}","templated":true}]}}