{"id":10675,"date":"2025-12-13T16:34:08","date_gmt":"2025-12-13T15:34:08","guid":{"rendered":"https:\/\/revop-eshop.sk\/?product=lano-40m-textilne-pre-cerpadla-max-200kg"},"modified":"2025-12-13T16:34:08","modified_gmt":"2025-12-13T15:34:08","slug":"lano-40m-textilne-pre-cerpadla-max-200kg","status":"publish","type":"product","link":"https:\/\/revop-eshop.sk\/?product=lano-40m-textilne-pre-cerpadla-max-200kg","title":{"rendered":"Lano 40m textiln\u00e9 pre \u010derpadl\u00e1 max 200kg"},"content":{"rendered":"<p>Z\u00e1vesn\u00e9 zariadenie je zlo\u017een\u00e9 zo z\u00e1vesn\u00e9ho popruhu, na ktor\u00e9ho konci je u\u0161it\u00e9 oko sl\u00fa\u017eiace na pretiahnutie nylonov\u00e9ho lana,<br \/>\nktor\u00fdm sa \u010derpadlo fi xuje. Na z\u00e1vesnom popruhu s\u00fa v odstupoch po 1,5 m na\u0161it\u00e9 such\u00e9 zipsy sl\u00fa\u017eiace na fi x\u00e1ciu r\u00farky<br \/>\na k\u00e1blov ved\u00facich k \u010derpadlu. V\u0161etky komponenty tohto v\u00fdrobku s\u00fa zdravotne bezchybn\u00e9 a vhodn\u00e9 na styk s pitnou vodou. <\/p>\n<p>ST\u00c1LOS\u0164<br \/>\n\u2013 V ropn\u00fdch l\u00e1tkach<br \/>\n\u2013 V rieden\u00fdch kyselin\u00e1ch<br \/>\n\u2013 V olejoch a etanole<br \/>\n\u2013 Vo vode \u2013 nerozpustn\u00fd<br \/>\nNOSNOS\u0164<br \/>\n\u2013 Garantovan\u00e1 nosnos\u0165 so<br \/>\nv\u0161etk\u00fdmi dodan\u00fdmi komponentmi<br \/>\nmax. 200 kg<\/p>\n","protected":false},"excerpt":{"rendered":"<p>Z\u00e1vesn\u00e9 zariadenie je zlo\u017een\u00e9 zo z\u00e1vesn\u00e9ho popruhu, na ktor\u00e9ho konci je u\u0161it\u00e9 oko sl\u00fa\u017eiace na pretiahnutie nylonov\u00e9ho lana, ktor\u00fdm sa \u010derpadlo fi xuje. Na z\u00e1vesnom popruhu s\u00fa v odstupoch po 1,5 m na\u0161it\u00e9 such\u00e9 zipsy sl\u00fa\u017eiace na fi x\u00e1ciu r\u00farky a k\u00e1blov ved\u00facich k \u010derpadlu. V\u0161etky komponenty tohto v\u00fdrobku s\u00fa zdravotne bezchybn\u00e9 a vhodn\u00e9 na [&hellip;]<\/p>\n","protected":false},"featured_media":10672,"comment_status":"open","ping_status":"closed","template":"","meta":{"jetpack_publicize_message":"","jetpack_publicize_feature_enabled":true,"jetpack_social_post_already_shared":true,"jetpack_social_options":{"image_generator_settings":{"template":"highway","default_image_id":0,"font":"","enabled":false},"version":2}},"product_brand":[],"product_cat":[2396],"product_tag":[],"class_list":{"0":"post-10675","1":"product","2":"type-product","3":"status-publish","4":"has-post-thumbnail","6":"product_cat-cerpadla-a-cerpadlove-skupiny","8":"first","9":"instock","10":"taxable","11":"shipping-taxable","12":"purchasable","13":"product-type-simple"},"jetpack_publicize_connections":[],"jetpack_sharing_enabled":true,"_links":{"self":[{"href":"https:\/\/revop-eshop.sk\/index.php?rest_route=\/wp\/v2\/product\/10675","targetHints":{"allow":["GET"]}}],"collection":[{"href":"https:\/\/revop-eshop.sk\/index.php?rest_route=\/wp\/v2\/product"}],"about":[{"href":"https:\/\/revop-eshop.sk\/index.php?rest_route=\/wp\/v2\/types\/product"}],"replies":[{"embeddable":true,"href":"https:\/\/revop-eshop.sk\/index.php?rest_route=%2Fwp%2Fv2%2Fcomments&post=10675"}],"wp:featuredmedia":[{"embeddable":true,"href":"https:\/\/revop-eshop.sk\/index.php?rest_route=\/wp\/v2\/media\/10672"}],"wp:attachment":[{"href":"https:\/\/revop-eshop.sk\/index.php?rest_route=%2Fwp%2Fv2%2Fmedia&parent=10675"}],"wp:term":[{"taxonomy":"product_brand","embeddable":true,"href":"https:\/\/revop-eshop.sk\/index.php?rest_route=%2Fwp%2Fv2%2Fproduct_brand&post=10675"},{"taxonomy":"product_cat","embeddable":true,"href":"https:\/\/revop-eshop.sk\/index.php?rest_route=%2Fwp%2Fv2%2Fproduct_cat&post=10675"},{"taxonomy":"product_tag","embeddable":true,"href":"https:\/\/revop-eshop.sk\/index.php?rest_route=%2Fwp%2Fv2%2Fproduct_tag&post=10675"}],"curies":[{"name":"wp","href":"https:\/\/api.w.org\/{rel}","templated":true}]}}