{"id":10646,"date":"2025-12-13T16:33:46","date_gmt":"2025-12-13T15:33:46","guid":{"rendered":"https:\/\/revop-eshop.sk\/?product=cerpadlo-manualne-25-6-130-avansa-230v-pn10"},"modified":"2025-12-13T17:58:31","modified_gmt":"2025-12-13T16:58:31","slug":"cerpadlo-manualne-25-6-130-avansa-230v-pn10","status":"publish","type":"product","link":"https:\/\/revop-eshop.sk\/?product=cerpadlo-manualne-25-6-130-avansa-230v-pn10","title":{"rendered":"\u010cerpadlo manu\u00e1lne  25-6 130  AVANSA 230V PN10"},"content":{"rendered":"<p>Obehov\u00e9 \u010derpadlo Avansa 25\/6\/130<\/p>\n<p>Obehov\u00e9 \u010derpadlo Avansa 25\/60 130mm je ur\u010den\u00e9 pre v\u0161etky rozvody vody v dome. Teleso \u010derpadla je vyroben\u00e9 z liatiny, liateho hlin\u00edka. Vysoko kvalitn\u00fd bipol\u00e1rny motor, asynchr\u00f3nny, nevy\u017eaduje ochranu proti pre\u0165a\u017eeniu, m\u00e1 tri r\u00fdchlosti, ktor\u00fd je ovl\u00e1dan\u00fd \u0161peci\u00e1lnym vyp\u00edna\u010dom namontovan\u00fdm na svorkovnici, ktor\u00e1 umo\u017e\u0148uje nastavi\u0165 \u010derpadlo na vlastnostiach zariadenia<\/p>\n<p>Popis:<br \/>\n&#8211; maxim\u00e1lny pracovn\u00fd tlak: 10 bar<br \/>\n&#8211; vzdialenos\u0165 medzi sac\u00edm a v\u00fdtla\u010dn\u00fdm hrdlom: 130 mm<br \/>\n&#8211; teplota \u010derpan\u00e9ho m\u00e9dia: -10 a\u017e +110\u00b0C<br \/>\n&#8211; krytie: IP44<br \/>\n&#8211; trieda izol\u00e1cie: FH<br \/>\n&#8211; pr\u00edkon el. motora: 93\/67\/46 W<br \/>\n&#8211; v\u00fdtlak (m): 6<br \/>\n&#8211; rozmery v x \u0161 x h (cm): 13,5 x 17,5 x 14<br \/>\n&#8211; v\u00e1ha (kg): 2,8<br \/>\n&#8211; DN sanie (mm): 25<br \/>\n&#8211; DN v\u00fdtlak (mm): 25<br \/>\n&#8211; maxim\u00e1lny prietok (l\/min): 55<br \/>\n&#8211; materi\u00e1l, \u010dasti \u010derpadla: liatina \/ plast<br \/>\n&#8211; prevedenie (V): 230<br \/>\n&#8211; pripojovacie rozmery: 6\/4&#8243;<\/p>\n","protected":false},"excerpt":{"rendered":"<p>Obehov\u00e9 \u010derpadlo Avansa 25\/6\/130 Obehov\u00e9 \u010derpadlo Avansa 25\/60 130mm je ur\u010den\u00e9 pre v\u0161etky rozvody vody v dome. Teleso \u010derpadla je vyroben\u00e9 z liatiny, liateho hlin\u00edka. Vysoko kvalitn\u00fd bipol\u00e1rny motor, asynchr\u00f3nny, nevy\u017eaduje ochranu proti pre\u0165a\u017eeniu, m\u00e1 tri r\u00fdchlosti, ktor\u00fd je ovl\u00e1dan\u00fd \u0161peci\u00e1lnym vyp\u00edna\u010dom namontovan\u00fdm na svorkovnici, ktor\u00e1 umo\u017e\u0148uje nastavi\u0165 \u010derpadlo na vlastnostiach zariadenia Popis: &#8211; maxim\u00e1lny [&hellip;]<\/p>\n","protected":false},"featured_media":10645,"comment_status":"open","ping_status":"closed","template":"","meta":{"jetpack_publicize_message":"","jetpack_publicize_feature_enabled":true,"jetpack_social_post_already_shared":true,"jetpack_social_options":{"image_generator_settings":{"template":"highway","default_image_id":0,"font":"","enabled":false},"version":2}},"product_brand":[],"product_cat":[2398],"product_tag":[2465],"class_list":{"0":"post-10646","1":"product","2":"type-product","3":"status-publish","4":"has-post-thumbnail","6":"product_cat-cerpadla-uk","7":"product_tag-cerpadlo-manualne-25-6-130-avansa-230v-pn10","9":"first","10":"instock","11":"taxable","12":"shipping-taxable","13":"purchasable","14":"product-type-simple"},"jetpack_publicize_connections":[],"jetpack_sharing_enabled":true,"_links":{"self":[{"href":"https:\/\/revop-eshop.sk\/index.php?rest_route=\/wp\/v2\/product\/10646","targetHints":{"allow":["GET"]}}],"collection":[{"href":"https:\/\/revop-eshop.sk\/index.php?rest_route=\/wp\/v2\/product"}],"about":[{"href":"https:\/\/revop-eshop.sk\/index.php?rest_route=\/wp\/v2\/types\/product"}],"replies":[{"embeddable":true,"href":"https:\/\/revop-eshop.sk\/index.php?rest_route=%2Fwp%2Fv2%2Fcomments&post=10646"}],"wp:featuredmedia":[{"embeddable":true,"href":"https:\/\/revop-eshop.sk\/index.php?rest_route=\/wp\/v2\/media\/10645"}],"wp:attachment":[{"href":"https:\/\/revop-eshop.sk\/index.php?rest_route=%2Fwp%2Fv2%2Fmedia&parent=10646"}],"wp:term":[{"taxonomy":"product_brand","embeddable":true,"href":"https:\/\/revop-eshop.sk\/index.php?rest_route=%2Fwp%2Fv2%2Fproduct_brand&post=10646"},{"taxonomy":"product_cat","embeddable":true,"href":"https:\/\/revop-eshop.sk\/index.php?rest_route=%2Fwp%2Fv2%2Fproduct_cat&post=10646"},{"taxonomy":"product_tag","embeddable":true,"href":"https:\/\/revop-eshop.sk\/index.php?rest_route=%2Fwp%2Fv2%2Fproduct_tag&post=10646"}],"curies":[{"name":"wp","href":"https:\/\/api.w.org\/{rel}","templated":true}]}}