{"id":10624,"date":"2025-12-11T17:14:26","date_gmt":"2025-12-11T16:14:26","guid":{"rendered":"https:\/\/revop-eshop.sk\/?product=zonovy-regulacny-ventil-1-rehau"},"modified":"2025-12-11T17:37:02","modified_gmt":"2025-12-11T16:37:02","slug":"zonovy-regulacny-ventil-1-rehau","status":"publish","type":"product","link":"https:\/\/revop-eshop.sk\/?product=zonovy-regulacny-ventil-1-rehau","title":{"rendered":"Z\u00f3nov\u00fd regula\u010dn\u00fd ventil 1&#8243; REHAU"},"content":{"rendered":"<p>Samostatn\u00fd regula\u010dn\u00fd ventil pre rozde\u013eova\u010d vykurovac\u00edch okruhov<br \/>\nVlastnosti:<\/p>\n<p>Z\u00f3nov\u00fd regula\u010dn\u00fd ventil v priamom preveden\u00ed s prednastaven\u00edm a vie\u010dkom ventilu na uzavretie<\/p>\n<p>Z\u00e1vitov\u00e9 pripojenie M 30 x 1,5 vhodn\u00e9 pre mont\u00e1\u017e pohonov REHAU<\/p>\n<p>Spojenie s prievla\u010dnou maticou G1, ploch\u00e9 tesnenie pod\u013ea ISO 228<br \/>\nMateri\u00e1l:Poniklovan\u00e1 mosadz<\/p>\n","protected":false},"excerpt":{"rendered":"<p>Samostatn\u00fd regula\u010dn\u00fd ventil pre rozde\u013eova\u010d vykurovac\u00edch okruhov Vlastnosti: Z\u00f3nov\u00fd regula\u010dn\u00fd ventil v priamom preveden\u00ed s prednastaven\u00edm a vie\u010dkom ventilu na uzavretie Z\u00e1vitov\u00e9 pripojenie M 30 x 1,5 vhodn\u00e9 pre mont\u00e1\u017e pohonov REHAU Spojenie s prievla\u010dnou maticou G1, ploch\u00e9 tesnenie pod\u013ea ISO 228 Materi\u00e1l:Poniklovan\u00e1 mosadz<\/p>\n","protected":false},"featured_media":10623,"comment_status":"open","ping_status":"closed","template":"","meta":{"jetpack_publicize_message":"","jetpack_publicize_feature_enabled":true,"jetpack_social_post_already_shared":true,"jetpack_social_options":{"image_generator_settings":{"template":"highway","default_image_id":0,"font":"","enabled":false},"version":2}},"product_brand":[],"product_cat":[2183],"product_tag":[26,1110,2191,1011,2190,2189],"class_list":{"0":"post-10624","1":"product","2":"type-product","3":"status-publish","4":"has-post-thumbnail","6":"product_cat-prislusenstvo-pre-rozdelovace","7":"product_tag-26","8":"product_tag-regulacny","9":"product_tag-rehau","10":"product_tag-ventil","11":"product_tag-zonovy","12":"product_tag-zonovy-regulacny-ventil-1-rehau","14":"first","15":"instock","16":"taxable","17":"shipping-taxable","18":"purchasable","19":"product-type-simple"},"jetpack_publicize_connections":[],"jetpack_sharing_enabled":true,"_links":{"self":[{"href":"https:\/\/revop-eshop.sk\/index.php?rest_route=\/wp\/v2\/product\/10624","targetHints":{"allow":["GET"]}}],"collection":[{"href":"https:\/\/revop-eshop.sk\/index.php?rest_route=\/wp\/v2\/product"}],"about":[{"href":"https:\/\/revop-eshop.sk\/index.php?rest_route=\/wp\/v2\/types\/product"}],"replies":[{"embeddable":true,"href":"https:\/\/revop-eshop.sk\/index.php?rest_route=%2Fwp%2Fv2%2Fcomments&post=10624"}],"wp:featuredmedia":[{"embeddable":true,"href":"https:\/\/revop-eshop.sk\/index.php?rest_route=\/wp\/v2\/media\/10623"}],"wp:attachment":[{"href":"https:\/\/revop-eshop.sk\/index.php?rest_route=%2Fwp%2Fv2%2Fmedia&parent=10624"}],"wp:term":[{"taxonomy":"product_brand","embeddable":true,"href":"https:\/\/revop-eshop.sk\/index.php?rest_route=%2Fwp%2Fv2%2Fproduct_brand&post=10624"},{"taxonomy":"product_cat","embeddable":true,"href":"https:\/\/revop-eshop.sk\/index.php?rest_route=%2Fwp%2Fv2%2Fproduct_cat&post=10624"},{"taxonomy":"product_tag","embeddable":true,"href":"https:\/\/revop-eshop.sk\/index.php?rest_route=%2Fwp%2Fv2%2Fproduct_tag&post=10624"}],"curies":[{"name":"wp","href":"https:\/\/api.w.org\/{rel}","templated":true}]}}